{"id":10468,"date":"2025-10-14T14:16:31","date_gmt":"2025-10-14T17:16:31","guid":{"rendered":"https:\/\/footballnb.ca\/?page_id=10468"},"modified":"2025-10-21T12:41:37","modified_gmt":"2025-10-21T15:41:37","slug":"mffl","status":"publish","type":"page","link":"https:\/\/footballnb.ca\/fr\/mffl\/","title":{"rendered":"Moncton Flag Football League"},"content":{"rendered":"\n<div class=\"wp-block-stackable-image stk-block-image stk-block stk-1a71072\" data-block-id=\"1a71072\"><style>.stk-1a71072 .stk-img-wrapper{width:600px !important;}<\/style><figure><span class=\"stk-img-wrapper stk-image--shape-stretch\"><img loading=\"lazy\" decoding=\"async\" class=\"stk-img wp-image-10625\" src=\"https:\/\/footballnb.ca\/wp-content\/uploads\/2025\/10\/FNB-MFFL.png\" width=\"600\" height=\"333\" srcset=\"https:\/\/footballnb.ca\/wp-content\/uploads\/2025\/10\/FNB-MFFL.png 600w, https:\/\/footballnb.ca\/wp-content\/uploads\/2025\/10\/FNB-MFFL-300x167.png 300w\" sizes=\"auto, (max-width: 600px) 100vw, 600px\" \/><\/span><\/figure><\/div>\n\n\n\n<div style=\"height:57px\" aria-hidden=\"true\" class=\"wp-block-spacer\"><\/div>\n\n\n\n<p>The Moncton Flag Football League (MFFL) is an adult league (18+) open to all genders. Teams play on a weekly basis in a competitive and fun environment. This league does involve isolated contact. Blocking is allowed at and behind the line of scrimmage to protect the quarterback. One blocker per rusher only. Blockers may not advance to the rushers. They must wait for them at or behind the line of scrimmage. No downfield blocking.<br>This league is operated under Football New Brunswick (FNB). All participants are insured under the Football Canada insurance policy and must abide by the rules and policies outlined by FNB.<br><br><strong>What to expect this year?<\/strong><\/p>\n\n\n\n<ul class=\"wp-block-list is-style-checkbox\">\n<li>Paid Officials \u2013 Each game has NBFOA Officials. No more forcing athletes to officiate.<\/li>\n\n\n\n<li>Teamlinkt Website \u2013 Registration, standings, scores. All in one place.<\/li>\n\n\n\n<li>Individual Registration \u2013 Everyone pays individually. Payment plans available.<\/li>\n\n\n\n<li>Choice \u2013 Athletes can register to a team, or choose to be a \u2018Free Agent\u2019 to fill out rosters.<\/li>\n\n\n\n<li>Prize Money \u2013 Winner takes home $750. Second $250.<\/li>\n\n\n\n<li>Football Canada Rules \u2013 Contact\u2019s still in. Most rules match international 5v5 standards.<\/li>\n\n\n\n<li>Football Canada Tournaments \u2013 Sanctioned league. Teams eligible for Senior Nationals.<\/li>\n\n\n\n<li>Mondays 9-11pm at the Sportsdome. Starting November 24, 2025.<\/li>\n<\/ul>\n\n\n\n<div style=\"height:26px\" aria-hidden=\"true\" class=\"wp-block-spacer\"><\/div>\n\n\n\n<p><strong>Season Structure<\/strong><br>Regular season will be round robin play with each team facing every other team. Playoffs will be two (2) weeks and determine full final seeding from top to bottom.<\/p>\n\n\n\n<div style=\"height:25px\" aria-hidden=\"true\" class=\"wp-block-spacer\"><\/div>\n\n\n\n<p><strong>Season Dates<\/strong><br>Season starts Monday, November 24, 2025. Season length depends on number of teams but will be concluded in early February prior to Monday February 23, 2026.<\/p>\n\n\n\n<div style=\"height:25px\" aria-hidden=\"true\" class=\"wp-block-spacer\"><\/div>\n\n\n\n<p><strong>Season Game Block Times<\/strong><\/p>\n\n\n\n<ul class=\"wp-block-list\">\n<li>Mondays &#8211; November 24: Two (2) game blocks from 9-11pm. Both Fields.<\/li>\n\n\n\n<li>Mondays &#8211; December 1, 8 and 15: Two (2) game blocks weekly from 9-11pm. Both Fields.<\/li>\n\n\n\n<li>Mondays &#8211; January 5, 12, 19, 26: Two (2) game blocks weekly from 9-11pm. Both Fields.<\/li>\n\n\n\n<li>Mondays &#8211; February 2, 9, 23: Two (2) game blocks weekly from 9-11pm. Both Fields.<\/li>\n<\/ul>\n\n\n\n<div style=\"height:26px\" aria-hidden=\"true\" class=\"wp-block-spacer\"><\/div>\n\n\n\n<p><strong>Game Locations<\/strong><br>All games at the Moncton Sportsdome: 125 Russ Howard Drive, Moncton<\/p>\n\n\n\n<div style=\"height:25px\" aria-hidden=\"true\" class=\"wp-block-spacer\"><\/div>\n\n\n\n<p><strong>Fees:<\/strong> $250 per person<\/p>\n\n\n\n<div style=\"height:25px\" aria-hidden=\"true\" class=\"wp-block-spacer\"><\/div>\n\n\n\n<p><strong>To register to play, there are two options:<\/strong><br>1. Already have your team? Have your team captain contact <a href=\"mailto: Nick.Murray@footballnb.ca\">Nick Murray<\/a> and he will send each team member a registration code. <br>2. Don&rsquo;t have a team? Congratulations on hitting the free agent market! Register below and we will assign you to a team. <br><em>Note: you can add notes about who you would like to play with if you have other friends registering but not enough for a team.<\/em><\/p>\n\n\n\n<div style=\"height:30px\" aria-hidden=\"true\" class=\"wp-block-spacer\"><\/div>\n\n\n\n<div class=\"wp-block-buttons is-layout-flex wp-block-buttons-is-layout-flex\">\n<div class=\"wp-block-button is-style-circular\"><a class=\"wp-block-button__link wp-element-button\" href=\"https:\/\/app.teamlinkt.com\/register\/find\/nbflagca?cid=56581\">Individual Registration<\/a><\/div>\n<\/div>\n\n\n\n<div style=\"height:26px\" aria-hidden=\"true\" class=\"wp-block-spacer\"><\/div>\n\n\n\n<div class=\"wp-block-buttons is-layout-flex wp-block-buttons-is-layout-flex\">\n<div class=\"wp-block-button is-style-circular\"><a class=\"wp-block-button__link wp-element-button\">League Rules and Regulations Coming Soon<\/a><\/div>\n<\/div>\n\n\n\n<div style=\"height:26px\" aria-hidden=\"true\" class=\"wp-block-spacer\"><\/div>\n\n\n\n<div class=\"wp-block-buttons is-layout-flex wp-block-buttons-is-layout-flex\">\n<div class=\"wp-block-button is-style-circular\"><a class=\"wp-block-button__link wp-element-button\">Schedule and Standings Coming Soon<\/a><\/div>\n<\/div>\n\n\n\n<div style=\"height:26px\" aria-hidden=\"true\" class=\"wp-block-spacer\"><\/div>\n\n\n\n<p>La MFFL est une ligue adulte (18+).&nbsp;Doit \u00eatre n\u00e9(e) en 2008 ou avant.&nbsp;Ouvert \u00e0 tous les genres.&nbsp;Les \u00e9quipes jouent chaque semaine dans un environnement comp\u00e9titif et amusant.&nbsp;Cette ligue comporte des contacts isol\u00e9s. **Les blocs sont permis \u00e0 la ligne de m\u00eal\u00e9e ou derri\u00e8re celle-ci afin de prot\u00e9ger le QB. Un seul bloqueur est autoris\u00e9 par rusher. Les bloqueurs ne peuvent pas avancer vers les rushers. Ils doivent les attendre \u00e0 ou derri\u00e8re la ligne de m\u00eal\u00e9e. Aucun blocage en profondeur n\u2019est permis.**<\/p>\n\n\n\n<p><strong>Structure de la saison<\/strong><br>La saison r\u00e9guli\u00e8re se jouera en ronde robin, chaque \u00e9quipe affrontera toutes les autres. Les s\u00e9ries \u00e9liminatoires dureront deux (2) semaines et d\u00e9termineront le classement final complet du haut vers le bas.<\/p>\n\n\n\n<p><strong>Dates de la saison<\/strong><br>La saison d\u00e9bute le lundi 24 novembre 2025. Sa dur\u00e9e d\u00e9pendra du nombre d\u2019\u00e9quipes inscrites, mais se terminera au d\u00e9but de f\u00e9vrier, avant le lundi 23 f\u00e9vrier 2026.<\/p>\n\n\n\n<p><strong>Plages horaires des matchs.<\/strong><br>Tous les lundis de 21h \u00e0 23h, sur deux terrains:<\/p>\n\n\n\n<ul class=\"wp-block-list\">\n<li>24 novembre: Deux blocs de matchs<\/li>\n\n\n\n<li>1, 8, 15 d\u00e9cembre: Deux blocs de matchs par soir<\/li>\n\n\n\n<li>5, 12, 19, 26 janvier: Deux blocs de matchs par soir<\/li>\n\n\n\n<li>2, 9, 23 f\u00e9vrier: Deux blocs de matchs par soir<\/li>\n<\/ul>\n\n\n\n<p>Tous les matchs auront lieu au Moncton SportsDome: 125, promenade Russ Howard, Moncton (NB), E1C 0L7<\/p>\n\n\n\n<p>Cette ligue est op\u00e9r\u00e9e sous la gouverne de Football Nouveau-Brunswick (FNB). Tous les participants sont assur\u00e9s par la police d\u2019assurance de Football Canada et doivent respecter les r\u00e8gles et politiques \u00e9tablies par FNB.<\/p>\n","protected":false},"excerpt":{"rendered":"<p>The Moncton Flag Football League (MFFL) is an adult league (18+) open to all genders. Teams play on a weekly basis in a competitive and fun environment. This league does involve isolated contact. Blocking is allowed at and behind the line of scrimmage to protect the quarterback. One blocker per rusher only. Blockers may not [&hellip;]<\/p>\n","protected":false},"author":2,"featured_media":0,"parent":0,"menu_order":0,"comment_status":"closed","ping_status":"closed","template":"","meta":{"_acf_changed":false,"_coblocks_attr":"","_coblocks_dimensions":"","_coblocks_responsive_height":"","_coblocks_accordion_ie_support":"","footnotes":""},"class_list":["post-10468","page","type-page","status-publish","hentry"],"acf":[],"yoast_head":"<!-- This site is optimized with the Yoast SEO plugin v27.6 - https:\/\/yoast.com\/product\/yoast-seo-wordpress\/ -->\n<title>Moncton Flag Football League - Football NB<\/title>\n<meta name=\"robots\" content=\"index, follow, max-snippet:-1, max-image-preview:large, max-video-preview:-1\" \/>\n<link rel=\"canonical\" href=\"https:\/\/footballnb.ca\/mffl\/\" \/>\n<meta property=\"og:locale\" content=\"fr_FR\" \/>\n<meta property=\"og:type\" content=\"article\" \/>\n<meta property=\"og:title\" content=\"Moncton Flag Football League - Football NB\" \/>\n<meta property=\"og:description\" content=\"The Moncton Flag Football League (MFFL) is an adult league (18+) open to all genders. Teams play on a weekly basis in a competitive and fun environment. This league does involve isolated contact. Blocking is allowed at and behind the line of scrimmage to protect the quarterback. One blocker per rusher only. Blockers may not [&hellip;]\" \/>\n<meta property=\"og:url\" content=\"https:\/\/footballnb.ca\/mffl\/\" \/>\n<meta property=\"og:site_name\" content=\"Football NB\" \/>\n<meta property=\"article:modified_time\" content=\"2025-10-21T15:41:37+00:00\" \/>\n<meta property=\"og:image\" content=\"https:\/\/footballnb.ca\/wp-content\/uploads\/2025\/10\/FNB-MFFL.png\" \/>\n\t<meta property=\"og:image:width\" content=\"600\" \/>\n\t<meta property=\"og:image:height\" content=\"333\" \/>\n\t<meta property=\"og:image:type\" content=\"image\/png\" \/>\n<meta name=\"twitter:card\" content=\"summary_large_image\" \/>\n<meta name=\"twitter:label1\" content=\"Dur\u00e9e de lecture estim\u00e9e\" \/>\n\t<meta name=\"twitter:data1\" content=\"4 minutes\" \/>\n<script type=\"application\/ld+json\" class=\"yoast-schema-graph\">{\"@context\":\"https:\\\/\\\/schema.org\",\"@graph\":[{\"@type\":\"WebPage\",\"@id\":\"https:\\\/\\\/footballnb.ca\\\/mffl\\\/\",\"url\":\"https:\\\/\\\/footballnb.ca\\\/mffl\\\/\",\"name\":\"Moncton Flag Football League - Football NB\",\"isPartOf\":{\"@id\":\"https:\\\/\\\/footballnb.ca\\\/#website\"},\"primaryImageOfPage\":{\"@id\":\"https:\\\/\\\/footballnb.ca\\\/mffl\\\/#primaryimage\"},\"image\":{\"@id\":\"https:\\\/\\\/footballnb.ca\\\/mffl\\\/#primaryimage\"},\"thumbnailUrl\":\"https:\\\/\\\/footballnb.ca\\\/wp-content\\\/uploads\\\/2025\\\/10\\\/FNB-MFFL.png\",\"datePublished\":\"2025-10-14T17:16:31+00:00\",\"dateModified\":\"2025-10-21T15:41:37+00:00\",\"breadcrumb\":{\"@id\":\"https:\\\/\\\/footballnb.ca\\\/mffl\\\/#breadcrumb\"},\"inLanguage\":\"fr-FR\",\"potentialAction\":[{\"@type\":\"ReadAction\",\"target\":[\"https:\\\/\\\/footballnb.ca\\\/mffl\\\/\"]}]},{\"@type\":\"ImageObject\",\"inLanguage\":\"fr-FR\",\"@id\":\"https:\\\/\\\/footballnb.ca\\\/mffl\\\/#primaryimage\",\"url\":\"https:\\\/\\\/footballnb.ca\\\/wp-content\\\/uploads\\\/2025\\\/10\\\/FNB-MFFL.png\",\"contentUrl\":\"https:\\\/\\\/footballnb.ca\\\/wp-content\\\/uploads\\\/2025\\\/10\\\/FNB-MFFL.png\"},{\"@type\":\"BreadcrumbList\",\"@id\":\"https:\\\/\\\/footballnb.ca\\\/mffl\\\/#breadcrumb\",\"itemListElement\":[{\"@type\":\"ListItem\",\"position\":1,\"name\":\"Home\",\"item\":\"https:\\\/\\\/footballnb.ca\\\/fr\\\/\"},{\"@type\":\"ListItem\",\"position\":2,\"name\":\"Moncton Flag Football League\"}]},{\"@type\":\"WebSite\",\"@id\":\"https:\\\/\\\/footballnb.ca\\\/#website\",\"url\":\"https:\\\/\\\/footballnb.ca\\\/\",\"name\":\"Football NB\",\"description\":\"Non Profit Athletics Program for the Province of New-Brunswick\",\"publisher\":{\"@id\":\"https:\\\/\\\/footballnb.ca\\\/#organization\"},\"potentialAction\":[{\"@type\":\"SearchAction\",\"target\":{\"@type\":\"EntryPoint\",\"urlTemplate\":\"https:\\\/\\\/footballnb.ca\\\/?s={search_term_string}\"},\"query-input\":{\"@type\":\"PropertyValueSpecification\",\"valueRequired\":true,\"valueName\":\"search_term_string\"}}],\"inLanguage\":\"fr-FR\"},{\"@type\":\"Organization\",\"@id\":\"https:\\\/\\\/footballnb.ca\\\/#organization\",\"name\":\"Football NB\",\"url\":\"https:\\\/\\\/footballnb.ca\\\/\",\"logo\":{\"@type\":\"ImageObject\",\"inLanguage\":\"fr-FR\",\"@id\":\"https:\\\/\\\/footballnb.ca\\\/#\\\/schema\\\/logo\\\/image\\\/\",\"url\":\"https:\\\/\\\/footballnb.ca\\\/wp-content\\\/uploads\\\/2022\\\/05\\\/fnblogo@2x.png\",\"contentUrl\":\"https:\\\/\\\/footballnb.ca\\\/wp-content\\\/uploads\\\/2022\\\/05\\\/fnblogo@2x.png\",\"width\":374,\"height\":243,\"caption\":\"Football NB\"},\"image\":{\"@id\":\"https:\\\/\\\/footballnb.ca\\\/#\\\/schema\\\/logo\\\/image\\\/\"}}]}<\/script>\n<!-- \/ Yoast SEO plugin. -->","yoast_head_json":{"title":"Moncton Flag Football League - Football NB","robots":{"index":"index","follow":"follow","max-snippet":"max-snippet:-1","max-image-preview":"max-image-preview:large","max-video-preview":"max-video-preview:-1"},"canonical":"https:\/\/footballnb.ca\/mffl\/","og_locale":"fr_FR","og_type":"article","og_title":"Moncton Flag Football League - Football NB","og_description":"The Moncton Flag Football League (MFFL) is an adult league (18+) open to all genders. Teams play on a weekly basis in a competitive and fun environment. This league does involve isolated contact. Blocking is allowed at and behind the line of scrimmage to protect the quarterback. One blocker per rusher only. Blockers may not [&hellip;]","og_url":"https:\/\/footballnb.ca\/mffl\/","og_site_name":"Football NB","article_modified_time":"2025-10-21T15:41:37+00:00","og_image":[{"width":600,"height":333,"url":"https:\/\/footballnb.ca\/wp-content\/uploads\/2025\/10\/FNB-MFFL.png","type":"image\/png"}],"twitter_card":"summary_large_image","twitter_misc":{"Dur\u00e9e de lecture estim\u00e9e":"4 minutes"},"schema":{"@context":"https:\/\/schema.org","@graph":[{"@type":"WebPage","@id":"https:\/\/footballnb.ca\/mffl\/","url":"https:\/\/footballnb.ca\/mffl\/","name":"Moncton Flag Football League - Football NB","isPartOf":{"@id":"https:\/\/footballnb.ca\/#website"},"primaryImageOfPage":{"@id":"https:\/\/footballnb.ca\/mffl\/#primaryimage"},"image":{"@id":"https:\/\/footballnb.ca\/mffl\/#primaryimage"},"thumbnailUrl":"https:\/\/footballnb.ca\/wp-content\/uploads\/2025\/10\/FNB-MFFL.png","datePublished":"2025-10-14T17:16:31+00:00","dateModified":"2025-10-21T15:41:37+00:00","breadcrumb":{"@id":"https:\/\/footballnb.ca\/mffl\/#breadcrumb"},"inLanguage":"fr-FR","potentialAction":[{"@type":"ReadAction","target":["https:\/\/footballnb.ca\/mffl\/"]}]},{"@type":"ImageObject","inLanguage":"fr-FR","@id":"https:\/\/footballnb.ca\/mffl\/#primaryimage","url":"https:\/\/footballnb.ca\/wp-content\/uploads\/2025\/10\/FNB-MFFL.png","contentUrl":"https:\/\/footballnb.ca\/wp-content\/uploads\/2025\/10\/FNB-MFFL.png"},{"@type":"BreadcrumbList","@id":"https:\/\/footballnb.ca\/mffl\/#breadcrumb","itemListElement":[{"@type":"ListItem","position":1,"name":"Home","item":"https:\/\/footballnb.ca\/fr\/"},{"@type":"ListItem","position":2,"name":"Moncton Flag Football League"}]},{"@type":"WebSite","@id":"https:\/\/footballnb.ca\/#website","url":"https:\/\/footballnb.ca\/","name":"Football NB","description":"Non Profit Athletics Program for the Province of New-Brunswick","publisher":{"@id":"https:\/\/footballnb.ca\/#organization"},"potentialAction":[{"@type":"SearchAction","target":{"@type":"EntryPoint","urlTemplate":"https:\/\/footballnb.ca\/?s={search_term_string}"},"query-input":{"@type":"PropertyValueSpecification","valueRequired":true,"valueName":"search_term_string"}}],"inLanguage":"fr-FR"},{"@type":"Organization","@id":"https:\/\/footballnb.ca\/#organization","name":"Football NB","url":"https:\/\/footballnb.ca\/","logo":{"@type":"ImageObject","inLanguage":"fr-FR","@id":"https:\/\/footballnb.ca\/#\/schema\/logo\/image\/","url":"https:\/\/footballnb.ca\/wp-content\/uploads\/2022\/05\/fnblogo@2x.png","contentUrl":"https:\/\/footballnb.ca\/wp-content\/uploads\/2022\/05\/fnblogo@2x.png","width":374,"height":243,"caption":"Football NB"},"image":{"@id":"https:\/\/footballnb.ca\/#\/schema\/logo\/image\/"}}]}},"_links":{"self":[{"href":"https:\/\/footballnb.ca\/fr\/wp-json\/wp\/v2\/pages\/10468","targetHints":{"allow":["GET"]}}],"collection":[{"href":"https:\/\/footballnb.ca\/fr\/wp-json\/wp\/v2\/pages"}],"about":[{"href":"https:\/\/footballnb.ca\/fr\/wp-json\/wp\/v2\/types\/page"}],"author":[{"embeddable":true,"href":"https:\/\/footballnb.ca\/fr\/wp-json\/wp\/v2\/users\/2"}],"replies":[{"embeddable":true,"href":"https:\/\/footballnb.ca\/fr\/wp-json\/wp\/v2\/comments?post=10468"}],"version-history":[{"count":7,"href":"https:\/\/footballnb.ca\/fr\/wp-json\/wp\/v2\/pages\/10468\/revisions"}],"predecessor-version":[{"id":11863,"href":"https:\/\/footballnb.ca\/fr\/wp-json\/wp\/v2\/pages\/10468\/revisions\/11863"}],"wp:attachment":[{"href":"https:\/\/footballnb.ca\/fr\/wp-json\/wp\/v2\/media?parent=10468"}],"curies":[{"name":"wp","href":"https:\/\/api.w.org\/{rel}","templated":true}]}}