{"id":2139,"date":"2022-10-16T12:14:36","date_gmt":"2022-10-16T15:14:36","guid":{"rendered":"https:\/\/footballnb.ca\/combinez\/"},"modified":"2022-12-14T23:10:15","modified_gmt":"2022-12-15T03:10:15","slug":"combinez","status":"publish","type":"page","link":"https:\/\/footballnb.ca\/fr\/combinez\/","title":{"rendered":"Combinez"},"content":{"rendered":"\n<h4 class=\"has-text-align-left wp-block-heading\"><strong>R\u00e9sultats de la combinaison<\/strong><\/h4>\n\n<ul class=\"is-style-fancy\">\n<li><a href=\"https:\/\/footballnb.ca\/wp-content\/uploads\/2022\/06\/combine_results_1-1.xlsx\">R\u00e9sultats 2021<\/a><\/li>\n\n\n\n<li><a href=\"https:\/\/footballnb.ca\/wp-content\/uploads\/2022\/06\/combine_results_1-2.xlsx\">R\u00e9sultats 2019<\/a><\/li>\n\n\n\n<li><a href=\"https:\/\/footballnb.ca\/wp-content\/uploads\/2022\/06\/combine_results_2018.pdf\">R\u00e9sultats 2018<\/a><\/li>\n\n\n\n<li><a href=\"https:\/\/footballnb.ca\/wp-content\/uploads\/2022\/06\/2017_combine_results.pdf\">R\u00e9sultats 2017<\/a><\/li>\n\n\n\n<li><a href=\"https:\/\/footballnb.ca\/wp-content\/uploads\/2022\/06\/2016_football_nb_combine_results.pdf\">R\u00e9sultats 2016<\/a><\/li>\n<\/ul>\n\n<div style=\"height:100px\" aria-hidden=\"true\" class=\"wp-block-spacer\"><\/div>\n\n<h4 class=\"has-text-align-left wp-block-heading\"><strong>506 d\u00e9tenteurs de records de football<\/strong><\/h4>\n\n<div style=\"height:20px\" aria-hidden=\"true\" class=\"wp-block-spacer\"><\/div>\n\n<h5 class=\"has-text-align-center wp-block-heading\">U18<\/h5>\n\n<figure class=\"wp-block-table is-style-stripes\"><table><tbody><tr><td>Test<\/td><td><strong>Nom<\/strong><\/td><td><strong>R\u00e9sultat<\/strong><\/td><td><strong>Ann\u00e9e<\/strong><\/td><\/tr><tr><td>Saut large<\/td><td>Will McNally<\/td><td>9&rsquo;9\u00a0\u00bb<\/td><td>2017<\/td><\/tr><tr><td>Saut vertical<\/td><td>Louis Auger<\/td><td>36\u00a0\u00bb<\/td><td>2016<\/td><\/tr><tr><td>Course de 40 yards<\/td><td>Benoit Cormier<\/td><td>4.86 s<\/td><td>2017<\/td><\/tr><tr><td>Agilit\u00e9 professionnelle<\/td><td>Glodin Mulali<\/td><td>4.017 s<\/td><td>2016<\/td><\/tr><tr><td>Presse de banc<\/td><td>Jagger Rogers<\/td><td>225lbs x 14 r\u00e9p\u00e9titions<\/td><td>2018<\/td><\/tr><\/tbody><\/table><\/figure>\n\n<div style=\"height:40px\" aria-hidden=\"true\" class=\"wp-block-spacer\"><\/div>\n\n<h5 class=\"has-text-align-center wp-block-heading\">U16<\/h5>\n\n<figure class=\"wp-block-table is-style-stripes\"><table><tbody><tr><td><strong>Test<\/strong><\/td><td><strong>Nom<\/strong><\/td><td><strong>R\u00e9sultat<\/strong><\/td><td><strong>Ann\u00e9e<\/strong><\/td><\/tr><tr><td>Saut large<\/td><td>Matt Morton<\/td><td>9&rsquo;1\u00a0\u00bb<\/td><td>2017<\/td><\/tr><tr><td>Saut vertical<\/td><td>Jack Duplesis<\/td><td>36\u00a0\u00bb<\/td><td>2018<\/td><\/tr><tr><td>Course de 40 yards<\/td><td>Jacob Johnson<\/td><td>5.21 s<\/td><td>2018<\/td><\/tr><tr><td>Agilit\u00e9 professionnelle<\/td><td>David Daniel Pendleton<\/td><td>4.403 s<\/td><td>2016<\/td><\/tr><tr><td>Presse de banc<\/td><td>Will Keats<\/td><td>185lbs x 10 r\u00e9p\u00e9titions<\/td><td>2018<\/td><\/tr><\/tbody><\/table><\/figure>\n\n<div style=\"height:100px\" aria-hidden=\"true\" class=\"wp-block-spacer\"><\/div>\n","protected":false},"excerpt":{"rendered":"<p>R\u00e9sultats de la combinaison 506 d\u00e9tenteurs de records de football U18 Test Nom R\u00e9sultat Ann\u00e9e Saut large Will McNally 9&rsquo;9\u00a0\u00bb 2017 Saut vertical Louis Auger 36\u00a0\u00bb 2016 Course de 40 yards Benoit Cormier 4.86 s 2017 Agilit\u00e9 professionnelle Glodin Mulali 4.017 s 2016 Presse de banc Jagger Rogers 225lbs x 14 r\u00e9p\u00e9titions 2018 U16 Test [&hellip;]<\/p>\n","protected":false},"author":3,"featured_media":0,"parent":0,"menu_order":0,"comment_status":"closed","ping_status":"closed","template":"page-elite-template","meta":{"_acf_changed":false,"_coblocks_attr":"","_coblocks_dimensions":"","_coblocks_responsive_height":"","_coblocks_accordion_ie_support":"","footnotes":""},"class_list":["post-2139","page","type-page","status-publish","hentry"],"acf":[],"yoast_head":"<!-- This site is optimized with the Yoast SEO plugin v27.5 - https:\/\/yoast.com\/product\/yoast-seo-wordpress\/ -->\n<title>Combinez - Football NB<\/title>\n<meta name=\"robots\" content=\"index, follow, max-snippet:-1, max-image-preview:large, max-video-preview:-1\" \/>\n<link rel=\"canonical\" href=\"https:\/\/footballnb.ca\/combine\/\" \/>\n<meta property=\"og:locale\" content=\"fr_FR\" \/>\n<meta property=\"og:type\" content=\"article\" \/>\n<meta property=\"og:title\" content=\"Combinez - Football NB\" \/>\n<meta property=\"og:description\" content=\"R\u00e9sultats de la combinaison 506 d\u00e9tenteurs de records de football U18 Test Nom R\u00e9sultat Ann\u00e9e Saut large Will McNally 9&rsquo;9\u00a0\u00bb 2017 Saut vertical Louis Auger 36\u00a0\u00bb 2016 Course de 40 yards Benoit Cormier 4.86 s 2017 Agilit\u00e9 professionnelle Glodin Mulali 4.017 s 2016 Presse de banc Jagger Rogers 225lbs x 14 r\u00e9p\u00e9titions 2018 U16 Test [&hellip;]\" \/>\n<meta property=\"og:url\" content=\"https:\/\/footballnb.ca\/combine\/\" \/>\n<meta property=\"og:site_name\" content=\"Football NB\" \/>\n<meta property=\"article:modified_time\" content=\"2022-12-15T03:10:15+00:00\" \/>\n<meta name=\"twitter:card\" content=\"summary_large_image\" \/>\n<script type=\"application\/ld+json\" class=\"yoast-schema-graph\">{\"@context\":\"https:\\\/\\\/schema.org\",\"@graph\":[{\"@type\":\"WebPage\",\"@id\":\"https:\\\/\\\/footballnb.ca\\\/combine\\\/\",\"url\":\"https:\\\/\\\/footballnb.ca\\\/combine\\\/\",\"name\":\"Combinez - Football NB\",\"isPartOf\":{\"@id\":\"https:\\\/\\\/footballnb.ca\\\/#website\"},\"datePublished\":\"2022-10-16T15:14:36+00:00\",\"dateModified\":\"2022-12-15T03:10:15+00:00\",\"breadcrumb\":{\"@id\":\"https:\\\/\\\/footballnb.ca\\\/combine\\\/#breadcrumb\"},\"inLanguage\":\"fr-FR\",\"potentialAction\":[{\"@type\":\"ReadAction\",\"target\":[\"https:\\\/\\\/footballnb.ca\\\/combine\\\/\"]}]},{\"@type\":\"BreadcrumbList\",\"@id\":\"https:\\\/\\\/footballnb.ca\\\/combine\\\/#breadcrumb\",\"itemListElement\":[{\"@type\":\"ListItem\",\"position\":1,\"name\":\"Home\",\"item\":\"https:\\\/\\\/footballnb.ca\\\/fr\\\/\"},{\"@type\":\"ListItem\",\"position\":2,\"name\":\"Combinez\"}]},{\"@type\":\"WebSite\",\"@id\":\"https:\\\/\\\/footballnb.ca\\\/#website\",\"url\":\"https:\\\/\\\/footballnb.ca\\\/\",\"name\":\"Football NB\",\"description\":\"Non Profit Athletics Program for the Province of New-Brunswick\",\"publisher\":{\"@id\":\"https:\\\/\\\/footballnb.ca\\\/#organization\"},\"potentialAction\":[{\"@type\":\"SearchAction\",\"target\":{\"@type\":\"EntryPoint\",\"urlTemplate\":\"https:\\\/\\\/footballnb.ca\\\/?s={search_term_string}\"},\"query-input\":{\"@type\":\"PropertyValueSpecification\",\"valueRequired\":true,\"valueName\":\"search_term_string\"}}],\"inLanguage\":\"fr-FR\"},{\"@type\":\"Organization\",\"@id\":\"https:\\\/\\\/footballnb.ca\\\/#organization\",\"name\":\"Football NB\",\"url\":\"https:\\\/\\\/footballnb.ca\\\/\",\"logo\":{\"@type\":\"ImageObject\",\"inLanguage\":\"fr-FR\",\"@id\":\"https:\\\/\\\/footballnb.ca\\\/#\\\/schema\\\/logo\\\/image\\\/\",\"url\":\"https:\\\/\\\/footballnb.ca\\\/wp-content\\\/uploads\\\/2022\\\/05\\\/fnblogo@2x.png\",\"contentUrl\":\"https:\\\/\\\/footballnb.ca\\\/wp-content\\\/uploads\\\/2022\\\/05\\\/fnblogo@2x.png\",\"width\":374,\"height\":243,\"caption\":\"Football NB\"},\"image\":{\"@id\":\"https:\\\/\\\/footballnb.ca\\\/#\\\/schema\\\/logo\\\/image\\\/\"}}]}<\/script>\n<!-- \/ Yoast SEO plugin. -->","yoast_head_json":{"title":"Combinez - Football NB","robots":{"index":"index","follow":"follow","max-snippet":"max-snippet:-1","max-image-preview":"max-image-preview:large","max-video-preview":"max-video-preview:-1"},"canonical":"https:\/\/footballnb.ca\/combine\/","og_locale":"fr_FR","og_type":"article","og_title":"Combinez - Football NB","og_description":"R\u00e9sultats de la combinaison 506 d\u00e9tenteurs de records de football U18 Test Nom R\u00e9sultat Ann\u00e9e Saut large Will McNally 9&rsquo;9\u00a0\u00bb 2017 Saut vertical Louis Auger 36\u00a0\u00bb 2016 Course de 40 yards Benoit Cormier 4.86 s 2017 Agilit\u00e9 professionnelle Glodin Mulali 4.017 s 2016 Presse de banc Jagger Rogers 225lbs x 14 r\u00e9p\u00e9titions 2018 U16 Test [&hellip;]","og_url":"https:\/\/footballnb.ca\/combine\/","og_site_name":"Football NB","article_modified_time":"2022-12-15T03:10:15+00:00","twitter_card":"summary_large_image","schema":{"@context":"https:\/\/schema.org","@graph":[{"@type":"WebPage","@id":"https:\/\/footballnb.ca\/combine\/","url":"https:\/\/footballnb.ca\/combine\/","name":"Combinez - Football NB","isPartOf":{"@id":"https:\/\/footballnb.ca\/#website"},"datePublished":"2022-10-16T15:14:36+00:00","dateModified":"2022-12-15T03:10:15+00:00","breadcrumb":{"@id":"https:\/\/footballnb.ca\/combine\/#breadcrumb"},"inLanguage":"fr-FR","potentialAction":[{"@type":"ReadAction","target":["https:\/\/footballnb.ca\/combine\/"]}]},{"@type":"BreadcrumbList","@id":"https:\/\/footballnb.ca\/combine\/#breadcrumb","itemListElement":[{"@type":"ListItem","position":1,"name":"Home","item":"https:\/\/footballnb.ca\/fr\/"},{"@type":"ListItem","position":2,"name":"Combinez"}]},{"@type":"WebSite","@id":"https:\/\/footballnb.ca\/#website","url":"https:\/\/footballnb.ca\/","name":"Football NB","description":"Non Profit Athletics Program for the Province of New-Brunswick","publisher":{"@id":"https:\/\/footballnb.ca\/#organization"},"potentialAction":[{"@type":"SearchAction","target":{"@type":"EntryPoint","urlTemplate":"https:\/\/footballnb.ca\/?s={search_term_string}"},"query-input":{"@type":"PropertyValueSpecification","valueRequired":true,"valueName":"search_term_string"}}],"inLanguage":"fr-FR"},{"@type":"Organization","@id":"https:\/\/footballnb.ca\/#organization","name":"Football NB","url":"https:\/\/footballnb.ca\/","logo":{"@type":"ImageObject","inLanguage":"fr-FR","@id":"https:\/\/footballnb.ca\/#\/schema\/logo\/image\/","url":"https:\/\/footballnb.ca\/wp-content\/uploads\/2022\/05\/fnblogo@2x.png","contentUrl":"https:\/\/footballnb.ca\/wp-content\/uploads\/2022\/05\/fnblogo@2x.png","width":374,"height":243,"caption":"Football NB"},"image":{"@id":"https:\/\/footballnb.ca\/#\/schema\/logo\/image\/"}}]}},"_links":{"self":[{"href":"https:\/\/footballnb.ca\/fr\/wp-json\/wp\/v2\/pages\/2139","targetHints":{"allow":["GET"]}}],"collection":[{"href":"https:\/\/footballnb.ca\/fr\/wp-json\/wp\/v2\/pages"}],"about":[{"href":"https:\/\/footballnb.ca\/fr\/wp-json\/wp\/v2\/types\/page"}],"author":[{"embeddable":true,"href":"https:\/\/footballnb.ca\/fr\/wp-json\/wp\/v2\/users\/3"}],"replies":[{"embeddable":true,"href":"https:\/\/footballnb.ca\/fr\/wp-json\/wp\/v2\/comments?post=2139"}],"version-history":[{"count":3,"href":"https:\/\/footballnb.ca\/fr\/wp-json\/wp\/v2\/pages\/2139\/revisions"}],"predecessor-version":[{"id":2308,"href":"https:\/\/footballnb.ca\/fr\/wp-json\/wp\/v2\/pages\/2139\/revisions\/2308"}],"wp:attachment":[{"href":"https:\/\/footballnb.ca\/fr\/wp-json\/wp\/v2\/media?parent=2139"}],"curies":[{"name":"wp","href":"https:\/\/api.w.org\/{rel}","templated":true}]}}