{"id":2312,"date":"2022-10-16T12:08:04","date_gmt":"2022-10-16T15:08:04","guid":{"rendered":"https:\/\/footballnb.ca\/safe-sport\/"},"modified":"2022-12-15T20:55:19","modified_gmt":"2022-12-16T00:55:19","slug":"safe-sport","status":"publish","type":"page","link":"https:\/\/footballnb.ca\/fr\/safe-sport\/","title":{"rendered":"Sport sans risque"},"content":{"rendered":"\n<h4 class=\"has-text-align-left wp-block-heading\"><strong>Exigences de Football Canada en mati\u00e8re de formation \u00e0 la s\u00e9curit\u00e9 dans le sport<\/strong><\/h4>\n\n<p class=\"has-text-align-left\">Le code de conduite universel pour la pr\u00e9vention et le traitement de la maltraitance dans le sport demande que tous les environnements sportifs soient exempts d&rsquo;abus physiques, sexuels et psychologiques.<br\/> <br\/>Le module de formation \u00e0 la s\u00e9curit\u00e9 dans le sport du PNCE ou Respect dans le sport s&rsquo;alignent sur ces valeurs.<br\/> <br\/>Dispenser une formation obligatoire sur le harc\u00e8lement et les abus aux athl\u00e8tes, entra\u00eeneurs, officiels, personnel d&rsquo;encadrement des athl\u00e8tes, employ\u00e9s, travailleurs contractuels, administrateurs et b\u00e9n\u00e9voles affili\u00e9s \u00e0 l&rsquo;organisation.<\/p>\n\n<p><\/p>\n\n<p class=\"has-text-align-left\">Tout le monde a le droit de faire du sport dans un environnement s\u00fbr et favorable qui favorise le bien-\u00eatre \u00e9motionnel, social et physique de tous les participants. Il ne s&rsquo;agit pas seulement des athl\u00e8tes, mais aussi des parents, des entra\u00eeneurs, des arbitres, des b\u00e9n\u00e9voles et des membres du public. Nous voulons tous profiter des sports que nous aimons, et cela signifie que la s\u00e9curit\u00e9 du sport est une responsabilit\u00e9 partag\u00e9e.  <\/p>\n\n<p class=\"has-text-align-left\">Football Nouveau-Brunswick applique une politique de tol\u00e9rance z\u00e9ro \u00e0 l&rsquo;\u00e9gard des abus de toutes sortes. Si vous soup\u00e7onnez que ces r\u00e8gles de s\u00e9curit\u00e9 dans le sport sont n\u00e9glig\u00e9es \u00e0 un moment ou \u00e0 un autre et que vous souhaitez conna\u00eetre les prochaines \u00e9tapes, la Ligne d&rsquo;aide canadienne sur le sport peut vous fournir des orientations et des conseils fiables de la part d&rsquo;un tiers.<\/p>\n\n<div class=\"wp-block-buttons is-content-justification-center is-layout-flex wp-container-core-buttons-is-layout-a89b3969 wp-block-buttons-is-layout-flex\">\n<div class=\"wp-block-button is-style-outline is-style-outline--1\"><a class=\"wp-block-button__link wp-element-button\" href=\"https:\/\/footballnb.ca\/wp-content\/uploads\/2022\/07\/football_nb_safe_sport_policy_manual2.pdf\">Politiques de s\u00e9curit\u00e9 du sport<\/a><\/div>\n<\/div>\n\n<div style=\"height:54px\" aria-hidden=\"true\" class=\"wp-block-spacer\"><\/div>\n\n<h4 class=\"wp-block-heading\"><strong>ENTRA\u00ceNEMENT SPORTIF EN TOUTE S\u00c9CURIT\u00c9<\/strong><\/h4>\n\n<p>La formation Safe Sport est obligatoire pour tous les entra\u00eeneurs, managers, administrateurs et officiels. <strong>Cette formation peut \u00eatre compl\u00e9t\u00e9e gratuitement <a href=\"https:\/\/safesport.coach.ca\/\">ICI<\/a><\/strong><\/p>\n\n<p>Au Nouveau-Brunswick, tous les membres sont tenus de suivre la formation sur la s\u00e9curit\u00e9 dans le sport au plus tard le 15 septembre 2022. Si vous ne le faites pas, vous ne pourrez plus participer \u00e0 aucun \u00e9v\u00e9nement sanctionn\u00e9 par Football NB jusqu&rsquo;\u00e0 ce que la formation soit termin\u00e9e.<\/p>\n\n<div style=\"height:29px\" aria-hidden=\"true\" class=\"wp-block-spacer\"><\/div>\n\n<h4 class=\"wp-block-heading\"><strong>RESSOURCES POUR UN SPORT S\u00dbR<\/strong><\/h4>\n\n<p>The Canadian Sport Helpline &#8211; La ligne d&rsquo;assistance offre un soutien aux victimes et aux t\u00e9moins de harc\u00e8lement, d&rsquo;abus et de discrimination. Il s&rsquo;agit d&rsquo;un service anonyme, confidentiel et ind\u00e9pendant qui est \u00e0 la disposition de tous les membres de la communaut\u00e9 sportive canadienne, qu&rsquo;ils soient impliqu\u00e9s au niveau national, provincial ou local.  <\/p>\n\n<div style=\"height:29px\" aria-hidden=\"true\" class=\"wp-block-spacer\"><\/div>\n\n<p>Pour contacter la Ligne d&rsquo;aide canadienne sur le sport :<br\/>T\u00e9l\u00e9phone : 1-888-83SPORT(77678)<br\/>Courriel : info@abuse-free-sport.ca<br\/>Site web : <a href=\"http:\/\/www.abuse-free-sport.ca\/\">www.abuse-free-sport.ca<\/a><\/p>\n\n<div style=\"height:100px\" aria-hidden=\"true\" class=\"wp-block-spacer\"><\/div>\n","protected":false},"excerpt":{"rendered":"<p>Exigences de Football Canada en mati\u00e8re de formation \u00e0 la s\u00e9curit\u00e9 dans le sport Le code de conduite universel pour la pr\u00e9vention et le traitement de la maltraitance dans le sport demande que tous les environnements sportifs soient exempts d&rsquo;abus physiques, sexuels et psychologiques. Le module de formation \u00e0 la s\u00e9curit\u00e9 dans le sport du [&hellip;]<\/p>\n","protected":false},"author":3,"featured_media":0,"parent":0,"menu_order":0,"comment_status":"closed","ping_status":"closed","template":"","meta":{"_acf_changed":false,"_coblocks_attr":"","_coblocks_dimensions":"","_coblocks_responsive_height":"","_coblocks_accordion_ie_support":"","footnotes":""},"class_list":["post-2312","page","type-page","status-publish","hentry"],"acf":[],"yoast_head":"<!-- This site is optimized with the Yoast SEO plugin v27.4 - https:\/\/yoast.com\/product\/yoast-seo-wordpress\/ -->\n<title>Sport sans risque - Football NB<\/title>\n<meta name=\"robots\" content=\"index, follow, max-snippet:-1, max-image-preview:large, max-video-preview:-1\" \/>\n<link rel=\"canonical\" href=\"https:\/\/footballnb.ca\/safe-sport\/\" \/>\n<meta property=\"og:locale\" content=\"fr_FR\" \/>\n<meta property=\"og:type\" content=\"article\" \/>\n<meta property=\"og:title\" content=\"Sport sans risque - Football NB\" \/>\n<meta property=\"og:description\" content=\"Exigences de Football Canada en mati\u00e8re de formation \u00e0 la s\u00e9curit\u00e9 dans le sport Le code de conduite universel pour la pr\u00e9vention et le traitement de la maltraitance dans le sport demande que tous les environnements sportifs soient exempts d&rsquo;abus physiques, sexuels et psychologiques. Le module de formation \u00e0 la s\u00e9curit\u00e9 dans le sport du [&hellip;]\" \/>\n<meta property=\"og:url\" content=\"https:\/\/footballnb.ca\/safe-sport\/\" \/>\n<meta property=\"og:site_name\" content=\"Football NB\" \/>\n<meta property=\"article:modified_time\" content=\"2022-12-16T00:55:19+00:00\" \/>\n<meta name=\"twitter:card\" content=\"summary_large_image\" \/>\n<meta name=\"twitter:label1\" content=\"Dur\u00e9e de lecture estim\u00e9e\" \/>\n\t<meta name=\"twitter:data1\" content=\"2 minutes\" \/>\n<script type=\"application\/ld+json\" class=\"yoast-schema-graph\">{\"@context\":\"https:\\\/\\\/schema.org\",\"@graph\":[{\"@type\":\"WebPage\",\"@id\":\"https:\\\/\\\/footballnb.ca\\\/safe-sport\\\/\",\"url\":\"https:\\\/\\\/footballnb.ca\\\/safe-sport\\\/\",\"name\":\"Sport sans risque - Football NB\",\"isPartOf\":{\"@id\":\"https:\\\/\\\/footballnb.ca\\\/#website\"},\"datePublished\":\"2022-10-16T15:08:04+00:00\",\"dateModified\":\"2022-12-16T00:55:19+00:00\",\"breadcrumb\":{\"@id\":\"https:\\\/\\\/footballnb.ca\\\/safe-sport\\\/#breadcrumb\"},\"inLanguage\":\"fr-FR\",\"potentialAction\":[{\"@type\":\"ReadAction\",\"target\":[\"https:\\\/\\\/footballnb.ca\\\/safe-sport\\\/\"]}]},{\"@type\":\"BreadcrumbList\",\"@id\":\"https:\\\/\\\/footballnb.ca\\\/safe-sport\\\/#breadcrumb\",\"itemListElement\":[{\"@type\":\"ListItem\",\"position\":1,\"name\":\"Home\",\"item\":\"https:\\\/\\\/footballnb.ca\\\/fr\\\/\"},{\"@type\":\"ListItem\",\"position\":2,\"name\":\"Sport sans risque\"}]},{\"@type\":\"WebSite\",\"@id\":\"https:\\\/\\\/footballnb.ca\\\/#website\",\"url\":\"https:\\\/\\\/footballnb.ca\\\/\",\"name\":\"Football NB\",\"description\":\"Non Profit Athletics Program for the Province of New-Brunswick\",\"publisher\":{\"@id\":\"https:\\\/\\\/footballnb.ca\\\/#organization\"},\"potentialAction\":[{\"@type\":\"SearchAction\",\"target\":{\"@type\":\"EntryPoint\",\"urlTemplate\":\"https:\\\/\\\/footballnb.ca\\\/?s={search_term_string}\"},\"query-input\":{\"@type\":\"PropertyValueSpecification\",\"valueRequired\":true,\"valueName\":\"search_term_string\"}}],\"inLanguage\":\"fr-FR\"},{\"@type\":\"Organization\",\"@id\":\"https:\\\/\\\/footballnb.ca\\\/#organization\",\"name\":\"Football NB\",\"url\":\"https:\\\/\\\/footballnb.ca\\\/\",\"logo\":{\"@type\":\"ImageObject\",\"inLanguage\":\"fr-FR\",\"@id\":\"https:\\\/\\\/footballnb.ca\\\/#\\\/schema\\\/logo\\\/image\\\/\",\"url\":\"https:\\\/\\\/footballnb.ca\\\/wp-content\\\/uploads\\\/2022\\\/05\\\/fnblogo@2x.png\",\"contentUrl\":\"https:\\\/\\\/footballnb.ca\\\/wp-content\\\/uploads\\\/2022\\\/05\\\/fnblogo@2x.png\",\"width\":374,\"height\":243,\"caption\":\"Football NB\"},\"image\":{\"@id\":\"https:\\\/\\\/footballnb.ca\\\/#\\\/schema\\\/logo\\\/image\\\/\"}}]}<\/script>\n<!-- \/ Yoast SEO plugin. -->","yoast_head_json":{"title":"Sport sans risque - Football NB","robots":{"index":"index","follow":"follow","max-snippet":"max-snippet:-1","max-image-preview":"max-image-preview:large","max-video-preview":"max-video-preview:-1"},"canonical":"https:\/\/footballnb.ca\/safe-sport\/","og_locale":"fr_FR","og_type":"article","og_title":"Sport sans risque - Football NB","og_description":"Exigences de Football Canada en mati\u00e8re de formation \u00e0 la s\u00e9curit\u00e9 dans le sport Le code de conduite universel pour la pr\u00e9vention et le traitement de la maltraitance dans le sport demande que tous les environnements sportifs soient exempts d&rsquo;abus physiques, sexuels et psychologiques. Le module de formation \u00e0 la s\u00e9curit\u00e9 dans le sport du [&hellip;]","og_url":"https:\/\/footballnb.ca\/safe-sport\/","og_site_name":"Football NB","article_modified_time":"2022-12-16T00:55:19+00:00","twitter_card":"summary_large_image","twitter_misc":{"Dur\u00e9e de lecture estim\u00e9e":"2 minutes"},"schema":{"@context":"https:\/\/schema.org","@graph":[{"@type":"WebPage","@id":"https:\/\/footballnb.ca\/safe-sport\/","url":"https:\/\/footballnb.ca\/safe-sport\/","name":"Sport sans risque - Football NB","isPartOf":{"@id":"https:\/\/footballnb.ca\/#website"},"datePublished":"2022-10-16T15:08:04+00:00","dateModified":"2022-12-16T00:55:19+00:00","breadcrumb":{"@id":"https:\/\/footballnb.ca\/safe-sport\/#breadcrumb"},"inLanguage":"fr-FR","potentialAction":[{"@type":"ReadAction","target":["https:\/\/footballnb.ca\/safe-sport\/"]}]},{"@type":"BreadcrumbList","@id":"https:\/\/footballnb.ca\/safe-sport\/#breadcrumb","itemListElement":[{"@type":"ListItem","position":1,"name":"Home","item":"https:\/\/footballnb.ca\/fr\/"},{"@type":"ListItem","position":2,"name":"Sport sans risque"}]},{"@type":"WebSite","@id":"https:\/\/footballnb.ca\/#website","url":"https:\/\/footballnb.ca\/","name":"Football NB","description":"Non Profit Athletics Program for the Province of New-Brunswick","publisher":{"@id":"https:\/\/footballnb.ca\/#organization"},"potentialAction":[{"@type":"SearchAction","target":{"@type":"EntryPoint","urlTemplate":"https:\/\/footballnb.ca\/?s={search_term_string}"},"query-input":{"@type":"PropertyValueSpecification","valueRequired":true,"valueName":"search_term_string"}}],"inLanguage":"fr-FR"},{"@type":"Organization","@id":"https:\/\/footballnb.ca\/#organization","name":"Football NB","url":"https:\/\/footballnb.ca\/","logo":{"@type":"ImageObject","inLanguage":"fr-FR","@id":"https:\/\/footballnb.ca\/#\/schema\/logo\/image\/","url":"https:\/\/footballnb.ca\/wp-content\/uploads\/2022\/05\/fnblogo@2x.png","contentUrl":"https:\/\/footballnb.ca\/wp-content\/uploads\/2022\/05\/fnblogo@2x.png","width":374,"height":243,"caption":"Football NB"},"image":{"@id":"https:\/\/footballnb.ca\/#\/schema\/logo\/image\/"}}]}},"_links":{"self":[{"href":"https:\/\/footballnb.ca\/fr\/wp-json\/wp\/v2\/pages\/2312","targetHints":{"allow":["GET"]}}],"collection":[{"href":"https:\/\/footballnb.ca\/fr\/wp-json\/wp\/v2\/pages"}],"about":[{"href":"https:\/\/footballnb.ca\/fr\/wp-json\/wp\/v2\/types\/page"}],"author":[{"embeddable":true,"href":"https:\/\/footballnb.ca\/fr\/wp-json\/wp\/v2\/users\/3"}],"replies":[{"embeddable":true,"href":"https:\/\/footballnb.ca\/fr\/wp-json\/wp\/v2\/comments?post=2312"}],"version-history":[{"count":3,"href":"https:\/\/footballnb.ca\/fr\/wp-json\/wp\/v2\/pages\/2312\/revisions"}],"predecessor-version":[{"id":2914,"href":"https:\/\/footballnb.ca\/fr\/wp-json\/wp\/v2\/pages\/2312\/revisions\/2914"}],"wp:attachment":[{"href":"https:\/\/footballnb.ca\/fr\/wp-json\/wp\/v2\/media?parent=2312"}],"curies":[{"name":"wp","href":"https:\/\/api.w.org\/{rel}","templated":true}]}}