{"id":2856,"date":"2022-10-14T16:00:37","date_gmt":"2022-10-14T19:00:37","guid":{"rendered":"https:\/\/footballnb.ca\/service-de-longue-duree-recipiendaires-des-prix\/"},"modified":"2022-12-15T20:54:04","modified_gmt":"2022-12-16T00:54:04","slug":"service-de-longue-duree-recipiendaires-des-prix","status":"publish","type":"page","link":"https:\/\/footballnb.ca\/fr\/service-de-longue-duree-recipiendaires-des-prix\/","title":{"rendered":"Service de longue dur\u00e9e  <br>R\u00e9cipiendaires des prix"},"content":{"rendered":"\n<p>Football New Brunswick honore p\u00e9riodiquement les personnes qui ont apport\u00e9 une contribution \u00ab\u00a0significative\u00a0\u00bb \u00e0 long terme (15 ans) en tant qu&rsquo;entra\u00eeneur, arbitre ou b\u00e2tisseur du football.<\/p>\n\n<div style=\"height:30px\" aria-hidden=\"true\" class=\"wp-block-spacer\"><\/div>\n\n<figure class=\"wp-block-table is-style-stripes\"><table><tbody><tr><td><strong>R\u00e9cipiendaires des prix 2019<\/strong><\/td><\/tr><tr><td>Steve Drisdelle, Fredericton, entra\u00eeneur<\/td><\/tr><tr><td>Scott O&rsquo;Neal, Sackville, entra\u00eeneur<\/td><\/tr><tr><td>Rob Weir, Moncton, entra\u00eeneur<\/td><\/tr><\/tbody><\/table><\/figure>\n\n<div style=\"height:30px\" aria-hidden=\"true\" class=\"wp-block-spacer\"><\/div>\n\n<figure class=\"wp-block-table is-style-stripes\"><table><tbody><tr><td><strong>R\u00e9cipiendaires des prix 2018<\/strong><\/td><\/tr><tr><td>OJ Burnett, Fredericton, entra\u00eeneur<\/td><\/tr><tr><td>Leonard Gervais, Fredericton, entra\u00eeneur<\/td><\/tr><tr><td>Todd Shepherd, Saint John, officiel\/entra\u00eeneur<\/td><\/tr><tr><td>Vince Sturgeon, Fredericton, entra\u00eeneur<\/td><\/tr><\/tbody><\/table><\/figure>\n\n<div style=\"height:30px\" aria-hidden=\"true\" class=\"wp-block-spacer\"><\/div>\n\n<figure class=\"wp-block-table is-style-stripes\"><table><tbody><tr><td><strong>R\u00e9cipiendaires des prix 2017<\/strong><\/td><\/tr><tr><td>Tracey Barker, Simonds, coach<\/td><\/tr><tr><td>Michele Coleman, Fredericton, fonctionnaire\/constructeur<\/td><\/tr><tr><td>Steve Corscadden, Saint John, entra\u00eeneur<\/td><\/tr><tr><td>Lisa Harlow, Saint John, entra\u00eeneur, officiel, b\u00e2tisseur<\/td><\/tr><tr><td>Leo Richard, Saint John, officiel<\/td><\/tr><\/tbody><\/table><\/figure>\n\n<div style=\"height:30px\" aria-hidden=\"true\" class=\"wp-block-spacer\"><\/div>\n\n<figure class=\"wp-block-table is-style-stripes\"><table><tbody><tr><td><strong>R\u00e9cipiendaires des prix 2016<\/strong><\/td><\/tr><tr><td>Pas de prix d\u00e9cern\u00e9<\/td><\/tr><\/tbody><\/table><\/figure>\n\n<div style=\"height:30px\" aria-hidden=\"true\" class=\"wp-block-spacer\"><\/div>\n\n<figure class=\"wp-block-table is-style-stripes\"><table><tbody><tr><td><strong>R\u00e9cipiendaires des prix 2015<\/strong><\/td><\/tr><tr><td>Andrew Allaby, Fredericton, entra\u00eeneur<\/td><\/tr><tr><td>Jeff Taylor, Fredericton, entra\u00eeneur  <\/td><\/tr><\/tbody><\/table><\/figure>\n\n<div style=\"height:30px\" aria-hidden=\"true\" class=\"wp-block-spacer\"><\/div>\n\n<figure class=\"wp-block-table is-style-stripes\"><table><tbody><tr><td><strong>R\u00e9cipiendaires des prix 2014<\/strong><\/td><\/tr><tr><td>Dave Grandy, Saint John, entra\u00eeneur<\/td><\/tr><tr><td>Eric Sabean, Saint John, constructeur<\/td><\/tr><\/tbody><\/table><\/figure>\n\n<div style=\"height:30px\" aria-hidden=\"true\" class=\"wp-block-spacer\"><\/div>\n\n<figure class=\"wp-block-table is-style-stripes\"><table><tbody><tr><td><strong>R\u00e9cipiendaires des prix 2013<\/strong><\/td><\/tr><tr><td>Darcy Barker, Saint John, entra\u00eeneur<\/td><\/tr><tr><td>Robert Vautour, Moncton, entra\u00eeneur<\/td><\/tr><\/tbody><\/table><\/figure>\n\n<div style=\"height:30px\" aria-hidden=\"true\" class=\"wp-block-spacer\"><\/div>\n\n<figure class=\"wp-block-table is-style-stripes\"><table><tbody><tr><td><strong>R\u00e9cipiendaires des prix 2012<\/strong><\/td><\/tr><tr><td>Dave Blanchard, Oromocto, entra\u00eeneur\/constructeur<\/td><\/tr><tr><td>Rob Wilson, Oromocto, entra\u00eeneur<\/td><\/tr><tr><td>Mike Casey, Fredericton, entra\u00eeneur<\/td><\/tr><\/tbody><\/table><\/figure>\n\n<div style=\"height:100px\" aria-hidden=\"true\" class=\"wp-block-spacer\"><\/div>\n\n<div style=\"height:100px\" aria-hidden=\"true\" class=\"wp-block-spacer\"><\/div>\n","protected":false},"excerpt":{"rendered":"<p>Football New Brunswick honore p\u00e9riodiquement les personnes qui ont apport\u00e9 une contribution \u00ab\u00a0significative\u00a0\u00bb \u00e0 long terme (15 ans) en tant qu&rsquo;entra\u00eeneur, arbitre ou b\u00e2tisseur du football. R\u00e9cipiendaires des prix 2019 Steve Drisdelle, Fredericton, entra\u00eeneur Scott O&rsquo;Neal, Sackville, entra\u00eeneur Rob Weir, Moncton, entra\u00eeneur R\u00e9cipiendaires des prix 2018 OJ Burnett, Fredericton, entra\u00eeneur Leonard Gervais, Fredericton, entra\u00eeneur Todd [&hellip;]<\/p>\n","protected":false},"author":1,"featured_media":0,"parent":0,"menu_order":0,"comment_status":"closed","ping_status":"closed","template":"","meta":{"_acf_changed":false,"_coblocks_attr":"","_coblocks_dimensions":"","_coblocks_responsive_height":"","_coblocks_accordion_ie_support":"","footnotes":""},"class_list":["post-2856","page","type-page","status-publish","hentry"],"acf":[],"yoast_head":"<!-- This site is optimized with the Yoast SEO plugin v27.4 - https:\/\/yoast.com\/product\/yoast-seo-wordpress\/ -->\n<title>Service de longue dur\u00e9e R\u00e9cipiendaires des prix - Football NB<\/title>\n<meta name=\"robots\" content=\"index, follow, max-snippet:-1, max-image-preview:large, max-video-preview:-1\" \/>\n<link rel=\"canonical\" href=\"https:\/\/footballnb.ca\/long-time-service-award-recipients\/\" \/>\n<meta property=\"og:locale\" content=\"fr_FR\" \/>\n<meta property=\"og:type\" content=\"article\" \/>\n<meta property=\"og:title\" content=\"Service de longue dur\u00e9e R\u00e9cipiendaires des prix - Football NB\" \/>\n<meta property=\"og:description\" content=\"Football New Brunswick honore p\u00e9riodiquement les personnes qui ont apport\u00e9 une contribution \u00ab\u00a0significative\u00a0\u00bb \u00e0 long terme (15 ans) en tant qu&rsquo;entra\u00eeneur, arbitre ou b\u00e2tisseur du football. R\u00e9cipiendaires des prix 2019 Steve Drisdelle, Fredericton, entra\u00eeneur Scott O&rsquo;Neal, Sackville, entra\u00eeneur Rob Weir, Moncton, entra\u00eeneur R\u00e9cipiendaires des prix 2018 OJ Burnett, Fredericton, entra\u00eeneur Leonard Gervais, Fredericton, entra\u00eeneur Todd [&hellip;]\" \/>\n<meta property=\"og:url\" content=\"https:\/\/footballnb.ca\/long-time-service-award-recipients\/\" \/>\n<meta property=\"og:site_name\" content=\"Football NB\" \/>\n<meta property=\"article:modified_time\" content=\"2022-12-16T00:54:04+00:00\" \/>\n<meta name=\"twitter:card\" content=\"summary_large_image\" \/>\n<meta name=\"twitter:label1\" content=\"Dur\u00e9e de lecture estim\u00e9e\" \/>\n\t<meta name=\"twitter:data1\" content=\"1 minute\" \/>\n<script type=\"application\/ld+json\" class=\"yoast-schema-graph\">{\"@context\":\"https:\\\/\\\/schema.org\",\"@graph\":[{\"@type\":\"WebPage\",\"@id\":\"https:\\\/\\\/footballnb.ca\\\/long-time-service-award-recipients\\\/\",\"url\":\"https:\\\/\\\/footballnb.ca\\\/long-time-service-award-recipients\\\/\",\"name\":\"Service de longue dur\u00e9e R\u00e9cipiendaires des prix - Football NB\",\"isPartOf\":{\"@id\":\"https:\\\/\\\/footballnb.ca\\\/#website\"},\"datePublished\":\"2022-10-14T19:00:37+00:00\",\"dateModified\":\"2022-12-16T00:54:04+00:00\",\"breadcrumb\":{\"@id\":\"https:\\\/\\\/footballnb.ca\\\/long-time-service-award-recipients\\\/#breadcrumb\"},\"inLanguage\":\"fr-FR\",\"potentialAction\":[{\"@type\":\"ReadAction\",\"target\":[\"https:\\\/\\\/footballnb.ca\\\/long-time-service-award-recipients\\\/\"]}]},{\"@type\":\"BreadcrumbList\",\"@id\":\"https:\\\/\\\/footballnb.ca\\\/long-time-service-award-recipients\\\/#breadcrumb\",\"itemListElement\":[{\"@type\":\"ListItem\",\"position\":1,\"name\":\"Home\",\"item\":\"https:\\\/\\\/footballnb.ca\\\/fr\\\/\"},{\"@type\":\"ListItem\",\"position\":2,\"name\":\"Service de longue dur\u00e9e R\u00e9cipiendaires des prix\"}]},{\"@type\":\"WebSite\",\"@id\":\"https:\\\/\\\/footballnb.ca\\\/#website\",\"url\":\"https:\\\/\\\/footballnb.ca\\\/\",\"name\":\"Football NB\",\"description\":\"Non Profit Athletics Program for the Province of New-Brunswick\",\"publisher\":{\"@id\":\"https:\\\/\\\/footballnb.ca\\\/#organization\"},\"potentialAction\":[{\"@type\":\"SearchAction\",\"target\":{\"@type\":\"EntryPoint\",\"urlTemplate\":\"https:\\\/\\\/footballnb.ca\\\/?s={search_term_string}\"},\"query-input\":{\"@type\":\"PropertyValueSpecification\",\"valueRequired\":true,\"valueName\":\"search_term_string\"}}],\"inLanguage\":\"fr-FR\"},{\"@type\":\"Organization\",\"@id\":\"https:\\\/\\\/footballnb.ca\\\/#organization\",\"name\":\"Football NB\",\"url\":\"https:\\\/\\\/footballnb.ca\\\/\",\"logo\":{\"@type\":\"ImageObject\",\"inLanguage\":\"fr-FR\",\"@id\":\"https:\\\/\\\/footballnb.ca\\\/#\\\/schema\\\/logo\\\/image\\\/\",\"url\":\"https:\\\/\\\/footballnb.ca\\\/wp-content\\\/uploads\\\/2022\\\/05\\\/fnblogo@2x.png\",\"contentUrl\":\"https:\\\/\\\/footballnb.ca\\\/wp-content\\\/uploads\\\/2022\\\/05\\\/fnblogo@2x.png\",\"width\":374,\"height\":243,\"caption\":\"Football NB\"},\"image\":{\"@id\":\"https:\\\/\\\/footballnb.ca\\\/#\\\/schema\\\/logo\\\/image\\\/\"}}]}<\/script>\n<!-- \/ Yoast SEO plugin. -->","yoast_head_json":{"title":"Service de longue dur\u00e9e R\u00e9cipiendaires des prix - Football NB","robots":{"index":"index","follow":"follow","max-snippet":"max-snippet:-1","max-image-preview":"max-image-preview:large","max-video-preview":"max-video-preview:-1"},"canonical":"https:\/\/footballnb.ca\/long-time-service-award-recipients\/","og_locale":"fr_FR","og_type":"article","og_title":"Service de longue dur\u00e9e R\u00e9cipiendaires des prix - Football NB","og_description":"Football New Brunswick honore p\u00e9riodiquement les personnes qui ont apport\u00e9 une contribution \u00ab\u00a0significative\u00a0\u00bb \u00e0 long terme (15 ans) en tant qu&rsquo;entra\u00eeneur, arbitre ou b\u00e2tisseur du football. R\u00e9cipiendaires des prix 2019 Steve Drisdelle, Fredericton, entra\u00eeneur Scott O&rsquo;Neal, Sackville, entra\u00eeneur Rob Weir, Moncton, entra\u00eeneur R\u00e9cipiendaires des prix 2018 OJ Burnett, Fredericton, entra\u00eeneur Leonard Gervais, Fredericton, entra\u00eeneur Todd [&hellip;]","og_url":"https:\/\/footballnb.ca\/long-time-service-award-recipients\/","og_site_name":"Football NB","article_modified_time":"2022-12-16T00:54:04+00:00","twitter_card":"summary_large_image","twitter_misc":{"Dur\u00e9e de lecture estim\u00e9e":"1 minute"},"schema":{"@context":"https:\/\/schema.org","@graph":[{"@type":"WebPage","@id":"https:\/\/footballnb.ca\/long-time-service-award-recipients\/","url":"https:\/\/footballnb.ca\/long-time-service-award-recipients\/","name":"Service de longue dur\u00e9e R\u00e9cipiendaires des prix - Football NB","isPartOf":{"@id":"https:\/\/footballnb.ca\/#website"},"datePublished":"2022-10-14T19:00:37+00:00","dateModified":"2022-12-16T00:54:04+00:00","breadcrumb":{"@id":"https:\/\/footballnb.ca\/long-time-service-award-recipients\/#breadcrumb"},"inLanguage":"fr-FR","potentialAction":[{"@type":"ReadAction","target":["https:\/\/footballnb.ca\/long-time-service-award-recipients\/"]}]},{"@type":"BreadcrumbList","@id":"https:\/\/footballnb.ca\/long-time-service-award-recipients\/#breadcrumb","itemListElement":[{"@type":"ListItem","position":1,"name":"Home","item":"https:\/\/footballnb.ca\/fr\/"},{"@type":"ListItem","position":2,"name":"Service de longue dur\u00e9e R\u00e9cipiendaires des prix"}]},{"@type":"WebSite","@id":"https:\/\/footballnb.ca\/#website","url":"https:\/\/footballnb.ca\/","name":"Football NB","description":"Non Profit Athletics Program for the Province of New-Brunswick","publisher":{"@id":"https:\/\/footballnb.ca\/#organization"},"potentialAction":[{"@type":"SearchAction","target":{"@type":"EntryPoint","urlTemplate":"https:\/\/footballnb.ca\/?s={search_term_string}"},"query-input":{"@type":"PropertyValueSpecification","valueRequired":true,"valueName":"search_term_string"}}],"inLanguage":"fr-FR"},{"@type":"Organization","@id":"https:\/\/footballnb.ca\/#organization","name":"Football NB","url":"https:\/\/footballnb.ca\/","logo":{"@type":"ImageObject","inLanguage":"fr-FR","@id":"https:\/\/footballnb.ca\/#\/schema\/logo\/image\/","url":"https:\/\/footballnb.ca\/wp-content\/uploads\/2022\/05\/fnblogo@2x.png","contentUrl":"https:\/\/footballnb.ca\/wp-content\/uploads\/2022\/05\/fnblogo@2x.png","width":374,"height":243,"caption":"Football NB"},"image":{"@id":"https:\/\/footballnb.ca\/#\/schema\/logo\/image\/"}}]}},"_links":{"self":[{"href":"https:\/\/footballnb.ca\/fr\/wp-json\/wp\/v2\/pages\/2856","targetHints":{"allow":["GET"]}}],"collection":[{"href":"https:\/\/footballnb.ca\/fr\/wp-json\/wp\/v2\/pages"}],"about":[{"href":"https:\/\/footballnb.ca\/fr\/wp-json\/wp\/v2\/types\/page"}],"author":[{"embeddable":true,"href":"https:\/\/footballnb.ca\/fr\/wp-json\/wp\/v2\/users\/1"}],"replies":[{"embeddable":true,"href":"https:\/\/footballnb.ca\/fr\/wp-json\/wp\/v2\/comments?post=2856"}],"version-history":[{"count":3,"href":"https:\/\/footballnb.ca\/fr\/wp-json\/wp\/v2\/pages\/2856\/revisions"}],"predecessor-version":[{"id":2910,"href":"https:\/\/footballnb.ca\/fr\/wp-json\/wp\/v2\/pages\/2856\/revisions\/2910"}],"wp:attachment":[{"href":"https:\/\/footballnb.ca\/fr\/wp-json\/wp\/v2\/media?parent=2856"}],"curies":[{"name":"wp","href":"https:\/\/api.w.org\/{rel}","templated":true}]}}