{"id":2864,"date":"2022-10-14T16:06:39","date_gmt":"2022-10-14T19:06:39","guid":{"rendered":"https:\/\/footballnb.ca\/informations-et-contacts-varsity-girls\/"},"modified":"2022-12-15T19:56:28","modified_gmt":"2022-12-15T23:56:28","slug":"informations-et-contacts-varsity-girls","status":"publish","type":"page","link":"https:\/\/footballnb.ca\/fr\/informations-et-contacts-varsity-girls\/","title":{"rendered":"Informations et contacts &#8211; Varsity Girls"},"content":{"rendered":"\n<div class=\"wp-block-cover alignfull is-light wp-duotone-000000-ffffff-1\" style=\"min-height:365px;aspect-ratio:unset;\"><span aria-hidden=\"true\" class=\"wp-block-cover__background has-background-background-color has-background-dim-70 has-background-dim\"><\/span><img loading=\"lazy\" decoding=\"async\" width=\"746\" height=\"933\" class=\"wp-block-cover__image-background wp-image-1056\" alt=\"\" src=\"https:\/\/footballnb.ca\/wp-content\/uploads\/2022\/11\/Arseneault.jpg\" style=\"object-position:27% 35%\" data-object-fit=\"cover\" data-object-position=\"27% 35%\" srcset=\"https:\/\/footballnb.ca\/wp-content\/uploads\/2022\/11\/Arseneault.jpg 746w, https:\/\/footballnb.ca\/wp-content\/uploads\/2022\/11\/Arseneault-450x563.jpg 450w, https:\/\/footballnb.ca\/wp-content\/uploads\/2022\/11\/Arseneault-600x750.jpg 600w, https:\/\/footballnb.ca\/wp-content\/uploads\/2022\/11\/Arseneault-240x300.jpg 240w, https:\/\/footballnb.ca\/wp-content\/uploads\/2022\/11\/Arseneault-100x125.jpg 100w\" sizes=\"auto, (max-width: 746px) 100vw, 746px\" \/><div class=\"wp-block-cover__inner-container is-layout-flow wp-block-cover-is-layout-flow\">\n<h3 class=\"has-text-align-center has-foreground-color has-text-color wp-block-heading\">Varsity Girls<\/h3>\n\n\n\n<h2 class=\"has-text-align-center has-foreground-color has-text-color wp-block-heading\">Informations et contacts<\/h2>\n<\/div><\/div>\n\n<div style=\"height:100px\" aria-hidden=\"true\" class=\"wp-block-spacer\"><\/div>\n\n<h4 class=\"wp-block-heading\">\u00c0 propos de la ligue de football f\u00e9minin Varsity<\/h4>\n\n<p>La Varsity Girls Football League est une ligue de plein contact \u00e0 6 joueurs avec des \u00e9quipes \u00e0 Fredericton, Moncton et Saint John.<\/p>\n\n<p>Chaque ann\u00e9e, les gagnants des demi-finales participeront au championnat provincial. L&rsquo;h\u00f4te du tournoi est bas\u00e9 sur une rotation d\u00e9termin\u00e9e par Football Nouveau-Brunswick.<br\/><br\/>L&rsquo;\u00e9ligibilit\u00e9 est limit\u00e9e aux athl\u00e8tes inscrits au lyc\u00e9e et \u00e2g\u00e9s de 14 \u00e0 17 ans.<\/p>\n\n<div style=\"height:50px\" aria-hidden=\"true\" class=\"wp-block-spacer\"><\/div>\n\n<h4 class=\"wp-block-heading\">Informations sur les contacts r\u00e9gionaux<\/h4>\n\n<p><\/p>\n\n<figure class=\"wp-block-table is-style-stripes\"><table><tbody><tr><td><strong>\u00c9QUIPE  <\/strong><\/td><td><strong>CONTACT  <\/strong><\/td><td><strong>EMAIL  <\/strong><\/td><\/tr><tr><td>Pr\u00e9dateurs de Fredericton<\/td><td>Mike Plume<\/td><td><a href=\"mailto:footballoperations.camfa@gmail.com\">footballoperations.camfa@gmail.com<\/a><\/td><\/tr><tr><td>Fundy Stomp<\/td><td>Rodrigo Salazar<\/td><td><a href=\"mailto:rodrigo.salazar2@icloud.com\">rodrigo.salazar2@icloud.com<\/a><\/td><\/tr><tr><td>Stingrays de Moncton<\/td><td>Joel Irvine<\/td><td><a href=\"mailto:joel.gmfa@gmail.com\">joel.gmfa@gmail.com<\/a><\/td><\/tr><\/tbody><\/table><\/figure>\n\n<p><\/p>\n\n<div style=\"height:100px\" aria-hidden=\"true\" class=\"wp-block-spacer\"><\/div>\n","protected":false},"excerpt":{"rendered":"<p>\u00c0 propos de la ligue de football f\u00e9minin Varsity La Varsity Girls Football League est une ligue de plein contact \u00e0 6 joueurs avec des \u00e9quipes \u00e0 Fredericton, Moncton et Saint John. Chaque ann\u00e9e, les gagnants des demi-finales participeront au championnat provincial. L&rsquo;h\u00f4te du tournoi est bas\u00e9 sur une rotation d\u00e9termin\u00e9e par Football Nouveau-Brunswick. L&rsquo;\u00e9ligibilit\u00e9 [&hellip;]<\/p>\n","protected":false},"author":1,"featured_media":0,"parent":0,"menu_order":0,"comment_status":"closed","ping_status":"closed","template":"page-no-separators","meta":{"_acf_changed":false,"_coblocks_attr":"","_coblocks_dimensions":"","_coblocks_responsive_height":"","_coblocks_accordion_ie_support":"","footnotes":""},"class_list":["post-2864","page","type-page","status-publish","hentry"],"acf":[],"yoast_head":"<!-- This site is optimized with the Yoast SEO plugin v27.4 - https:\/\/yoast.com\/product\/yoast-seo-wordpress\/ -->\n<title>Informations et contacts - Varsity Girls - Football NB<\/title>\n<meta name=\"robots\" content=\"index, follow, max-snippet:-1, max-image-preview:large, max-video-preview:-1\" \/>\n<link rel=\"canonical\" href=\"https:\/\/footballnb.ca\/information-contacts-varsity-girls\/\" \/>\n<meta property=\"og:locale\" content=\"fr_FR\" \/>\n<meta property=\"og:type\" content=\"article\" \/>\n<meta property=\"og:title\" content=\"Informations et contacts - Varsity Girls - Football NB\" \/>\n<meta property=\"og:description\" content=\"\u00c0 propos de la ligue de football f\u00e9minin Varsity La Varsity Girls Football League est une ligue de plein contact \u00e0 6 joueurs avec des \u00e9quipes \u00e0 Fredericton, Moncton et Saint John. Chaque ann\u00e9e, les gagnants des demi-finales participeront au championnat provincial. L&rsquo;h\u00f4te du tournoi est bas\u00e9 sur une rotation d\u00e9termin\u00e9e par Football Nouveau-Brunswick. L&rsquo;\u00e9ligibilit\u00e9 [&hellip;]\" \/>\n<meta property=\"og:url\" content=\"https:\/\/footballnb.ca\/information-contacts-varsity-girls\/\" \/>\n<meta property=\"og:site_name\" content=\"Football NB\" \/>\n<meta property=\"article:modified_time\" content=\"2022-12-15T23:56:28+00:00\" \/>\n<meta property=\"og:image\" content=\"http:\/\/footballnb.ca\/wp-content\/uploads\/2022\/11\/Arseneault.jpg\" \/>\n<meta name=\"twitter:card\" content=\"summary_large_image\" \/>\n<meta name=\"twitter:label1\" content=\"Dur\u00e9e de lecture estim\u00e9e\" \/>\n\t<meta name=\"twitter:data1\" content=\"1 minute\" \/>\n<script type=\"application\/ld+json\" class=\"yoast-schema-graph\">{\"@context\":\"https:\\\/\\\/schema.org\",\"@graph\":[{\"@type\":\"WebPage\",\"@id\":\"https:\\\/\\\/footballnb.ca\\\/information-contacts-varsity-girls\\\/\",\"url\":\"https:\\\/\\\/footballnb.ca\\\/information-contacts-varsity-girls\\\/\",\"name\":\"Informations et contacts - Varsity Girls - Football NB\",\"isPartOf\":{\"@id\":\"https:\\\/\\\/footballnb.ca\\\/#website\"},\"primaryImageOfPage\":{\"@id\":\"https:\\\/\\\/footballnb.ca\\\/information-contacts-varsity-girls\\\/#primaryimage\"},\"image\":{\"@id\":\"https:\\\/\\\/footballnb.ca\\\/information-contacts-varsity-girls\\\/#primaryimage\"},\"thumbnailUrl\":\"https:\\\/\\\/footballnb.ca\\\/wp-content\\\/uploads\\\/2022\\\/11\\\/Arseneault.jpg\",\"datePublished\":\"2022-10-14T19:06:39+00:00\",\"dateModified\":\"2022-12-15T23:56:28+00:00\",\"breadcrumb\":{\"@id\":\"https:\\\/\\\/footballnb.ca\\\/information-contacts-varsity-girls\\\/#breadcrumb\"},\"inLanguage\":\"fr-FR\",\"potentialAction\":[{\"@type\":\"ReadAction\",\"target\":[\"https:\\\/\\\/footballnb.ca\\\/information-contacts-varsity-girls\\\/\"]}]},{\"@type\":\"ImageObject\",\"inLanguage\":\"fr-FR\",\"@id\":\"https:\\\/\\\/footballnb.ca\\\/information-contacts-varsity-girls\\\/#primaryimage\",\"url\":\"https:\\\/\\\/footballnb.ca\\\/wp-content\\\/uploads\\\/2022\\\/11\\\/Arseneault.jpg\",\"contentUrl\":\"https:\\\/\\\/footballnb.ca\\\/wp-content\\\/uploads\\\/2022\\\/11\\\/Arseneault.jpg\"},{\"@type\":\"BreadcrumbList\",\"@id\":\"https:\\\/\\\/footballnb.ca\\\/information-contacts-varsity-girls\\\/#breadcrumb\",\"itemListElement\":[{\"@type\":\"ListItem\",\"position\":1,\"name\":\"Home\",\"item\":\"https:\\\/\\\/footballnb.ca\\\/fr\\\/\"},{\"@type\":\"ListItem\",\"position\":2,\"name\":\"Informations et contacts &#8211; Varsity Girls\"}]},{\"@type\":\"WebSite\",\"@id\":\"https:\\\/\\\/footballnb.ca\\\/#website\",\"url\":\"https:\\\/\\\/footballnb.ca\\\/\",\"name\":\"Football NB\",\"description\":\"Non Profit Athletics Program for the Province of New-Brunswick\",\"publisher\":{\"@id\":\"https:\\\/\\\/footballnb.ca\\\/#organization\"},\"potentialAction\":[{\"@type\":\"SearchAction\",\"target\":{\"@type\":\"EntryPoint\",\"urlTemplate\":\"https:\\\/\\\/footballnb.ca\\\/?s={search_term_string}\"},\"query-input\":{\"@type\":\"PropertyValueSpecification\",\"valueRequired\":true,\"valueName\":\"search_term_string\"}}],\"inLanguage\":\"fr-FR\"},{\"@type\":\"Organization\",\"@id\":\"https:\\\/\\\/footballnb.ca\\\/#organization\",\"name\":\"Football NB\",\"url\":\"https:\\\/\\\/footballnb.ca\\\/\",\"logo\":{\"@type\":\"ImageObject\",\"inLanguage\":\"fr-FR\",\"@id\":\"https:\\\/\\\/footballnb.ca\\\/#\\\/schema\\\/logo\\\/image\\\/\",\"url\":\"https:\\\/\\\/footballnb.ca\\\/wp-content\\\/uploads\\\/2022\\\/05\\\/fnblogo@2x.png\",\"contentUrl\":\"https:\\\/\\\/footballnb.ca\\\/wp-content\\\/uploads\\\/2022\\\/05\\\/fnblogo@2x.png\",\"width\":374,\"height\":243,\"caption\":\"Football NB\"},\"image\":{\"@id\":\"https:\\\/\\\/footballnb.ca\\\/#\\\/schema\\\/logo\\\/image\\\/\"}}]}<\/script>\n<!-- \/ Yoast SEO plugin. -->","yoast_head_json":{"title":"Informations et contacts - Varsity Girls - Football NB","robots":{"index":"index","follow":"follow","max-snippet":"max-snippet:-1","max-image-preview":"max-image-preview:large","max-video-preview":"max-video-preview:-1"},"canonical":"https:\/\/footballnb.ca\/information-contacts-varsity-girls\/","og_locale":"fr_FR","og_type":"article","og_title":"Informations et contacts - Varsity Girls - Football NB","og_description":"\u00c0 propos de la ligue de football f\u00e9minin Varsity La Varsity Girls Football League est une ligue de plein contact \u00e0 6 joueurs avec des \u00e9quipes \u00e0 Fredericton, Moncton et Saint John. Chaque ann\u00e9e, les gagnants des demi-finales participeront au championnat provincial. L&rsquo;h\u00f4te du tournoi est bas\u00e9 sur une rotation d\u00e9termin\u00e9e par Football Nouveau-Brunswick. L&rsquo;\u00e9ligibilit\u00e9 [&hellip;]","og_url":"https:\/\/footballnb.ca\/information-contacts-varsity-girls\/","og_site_name":"Football NB","article_modified_time":"2022-12-15T23:56:28+00:00","og_image":[{"url":"http:\/\/footballnb.ca\/wp-content\/uploads\/2022\/11\/Arseneault.jpg","type":"","width":"","height":""}],"twitter_card":"summary_large_image","twitter_misc":{"Dur\u00e9e de lecture estim\u00e9e":"1 minute"},"schema":{"@context":"https:\/\/schema.org","@graph":[{"@type":"WebPage","@id":"https:\/\/footballnb.ca\/information-contacts-varsity-girls\/","url":"https:\/\/footballnb.ca\/information-contacts-varsity-girls\/","name":"Informations et contacts - Varsity Girls - Football NB","isPartOf":{"@id":"https:\/\/footballnb.ca\/#website"},"primaryImageOfPage":{"@id":"https:\/\/footballnb.ca\/information-contacts-varsity-girls\/#primaryimage"},"image":{"@id":"https:\/\/footballnb.ca\/information-contacts-varsity-girls\/#primaryimage"},"thumbnailUrl":"https:\/\/footballnb.ca\/wp-content\/uploads\/2022\/11\/Arseneault.jpg","datePublished":"2022-10-14T19:06:39+00:00","dateModified":"2022-12-15T23:56:28+00:00","breadcrumb":{"@id":"https:\/\/footballnb.ca\/information-contacts-varsity-girls\/#breadcrumb"},"inLanguage":"fr-FR","potentialAction":[{"@type":"ReadAction","target":["https:\/\/footballnb.ca\/information-contacts-varsity-girls\/"]}]},{"@type":"ImageObject","inLanguage":"fr-FR","@id":"https:\/\/footballnb.ca\/information-contacts-varsity-girls\/#primaryimage","url":"https:\/\/footballnb.ca\/wp-content\/uploads\/2022\/11\/Arseneault.jpg","contentUrl":"https:\/\/footballnb.ca\/wp-content\/uploads\/2022\/11\/Arseneault.jpg"},{"@type":"BreadcrumbList","@id":"https:\/\/footballnb.ca\/information-contacts-varsity-girls\/#breadcrumb","itemListElement":[{"@type":"ListItem","position":1,"name":"Home","item":"https:\/\/footballnb.ca\/fr\/"},{"@type":"ListItem","position":2,"name":"Informations et contacts &#8211; Varsity Girls"}]},{"@type":"WebSite","@id":"https:\/\/footballnb.ca\/#website","url":"https:\/\/footballnb.ca\/","name":"Football NB","description":"Non Profit Athletics Program for the Province of New-Brunswick","publisher":{"@id":"https:\/\/footballnb.ca\/#organization"},"potentialAction":[{"@type":"SearchAction","target":{"@type":"EntryPoint","urlTemplate":"https:\/\/footballnb.ca\/?s={search_term_string}"},"query-input":{"@type":"PropertyValueSpecification","valueRequired":true,"valueName":"search_term_string"}}],"inLanguage":"fr-FR"},{"@type":"Organization","@id":"https:\/\/footballnb.ca\/#organization","name":"Football NB","url":"https:\/\/footballnb.ca\/","logo":{"@type":"ImageObject","inLanguage":"fr-FR","@id":"https:\/\/footballnb.ca\/#\/schema\/logo\/image\/","url":"https:\/\/footballnb.ca\/wp-content\/uploads\/2022\/05\/fnblogo@2x.png","contentUrl":"https:\/\/footballnb.ca\/wp-content\/uploads\/2022\/05\/fnblogo@2x.png","width":374,"height":243,"caption":"Football NB"},"image":{"@id":"https:\/\/footballnb.ca\/#\/schema\/logo\/image\/"}}]}},"_links":{"self":[{"href":"https:\/\/footballnb.ca\/fr\/wp-json\/wp\/v2\/pages\/2864","targetHints":{"allow":["GET"]}}],"collection":[{"href":"https:\/\/footballnb.ca\/fr\/wp-json\/wp\/v2\/pages"}],"about":[{"href":"https:\/\/footballnb.ca\/fr\/wp-json\/wp\/v2\/types\/page"}],"author":[{"embeddable":true,"href":"https:\/\/footballnb.ca\/fr\/wp-json\/wp\/v2\/users\/1"}],"replies":[{"embeddable":true,"href":"https:\/\/footballnb.ca\/fr\/wp-json\/wp\/v2\/comments?post=2864"}],"version-history":[{"count":1,"href":"https:\/\/footballnb.ca\/fr\/wp-json\/wp\/v2\/pages\/2864\/revisions"}],"predecessor-version":[{"id":2865,"href":"https:\/\/footballnb.ca\/fr\/wp-json\/wp\/v2\/pages\/2864\/revisions\/2865"}],"wp:attachment":[{"href":"https:\/\/footballnb.ca\/fr\/wp-json\/wp\/v2\/media?parent=2864"}],"curies":[{"name":"wp","href":"https:\/\/api.w.org\/{rel}","templated":true}]}}