{"id":2866,"date":"2022-10-15T12:59:17","date_gmt":"2022-10-15T15:59:17","guid":{"rendered":"https:\/\/footballnb.ca\/pour-les-parents\/"},"modified":"2022-12-15T19:57:52","modified_gmt":"2022-12-15T23:57:52","slug":"pour-les-parents","status":"publish","type":"page","link":"https:\/\/footballnb.ca\/fr\/pour-les-parents\/","title":{"rendered":"Pour les parents"},"content":{"rendered":"\n<div class=\"wp-block-group alignwide is-layout-constrained wp-container-core-group-is-layout-aae52aff wp-block-group-is-layout-constrained\">\n<div class=\"wp-block-cover alignfull is-light wp-duotone-000000-ffffff-1\" style=\"min-height:365px;aspect-ratio:unset;\"><span aria-hidden=\"true\" class=\"wp-block-cover__background has-background-background-color has-background-dim-70 has-background-dim\"><\/span><img loading=\"lazy\" decoding=\"async\" width=\"746\" height=\"933\" class=\"wp-block-cover__image-background wp-image-1056\" alt=\"\" src=\"https:\/\/footballnb.ca\/wp-content\/uploads\/2022\/11\/Arseneault.jpg\" style=\"object-position:27% 35%\" data-object-fit=\"cover\" data-object-position=\"27% 35%\" srcset=\"https:\/\/footballnb.ca\/wp-content\/uploads\/2022\/11\/Arseneault.jpg 746w, https:\/\/footballnb.ca\/wp-content\/uploads\/2022\/11\/Arseneault-450x563.jpg 450w, https:\/\/footballnb.ca\/wp-content\/uploads\/2022\/11\/Arseneault-600x750.jpg 600w, https:\/\/footballnb.ca\/wp-content\/uploads\/2022\/11\/Arseneault-240x300.jpg 240w, https:\/\/footballnb.ca\/wp-content\/uploads\/2022\/11\/Arseneault-100x125.jpg 100w\" sizes=\"auto, (max-width: 746px) 100vw, 746px\" \/><div class=\"wp-block-cover__inner-container is-layout-flow wp-block-cover-is-layout-flow\">\n<h3 class=\"has-text-align-center has-foreground-color has-text-color wp-block-heading\">Varsity Girls<\/h3>\n\n\n\n<h2 class=\"has-text-align-center has-foreground-color has-text-color wp-block-heading\">Pour les parents<\/h2>\n<\/div><\/div>\n\n\n\n<div style=\"height:89px\" aria-hidden=\"true\" class=\"wp-block-spacer\"><\/div>\n\n\n\n<h4 class=\"wp-block-heading\">Pourquoi jouer au football ?<\/h4>\n\n\n\n<p><strong>Ce que tout parent inquiet devrait savoir&#8230;.. mais ne savait pas \u00e0 qui s&rsquo;adresser.<\/strong><\/p>\n\n\n\n<p>Nous r\u00e9pondrons \u00e0 certaines des questions et pr\u00e9occupations soulev\u00e9es par les parents au sujet de la participation de leur enfant au football.<\/p>\n\n\n\n<div style=\"height:40px\" aria-hidden=\"true\" class=\"wp-block-spacer\"><\/div>\n\n\n\n<h4 class=\"wp-block-heading\">POURQUOI MON ENFANT DEVRAIT-IL JOUER AU FOOTBALL ?<\/h4>\n\n\n\n<p>Les enfants jouent au football parce que c&rsquo;est amusant, stimulant et excitant. La plupart des enfants aiment faire partie d&rsquo;une \u00e9quipe.<\/p>\n\n\n\n<p>Le football enseigne la coop\u00e9ration et le travail d&rsquo;\u00e9quipe, aide \u00e0 d\u00e9velopper des comp\u00e9tences sociales positives et enseigne le respect des autres. Il aide \u00e0 d\u00e9velopper la confiance en soi, une image positive de soi et l&rsquo;estime de soi. Il permet \u00e0 l&rsquo;enfant d&rsquo;am\u00e9liorer et de d\u00e9velopper un large \u00e9ventail d&rsquo;aptitudes motrices telles que le lancer, l&rsquo;attraper, la course, le coup de pied, l&rsquo;\u00e9quilibre, l&rsquo;agilit\u00e9 et la coordination. \u00c9tant donn\u00e9 qu&rsquo;une grande vari\u00e9t\u00e9 de comp\u00e9tences et d&rsquo;aptitudes physiques sont requises dans une \u00e9quipe de football, il existe un poste pour chaque enfant.<\/p>\n\n\n\n<div style=\"height:40px\" aria-hidden=\"true\" class=\"wp-block-spacer\"><\/div>\n\n\n\n<h4 class=\"wp-block-heading\">QUEL EFFET PSYCHOLOGIQUE LE FOOTBALL AURA-T-IL SUR MON ENFANT ?<\/h4>\n\n\n\n<p>Football New Brunswick s&rsquo;efforce de fournir l&rsquo;environnement appropri\u00e9 pour que votre enfant vive une exp\u00e9rience positive et enrichissante.<\/p>\n\n\n\n<div style=\"height:40px\" aria-hidden=\"true\" class=\"wp-block-spacer\"><\/div>\n\n\n\n<h4 class=\"wp-block-heading\">LE FOOTBALL EST-IL S\u00dbR ?<\/h4>\n\n\n\n<p>Le football est un sport de contact et des blessures peuvent survenir. Cependant, le risque de blessure n&rsquo;est pas plus \u00e9lev\u00e9 que dans d&rsquo;autres sports de contact, lorsque :<\/p>\n\n\n\n<ul>\n<li>jou\u00e9s selon des r\u00e8gles adapt\u00e9es \u00e0 l&rsquo;\u00e2ge et aux capacit\u00e9s des joueurs ;<\/li>\n\n\n\n<li>les \u00e9quipes m\u00e8nent leurs activit\u00e9s avec une attitude \u00ab\u00a0l&rsquo;enfant d&rsquo;abord\u00a0\u00bb ;<\/li>\n\n\n\n<li>les matchs sont bien arbitr\u00e9s ;<\/li>\n\n\n\n<li>les techniques de jeu appropri\u00e9es sont enseign\u00e9es ;<\/li>\n\n\n\n<li>Les entra\u00eeneurs sont bien form\u00e9s ;<\/li>\n\n\n\n<li>le port d&rsquo;un \u00e9quipement appropri\u00e9, bien ajust\u00e9 et entretenu.<\/li>\n<\/ul>\n\n\n\n<p>La s\u00e9curit\u00e9 et le bien-\u00eatre des participants sont la premi\u00e8re pr\u00e9occupation de Football Nouveau-Brunswick.<\/p>\n\n\n\n<div style=\"height:40px\" aria-hidden=\"true\" class=\"wp-block-spacer\"><\/div>\n\n\n\n<h4 class=\"wp-block-heading\">EN QUOI LE FOOTBALL EST-IL DEVENU UN JEU PLUS S\u00dbR ?<\/h4>\n\n\n\n<p>Les comit\u00e9s des r\u00e8gles, des officiels, de l&rsquo;\u00e9quipement, des entra\u00eeneurs et des programmes de Football Canada revoient constamment leurs activit\u00e9s pour s&rsquo;assurer que la s\u00e9curit\u00e9 et le bien-\u00eatre de tous les participants sont respect\u00e9s.<\/p>\n\n\n\n<p>Des programmes de certification des entra\u00eeneurs et des officiels sont men\u00e9s.<\/p>\n\n\n\n<p>Les \u00e9quipements de protection sont continuellement am\u00e9lior\u00e9s.<\/p>\n\n\n\n<p>Les directives relatives au montage et \u00e0 l&rsquo;entretien des \u00e9quipements sont constamment mises \u00e0 jour.<\/p>\n\n\n\n<p>Des formations sur l&rsquo;adaptation et l&rsquo;entretien des \u00e9quipements sont disponibles aupr\u00e8s des associations membres.<\/p>\n\n\n\n<div style=\"height:40px\" aria-hidden=\"true\" class=\"wp-block-spacer\"><\/div>\n\n\n\n<h4 class=\"wp-block-heading\">\u00c0 QUEL \u00c2GE MON ENFANT DOIT-IL JOUER AU FOOTBALL ?<\/h4>\n\n\n\n<p>Les enfants sont attir\u00e9s par le sport de comp\u00e9tition d\u00e8s leur plus jeune \u00e2ge. La concurrence n&rsquo;est g\u00e9n\u00e9ralement pas un probl\u00e8me, sauf si l&rsquo;on accorde trop d&rsquo;importance \u00e0 la victoire. Tant que les joueurs ont un niveau de comp\u00e9tence, une force, un \u00e2ge et une stature relativement similaires, ils peuvent participer \u00e0 des comp\u00e9titions de football en toute s\u00e9curit\u00e9.<\/p>\n\n\n\n<p>Votre enfant ne doit \u00eatre encourag\u00e9 \u00e0 jouer au football que lorsqu&rsquo;il manifeste un int\u00e9r\u00eat pour cette activit\u00e9. D\u00e8s que l&rsquo;enfant peut comprendre le jeu d&rsquo;\u00e9quipe et veut participer \u00e0 une \u00e9quipe, il est pr\u00eat pour le football.<\/p>\n\n\n\n<p>Les membres de Football New Brunswick proposent des programmes de football de plaquage pour les jeunes de 10 \u00e0 18 ans. Les enfants \u00e2g\u00e9s de 7 \u00e0 9 ans peuvent participer aux programmes de flag (touch) football de nos membres.<\/p>\n\n\n\n<div style=\"height:40px\" aria-hidden=\"true\" class=\"wp-block-spacer\"><\/div>\n\n\n\n<h4 class=\"wp-block-heading\">QUE DOIS-JE RECHERCHER DANS L&rsquo;\u00c9QUIPE DE FOOTBALL DE MON ENFANT ?<\/h4>\n\n\n\n<p>Votre enfant doit participer \u00e0 une \u00e9quipe qui :<\/p>\n\n\n\n<ul>\n<li>est encadr\u00e9 par un entra\u00eeneur responsable, comp\u00e9tent et certifi\u00e9 par Football Canada ;<\/li>\n\n\n\n<li>conduit ses affaires dans le respect du code du fair-play ;<\/li>\n\n\n\n<li>fournit un responsable de l&rsquo;\u00e9quipement de l&rsquo;\u00e9quipe, form\u00e9 pour adapter et entretenir correctement l&rsquo;\u00e9quipement ;<\/li>\n\n\n\n<li>fournit \u00e0 ses joueurs un \u00e9quipement correctement ajust\u00e9 et entretenu ;<\/li>\n\n\n\n<li>met l&rsquo;accent sur un programme de conditionnement physique adapt\u00e9 \u00e0 l&rsquo;\u00e2ge du participant ;<\/li>\n\n\n\n<li>met \u00e0 disposition un formateur d&rsquo;\u00e9quipe ou un personnel de soutien ayant des connaissances en mati\u00e8re de premiers secours ;<\/li>\n\n\n\n<li>refl\u00e8te les valeurs que vous voulez faire acqu\u00e9rir \u00e0 votre \u00e9quipe ;<\/li>\n\n\n\n<li>s&rsquo;assurer que votre enfant est expos\u00e9 \u00e0 un environnement sportif qui correspond \u00e0 ses int\u00e9r\u00eats, ses capacit\u00e9s et son niveau d&rsquo;engagement ; et<\/li>\n\n\n\n<li>s&rsquo;entra\u00eene et joue pour le plaisir.<\/li>\n<\/ul>\n\n\n\n<p>De plus, votre enfant doit participer \u00e0 une ligue et \u00e0 une organisation qui ;<\/p>\n\n\n\n<ul>\n<li>n&rsquo;utilise que des fonctionnaires certifi\u00e9s au niveau national ;<\/li>\n\n\n\n<li>dispose d&rsquo;aires de jeu s\u00fbres et bien entretenues ;<\/li>\n\n\n\n<li>consid\u00e8re les besoins des enfants en premier lieu ;<\/li>\n\n\n\n<li>a mis en place des r\u00e8gles et des proc\u00e9dures de s\u00e9curit\u00e9 fonctionnelles et appropri\u00e9es ; et<\/li>\n\n\n\n<li>promeut activement le \u00ab\u00a0fair play\u00a0\u00bb \u00e0 travers sa philosophie, sa politique et ses actions.<\/li>\n<\/ul>\n\n\n\n<div style=\"height:40px\" aria-hidden=\"true\" class=\"wp-block-spacer\"><\/div>\n\n\n\n<h4 class=\"wp-block-heading\">DOIS-JE ACHETER DU MAT\u00c9RIEL POUR MON ENFANT ?<\/h4>\n\n\n\n<p>\u00c0 l&rsquo;exception des articles personnels tels que les jock straps, les sous-v\u00eatements et les chaussures, la plupart des \u00e9quipes fournissent l&rsquo;\u00e9quipement \u00e0 leurs joueurs. Toutefois, si vous souhaitez acheter des \u00e9quipements pour votre enfant :<\/p>\n\n\n\n<ol>\n<li>Apprenez-en le plus possible sur les diff\u00e9rents produits disponibles. Parlez aux gestionnaires de l&rsquo;\u00e9quipement de votre ligue ou de votre association ou appelez Football Nouveau-Brunswick.<\/li>\n\n\n\n<li>N&rsquo;achetez que le meilleur \u00e9quipement disponible pour votre enfant ; MAIS n&rsquo;oubliez pas que le meilleur \u00e9quipement n&rsquo;est pas n\u00e9cessairement le plus cher.<\/li>\n\n\n\n<li>Achetez l&rsquo;\u00e9quipement qui vous convient MAINTENANT. N&rsquo;achetez pas d&rsquo;\u00e9quipement trop grand pour votre enfant en pensant qu&rsquo;il grandira avec.<\/li>\n\n\n\n<li>Achetez aupr\u00e8s d&rsquo;un marchand de sport comp\u00e9tent, reconnu et respect\u00e9, qui a de l&rsquo;exp\u00e9rience dans la vente d&rsquo;\u00e9quipements de football.<\/li>\n<\/ol>\n\n\n\n<p>SOUVENEZ-VOUS que m\u00eame le meilleur \u00e9quipement ne peut fournir la protection pour laquelle il a \u00e9t\u00e9 con\u00e7u, s&rsquo;il n&rsquo;est pas entretenu consciencieusement et v\u00e9rifi\u00e9 r\u00e9guli\u00e8rement pour s&rsquo;assurer qu&rsquo;il est bien adapt\u00e9 et qu&rsquo;il ne pr\u00e9sente pas de d\u00e9fauts.<\/p>\n\n\n\n<div style=\"height:40px\" aria-hidden=\"true\" class=\"wp-block-spacer\"><\/div>\n\n\n\n<h4 class=\"wp-block-heading\">QUEL EST L&rsquo;\u00c9QUIPEMENT DE FOOTBALL APPROPRI\u00c9 ET COMMENT DOIT-IL \u00caTRE ADAPT\u00c9 ?<\/h4>\n\n\n\n<p>Seuls les \u00e9quipements de qualit\u00e9 portant au moins l&rsquo;un des labels suivants sont recommand\u00e9s : NOCSAE (National Operating Committee on Standards for Athletic Equipment), ASTM (American Standards for Testing Materials- F8 Committee), CSA (Canadian Standards Association) et Football Canada.<\/p>\n\n\n\n<p>Pour les joueurs jusqu&rsquo;\u00e0 14 ans, les coques de casque en poly\u00e9thyl\u00e8ne sont recommand\u00e9es, car elles p\u00e8sent moins que les coques de casque pour adultes et, compte tenu des niveaux d&rsquo;impact plus faibles dans cette tranche d&rsquo;\u00e2ge, cette coque devrait \u00eatre tout \u00e0 fait satisfaisante. Achetez \u00e9galement un casque avec des attaches \u00e0 quatre points et achetez un masque con\u00e7u pour s&rsquo;adapter au casque que vous avez choisi. Le casque doit \u00eatre bien ajust\u00e9 sur la t\u00eate de l&rsquo;enfant. Le bord du casque doit se situer \u00e0 environ 2,5 cm au-dessus des sourcils. Les trous d&rsquo;a\u00e9ration sur le c\u00f4t\u00e9 du casque doivent \u00eatre align\u00e9s avec les trous des oreilles.<\/p>\n\n\n\n<p><\/p>\n\n\n\n<p>Les \u00e9paulettes doivent assurer une protection maximale des omoplates, de la clavicule, de l&rsquo;articulation clavicule-\u00e9paule et de la rotule du bras. Ils doivent \u00eatre l\u00e9gers et bien \u00e9quilibr\u00e9s pour permettre une amplitude de mouvement maximale et \u00eatre correctement adapt\u00e9s \u00e0 l&rsquo;athl\u00e8te.<\/p>\n\n\n\n<p>Il existe quatre mod\u00e8les de base d&rsquo;\u00e9paulettes pour jeunes qui offrent la protection n\u00e9cessaire pour les jeunes de 14 ans et moins. Vous n&rsquo;avez donc pas besoin d&rsquo;acheter des protections \u00ab\u00a0sp\u00e9cialis\u00e9es\u00a0\u00bb \u00e0 ce stade de la carri\u00e8re de votre enfant.<\/p>\n\n\n\n<p>Le rembourrage du pantalon doit offrir une protection suffisante et doit rester en place (sur les hanches, pr\u00e8s des cuisses et sur les genoux) lorsque l&rsquo;enfant bouge.<\/p>\n\n\n\n<p>Un \u00e9quipement de football correctement adapt\u00e9 est essentiel pour la s\u00e9curit\u00e9 de votre enfant. Pour obtenir de l&rsquo;aide, adressez-vous \u00e0 une personne form\u00e9e \u00e0 l&rsquo;adaptation des \u00e9quipements.<\/p>\n\n\n\n<p>La lecture du manuel \u00a0\u00bb Achat et entretien de l&rsquo;\u00e9quipement de football \u00a0\u00bb de Football Canada est recommand\u00e9e.<\/p>\n<\/div>\n\n<div style=\"height:100px\" aria-hidden=\"true\" class=\"wp-block-spacer\"><\/div>\n","protected":false},"excerpt":{"rendered":"<p>Pourquoi jouer au football ? Ce que tout parent inquiet devrait savoir&#8230;.. mais ne savait pas \u00e0 qui s&rsquo;adresser. Nous r\u00e9pondrons \u00e0 certaines des questions et pr\u00e9occupations soulev\u00e9es par les parents au sujet de la participation de leur enfant au football. POURQUOI MON ENFANT DEVRAIT-IL JOUER AU FOOTBALL ? Les enfants jouent au football parce [&hellip;]<\/p>\n","protected":false},"author":1,"featured_media":0,"parent":0,"menu_order":0,"comment_status":"closed","ping_status":"closed","template":"page-no-separators","meta":{"_acf_changed":false,"_coblocks_attr":"","_coblocks_dimensions":"","_coblocks_responsive_height":"","_coblocks_accordion_ie_support":"","footnotes":""},"class_list":["post-2866","page","type-page","status-publish","hentry"],"acf":[],"yoast_head":"<!-- This site is optimized with the Yoast SEO plugin v27.4 - https:\/\/yoast.com\/product\/yoast-seo-wordpress\/ -->\n<title>Pour les parents - Football NB<\/title>\n<meta name=\"robots\" content=\"index, follow, max-snippet:-1, max-image-preview:large, max-video-preview:-1\" \/>\n<link rel=\"canonical\" href=\"https:\/\/footballnb.ca\/for-parents-varsity-girls\/\" \/>\n<meta property=\"og:locale\" content=\"fr_FR\" \/>\n<meta property=\"og:type\" content=\"article\" \/>\n<meta property=\"og:title\" content=\"Pour les parents - Football NB\" \/>\n<meta property=\"og:description\" content=\"Pourquoi jouer au football ? Ce que tout parent inquiet devrait savoir&#8230;.. mais ne savait pas \u00e0 qui s&rsquo;adresser. Nous r\u00e9pondrons \u00e0 certaines des questions et pr\u00e9occupations soulev\u00e9es par les parents au sujet de la participation de leur enfant au football. POURQUOI MON ENFANT DEVRAIT-IL JOUER AU FOOTBALL ? Les enfants jouent au football parce [&hellip;]\" \/>\n<meta property=\"og:url\" content=\"https:\/\/footballnb.ca\/for-parents-varsity-girls\/\" \/>\n<meta property=\"og:site_name\" content=\"Football NB\" \/>\n<meta property=\"article:modified_time\" content=\"2022-12-15T23:57:52+00:00\" \/>\n<meta property=\"og:image\" content=\"http:\/\/footballnb.ca\/wp-content\/uploads\/2022\/11\/Arseneault.jpg\" \/>\n<meta name=\"twitter:card\" content=\"summary_large_image\" \/>\n<meta name=\"twitter:label1\" content=\"Dur\u00e9e de lecture estim\u00e9e\" \/>\n\t<meta name=\"twitter:data1\" content=\"6 minutes\" \/>\n<script type=\"application\/ld+json\" class=\"yoast-schema-graph\">{\"@context\":\"https:\\\/\\\/schema.org\",\"@graph\":[{\"@type\":\"WebPage\",\"@id\":\"https:\\\/\\\/footballnb.ca\\\/for-parents-varsity-girls\\\/\",\"url\":\"https:\\\/\\\/footballnb.ca\\\/for-parents-varsity-girls\\\/\",\"name\":\"Pour les parents - Football NB\",\"isPartOf\":{\"@id\":\"https:\\\/\\\/footballnb.ca\\\/#website\"},\"primaryImageOfPage\":{\"@id\":\"https:\\\/\\\/footballnb.ca\\\/for-parents-varsity-girls\\\/#primaryimage\"},\"image\":{\"@id\":\"https:\\\/\\\/footballnb.ca\\\/for-parents-varsity-girls\\\/#primaryimage\"},\"thumbnailUrl\":\"https:\\\/\\\/footballnb.ca\\\/wp-content\\\/uploads\\\/2022\\\/11\\\/Arseneault.jpg\",\"datePublished\":\"2022-10-15T15:59:17+00:00\",\"dateModified\":\"2022-12-15T23:57:52+00:00\",\"breadcrumb\":{\"@id\":\"https:\\\/\\\/footballnb.ca\\\/for-parents-varsity-girls\\\/#breadcrumb\"},\"inLanguage\":\"fr-FR\",\"potentialAction\":[{\"@type\":\"ReadAction\",\"target\":[\"https:\\\/\\\/footballnb.ca\\\/for-parents-varsity-girls\\\/\"]}]},{\"@type\":\"ImageObject\",\"inLanguage\":\"fr-FR\",\"@id\":\"https:\\\/\\\/footballnb.ca\\\/for-parents-varsity-girls\\\/#primaryimage\",\"url\":\"https:\\\/\\\/footballnb.ca\\\/wp-content\\\/uploads\\\/2022\\\/11\\\/Arseneault.jpg\",\"contentUrl\":\"https:\\\/\\\/footballnb.ca\\\/wp-content\\\/uploads\\\/2022\\\/11\\\/Arseneault.jpg\"},{\"@type\":\"BreadcrumbList\",\"@id\":\"https:\\\/\\\/footballnb.ca\\\/for-parents-varsity-girls\\\/#breadcrumb\",\"itemListElement\":[{\"@type\":\"ListItem\",\"position\":1,\"name\":\"Home\",\"item\":\"https:\\\/\\\/footballnb.ca\\\/fr\\\/\"},{\"@type\":\"ListItem\",\"position\":2,\"name\":\"Pour les parents\"}]},{\"@type\":\"WebSite\",\"@id\":\"https:\\\/\\\/footballnb.ca\\\/#website\",\"url\":\"https:\\\/\\\/footballnb.ca\\\/\",\"name\":\"Football NB\",\"description\":\"Non Profit Athletics Program for the Province of New-Brunswick\",\"publisher\":{\"@id\":\"https:\\\/\\\/footballnb.ca\\\/#organization\"},\"potentialAction\":[{\"@type\":\"SearchAction\",\"target\":{\"@type\":\"EntryPoint\",\"urlTemplate\":\"https:\\\/\\\/footballnb.ca\\\/?s={search_term_string}\"},\"query-input\":{\"@type\":\"PropertyValueSpecification\",\"valueRequired\":true,\"valueName\":\"search_term_string\"}}],\"inLanguage\":\"fr-FR\"},{\"@type\":\"Organization\",\"@id\":\"https:\\\/\\\/footballnb.ca\\\/#organization\",\"name\":\"Football NB\",\"url\":\"https:\\\/\\\/footballnb.ca\\\/\",\"logo\":{\"@type\":\"ImageObject\",\"inLanguage\":\"fr-FR\",\"@id\":\"https:\\\/\\\/footballnb.ca\\\/#\\\/schema\\\/logo\\\/image\\\/\",\"url\":\"https:\\\/\\\/footballnb.ca\\\/wp-content\\\/uploads\\\/2022\\\/05\\\/fnblogo@2x.png\",\"contentUrl\":\"https:\\\/\\\/footballnb.ca\\\/wp-content\\\/uploads\\\/2022\\\/05\\\/fnblogo@2x.png\",\"width\":374,\"height\":243,\"caption\":\"Football NB\"},\"image\":{\"@id\":\"https:\\\/\\\/footballnb.ca\\\/#\\\/schema\\\/logo\\\/image\\\/\"}}]}<\/script>\n<!-- \/ Yoast SEO plugin. -->","yoast_head_json":{"title":"Pour les parents - Football NB","robots":{"index":"index","follow":"follow","max-snippet":"max-snippet:-1","max-image-preview":"max-image-preview:large","max-video-preview":"max-video-preview:-1"},"canonical":"https:\/\/footballnb.ca\/for-parents-varsity-girls\/","og_locale":"fr_FR","og_type":"article","og_title":"Pour les parents - Football NB","og_description":"Pourquoi jouer au football ? Ce que tout parent inquiet devrait savoir&#8230;.. mais ne savait pas \u00e0 qui s&rsquo;adresser. Nous r\u00e9pondrons \u00e0 certaines des questions et pr\u00e9occupations soulev\u00e9es par les parents au sujet de la participation de leur enfant au football. POURQUOI MON ENFANT DEVRAIT-IL JOUER AU FOOTBALL ? Les enfants jouent au football parce [&hellip;]","og_url":"https:\/\/footballnb.ca\/for-parents-varsity-girls\/","og_site_name":"Football NB","article_modified_time":"2022-12-15T23:57:52+00:00","og_image":[{"url":"http:\/\/footballnb.ca\/wp-content\/uploads\/2022\/11\/Arseneault.jpg","type":"","width":"","height":""}],"twitter_card":"summary_large_image","twitter_misc":{"Dur\u00e9e de lecture estim\u00e9e":"6 minutes"},"schema":{"@context":"https:\/\/schema.org","@graph":[{"@type":"WebPage","@id":"https:\/\/footballnb.ca\/for-parents-varsity-girls\/","url":"https:\/\/footballnb.ca\/for-parents-varsity-girls\/","name":"Pour les parents - Football NB","isPartOf":{"@id":"https:\/\/footballnb.ca\/#website"},"primaryImageOfPage":{"@id":"https:\/\/footballnb.ca\/for-parents-varsity-girls\/#primaryimage"},"image":{"@id":"https:\/\/footballnb.ca\/for-parents-varsity-girls\/#primaryimage"},"thumbnailUrl":"https:\/\/footballnb.ca\/wp-content\/uploads\/2022\/11\/Arseneault.jpg","datePublished":"2022-10-15T15:59:17+00:00","dateModified":"2022-12-15T23:57:52+00:00","breadcrumb":{"@id":"https:\/\/footballnb.ca\/for-parents-varsity-girls\/#breadcrumb"},"inLanguage":"fr-FR","potentialAction":[{"@type":"ReadAction","target":["https:\/\/footballnb.ca\/for-parents-varsity-girls\/"]}]},{"@type":"ImageObject","inLanguage":"fr-FR","@id":"https:\/\/footballnb.ca\/for-parents-varsity-girls\/#primaryimage","url":"https:\/\/footballnb.ca\/wp-content\/uploads\/2022\/11\/Arseneault.jpg","contentUrl":"https:\/\/footballnb.ca\/wp-content\/uploads\/2022\/11\/Arseneault.jpg"},{"@type":"BreadcrumbList","@id":"https:\/\/footballnb.ca\/for-parents-varsity-girls\/#breadcrumb","itemListElement":[{"@type":"ListItem","position":1,"name":"Home","item":"https:\/\/footballnb.ca\/fr\/"},{"@type":"ListItem","position":2,"name":"Pour les parents"}]},{"@type":"WebSite","@id":"https:\/\/footballnb.ca\/#website","url":"https:\/\/footballnb.ca\/","name":"Football NB","description":"Non Profit Athletics Program for the Province of New-Brunswick","publisher":{"@id":"https:\/\/footballnb.ca\/#organization"},"potentialAction":[{"@type":"SearchAction","target":{"@type":"EntryPoint","urlTemplate":"https:\/\/footballnb.ca\/?s={search_term_string}"},"query-input":{"@type":"PropertyValueSpecification","valueRequired":true,"valueName":"search_term_string"}}],"inLanguage":"fr-FR"},{"@type":"Organization","@id":"https:\/\/footballnb.ca\/#organization","name":"Football NB","url":"https:\/\/footballnb.ca\/","logo":{"@type":"ImageObject","inLanguage":"fr-FR","@id":"https:\/\/footballnb.ca\/#\/schema\/logo\/image\/","url":"https:\/\/footballnb.ca\/wp-content\/uploads\/2022\/05\/fnblogo@2x.png","contentUrl":"https:\/\/footballnb.ca\/wp-content\/uploads\/2022\/05\/fnblogo@2x.png","width":374,"height":243,"caption":"Football NB"},"image":{"@id":"https:\/\/footballnb.ca\/#\/schema\/logo\/image\/"}}]}},"_links":{"self":[{"href":"https:\/\/footballnb.ca\/fr\/wp-json\/wp\/v2\/pages\/2866","targetHints":{"allow":["GET"]}}],"collection":[{"href":"https:\/\/footballnb.ca\/fr\/wp-json\/wp\/v2\/pages"}],"about":[{"href":"https:\/\/footballnb.ca\/fr\/wp-json\/wp\/v2\/types\/page"}],"author":[{"embeddable":true,"href":"https:\/\/footballnb.ca\/fr\/wp-json\/wp\/v2\/users\/1"}],"replies":[{"embeddable":true,"href":"https:\/\/footballnb.ca\/fr\/wp-json\/wp\/v2\/comments?post=2866"}],"version-history":[{"count":1,"href":"https:\/\/footballnb.ca\/fr\/wp-json\/wp\/v2\/pages\/2866\/revisions"}],"predecessor-version":[{"id":2867,"href":"https:\/\/footballnb.ca\/fr\/wp-json\/wp\/v2\/pages\/2866\/revisions\/2867"}],"wp:attachment":[{"href":"https:\/\/footballnb.ca\/fr\/wp-json\/wp\/v2\/media?parent=2866"}],"curies":[{"name":"wp","href":"https:\/\/api.w.org\/{rel}","templated":true}]}}