{"id":2872,"date":"2022-10-14T11:36:33","date_gmt":"2022-10-14T14:36:33","guid":{"rendered":"https:\/\/footballnb.ca\/regles\/"},"modified":"2022-12-15T20:09:41","modified_gmt":"2022-12-16T00:09:41","slug":"regles","status":"publish","type":"page","link":"https:\/\/footballnb.ca\/fr\/regles\/","title":{"rendered":"R\u00e8gles"},"content":{"rendered":"\n<h4 class=\"wp-block-heading\">Football NB R\u00e8gles sp\u00e9ciales<\/h4>\n\n<ul class=\"is-style-fancy\"><li><a href=\"https:\/\/footballnb.ca\/wp-content\/uploads\/2022\/10\/bantan_rule_book_.docx\" target=\"_blank\" rel=\"noreferrer noopener\">Bantam  <\/a><\/li><li><a href=\"https:\/\/footballnb.ca\/wp-content\/uploads\/2022\/10\/peewee.docx\">PeeWee<\/a><\/li><li><a href=\"https:\/\/footballnb.ca\/wp-content\/uploads\/2022\/10\/varsity_girls_.docx\">Varsity Girls <\/a><\/li><li><a href=\"https:\/\/footballnb.ca\/wp-content\/uploads\/2022\/10\/provincial_championships_.docx\" target=\"_blank\" rel=\"noreferrer noopener\">Championnats provinciaux<\/a><\/li><\/ul>\n\n<div style=\"height:60px\" aria-hidden=\"true\" class=\"wp-block-spacer\"><\/div>\n\n<h4 class=\"wp-block-heading\">Livres de r\u00e8gles<\/h4>\n\n<ul class=\"is-style-fancy\"><li><a href=\"https:\/\/footballnb.ca\/wp-content\/uploads\/2022\/10\/2022-Non-Contact-Rulebook-English-Web.pdf\">Drapeau  <\/a><\/li><li><a href=\"https:\/\/footballnb.ca\/wp-content\/uploads\/2022\/10\/2021-Tackle-Rulebook-English-2.pdf\">Tackle<\/a><\/li><\/ul>\n\n<div style=\"height:60px\" aria-hidden=\"true\" class=\"wp-block-spacer\"><\/div>\n\n<h4 class=\"wp-block-heading\">Autres \u00e9l\u00e9ments  <\/h4>\n\n<ul class=\"is-style-fancy\"><li><a href=\"https:\/\/footballnb.ca\/wp-content\/uploads\/2022\/10\/Fair-Play-code.docx\" target=\"_blank\" rel=\"noreferrer noopener\">Code du Fair Play de la FNB<\/a><\/li><li><a href=\"https:\/\/footballnb.ca\/wp-content\/uploads\/2022\/10\/fnb_roster_guidelines.pdf\" target=\"_blank\" rel=\"noreferrer noopener\">Directives sur la taille des listes  <\/a><\/li><li><a href=\"https:\/\/drive.google.com\/file\/d\/1DS1udtrXg4_iiyt1ofa1lLG-6kzyta-V\/view?usp=sharing\" target=\"_blank\" rel=\"noreferrer noopener\">Directives du DLTA de Football Canada<\/a><\/li><\/ul>\n\n<div style=\"height:60px\" aria-hidden=\"true\" class=\"wp-block-spacer\"><\/div>\n\n<p>Pour commander un exemplaire du Canadian Football Amateur Rulebook, contactez Jon Wilkinson \u00e0 l&rsquo;adresse <a href=\"mailto:%20jon.wilkinson@footballnb.ca\">jon.wilkinson@footballnb.ca<\/a>.<\/p>\n\n<div style=\"height:100px\" aria-hidden=\"true\" class=\"wp-block-spacer\"><\/div>\n","protected":false},"excerpt":{"rendered":"<p>Football NB R\u00e8gles sp\u00e9ciales Bantam PeeWee Varsity Girls Championnats provinciaux Livres de r\u00e8gles Drapeau Tackle Autres \u00e9l\u00e9ments Code du Fair Play de la FNB Directives sur la taille des listes Directives du DLTA de Football Canada Pour commander un exemplaire du Canadian Football Amateur Rulebook, contactez Jon Wilkinson \u00e0 l&rsquo;adresse jon.wilkinson@footballnb.ca.<\/p>\n","protected":false},"author":1,"featured_media":0,"parent":0,"menu_order":0,"comment_status":"closed","ping_status":"closed","template":"","meta":{"_acf_changed":false,"_coblocks_attr":"","_coblocks_dimensions":"","_coblocks_responsive_height":"","_coblocks_accordion_ie_support":"","footnotes":""},"class_list":["post-2872","page","type-page","status-publish","hentry"],"acf":[],"yoast_head":"<!-- This site is optimized with the Yoast SEO plugin v27.4 - https:\/\/yoast.com\/product\/yoast-seo-wordpress\/ -->\n<title>R\u00e8gles - Football NB<\/title>\n<meta name=\"robots\" content=\"index, follow, max-snippet:-1, max-image-preview:large, max-video-preview:-1\" \/>\n<link rel=\"canonical\" href=\"https:\/\/footballnb.ca\/football-nb-rules\/\" \/>\n<meta property=\"og:locale\" content=\"fr_FR\" \/>\n<meta property=\"og:type\" content=\"article\" \/>\n<meta property=\"og:title\" content=\"R\u00e8gles - Football NB\" \/>\n<meta property=\"og:description\" content=\"Football NB R\u00e8gles sp\u00e9ciales Bantam PeeWee Varsity Girls Championnats provinciaux Livres de r\u00e8gles Drapeau Tackle Autres \u00e9l\u00e9ments Code du Fair Play de la FNB Directives sur la taille des listes Directives du DLTA de Football Canada Pour commander un exemplaire du Canadian Football Amateur Rulebook, contactez Jon Wilkinson \u00e0 l&rsquo;adresse jon.wilkinson@footballnb.ca.\" \/>\n<meta property=\"og:url\" content=\"https:\/\/footballnb.ca\/football-nb-rules\/\" \/>\n<meta property=\"og:site_name\" content=\"Football NB\" \/>\n<meta property=\"article:modified_time\" content=\"2022-12-16T00:09:41+00:00\" \/>\n<meta name=\"twitter:card\" content=\"summary_large_image\" \/>\n<script type=\"application\/ld+json\" class=\"yoast-schema-graph\">{\"@context\":\"https:\\\/\\\/schema.org\",\"@graph\":[{\"@type\":\"WebPage\",\"@id\":\"https:\\\/\\\/footballnb.ca\\\/football-nb-rules\\\/\",\"url\":\"https:\\\/\\\/footballnb.ca\\\/football-nb-rules\\\/\",\"name\":\"R\u00e8gles - Football NB\",\"isPartOf\":{\"@id\":\"https:\\\/\\\/footballnb.ca\\\/#website\"},\"datePublished\":\"2022-10-14T14:36:33+00:00\",\"dateModified\":\"2022-12-16T00:09:41+00:00\",\"breadcrumb\":{\"@id\":\"https:\\\/\\\/footballnb.ca\\\/football-nb-rules\\\/#breadcrumb\"},\"inLanguage\":\"fr-FR\",\"potentialAction\":[{\"@type\":\"ReadAction\",\"target\":[\"https:\\\/\\\/footballnb.ca\\\/football-nb-rules\\\/\"]}]},{\"@type\":\"BreadcrumbList\",\"@id\":\"https:\\\/\\\/footballnb.ca\\\/football-nb-rules\\\/#breadcrumb\",\"itemListElement\":[{\"@type\":\"ListItem\",\"position\":1,\"name\":\"Home\",\"item\":\"https:\\\/\\\/footballnb.ca\\\/fr\\\/\"},{\"@type\":\"ListItem\",\"position\":2,\"name\":\"R\u00e8gles\"}]},{\"@type\":\"WebSite\",\"@id\":\"https:\\\/\\\/footballnb.ca\\\/#website\",\"url\":\"https:\\\/\\\/footballnb.ca\\\/\",\"name\":\"Football NB\",\"description\":\"Non Profit Athletics Program for the Province of New-Brunswick\",\"publisher\":{\"@id\":\"https:\\\/\\\/footballnb.ca\\\/#organization\"},\"potentialAction\":[{\"@type\":\"SearchAction\",\"target\":{\"@type\":\"EntryPoint\",\"urlTemplate\":\"https:\\\/\\\/footballnb.ca\\\/?s={search_term_string}\"},\"query-input\":{\"@type\":\"PropertyValueSpecification\",\"valueRequired\":true,\"valueName\":\"search_term_string\"}}],\"inLanguage\":\"fr-FR\"},{\"@type\":\"Organization\",\"@id\":\"https:\\\/\\\/footballnb.ca\\\/#organization\",\"name\":\"Football NB\",\"url\":\"https:\\\/\\\/footballnb.ca\\\/\",\"logo\":{\"@type\":\"ImageObject\",\"inLanguage\":\"fr-FR\",\"@id\":\"https:\\\/\\\/footballnb.ca\\\/#\\\/schema\\\/logo\\\/image\\\/\",\"url\":\"https:\\\/\\\/footballnb.ca\\\/wp-content\\\/uploads\\\/2022\\\/05\\\/fnblogo@2x.png\",\"contentUrl\":\"https:\\\/\\\/footballnb.ca\\\/wp-content\\\/uploads\\\/2022\\\/05\\\/fnblogo@2x.png\",\"width\":374,\"height\":243,\"caption\":\"Football NB\"},\"image\":{\"@id\":\"https:\\\/\\\/footballnb.ca\\\/#\\\/schema\\\/logo\\\/image\\\/\"}}]}<\/script>\n<!-- \/ Yoast SEO plugin. -->","yoast_head_json":{"title":"R\u00e8gles - Football NB","robots":{"index":"index","follow":"follow","max-snippet":"max-snippet:-1","max-image-preview":"max-image-preview:large","max-video-preview":"max-video-preview:-1"},"canonical":"https:\/\/footballnb.ca\/football-nb-rules\/","og_locale":"fr_FR","og_type":"article","og_title":"R\u00e8gles - Football NB","og_description":"Football NB R\u00e8gles sp\u00e9ciales Bantam PeeWee Varsity Girls Championnats provinciaux Livres de r\u00e8gles Drapeau Tackle Autres \u00e9l\u00e9ments Code du Fair Play de la FNB Directives sur la taille des listes Directives du DLTA de Football Canada Pour commander un exemplaire du Canadian Football Amateur Rulebook, contactez Jon Wilkinson \u00e0 l&rsquo;adresse jon.wilkinson@footballnb.ca.","og_url":"https:\/\/footballnb.ca\/football-nb-rules\/","og_site_name":"Football NB","article_modified_time":"2022-12-16T00:09:41+00:00","twitter_card":"summary_large_image","schema":{"@context":"https:\/\/schema.org","@graph":[{"@type":"WebPage","@id":"https:\/\/footballnb.ca\/football-nb-rules\/","url":"https:\/\/footballnb.ca\/football-nb-rules\/","name":"R\u00e8gles - Football NB","isPartOf":{"@id":"https:\/\/footballnb.ca\/#website"},"datePublished":"2022-10-14T14:36:33+00:00","dateModified":"2022-12-16T00:09:41+00:00","breadcrumb":{"@id":"https:\/\/footballnb.ca\/football-nb-rules\/#breadcrumb"},"inLanguage":"fr-FR","potentialAction":[{"@type":"ReadAction","target":["https:\/\/footballnb.ca\/football-nb-rules\/"]}]},{"@type":"BreadcrumbList","@id":"https:\/\/footballnb.ca\/football-nb-rules\/#breadcrumb","itemListElement":[{"@type":"ListItem","position":1,"name":"Home","item":"https:\/\/footballnb.ca\/fr\/"},{"@type":"ListItem","position":2,"name":"R\u00e8gles"}]},{"@type":"WebSite","@id":"https:\/\/footballnb.ca\/#website","url":"https:\/\/footballnb.ca\/","name":"Football NB","description":"Non Profit Athletics Program for the Province of New-Brunswick","publisher":{"@id":"https:\/\/footballnb.ca\/#organization"},"potentialAction":[{"@type":"SearchAction","target":{"@type":"EntryPoint","urlTemplate":"https:\/\/footballnb.ca\/?s={search_term_string}"},"query-input":{"@type":"PropertyValueSpecification","valueRequired":true,"valueName":"search_term_string"}}],"inLanguage":"fr-FR"},{"@type":"Organization","@id":"https:\/\/footballnb.ca\/#organization","name":"Football NB","url":"https:\/\/footballnb.ca\/","logo":{"@type":"ImageObject","inLanguage":"fr-FR","@id":"https:\/\/footballnb.ca\/#\/schema\/logo\/image\/","url":"https:\/\/footballnb.ca\/wp-content\/uploads\/2022\/05\/fnblogo@2x.png","contentUrl":"https:\/\/footballnb.ca\/wp-content\/uploads\/2022\/05\/fnblogo@2x.png","width":374,"height":243,"caption":"Football NB"},"image":{"@id":"https:\/\/footballnb.ca\/#\/schema\/logo\/image\/"}}]}},"_links":{"self":[{"href":"https:\/\/footballnb.ca\/fr\/wp-json\/wp\/v2\/pages\/2872","targetHints":{"allow":["GET"]}}],"collection":[{"href":"https:\/\/footballnb.ca\/fr\/wp-json\/wp\/v2\/pages"}],"about":[{"href":"https:\/\/footballnb.ca\/fr\/wp-json\/wp\/v2\/types\/page"}],"author":[{"embeddable":true,"href":"https:\/\/footballnb.ca\/fr\/wp-json\/wp\/v2\/users\/1"}],"replies":[{"embeddable":true,"href":"https:\/\/footballnb.ca\/fr\/wp-json\/wp\/v2\/comments?post=2872"}],"version-history":[{"count":1,"href":"https:\/\/footballnb.ca\/fr\/wp-json\/wp\/v2\/pages\/2872\/revisions"}],"predecessor-version":[{"id":2873,"href":"https:\/\/footballnb.ca\/fr\/wp-json\/wp\/v2\/pages\/2872\/revisions\/2873"}],"wp:attachment":[{"href":"https:\/\/footballnb.ca\/fr\/wp-json\/wp\/v2\/media?parent=2872"}],"curies":[{"name":"wp","href":"https:\/\/api.w.org\/{rel}","templated":true}]}}