{"id":2874,"date":"2022-12-01T16:50:10","date_gmt":"2022-12-01T20:50:10","guid":{"rendered":"https:\/\/footballnb.ca\/programme-de-developpement-des-entraineurs-de-football-feminin\/"},"modified":"2022-12-20T11:01:05","modified_gmt":"2022-12-20T15:01:05","slug":"programme-de-developpement-des-entraineurs-de-football-feminin","status":"publish","type":"page","link":"https:\/\/footballnb.ca\/fr\/programme-de-developpement-des-entraineurs-de-football-feminin\/","title":{"rendered":"Programme de d\u00e9veloppement des entra\u00eeneurs de football f\u00e9minin"},"content":{"rendered":"\n<div class=\"wp-block-cover alignfull wp-duotone-000000-ffffff-1\" style=\"min-height:391px;aspect-ratio:unset;\"><span aria-hidden=\"true\" class=\"wp-block-cover__background has-foreground-background-color has-background-dim-80 has-background-dim\"><\/span><img loading=\"lazy\" decoding=\"async\" width=\"746\" height=\"933\" class=\"wp-block-cover__image-background wp-image-1056\" alt=\"\" src=\"https:\/\/footballnb.ca\/wp-content\/uploads\/2022\/11\/Arseneault.jpg\" style=\"object-position:73% 48%\" data-object-fit=\"cover\" data-object-position=\"73% 48%\" srcset=\"https:\/\/footballnb.ca\/wp-content\/uploads\/2022\/11\/Arseneault.jpg 746w, https:\/\/footballnb.ca\/wp-content\/uploads\/2022\/11\/Arseneault-450x563.jpg 450w, https:\/\/footballnb.ca\/wp-content\/uploads\/2022\/11\/Arseneault-600x750.jpg 600w, https:\/\/footballnb.ca\/wp-content\/uploads\/2022\/11\/Arseneault-240x300.jpg 240w, https:\/\/footballnb.ca\/wp-content\/uploads\/2022\/11\/Arseneault-100x125.jpg 100w\" sizes=\"auto, (max-width: 746px) 100vw, 746px\" \/><div class=\"wp-block-cover__inner-container is-layout-flow wp-block-cover-is-layout-flow\">\n<figure class=\"wp-block-image aligncenter size-full is-resized\"><img loading=\"lazy\" decoding=\"async\" src=\"https:\/\/footballnb.ca\/wp-content\/uploads\/2022\/12\/Untitled-1.png\" alt=\"\" class=\"wp-image-1681\" width=\"117\" height=\"60\" srcset=\"https:\/\/footballnb.ca\/wp-content\/uploads\/2022\/12\/Untitled-1.png 140w, https:\/\/footballnb.ca\/wp-content\/uploads\/2022\/12\/Untitled-1-100x51.png 100w\" sizes=\"auto, (max-width: 117px) 100vw, 117px\" \/><\/figure>\n\n\n\n<div style=\"height:15px\" aria-hidden=\"true\" class=\"wp-block-spacer\"><\/div>\n\n\n\n<h3 class=\"has-text-align-center has-background-color has-text-color wp-block-heading\" style=\"margin-top:0px;margin-right:0px;margin-bottom:0px;margin-left:0px\">Entra\u00eeneur de football f\u00e9minin<\/h3>\n\n\n\n<h2 class=\"has-text-align-center has-background-color has-text-color wp-block-heading\">Programme de d\u00e9veloppement<\/h2>\n<\/div><\/div>\n\n\n\n<div class=\"wp-block-group alignwide is-layout-constrained wp-container-core-group-is-layout-f4527f8c wp-block-group-is-layout-constrained\">\n<p class=\"has-small-font-size\">Fi\u00e8rement pr\u00e9sent\u00e9 par Wabanaki Maple<\/p>\n<\/div>\n\n\n\n<div style=\"height:70px\" aria-hidden=\"true\" class=\"wp-block-spacer\"><\/div>\n\n\n\n<div class=\"wp-block-group alignwide is-layout-constrained wp-container-core-group-is-layout-f4527f8c wp-block-group-is-layout-constrained\">\n<h5 class=\"wp-block-heading\">\u00c0 propos du programme<\/h5>\n\n\n\n<p> <\/p>\n\n\n\n<div class=\"wp-block-columns is-layout-flex wp-container-core-columns-is-layout-643ced6b wp-block-columns-is-layout-flex\">\n<div class=\"wp-block-column is-layout-flow wp-block-column-is-layout-flow\">\n<p>Dans le but de d\u00e9velopper et d&rsquo;am\u00e9liorer le football f\u00e9minin, Football Nouveau-Brunswick lance un nouveau programme de formation d&rsquo;entra\u00eeneurs f\u00e9minins en partenariat avec Wabanaki Maple Syrup et le gouvernement du Nouveau-Brunswick !<\/p>\n\n\n\n<p>La mission de ce programme est d&rsquo;am\u00e9liorer la qualit\u00e9 et la quantit\u00e9 d&rsquo;entra\u00eeneurs de football f\u00e9minin au Nouveau-Brunswick. Le programme s&rsquo;adressera aux entra\u00eeneurs actuellement impliqu\u00e9s dans le football f\u00e9minin et aux anciennes et actuelles joueuses qui pourraient s&rsquo;int\u00e9resser \u00e0 l&rsquo;entra\u00eenement.<\/p>\n<\/div>\n\n\n\n<div class=\"wp-block-column is-layout-flow wp-block-column-is-layout-flow\">\n<p>Gr\u00e2ce \u00e0 des s\u00e9ances sur le terrain et en classe, les participants auront l&rsquo;occasion d&rsquo;apprendre de certains des meilleurs entra\u00eeneurs du Nouveau-Brunswick et des chefs de file dans le domaine au Canada. Il s&rsquo;agira notamment de participer en tant qu&rsquo;entra\u00eeneur \u00e0 tous les camps de d\u00e9veloppement de l&rsquo;\u00e9lite, o\u00f9 les entra\u00eeneurs assisteront \u00e0 des s\u00e9ances de musculation, \u00e0 des s\u00e9ances sur le terrain et \u00e0 des s\u00e9ances de cin\u00e9ma. Les entra\u00eeneurs participeront \u00e9galement \u00e0 tous les camps de d\u00e9veloppement propos\u00e9s par la FNB en dehors de la saison. Les participants recevront \u00e9galement un polo Football NB, une formation d&rsquo;entra\u00eeneur par le biais du Programme national de certification des entra\u00eeneurs (PNCE) et assisteront \u00e0 des conf\u00e9rences donn\u00e9es par d&rsquo;autres leaders dans ce domaine !<\/p>\n<\/div>\n<\/div>\n<\/div>\n\n\n\n<p><\/p>\n\n\n\n<div style=\"height:60px\" aria-hidden=\"true\" class=\"wp-block-spacer\"><\/div>\n\n\n\n<div class=\"wp-block-cover alignfull is-light wp-duotone-000000-bebebe-2\" style=\"min-height:422px;aspect-ratio:unset;\"><span aria-hidden=\"true\" class=\"wp-block-cover__background has-foreground-background-color has-background-dim\"><\/span><video class=\"wp-block-cover__video-background intrinsic-ignore\" autoplay muted loop playsinline src=\"https:\/\/footballnb.ca\/wp-content\/uploads\/2022\/12\/New-Hero-3.mp4\" style=\"object-position:79% 59%\" data-object-fit=\"cover\" data-object-position=\"79% 59%\"><\/video><div class=\"wp-block-cover__inner-container is-layout-flow wp-block-cover-is-layout-flow\">\n<div class=\"wp-block-group alignfull is-layout-constrained wp-container-core-group-is-layout-8aea3ba9 wp-block-group-is-layout-constrained\" style=\"padding-top:80px;padding-bottom:80px\">\n<h4 class=\"has-text-align-center has-background-color has-text-color wp-block-heading\">Abordabilit\u00e9<\/h4>\n\n\n\n<p class=\"has-text-align-center has-background-color has-text-color\">Gr\u00e2ce \u00e0 <em>Wabanaki Maple Syrup <\/em>et au gouvernement du Nouveau-Brunswick, ce programme est gratuit pour tous les participants. Nous ne voulons pas limiter le nombre de participants et nous voulons rendre cette activit\u00e9 aussi accessible que possible. Nous pouvons donc \u00e9galement prendre en charge tout ou partie de vos frais de voyage en fonction du nombre d&rsquo;inscriptions que nous recevons !<\/p>\n<\/div>\n<\/div><\/div>\n\n\n\n<div style=\"height:97px\" aria-hidden=\"true\" class=\"wp-block-spacer\"><\/div>\n\n\n\n<div class=\"wp-block-columns alignwide is-layout-flex wp-container-core-columns-is-layout-08a2a807 wp-block-columns-is-layout-flex\">\n<div class=\"wp-block-column is-layout-flow wp-block-column-is-layout-flow\">\n<figure class=\"wp-block-image size-large\"><img loading=\"lazy\" decoding=\"async\" width=\"1375\" height=\"1375\" src=\"https:\/\/footballnb.ca\/wp-content\/uploads\/2022\/12\/Untitled-design-1-3-edited.jpg\" alt=\"\" class=\"wp-image-1701\" srcset=\"https:\/\/footballnb.ca\/wp-content\/uploads\/2022\/12\/Untitled-design-1-3-edited.jpg 1375w, https:\/\/footballnb.ca\/wp-content\/uploads\/2022\/12\/Untitled-design-1-3-edited-100x100.jpg 100w, https:\/\/footballnb.ca\/wp-content\/uploads\/2022\/12\/Untitled-design-1-3-edited-600x600.jpg 600w, https:\/\/footballnb.ca\/wp-content\/uploads\/2022\/12\/Untitled-design-1-3-edited-300x300.jpg 300w, https:\/\/footballnb.ca\/wp-content\/uploads\/2022\/12\/Untitled-design-1-3-edited-1024x1024.jpg 1024w, https:\/\/footballnb.ca\/wp-content\/uploads\/2022\/12\/Untitled-design-1-3-edited-150x150.jpg 150w, https:\/\/footballnb.ca\/wp-content\/uploads\/2022\/12\/Untitled-design-1-3-edited-768x768.jpg 768w\" sizes=\"auto, (max-width: 1375px) 100vw, 1375px\" \/><\/figure>\n<\/div>\n\n\n\n<div class=\"wp-block-column is-vertically-aligned-center is-layout-flow wp-block-column-is-layout-flow\">\n<h4 class=\"wp-block-heading\">Admissibilit\u00e9<\/h4>\n\n\n\n<p>Elle est ouverte aux participants suivants :<br>Les participants de l&rsquo;ext\u00e9rieur du Nouveau-Brunswick sont les bienvenus, mais le voyage ne sera pas couvert.<\/p>\n\n\n\n<ol class=\"is-style-checkbox\">\n<li>Entra\u00eeneur actuel de la Varsity Girls League (tous sexes confondus)<\/li>\n\n\n\n<li>Entra\u00eeneur actuel de la MWFL (tous sexes confondus)<\/li>\n\n\n\n<li>Entra\u00eeneur de l&rsquo;\u00e9quipe provinciale f\u00e9minine U18 (tous sexes confondus)<\/li>\n\n\n\n<li>Joueur de la MWFL pass\u00e9 ou pr\u00e9sent<\/li>\n\n\n\n<li>Ancien joueur de la Varsity Girls League (2005 ou plus)<\/li>\n\n\n\n<li>Toute autre femme au Nouveau-Brunswick qui veut devenir entra\u00eeneur de football.<\/li>\n<\/ol>\n<\/div>\n<\/div>\n\n\n\n<p><br><\/p>\n\n\n\n<div style=\"height:61px\" aria-hidden=\"true\" class=\"wp-block-spacer\"><\/div>\n\n\n\n<div class=\"wp-block-group alignfull has-primary-background-color has-background is-layout-constrained wp-block-group-is-layout-constrained\" style=\"padding-top:80px;padding-bottom:80px\">\n<h2 class=\"has-text-align-center is-style-outline-text wp-block-heading\">Inscription<\/h2>\n\n\n\n<p class=\"has-text-align-center has-background-color has-text-color has-link-color wp-elements-34761044859f4865d1b280f44fe95eab\">Les inscriptions \u00e0 ce programme sont closes. Si vous avez des questions sur le programme, veuillez contacter Jon Wilkinson \u00e0 l&rsquo;adresse suivante <strong>\n  <a href=\"mailto:jon.wilkinson@footballnb.ca\">jon.wilkinson@footballnb.ca <\/a>\n<\/strong> <\/p>\n<\/div>\n","protected":false},"excerpt":{"rendered":"<p>Fi\u00e8rement pr\u00e9sent\u00e9 par Wabanaki Maple \u00c0 propos du programme Dans le but de d\u00e9velopper et d&rsquo;am\u00e9liorer le football f\u00e9minin, Football Nouveau-Brunswick lance un nouveau programme de formation d&rsquo;entra\u00eeneurs f\u00e9minins en partenariat avec Wabanaki Maple Syrup et le gouvernement du Nouveau-Brunswick ! La mission de ce programme est d&rsquo;am\u00e9liorer la qualit\u00e9 et la quantit\u00e9 d&rsquo;entra\u00eeneurs de [&hellip;]<\/p>\n","protected":false},"author":3,"featured_media":0,"parent":0,"menu_order":0,"comment_status":"closed","ping_status":"closed","template":"page-no-separators","meta":{"_acf_changed":false,"_coblocks_attr":"","_coblocks_dimensions":"","_coblocks_responsive_height":"","_coblocks_accordion_ie_support":"","footnotes":""},"class_list":["post-2874","page","type-page","status-publish","hentry"],"acf":[],"yoast_head":"<!-- This site is optimized with the Yoast SEO plugin v27.4 - https:\/\/yoast.com\/product\/yoast-seo-wordpress\/ -->\n<title>Programme de d\u00e9veloppement des entra\u00eeneurs de football f\u00e9minin - Football NB<\/title>\n<meta name=\"robots\" content=\"index, follow, max-snippet:-1, max-image-preview:large, max-video-preview:-1\" \/>\n<link rel=\"canonical\" href=\"https:\/\/footballnb.ca\/womens-football-coach-development-program\/\" \/>\n<meta property=\"og:locale\" content=\"fr_FR\" \/>\n<meta property=\"og:type\" content=\"article\" \/>\n<meta property=\"og:title\" content=\"Programme de d\u00e9veloppement des entra\u00eeneurs de football f\u00e9minin - Football NB\" \/>\n<meta property=\"og:description\" content=\"Fi\u00e8rement pr\u00e9sent\u00e9 par Wabanaki Maple \u00c0 propos du programme Dans le but de d\u00e9velopper et d&rsquo;am\u00e9liorer le football f\u00e9minin, Football Nouveau-Brunswick lance un nouveau programme de formation d&rsquo;entra\u00eeneurs f\u00e9minins en partenariat avec Wabanaki Maple Syrup et le gouvernement du Nouveau-Brunswick ! La mission de ce programme est d&rsquo;am\u00e9liorer la qualit\u00e9 et la quantit\u00e9 d&rsquo;entra\u00eeneurs de [&hellip;]\" \/>\n<meta property=\"og:url\" content=\"https:\/\/footballnb.ca\/womens-football-coach-development-program\/\" \/>\n<meta property=\"og:site_name\" content=\"Football NB\" \/>\n<meta property=\"article:modified_time\" content=\"2022-12-20T15:01:05+00:00\" \/>\n<meta property=\"og:image\" content=\"http:\/\/footballnb.ca\/wp-content\/uploads\/2022\/11\/Arseneault.jpg\" \/>\n<meta name=\"twitter:card\" content=\"summary_large_image\" \/>\n<meta name=\"twitter:label1\" content=\"Dur\u00e9e de lecture estim\u00e9e\" \/>\n\t<meta name=\"twitter:data1\" content=\"3 minutes\" \/>\n<script type=\"application\/ld+json\" class=\"yoast-schema-graph\">{\"@context\":\"https:\\\/\\\/schema.org\",\"@graph\":[{\"@type\":\"WebPage\",\"@id\":\"https:\\\/\\\/footballnb.ca\\\/womens-football-coach-development-program\\\/\",\"url\":\"https:\\\/\\\/footballnb.ca\\\/womens-football-coach-development-program\\\/\",\"name\":\"Programme de d\u00e9veloppement des entra\u00eeneurs de football f\u00e9minin - Football NB\",\"isPartOf\":{\"@id\":\"https:\\\/\\\/footballnb.ca\\\/#website\"},\"primaryImageOfPage\":{\"@id\":\"https:\\\/\\\/footballnb.ca\\\/womens-football-coach-development-program\\\/#primaryimage\"},\"image\":{\"@id\":\"https:\\\/\\\/footballnb.ca\\\/womens-football-coach-development-program\\\/#primaryimage\"},\"thumbnailUrl\":\"https:\\\/\\\/footballnb.ca\\\/wp-content\\\/uploads\\\/2022\\\/11\\\/Arseneault.jpg\",\"datePublished\":\"2022-12-01T20:50:10+00:00\",\"dateModified\":\"2022-12-20T15:01:05+00:00\",\"breadcrumb\":{\"@id\":\"https:\\\/\\\/footballnb.ca\\\/womens-football-coach-development-program\\\/#breadcrumb\"},\"inLanguage\":\"fr-FR\",\"potentialAction\":[{\"@type\":\"ReadAction\",\"target\":[\"https:\\\/\\\/footballnb.ca\\\/womens-football-coach-development-program\\\/\"]}]},{\"@type\":\"ImageObject\",\"inLanguage\":\"fr-FR\",\"@id\":\"https:\\\/\\\/footballnb.ca\\\/womens-football-coach-development-program\\\/#primaryimage\",\"url\":\"https:\\\/\\\/footballnb.ca\\\/wp-content\\\/uploads\\\/2022\\\/11\\\/Arseneault.jpg\",\"contentUrl\":\"https:\\\/\\\/footballnb.ca\\\/wp-content\\\/uploads\\\/2022\\\/11\\\/Arseneault.jpg\"},{\"@type\":\"BreadcrumbList\",\"@id\":\"https:\\\/\\\/footballnb.ca\\\/womens-football-coach-development-program\\\/#breadcrumb\",\"itemListElement\":[{\"@type\":\"ListItem\",\"position\":1,\"name\":\"Home\",\"item\":\"https:\\\/\\\/footballnb.ca\\\/fr\\\/\"},{\"@type\":\"ListItem\",\"position\":2,\"name\":\"Programme de d\u00e9veloppement des entra\u00eeneurs de football f\u00e9minin\"}]},{\"@type\":\"WebSite\",\"@id\":\"https:\\\/\\\/footballnb.ca\\\/#website\",\"url\":\"https:\\\/\\\/footballnb.ca\\\/\",\"name\":\"Football NB\",\"description\":\"Non Profit Athletics Program for the Province of New-Brunswick\",\"publisher\":{\"@id\":\"https:\\\/\\\/footballnb.ca\\\/#organization\"},\"potentialAction\":[{\"@type\":\"SearchAction\",\"target\":{\"@type\":\"EntryPoint\",\"urlTemplate\":\"https:\\\/\\\/footballnb.ca\\\/?s={search_term_string}\"},\"query-input\":{\"@type\":\"PropertyValueSpecification\",\"valueRequired\":true,\"valueName\":\"search_term_string\"}}],\"inLanguage\":\"fr-FR\"},{\"@type\":\"Organization\",\"@id\":\"https:\\\/\\\/footballnb.ca\\\/#organization\",\"name\":\"Football NB\",\"url\":\"https:\\\/\\\/footballnb.ca\\\/\",\"logo\":{\"@type\":\"ImageObject\",\"inLanguage\":\"fr-FR\",\"@id\":\"https:\\\/\\\/footballnb.ca\\\/#\\\/schema\\\/logo\\\/image\\\/\",\"url\":\"https:\\\/\\\/footballnb.ca\\\/wp-content\\\/uploads\\\/2022\\\/05\\\/fnblogo@2x.png\",\"contentUrl\":\"https:\\\/\\\/footballnb.ca\\\/wp-content\\\/uploads\\\/2022\\\/05\\\/fnblogo@2x.png\",\"width\":374,\"height\":243,\"caption\":\"Football NB\"},\"image\":{\"@id\":\"https:\\\/\\\/footballnb.ca\\\/#\\\/schema\\\/logo\\\/image\\\/\"}}]}<\/script>\n<!-- \/ Yoast SEO plugin. -->","yoast_head_json":{"title":"Programme de d\u00e9veloppement des entra\u00eeneurs de football f\u00e9minin - Football NB","robots":{"index":"index","follow":"follow","max-snippet":"max-snippet:-1","max-image-preview":"max-image-preview:large","max-video-preview":"max-video-preview:-1"},"canonical":"https:\/\/footballnb.ca\/womens-football-coach-development-program\/","og_locale":"fr_FR","og_type":"article","og_title":"Programme de d\u00e9veloppement des entra\u00eeneurs de football f\u00e9minin - Football NB","og_description":"Fi\u00e8rement pr\u00e9sent\u00e9 par Wabanaki Maple \u00c0 propos du programme Dans le but de d\u00e9velopper et d&rsquo;am\u00e9liorer le football f\u00e9minin, Football Nouveau-Brunswick lance un nouveau programme de formation d&rsquo;entra\u00eeneurs f\u00e9minins en partenariat avec Wabanaki Maple Syrup et le gouvernement du Nouveau-Brunswick ! La mission de ce programme est d&rsquo;am\u00e9liorer la qualit\u00e9 et la quantit\u00e9 d&rsquo;entra\u00eeneurs de [&hellip;]","og_url":"https:\/\/footballnb.ca\/womens-football-coach-development-program\/","og_site_name":"Football NB","article_modified_time":"2022-12-20T15:01:05+00:00","og_image":[{"url":"http:\/\/footballnb.ca\/wp-content\/uploads\/2022\/11\/Arseneault.jpg","type":"","width":"","height":""}],"twitter_card":"summary_large_image","twitter_misc":{"Dur\u00e9e de lecture estim\u00e9e":"3 minutes"},"schema":{"@context":"https:\/\/schema.org","@graph":[{"@type":"WebPage","@id":"https:\/\/footballnb.ca\/womens-football-coach-development-program\/","url":"https:\/\/footballnb.ca\/womens-football-coach-development-program\/","name":"Programme de d\u00e9veloppement des entra\u00eeneurs de football f\u00e9minin - Football NB","isPartOf":{"@id":"https:\/\/footballnb.ca\/#website"},"primaryImageOfPage":{"@id":"https:\/\/footballnb.ca\/womens-football-coach-development-program\/#primaryimage"},"image":{"@id":"https:\/\/footballnb.ca\/womens-football-coach-development-program\/#primaryimage"},"thumbnailUrl":"https:\/\/footballnb.ca\/wp-content\/uploads\/2022\/11\/Arseneault.jpg","datePublished":"2022-12-01T20:50:10+00:00","dateModified":"2022-12-20T15:01:05+00:00","breadcrumb":{"@id":"https:\/\/footballnb.ca\/womens-football-coach-development-program\/#breadcrumb"},"inLanguage":"fr-FR","potentialAction":[{"@type":"ReadAction","target":["https:\/\/footballnb.ca\/womens-football-coach-development-program\/"]}]},{"@type":"ImageObject","inLanguage":"fr-FR","@id":"https:\/\/footballnb.ca\/womens-football-coach-development-program\/#primaryimage","url":"https:\/\/footballnb.ca\/wp-content\/uploads\/2022\/11\/Arseneault.jpg","contentUrl":"https:\/\/footballnb.ca\/wp-content\/uploads\/2022\/11\/Arseneault.jpg"},{"@type":"BreadcrumbList","@id":"https:\/\/footballnb.ca\/womens-football-coach-development-program\/#breadcrumb","itemListElement":[{"@type":"ListItem","position":1,"name":"Home","item":"https:\/\/footballnb.ca\/fr\/"},{"@type":"ListItem","position":2,"name":"Programme de d\u00e9veloppement des entra\u00eeneurs de football f\u00e9minin"}]},{"@type":"WebSite","@id":"https:\/\/footballnb.ca\/#website","url":"https:\/\/footballnb.ca\/","name":"Football NB","description":"Non Profit Athletics Program for the Province of New-Brunswick","publisher":{"@id":"https:\/\/footballnb.ca\/#organization"},"potentialAction":[{"@type":"SearchAction","target":{"@type":"EntryPoint","urlTemplate":"https:\/\/footballnb.ca\/?s={search_term_string}"},"query-input":{"@type":"PropertyValueSpecification","valueRequired":true,"valueName":"search_term_string"}}],"inLanguage":"fr-FR"},{"@type":"Organization","@id":"https:\/\/footballnb.ca\/#organization","name":"Football NB","url":"https:\/\/footballnb.ca\/","logo":{"@type":"ImageObject","inLanguage":"fr-FR","@id":"https:\/\/footballnb.ca\/#\/schema\/logo\/image\/","url":"https:\/\/footballnb.ca\/wp-content\/uploads\/2022\/05\/fnblogo@2x.png","contentUrl":"https:\/\/footballnb.ca\/wp-content\/uploads\/2022\/05\/fnblogo@2x.png","width":374,"height":243,"caption":"Football NB"},"image":{"@id":"https:\/\/footballnb.ca\/#\/schema\/logo\/image\/"}}]}},"_links":{"self":[{"href":"https:\/\/footballnb.ca\/fr\/wp-json\/wp\/v2\/pages\/2874","targetHints":{"allow":["GET"]}}],"collection":[{"href":"https:\/\/footballnb.ca\/fr\/wp-json\/wp\/v2\/pages"}],"about":[{"href":"https:\/\/footballnb.ca\/fr\/wp-json\/wp\/v2\/types\/page"}],"author":[{"embeddable":true,"href":"https:\/\/footballnb.ca\/fr\/wp-json\/wp\/v2\/users\/3"}],"replies":[{"embeddable":true,"href":"https:\/\/footballnb.ca\/fr\/wp-json\/wp\/v2\/comments?post=2874"}],"version-history":[{"count":2,"href":"https:\/\/footballnb.ca\/fr\/wp-json\/wp\/v2\/pages\/2874\/revisions"}],"predecessor-version":[{"id":3365,"href":"https:\/\/footballnb.ca\/fr\/wp-json\/wp\/v2\/pages\/2874\/revisions\/3365"}],"wp:attachment":[{"href":"https:\/\/footballnb.ca\/fr\/wp-json\/wp\/v2\/media?parent=2874"}],"curies":[{"name":"wp","href":"https:\/\/api.w.org\/{rel}","templated":true}]}}