{"id":2877,"date":"2022-10-18T08:59:06","date_gmt":"2022-10-18T11:59:06","guid":{"rendered":"https:\/\/footballnb.ca\/hub-des-entraineurs\/"},"modified":"2022-12-20T10:59:47","modified_gmt":"2022-12-20T14:59:47","slug":"hub-des-entraineurs","status":"publish","type":"page","link":"https:\/\/footballnb.ca\/fr\/hub-des-entraineurs\/","title":{"rendered":"Hub des entra\u00eeneurs"},"content":{"rendered":"\n<div class=\"wp-block-cover alignfull wp-duotone-unset-1\" style=\"min-height:336px;aspect-ratio:unset;\"><span aria-hidden=\"true\" class=\"wp-block-cover__background has-primary-background-color has-background-dim-60 has-background-dim\"><\/span><video class=\"wp-block-cover__video-background intrinsic-ignore\" autoplay muted loop playsinline src=\"https:\/\/footballnb.ca\/wp-content\/uploads\/2022\/12\/New-Hero-1.mp4\" data-object-fit=\"cover\"><\/video><div class=\"wp-block-cover__inner-container is-layout-flow wp-block-cover-is-layout-flow\">\n<h3 class=\"has-text-align-center has-background-color has-text-color wp-block-heading\">Cela commence par vous<\/h3>\n\n\n\n<h2 class=\"has-text-align-center has-background-color has-text-color wp-block-heading\">Hub des entra\u00eeneurs<\/h2>\n<\/div><\/div>\n\n\n\n<div style=\"height:100px\" aria-hidden=\"true\" class=\"wp-block-spacer\"><\/div>\n\n\n\n<div class=\"wp-block-group alignwide is-layout-constrained wp-container-core-group-is-layout-a79a9386 wp-block-group-is-layout-constrained\">\n<div class=\"wp-block-columns is-layout-flex wp-container-core-columns-is-layout-28f84493 wp-block-columns-is-layout-flex\">\n<div class=\"wp-block-column is-layout-flow wp-block-column-is-layout-flow\" style=\"flex-basis:100%\">\n<div class=\"wp-block-columns is-layout-flex wp-container-core-columns-is-layout-34142c5b wp-block-columns-is-layout-flex\">\n<div class=\"wp-block-column is-layout-flow wp-block-column-is-layout-flow\">\n<div class=\"wp-block-stackable-image-box stk-block-image-box stk-hover-parent stk-block stk-694844c is-style-plain\" data-block-id=\"694844c\"><style>.stk-694844c{margin-bottom:0px !important}<\/style><div class=\"stk-block-content stk-inner-blocks has-text-align-left stk-row stk-block-image-box__content\">\n<div class=\"wp-block-stackable-image stk-block-image stk-block stk-ce94535\" data-block-id=\"ce94535\"><style>.stk-ce94535{padding-top:0px !important;padding-right:0px !important;padding-bottom:0px !important;padding-left:0px !important}.stk-ce94535 .stk-img-wrapper img{filter:saturate(1.8) sepia(0) grayscale(1) contrast(1) brightness(1.2) !important;transform:scale(1.05) !important;object-position:65% 46% !important}.stk-ce94535 .stk-img-wrapper:hover img{transform:scale(1.24) !important}:where(.stk-hover-parent:hover,.stk-hover-parent.stk--is-hovered) .stk-ce94535 .stk-img-wrapper img{transform:scale(1.24) !important}.stk-ce94535 .stk-img-wrapper{width:100% !important;height:260px !important;--stk-gradient-overlay:0.7 !important}:where(.stk-hover-parent:hover,.stk-hover-parent.stk--is-hovered) .stk-ce94535 .stk-img-wrapper{--stk-gradient-overlay:0.8 !important}.stk-ce94535 .stk-img-wrapper::after{background-color:#330808 !important}.stk-ce94535 .stk-img-wrapper:hover::after{background-color:#330808 !important}:where(.stk-hover-parent:hover,.stk-hover-parent.stk--is-hovered) .stk-ce94535 .stk-img-wrapper::after{background-color:#330808 !important}.stk-ce94535 .stk-img-wrapper::before{--stk-gradient-overlay:0.8 !important}.stk-ce94535 .stk-img-wrapper::after,.stk-ce94535 .stk-img-wrapper::before{mix-blend-mode:normal !important}<\/style><figure class=\"stk-img-wrapper stk-image--shape-stretch\"><img loading=\"lazy\" decoding=\"async\" class=\"stk-img wp-image-1066\" src=\"https:\/\/footballnb.ca\/wp-content\/uploads\/2022\/11\/STK5526.jpg\" width=\"853\" height=\"1280\" srcset=\"https:\/\/footballnb.ca\/wp-content\/uploads\/2022\/11\/STK5526.jpg 853w, https:\/\/footballnb.ca\/wp-content\/uploads\/2022\/11\/STK5526-600x900.jpg 600w, https:\/\/footballnb.ca\/wp-content\/uploads\/2022\/11\/STK5526-200x300.jpg 200w, https:\/\/footballnb.ca\/wp-content\/uploads\/2022\/11\/STK5526-682x1024.jpg 682w, https:\/\/footballnb.ca\/wp-content\/uploads\/2022\/11\/STK5526-768x1152.jpg 768w, https:\/\/footballnb.ca\/wp-content\/uploads\/2022\/11\/STK5526-100x150.jpg 100w\" sizes=\"auto, (max-width: 853px) 100vw, 853px\" \/><\/figure><\/div>\n\n\n\n<div class=\"wp-block-stackable-column stk-block-column stk-block-column--v2 stk-column stk-block stk-23380c2\" data-block-id=\"23380c2\"><style>.stk-23380c2-container{padding-top:30px !important;padding-right:30px !important;padding-bottom:0px !important;padding-left:30px !important;display:flex !important}.stk-23380c2-inner-blocks{justify-content:flex-end !important}.stk-23380c2-container{flex-direction:column !important}<\/style><div class=\"stk-column-wrapper stk-block-column__content stk-container stk-23380c2-container stk--no-background stk--no-padding\"><div class=\"stk-block-content stk-inner-blocks stk-23380c2-inner-blocks\">\n<h4 class=\"has-text-align-left has-background-color has-text-color wp-block-heading\">Programme national de certification des entra\u00eeneurs<\/h4>\n<\/div><\/div><\/div>\n<\/div><a class=\"stk-link stk-block-link stk--transparent-overlay\" href=\"https:\/\/footballnb.ca\/fr\/programme-national-de-certification-des-entraineurs-pnce\/\"><\/a><\/div>\n<\/div>\n\n\n\n<div class=\"wp-block-column is-layout-flow wp-block-column-is-layout-flow\">\n<div class=\"wp-block-stackable-image-box stk-block-image-box stk-hover-parent stk-block stk-2cc225e is-style-plain\" data-block-id=\"2cc225e\"><style>.stk-2cc225e{margin-bottom:0px !important}<\/style><div class=\"stk-block-content stk-inner-blocks has-text-align-left stk-row stk-block-image-box__content\">\n<div class=\"wp-block-stackable-image stk-block-image stk-block stk-3c34a6c\" data-block-id=\"3c34a6c\"><style>.stk-3c34a6c{padding-top:0px !important;padding-right:0px !important;padding-bottom:0px !important;padding-left:0px !important}.stk-3c34a6c .stk-img-wrapper img{filter:grayscale(1) brightness(1.2) contrast(1.2) !important;transform:scale(1.05) !important;object-position:52% 14.000000000000002% !important}.stk-3c34a6c .stk-img-wrapper:hover img{transform:scale(1.24) !important}:where(.stk-hover-parent:hover,.stk-hover-parent.stk--is-hovered) .stk-3c34a6c .stk-img-wrapper img{transform:scale(1.24) !important}.stk-3c34a6c .stk-img-wrapper{width:100% !important;height:260px !important;--stk-gradient-overlay:0.7 !important}:where(.stk-hover-parent:hover,.stk-hover-parent.stk--is-hovered) .stk-3c34a6c .stk-img-wrapper{--stk-gradient-overlay:0.8 !important}.stk-3c34a6c .stk-img-wrapper::after{background-color:#330808 !important}.stk-3c34a6c .stk-img-wrapper:hover::after{background-color:#330808 !important}:where(.stk-hover-parent:hover,.stk-hover-parent.stk--is-hovered) .stk-3c34a6c .stk-img-wrapper::after{background-color:#330808 !important}.stk-3c34a6c .stk-img-wrapper::before{--stk-gradient-overlay:0.8 !important}.stk-3c34a6c .stk-img-wrapper::after,.stk-3c34a6c .stk-img-wrapper::before{mix-blend-mode:normal !important}<\/style><figure class=\"stk-img-wrapper stk-image--shape-stretch\"><img loading=\"lazy\" decoding=\"async\" class=\"stk-img wp-image-200\" src=\"https:\/\/footballnb.ca\/wp-content\/uploads\/2022\/05\/football@2x.jpg\" width=\"1708\" height=\"1754\" srcset=\"https:\/\/footballnb.ca\/wp-content\/uploads\/2022\/05\/football@2x.jpg 1708w, https:\/\/footballnb.ca\/wp-content\/uploads\/2022\/05\/football@2x-600x616.jpg 600w, https:\/\/footballnb.ca\/wp-content\/uploads\/2022\/05\/football@2x-292x300.jpg 292w, https:\/\/footballnb.ca\/wp-content\/uploads\/2022\/05\/football@2x-997x1024.jpg 997w, https:\/\/footballnb.ca\/wp-content\/uploads\/2022\/05\/football@2x-768x789.jpg 768w, https:\/\/footballnb.ca\/wp-content\/uploads\/2022\/05\/football@2x-1496x1536.jpg 1496w, https:\/\/footballnb.ca\/wp-content\/uploads\/2022\/05\/football@2x-450x462.jpg 450w\" sizes=\"auto, (max-width: 1708px) 100vw, 1708px\" \/><\/figure><\/div>\n\n\n\n<div class=\"wp-block-stackable-column stk-block-column stk-block-column--v2 stk-column stk-block stk-8c8f6b9\" data-block-id=\"8c8f6b9\"><style>.stk-8c8f6b9-container{padding-top:30px !important;padding-right:30px !important;padding-bottom:0px !important;padding-left:30px !important;display:flex !important}.stk-8c8f6b9-inner-blocks{justify-content:flex-end !important}.stk-8c8f6b9-container{flex-direction:column !important}<\/style><div class=\"stk-column-wrapper stk-block-column__content stk-container stk-8c8f6b9-container stk--no-background stk--no-padding\"><div class=\"stk-block-content stk-inner-blocks stk-8c8f6b9-inner-blocks\">\n<h4 class=\"has-text-align-left has-background-color has-text-color wp-block-heading\">Trouver le PNCC  <br>Cliniques de  <br>Nouveau-Brunswick<\/h4>\n<\/div><\/div><\/div>\n<\/div><a class=\"stk-link stk-block-link stk--transparent-overlay\" href=\"https:\/\/footballnb.ca\/fr\/category\/coaching-fr\/\"><\/a><\/div>\n<\/div>\n<\/div>\n<\/div>\n<\/div>\n<\/div>\n\n\n\n<div style=\"height:100px\" aria-hidden=\"true\" class=\"wp-block-spacer\"><\/div>\n\n\n\n<div class=\"wp-block-cover alignfull is-light\" style=\"min-height:365px;aspect-ratio:unset;\"><span aria-hidden=\"true\" class=\"wp-block-cover__background has-background-background-color has-background-dim-70 has-background-dim\"><\/span><img loading=\"lazy\" decoding=\"async\" width=\"2560\" height=\"1630\" class=\"wp-block-cover__image-background wp-image-378\" alt=\"\" src=\"https:\/\/footballnb.ca\/wp-content\/uploads\/2022\/06\/fnb-portal-bg-2-scaled.jpg\" style=\"object-position:42% 35%\" data-object-fit=\"cover\" data-object-position=\"42% 35%\" srcset=\"https:\/\/footballnb.ca\/wp-content\/uploads\/2022\/06\/fnb-portal-bg-2-scaled.jpg 2560w, https:\/\/footballnb.ca\/wp-content\/uploads\/2022\/06\/fnb-portal-bg-2-scaled-600x382.jpg 600w, https:\/\/footballnb.ca\/wp-content\/uploads\/2022\/06\/fnb-portal-bg-2-300x191.jpg 300w, https:\/\/footballnb.ca\/wp-content\/uploads\/2022\/06\/fnb-portal-bg-2-1024x652.jpg 1024w, https:\/\/footballnb.ca\/wp-content\/uploads\/2022\/06\/fnb-portal-bg-2-768x489.jpg 768w, https:\/\/footballnb.ca\/wp-content\/uploads\/2022\/06\/fnb-portal-bg-2-1536x978.jpg 1536w, https:\/\/footballnb.ca\/wp-content\/uploads\/2022\/06\/fnb-portal-bg-2-2048x1304.jpg 2048w, https:\/\/footballnb.ca\/wp-content\/uploads\/2022\/06\/fnb-portal-bg-2-scaled-450x287.jpg 450w, https:\/\/footballnb.ca\/wp-content\/uploads\/2022\/06\/fnb-portal-bg-2-100x64.jpg 100w\" sizes=\"auto, (max-width: 2560px) 100vw, 2560px\" \/><div class=\"wp-block-cover__inner-container is-layout-flow wp-block-cover-is-layout-flow\">\n<h3 class=\"has-text-align-center wp-block-heading\">Conna\u00eetre son m\u00e9tier<\/h3>\n\n\n\n<h2 class=\"has-text-align-center is-style-outline-text has-foreground-color has-text-color wp-block-heading\">Faites-vous \u00e9valuer<\/h2>\n\n\n\n<div class=\"wp-block-buttons is-content-justification-center is-layout-flex wp-container-core-buttons-is-layout-a89b3969 wp-block-buttons-is-layout-flex\">\n<div class=\"wp-block-button is-style-regular\"><a class=\"wp-block-button__link has-background-color has-text-color wp-element-button\" href=\"https:\/\/footballnb.ca\/fr\/faites-vous-evaluer\/\">D\u00e9but NOw<\/a><\/div>\n<\/div>\n<\/div><\/div>\n\n\n\n<div style=\"height:100px\" aria-hidden=\"true\" class=\"wp-block-spacer\"><\/div>\n\n\n\n<div class=\"wp-block-group alignwide is-layout-constrained wp-container-core-group-is-layout-a79a9386 wp-block-group-is-layout-constrained\">\n<div class=\"wp-block-columns alignwide is-layout-flex wp-container-core-columns-is-layout-00723822 wp-block-columns-is-layout-flex\">\n<div class=\"wp-block-column is-layout-flow wp-block-column-is-layout-flow\">\n<figure class=\"wp-block-image alignright size-large is-resized\"><img loading=\"lazy\" decoding=\"async\" src=\"https:\/\/footballnb.ca\/wp-content\/uploads\/2022\/11\/290071952_10166683669135088_9074577894511666366_n-edited.jpg\" alt=\"\" class=\"wp-image-1474\" width=\"451\" height=\"600\" srcset=\"https:\/\/footballnb.ca\/wp-content\/uploads\/2022\/11\/290071952_10166683669135088_9074577894511666366_n-edited.jpg 1115w, https:\/\/footballnb.ca\/wp-content\/uploads\/2022\/11\/290071952_10166683669135088_9074577894511666366_n-edited-600x800.jpg 600w, https:\/\/footballnb.ca\/wp-content\/uploads\/2022\/11\/290071952_10166683669135088_9074577894511666366_n-edited-225x300.jpg 225w, https:\/\/footballnb.ca\/wp-content\/uploads\/2022\/11\/290071952_10166683669135088_9074577894511666366_n-edited-768x1024.jpg 768w, https:\/\/footballnb.ca\/wp-content\/uploads\/2022\/11\/290071952_10166683669135088_9074577894511666366_n-edited-100x133.jpg 100w\" sizes=\"auto, (max-width: 451px) 100vw, 451px\" \/><\/figure>\n<\/div>\n\n\n\n<div class=\"wp-block-column is-vertically-aligned-center is-layout-flow wp-block-column-is-layout-flow\">\n<h4 class=\"wp-block-heading\">Ressources suppl\u00e9mentaires :<\/h4>\n\n\n\n<ul class=\"is-style-fancy\">\n<li><a href=\"https:\/\/drive.google.com\/drive\/folders\/1JlGdYxS54OcUQVZ4E4eYU3nNU_IHjlNP?fbclid=IwAR2OwfmrQss4a_QniPQh8C7Z8jE61oXZnDqg8J6935flFKfkpVeUefc45fI\">Ressources pour les entra\u00eeneurs<\/a><\/li>\n\n\n\n<li><a href=\"https:\/\/footballnb.ca\/fr\/frais-de-clinique-du-pnce\/\">Frais de clinique du PNCE<\/a><\/li>\n\n\n\n<li><a href=\"https:\/\/footballnb.ca\/fr\/comment-utiliser-le-casier\/\">Comment utiliser le casier<\/a><\/li>\n\n\n\n<li><a href=\"https:\/\/footballnb.ca\/fr\/parcours-des-entraineurs\/\">Parcours des entra\u00eeneurs<\/a><\/li>\n\n\n\n<li><a href=\"https:\/\/www.footballcanadamobile.com\/\" target=\"_blank\" rel=\"noreferrer noopener\">Application mobile de Football Canada<\/a><\/li>\n<\/ul>\n<\/div>\n<\/div>\n<\/div>\n\n\n\n<div style=\"height:100px\" aria-hidden=\"true\" class=\"wp-block-spacer\"><\/div>\n\n\n\n<p><\/p>\n\n\n\n<div class=\"wp-block-group alignfull has-primary-background-color has-background is-layout-constrained wp-container-core-group-is-layout-654e3bf1 wp-block-group-is-layout-constrained\" style=\"padding-top:65px;padding-right:30px;padding-bottom:65px;padding-left:30px\">\n<figure class=\"wp-block-image aligncenter size-full is-resized\"><img loading=\"lazy\" decoding=\"async\" src=\"https:\/\/footballnb.ca\/wp-content\/uploads\/2022\/11\/footer-logo.png\" alt=\"\" class=\"wp-image-1487\" width=\"150\" height=\"209\"\/><\/figure>\n\n\n\n<div style=\"height:20px\" aria-hidden=\"true\" class=\"wp-block-spacer\"><\/div>\n\n\n\n<h3 class=\"has-text-align-center has-background-color has-text-color wp-block-heading\">Pour des ressources suppl\u00e9mentaires  <br>visitez FootballCanada.com<\/h3>\n\n\n\n<div style=\"height:10px\" aria-hidden=\"true\" class=\"wp-block-spacer\"><\/div>\n\n\n\n<div class=\"wp-block-buttons is-content-justification-center is-layout-flex wp-container-core-buttons-is-layout-a89b3969 wp-block-buttons-is-layout-flex\">\n<div class=\"wp-block-button aligncenter is-style-outline is-style-outline--2\"><a class=\"wp-block-button__link has-background-color has-text-color wp-element-button\" href=\"https:\/\/footballcanada.com\/resources\/\" target=\"_blank\" rel=\"noreferrer noopener\">En savoir plus<\/a><\/div>\n<\/div>\n<\/div>\n","protected":false},"excerpt":{"rendered":"<p>Programme national de certification des entra\u00eeneurs Trouver le PNCC Cliniques de Nouveau-Brunswick Ressources suppl\u00e9mentaires : Pour des ressources suppl\u00e9mentaires visitez FootballCanada.com<\/p>\n","protected":false},"author":1,"featured_media":0,"parent":0,"menu_order":0,"comment_status":"closed","ping_status":"closed","template":"page-no-separators","meta":{"_acf_changed":false,"_coblocks_attr":"","_coblocks_dimensions":"","_coblocks_responsive_height":"","_coblocks_accordion_ie_support":"","footnotes":""},"class_list":["post-2877","page","type-page","status-publish","hentry"],"acf":[],"yoast_head":"<!-- This site is optimized with the Yoast SEO plugin v27.4 - https:\/\/yoast.com\/product\/yoast-seo-wordpress\/ -->\n<title>Hub des entra\u00eeneurs - Football NB<\/title>\n<meta name=\"robots\" content=\"index, follow, max-snippet:-1, max-image-preview:large, max-video-preview:-1\" \/>\n<link rel=\"canonical\" href=\"https:\/\/footballnb.ca\/coaches-hub\/\" \/>\n<meta property=\"og:locale\" content=\"fr_FR\" \/>\n<meta property=\"og:type\" content=\"article\" \/>\n<meta property=\"og:title\" content=\"Hub des entra\u00eeneurs - Football NB\" \/>\n<meta property=\"og:description\" content=\"Programme national de certification des entra\u00eeneurs Trouver le PNCC Cliniques de Nouveau-Brunswick Ressources suppl\u00e9mentaires : Pour des ressources suppl\u00e9mentaires visitez FootballCanada.com\" \/>\n<meta property=\"og:url\" content=\"https:\/\/footballnb.ca\/coaches-hub\/\" \/>\n<meta property=\"og:site_name\" content=\"Football NB\" \/>\n<meta property=\"article:modified_time\" content=\"2022-12-20T14:59:47+00:00\" \/>\n<meta property=\"og:image\" content=\"http:\/\/footballnb.ca\/wp-content\/uploads\/2022\/11\/STK5526.jpg\" \/>\n<meta name=\"twitter:card\" content=\"summary_large_image\" \/>\n<meta name=\"twitter:label1\" content=\"Dur\u00e9e de lecture estim\u00e9e\" \/>\n\t<meta name=\"twitter:data1\" content=\"2 minutes\" \/>\n<script type=\"application\/ld+json\" class=\"yoast-schema-graph\">{\"@context\":\"https:\\\/\\\/schema.org\",\"@graph\":[{\"@type\":\"WebPage\",\"@id\":\"https:\\\/\\\/footballnb.ca\\\/coaches-hub\\\/\",\"url\":\"https:\\\/\\\/footballnb.ca\\\/coaches-hub\\\/\",\"name\":\"Hub des entra\u00eeneurs - Football NB\",\"isPartOf\":{\"@id\":\"https:\\\/\\\/footballnb.ca\\\/#website\"},\"primaryImageOfPage\":{\"@id\":\"https:\\\/\\\/footballnb.ca\\\/coaches-hub\\\/#primaryimage\"},\"image\":{\"@id\":\"https:\\\/\\\/footballnb.ca\\\/coaches-hub\\\/#primaryimage\"},\"thumbnailUrl\":\"https:\\\/\\\/footballnb.ca\\\/wp-content\\\/uploads\\\/2022\\\/11\\\/STK5526.jpg\",\"datePublished\":\"2022-10-18T11:59:06+00:00\",\"dateModified\":\"2022-12-20T14:59:47+00:00\",\"breadcrumb\":{\"@id\":\"https:\\\/\\\/footballnb.ca\\\/coaches-hub\\\/#breadcrumb\"},\"inLanguage\":\"fr-FR\",\"potentialAction\":[{\"@type\":\"ReadAction\",\"target\":[\"https:\\\/\\\/footballnb.ca\\\/coaches-hub\\\/\"]}]},{\"@type\":\"ImageObject\",\"inLanguage\":\"fr-FR\",\"@id\":\"https:\\\/\\\/footballnb.ca\\\/coaches-hub\\\/#primaryimage\",\"url\":\"https:\\\/\\\/footballnb.ca\\\/wp-content\\\/uploads\\\/2022\\\/11\\\/STK5526.jpg\",\"contentUrl\":\"https:\\\/\\\/footballnb.ca\\\/wp-content\\\/uploads\\\/2022\\\/11\\\/STK5526.jpg\"},{\"@type\":\"BreadcrumbList\",\"@id\":\"https:\\\/\\\/footballnb.ca\\\/coaches-hub\\\/#breadcrumb\",\"itemListElement\":[{\"@type\":\"ListItem\",\"position\":1,\"name\":\"Home\",\"item\":\"https:\\\/\\\/footballnb.ca\\\/fr\\\/\"},{\"@type\":\"ListItem\",\"position\":2,\"name\":\"Hub des entra\u00eeneurs\"}]},{\"@type\":\"WebSite\",\"@id\":\"https:\\\/\\\/footballnb.ca\\\/#website\",\"url\":\"https:\\\/\\\/footballnb.ca\\\/\",\"name\":\"Football NB\",\"description\":\"Non Profit Athletics Program for the Province of New-Brunswick\",\"publisher\":{\"@id\":\"https:\\\/\\\/footballnb.ca\\\/#organization\"},\"potentialAction\":[{\"@type\":\"SearchAction\",\"target\":{\"@type\":\"EntryPoint\",\"urlTemplate\":\"https:\\\/\\\/footballnb.ca\\\/?s={search_term_string}\"},\"query-input\":{\"@type\":\"PropertyValueSpecification\",\"valueRequired\":true,\"valueName\":\"search_term_string\"}}],\"inLanguage\":\"fr-FR\"},{\"@type\":\"Organization\",\"@id\":\"https:\\\/\\\/footballnb.ca\\\/#organization\",\"name\":\"Football NB\",\"url\":\"https:\\\/\\\/footballnb.ca\\\/\",\"logo\":{\"@type\":\"ImageObject\",\"inLanguage\":\"fr-FR\",\"@id\":\"https:\\\/\\\/footballnb.ca\\\/#\\\/schema\\\/logo\\\/image\\\/\",\"url\":\"https:\\\/\\\/footballnb.ca\\\/wp-content\\\/uploads\\\/2022\\\/05\\\/fnblogo@2x.png\",\"contentUrl\":\"https:\\\/\\\/footballnb.ca\\\/wp-content\\\/uploads\\\/2022\\\/05\\\/fnblogo@2x.png\",\"width\":374,\"height\":243,\"caption\":\"Football NB\"},\"image\":{\"@id\":\"https:\\\/\\\/footballnb.ca\\\/#\\\/schema\\\/logo\\\/image\\\/\"}}]}<\/script>\n<!-- \/ Yoast SEO plugin. -->","yoast_head_json":{"title":"Hub des entra\u00eeneurs - Football NB","robots":{"index":"index","follow":"follow","max-snippet":"max-snippet:-1","max-image-preview":"max-image-preview:large","max-video-preview":"max-video-preview:-1"},"canonical":"https:\/\/footballnb.ca\/coaches-hub\/","og_locale":"fr_FR","og_type":"article","og_title":"Hub des entra\u00eeneurs - Football NB","og_description":"Programme national de certification des entra\u00eeneurs Trouver le PNCC Cliniques de Nouveau-Brunswick Ressources suppl\u00e9mentaires : Pour des ressources suppl\u00e9mentaires visitez FootballCanada.com","og_url":"https:\/\/footballnb.ca\/coaches-hub\/","og_site_name":"Football NB","article_modified_time":"2022-12-20T14:59:47+00:00","og_image":[{"url":"http:\/\/footballnb.ca\/wp-content\/uploads\/2022\/11\/STK5526.jpg","type":"","width":"","height":""}],"twitter_card":"summary_large_image","twitter_misc":{"Dur\u00e9e de lecture estim\u00e9e":"2 minutes"},"schema":{"@context":"https:\/\/schema.org","@graph":[{"@type":"WebPage","@id":"https:\/\/footballnb.ca\/coaches-hub\/","url":"https:\/\/footballnb.ca\/coaches-hub\/","name":"Hub des entra\u00eeneurs - Football NB","isPartOf":{"@id":"https:\/\/footballnb.ca\/#website"},"primaryImageOfPage":{"@id":"https:\/\/footballnb.ca\/coaches-hub\/#primaryimage"},"image":{"@id":"https:\/\/footballnb.ca\/coaches-hub\/#primaryimage"},"thumbnailUrl":"https:\/\/footballnb.ca\/wp-content\/uploads\/2022\/11\/STK5526.jpg","datePublished":"2022-10-18T11:59:06+00:00","dateModified":"2022-12-20T14:59:47+00:00","breadcrumb":{"@id":"https:\/\/footballnb.ca\/coaches-hub\/#breadcrumb"},"inLanguage":"fr-FR","potentialAction":[{"@type":"ReadAction","target":["https:\/\/footballnb.ca\/coaches-hub\/"]}]},{"@type":"ImageObject","inLanguage":"fr-FR","@id":"https:\/\/footballnb.ca\/coaches-hub\/#primaryimage","url":"https:\/\/footballnb.ca\/wp-content\/uploads\/2022\/11\/STK5526.jpg","contentUrl":"https:\/\/footballnb.ca\/wp-content\/uploads\/2022\/11\/STK5526.jpg"},{"@type":"BreadcrumbList","@id":"https:\/\/footballnb.ca\/coaches-hub\/#breadcrumb","itemListElement":[{"@type":"ListItem","position":1,"name":"Home","item":"https:\/\/footballnb.ca\/fr\/"},{"@type":"ListItem","position":2,"name":"Hub des entra\u00eeneurs"}]},{"@type":"WebSite","@id":"https:\/\/footballnb.ca\/#website","url":"https:\/\/footballnb.ca\/","name":"Football NB","description":"Non Profit Athletics Program for the Province of New-Brunswick","publisher":{"@id":"https:\/\/footballnb.ca\/#organization"},"potentialAction":[{"@type":"SearchAction","target":{"@type":"EntryPoint","urlTemplate":"https:\/\/footballnb.ca\/?s={search_term_string}"},"query-input":{"@type":"PropertyValueSpecification","valueRequired":true,"valueName":"search_term_string"}}],"inLanguage":"fr-FR"},{"@type":"Organization","@id":"https:\/\/footballnb.ca\/#organization","name":"Football NB","url":"https:\/\/footballnb.ca\/","logo":{"@type":"ImageObject","inLanguage":"fr-FR","@id":"https:\/\/footballnb.ca\/#\/schema\/logo\/image\/","url":"https:\/\/footballnb.ca\/wp-content\/uploads\/2022\/05\/fnblogo@2x.png","contentUrl":"https:\/\/footballnb.ca\/wp-content\/uploads\/2022\/05\/fnblogo@2x.png","width":374,"height":243,"caption":"Football NB"},"image":{"@id":"https:\/\/footballnb.ca\/#\/schema\/logo\/image\/"}}]}},"_links":{"self":[{"href":"https:\/\/footballnb.ca\/fr\/wp-json\/wp\/v2\/pages\/2877","targetHints":{"allow":["GET"]}}],"collection":[{"href":"https:\/\/footballnb.ca\/fr\/wp-json\/wp\/v2\/pages"}],"about":[{"href":"https:\/\/footballnb.ca\/fr\/wp-json\/wp\/v2\/types\/page"}],"author":[{"embeddable":true,"href":"https:\/\/footballnb.ca\/fr\/wp-json\/wp\/v2\/users\/1"}],"replies":[{"embeddable":true,"href":"https:\/\/footballnb.ca\/fr\/wp-json\/wp\/v2\/comments?post=2877"}],"version-history":[{"count":2,"href":"https:\/\/footballnb.ca\/fr\/wp-json\/wp\/v2\/pages\/2877\/revisions"}],"predecessor-version":[{"id":3363,"href":"https:\/\/footballnb.ca\/fr\/wp-json\/wp\/v2\/pages\/2877\/revisions\/3363"}],"wp:attachment":[{"href":"https:\/\/footballnb.ca\/fr\/wp-json\/wp\/v2\/media?parent=2877"}],"curies":[{"name":"wp","href":"https:\/\/api.w.org\/{rel}","templated":true}]}}