{"id":2880,"date":"2022-05-19T09:09:24","date_gmt":"2022-05-19T12:09:24","guid":{"rendered":"https:\/\/footballnb.ca\/nous-contacter\/"},"modified":"2022-12-21T15:46:50","modified_gmt":"2022-12-21T19:46:50","slug":"nous-contacter","status":"publish","type":"page","link":"https:\/\/footballnb.ca\/fr\/nous-contacter\/","title":{"rendered":"Nous contacter"},"content":{"rendered":"\n<div class=\"wp-block-cover alignfull is-light\" style=\"min-height:403px;aspect-ratio:unset;\"><span aria-hidden=\"true\" class=\"wp-block-cover__background has-primary-background-color has-background-dim\"><\/span><video class=\"wp-block-cover__video-background intrinsic-ignore\" autoplay muted loop playsinline src=\"https:\/\/footballnb.ca\/wp-content\/uploads\/2022\/12\/New-Hero.mp4\" data-object-fit=\"cover\"><\/video><div class=\"wp-block-cover__inner-container is-layout-flow wp-block-cover-is-layout-flow\">\n<h1 class=\"has-text-align-center is-style-outline-text has-x-large-font-size wp-block-heading\">Nous contacter<\/h1>\n<\/div><\/div>\n\n\n\n<div style=\"height:61px\" aria-hidden=\"true\" class=\"wp-block-spacer\"><\/div>\n\n\n\n<div class=\"wp-block-columns alignwide is-style-with-gap is-layout-flex wp-container-core-columns-is-layout-28f84493 wp-block-columns-is-layout-flex\">\n<div class=\"wp-block-column is-layout-flow wp-block-column-is-layout-flow\" style=\"padding-top:40px;padding-right:40px;padding-bottom:40px;padding-left:40px;flex-basis:33.33%\">\n<div class=\"wp-block-group has-background-grey-background-color has-background is-layout-flow wp-block-group-is-layout-flow\" style=\"padding-top:40px;padding-right:40px;padding-bottom:40px;padding-left:40px\">\n<h6 class=\"wp-block-heading\">Adresse postale<\/h6>\n\n\n\n<p>Football New Brunswick Inc.<br>PO Box 29039 Moncton North End Moncton, NB<br>E1G4R3<\/p>\n<\/div>\n<\/div>\n\n\n\n<div class=\"wp-block-column is-vertically-aligned-top is-layout-flow wp-block-column-is-layout-flow\" style=\"padding-top:40px;padding-right:40px;padding-bottom:40px;padding-left:40px;flex-basis:66.66%\">\n<div class=\"forminator-guttenberg\"><\/div>\n<\/div>\n<\/div>\n\n\n\n<div style=\"height:100px\" aria-hidden=\"true\" class=\"wp-block-spacer\"><\/div>\n\n\n\n<h3 class=\"has-text-align-center wp-block-heading\">Nous sommes l\u00e0 pour vous aider<\/h3>\n\n\n\n<h2 class=\"has-text-align-center has-secondary-color has-text-color wp-block-heading\">Informations de contact directes<\/h2>\n\n\n\n<div style=\"height:20px\" aria-hidden=\"true\" class=\"wp-block-spacer\"><\/div>\n\n\n\n<div class=\"wp-block-group alignwide is-layout-constrained wp-container-core-group-is-layout-a79a9386 wp-block-group-is-layout-constrained\">\n<div class=\"wp-block-columns alignwide is-style-with-gap is-layout-flex wp-container-core-columns-is-layout-28f84493 wp-block-columns-is-layout-flex\">\n<div class=\"wp-block-column is-layout-flow wp-block-column-is-layout-flow\">\n<h3 class=\"has-secondary-color has-text-color has-small-font-size wp-block-heading\" style=\"margin-bottom:10px\">Directeur ex\u00e9cutif<\/h3>\n\n\n\n<p><strong>Josh Harris<\/strong><br><a href=\"mailto:aaron.harper@FootballNB.ca\">josh.harris@footballnb.ca<\/a><br>506-889-4481<\/p>\n<\/div>\n\n\n\n<div class=\"wp-block-column is-layout-flow wp-block-column-is-layout-flow\">\n<h3 class=\"has-text-align-left has-secondary-color has-text-color has-small-font-size wp-block-heading\" style=\"margin-bottom:10px\">Directeur, Op\u00e9rations football<\/h3>\n\n\n\n<p><strong>Jon Wilkinson<br><\/strong><a href=\"mailto:jon.wilkinson@footballnb.ca\">jon.wilkinson@footballnb.ca<\/a><br>506-292-9031<\/p>\n<\/div>\n\n\n\n<div class=\"wp-block-column is-layout-flow wp-block-column-is-layout-flow\">\n<h3 class=\"has-text-align-left has-secondary-color has-text-color has-small-font-size wp-block-heading\" style=\"margin-bottom:10px\">Directeur de la haute performance<\/h3>\n\n\n\n<p><strong>Aaron Harper<\/strong><br><a href=\"mailto:aaron.harper@FootballNB.ca\">aaron.harper@Footballnb.ca<\/a><br>506-889-1165<\/p>\n<\/div>\n<\/div>\n<\/div>\n\n\n\n<div class=\"wp-block-columns is-style-with-gap is-layout-flex wp-container-core-columns-is-layout-28f84493 wp-block-columns-is-layout-flex\">\n<div class=\"wp-block-column is-layout-flow wp-block-column-is-layout-flow\" style=\"flex-basis:100%\"><\/div>\n<\/div>\n\n\n\n<div style=\"height:100px\" aria-hidden=\"true\" class=\"wp-block-spacer\"><\/div>\n\n\n\n<div class=\"wp-block-cover alignfull\" style=\"padding-top:80px;padding-right:8%;padding-bottom:50px;padding-left:8%;min-height:400px;aspect-ratio:unset;\"><span aria-hidden=\"true\" class=\"wp-block-cover__background has-background-dim-60 has-background-dim\"><\/span><img loading=\"lazy\" decoding=\"async\" width=\"2560\" height=\"839\" class=\"wp-block-cover__image-background wp-image-138\" alt=\"\" src=\"https:\/\/footballnb.ca\/wp-content\/uploads\/2022\/05\/field@2x-scaled.jpg\" style=\"object-position:66% 44%\" data-object-fit=\"cover\" data-object-position=\"66% 44%\" srcset=\"https:\/\/footballnb.ca\/wp-content\/uploads\/2022\/05\/field@2x-scaled.jpg 2560w, https:\/\/footballnb.ca\/wp-content\/uploads\/2022\/05\/field@2x-scaled-600x197.jpg 600w, https:\/\/footballnb.ca\/wp-content\/uploads\/2022\/05\/field@2x-300x98.jpg 300w, https:\/\/footballnb.ca\/wp-content\/uploads\/2022\/05\/field@2x-1024x336.jpg 1024w, https:\/\/footballnb.ca\/wp-content\/uploads\/2022\/05\/field@2x-768x252.jpg 768w, https:\/\/footballnb.ca\/wp-content\/uploads\/2022\/05\/field@2x-1536x503.jpg 1536w, https:\/\/footballnb.ca\/wp-content\/uploads\/2022\/05\/field@2x-2048x671.jpg 2048w, https:\/\/footballnb.ca\/wp-content\/uploads\/2022\/05\/field@2x-scaled-450x147.jpg 450w\" sizes=\"auto, (max-width: 2560px) 100vw, 2560px\" \/><div class=\"wp-block-cover__inner-container is-layout-flow wp-block-cover-is-layout-flow\">\n<div class=\"wp-block-columns is-layout-flex wp-container-core-columns-is-layout-28f84493 wp-block-columns-is-layout-flex\">\n<div class=\"wp-block-column is-vertically-aligned-center is-layout-flow wp-block-column-is-layout-flow\">\n<h3 class=\"wp-block-heading\">RESTER DANS LE JEU<\/h3>\n\n\n\n<h2 class=\"wp-block-heading\"><em>S&rsquo;INSCRIRE POUR<br>NOTRE LETTRE D&rsquo;INFORMATION<\/em><\/h2>\n<\/div>\n\n\n\n<div class=\"wp-block-column is-vertically-aligned-bottom is-layout-flow wp-block-column-is-layout-flow\">\n<div style=\"height:55px\" aria-hidden=\"true\" class=\"wp-block-spacer\"><\/div>\n\n\n\n<!-- Begin Mailchimp Signup Form -->\n<div id=\"mc_embed_signup\">\n<form action=\"https:\/\/footballnb.us17.list-manage.com\/subscribe\/post?u=4a777c38f75ba585fcbe5392f&amp;id=a27d5215bc\" method=\"post\" id=\"mc-embedded-subscribe-form\" name=\"mc-embedded-subscribe-form\" class=\"validate\" target=\"_blank\" novalidate=\"\">\n    <div id=\"mc_embed_signup_scroll\">\n\t\n<div class=\"mc-field-group\">\n\t<input type=\"email\" value=\"\" name=\"EMAIL\" placeholder=\"Email...\" class=\"required email\" id=\"mce-EMAIL\">\n<\/div>\n\t<div id=\"mce-responses\" class=\"clear foot\">\n\t\t<div class=\"response\" id=\"mce-error-response\" style=\"display:none\"><\/div>\n\t\t<div class=\"response\" id=\"mce-success-response\" style=\"display:none\"><\/div>\n\t<\/div>    <!-- real people should not fill this in and expect good things - do not remove this or risk form bot signups-->\n    <div style=\"position: absolute; left: -5000px;\" aria-hidden=\"true\"><input type=\"text\" name=\"b_4a777c38f75ba585fcbe5392f_a27d5215bc\" tabindex=\"-1\" value=\"\"><\/div>\n        <div class=\"optionalParent\">\n            <div class=\"clear foot\">\n                <input type=\"submit\" value=\"Soumettre\" name=\"subscribe\" id=\"mc-embedded-subscribe\" class=\"button\">\n              \n            <\/div>\n        <\/div>\n    <\/div>\n<\/form>\n<\/div>\n\n<!--End mc_embed_signup-->\n<\/div>\n<\/div>\n<\/div><\/div>\n","protected":false},"excerpt":{"rendered":"<p>Adresse postale Football New Brunswick Inc.PO Box 29039 Moncton North End Moncton, NBE1G4R3 Nous sommes l\u00e0 pour vous aider Informations de contact directes Directeur ex\u00e9cutif Josh Harrisjosh.harris@footballnb.ca506-889-4481 Directeur, Op\u00e9rations football Jon Wilkinsonjon.wilkinson@footballnb.ca506-292-9031 Directeur de la haute performance Aaron Harperaaron.harper@Footballnb.ca506-889-1165<\/p>\n","protected":false},"author":1,"featured_media":0,"parent":0,"menu_order":0,"comment_status":"closed","ping_status":"closed","template":"page-no-separators","meta":{"_acf_changed":false,"_coblocks_attr":"","_coblocks_dimensions":"","_coblocks_responsive_height":"","_coblocks_accordion_ie_support":"","footnotes":""},"class_list":["post-2880","page","type-page","status-publish","hentry"],"acf":[],"yoast_head":"<!-- This site is optimized with the Yoast SEO plugin v27.4 - https:\/\/yoast.com\/product\/yoast-seo-wordpress\/ -->\n<title>Nous contacter - Football NB<\/title>\n<meta name=\"robots\" content=\"index, follow, max-snippet:-1, max-image-preview:large, max-video-preview:-1\" \/>\n<link rel=\"canonical\" href=\"https:\/\/footballnb.ca\/contact-us\/\" \/>\n<meta property=\"og:locale\" content=\"fr_FR\" \/>\n<meta property=\"og:type\" content=\"article\" \/>\n<meta property=\"og:title\" content=\"Nous contacter - Football NB\" \/>\n<meta property=\"og:description\" content=\"Adresse postale Football New Brunswick Inc.PO Box 29039 Moncton North End Moncton, NBE1G4R3 Nous sommes l\u00e0 pour vous aider Informations de contact directes Directeur ex\u00e9cutif Josh Harrisjosh.harris@footballnb.ca506-889-4481 Directeur, Op\u00e9rations football Jon Wilkinsonjon.wilkinson@footballnb.ca506-292-9031 Directeur de la haute performance Aaron Harperaaron.harper@Footballnb.ca506-889-1165\" \/>\n<meta property=\"og:url\" content=\"https:\/\/footballnb.ca\/contact-us\/\" \/>\n<meta property=\"og:site_name\" content=\"Football NB\" \/>\n<meta property=\"article:modified_time\" content=\"2022-12-21T19:46:50+00:00\" \/>\n<meta property=\"og:image\" content=\"http:\/\/footballnb.ca\/wp-content\/uploads\/2022\/05\/field@2x-scaled.jpg\" \/>\n<meta name=\"twitter:card\" content=\"summary_large_image\" \/>\n<meta name=\"twitter:label1\" content=\"Dur\u00e9e de lecture estim\u00e9e\" \/>\n\t<meta name=\"twitter:data1\" content=\"1 minute\" \/>\n<script type=\"application\/ld+json\" class=\"yoast-schema-graph\">{\"@context\":\"https:\\\/\\\/schema.org\",\"@graph\":[{\"@type\":\"WebPage\",\"@id\":\"https:\\\/\\\/footballnb.ca\\\/contact-us\\\/\",\"url\":\"https:\\\/\\\/footballnb.ca\\\/contact-us\\\/\",\"name\":\"Nous contacter - Football NB\",\"isPartOf\":{\"@id\":\"https:\\\/\\\/footballnb.ca\\\/#website\"},\"primaryImageOfPage\":{\"@id\":\"https:\\\/\\\/footballnb.ca\\\/contact-us\\\/#primaryimage\"},\"image\":{\"@id\":\"https:\\\/\\\/footballnb.ca\\\/contact-us\\\/#primaryimage\"},\"thumbnailUrl\":\"https:\\\/\\\/footballnb.ca\\\/wp-content\\\/uploads\\\/2022\\\/05\\\/field@2x-scaled.jpg\",\"datePublished\":\"2022-05-19T12:09:24+00:00\",\"dateModified\":\"2022-12-21T19:46:50+00:00\",\"breadcrumb\":{\"@id\":\"https:\\\/\\\/footballnb.ca\\\/contact-us\\\/#breadcrumb\"},\"inLanguage\":\"fr-FR\",\"potentialAction\":[{\"@type\":\"ReadAction\",\"target\":[\"https:\\\/\\\/footballnb.ca\\\/contact-us\\\/\"]}]},{\"@type\":\"ImageObject\",\"inLanguage\":\"fr-FR\",\"@id\":\"https:\\\/\\\/footballnb.ca\\\/contact-us\\\/#primaryimage\",\"url\":\"https:\\\/\\\/footballnb.ca\\\/wp-content\\\/uploads\\\/2022\\\/05\\\/field@2x-scaled.jpg\",\"contentUrl\":\"https:\\\/\\\/footballnb.ca\\\/wp-content\\\/uploads\\\/2022\\\/05\\\/field@2x-scaled.jpg\"},{\"@type\":\"BreadcrumbList\",\"@id\":\"https:\\\/\\\/footballnb.ca\\\/contact-us\\\/#breadcrumb\",\"itemListElement\":[{\"@type\":\"ListItem\",\"position\":1,\"name\":\"Home\",\"item\":\"https:\\\/\\\/footballnb.ca\\\/fr\\\/\"},{\"@type\":\"ListItem\",\"position\":2,\"name\":\"Nous contacter\"}]},{\"@type\":\"WebSite\",\"@id\":\"https:\\\/\\\/footballnb.ca\\\/#website\",\"url\":\"https:\\\/\\\/footballnb.ca\\\/\",\"name\":\"Football NB\",\"description\":\"Non Profit Athletics Program for the Province of New-Brunswick\",\"publisher\":{\"@id\":\"https:\\\/\\\/footballnb.ca\\\/#organization\"},\"potentialAction\":[{\"@type\":\"SearchAction\",\"target\":{\"@type\":\"EntryPoint\",\"urlTemplate\":\"https:\\\/\\\/footballnb.ca\\\/?s={search_term_string}\"},\"query-input\":{\"@type\":\"PropertyValueSpecification\",\"valueRequired\":true,\"valueName\":\"search_term_string\"}}],\"inLanguage\":\"fr-FR\"},{\"@type\":\"Organization\",\"@id\":\"https:\\\/\\\/footballnb.ca\\\/#organization\",\"name\":\"Football NB\",\"url\":\"https:\\\/\\\/footballnb.ca\\\/\",\"logo\":{\"@type\":\"ImageObject\",\"inLanguage\":\"fr-FR\",\"@id\":\"https:\\\/\\\/footballnb.ca\\\/#\\\/schema\\\/logo\\\/image\\\/\",\"url\":\"https:\\\/\\\/footballnb.ca\\\/wp-content\\\/uploads\\\/2022\\\/05\\\/fnblogo@2x.png\",\"contentUrl\":\"https:\\\/\\\/footballnb.ca\\\/wp-content\\\/uploads\\\/2022\\\/05\\\/fnblogo@2x.png\",\"width\":374,\"height\":243,\"caption\":\"Football NB\"},\"image\":{\"@id\":\"https:\\\/\\\/footballnb.ca\\\/#\\\/schema\\\/logo\\\/image\\\/\"}}]}<\/script>\n<!-- \/ Yoast SEO plugin. -->","yoast_head_json":{"title":"Nous contacter - Football NB","robots":{"index":"index","follow":"follow","max-snippet":"max-snippet:-1","max-image-preview":"max-image-preview:large","max-video-preview":"max-video-preview:-1"},"canonical":"https:\/\/footballnb.ca\/contact-us\/","og_locale":"fr_FR","og_type":"article","og_title":"Nous contacter - Football NB","og_description":"Adresse postale Football New Brunswick Inc.PO Box 29039 Moncton North End Moncton, NBE1G4R3 Nous sommes l\u00e0 pour vous aider Informations de contact directes Directeur ex\u00e9cutif Josh Harrisjosh.harris@footballnb.ca506-889-4481 Directeur, Op\u00e9rations football Jon Wilkinsonjon.wilkinson@footballnb.ca506-292-9031 Directeur de la haute performance Aaron Harperaaron.harper@Footballnb.ca506-889-1165","og_url":"https:\/\/footballnb.ca\/contact-us\/","og_site_name":"Football NB","article_modified_time":"2022-12-21T19:46:50+00:00","og_image":[{"url":"http:\/\/footballnb.ca\/wp-content\/uploads\/2022\/05\/field@2x-scaled.jpg","type":"","width":"","height":""}],"twitter_card":"summary_large_image","twitter_misc":{"Dur\u00e9e de lecture estim\u00e9e":"1 minute"},"schema":{"@context":"https:\/\/schema.org","@graph":[{"@type":"WebPage","@id":"https:\/\/footballnb.ca\/contact-us\/","url":"https:\/\/footballnb.ca\/contact-us\/","name":"Nous contacter - Football NB","isPartOf":{"@id":"https:\/\/footballnb.ca\/#website"},"primaryImageOfPage":{"@id":"https:\/\/footballnb.ca\/contact-us\/#primaryimage"},"image":{"@id":"https:\/\/footballnb.ca\/contact-us\/#primaryimage"},"thumbnailUrl":"https:\/\/footballnb.ca\/wp-content\/uploads\/2022\/05\/field@2x-scaled.jpg","datePublished":"2022-05-19T12:09:24+00:00","dateModified":"2022-12-21T19:46:50+00:00","breadcrumb":{"@id":"https:\/\/footballnb.ca\/contact-us\/#breadcrumb"},"inLanguage":"fr-FR","potentialAction":[{"@type":"ReadAction","target":["https:\/\/footballnb.ca\/contact-us\/"]}]},{"@type":"ImageObject","inLanguage":"fr-FR","@id":"https:\/\/footballnb.ca\/contact-us\/#primaryimage","url":"https:\/\/footballnb.ca\/wp-content\/uploads\/2022\/05\/field@2x-scaled.jpg","contentUrl":"https:\/\/footballnb.ca\/wp-content\/uploads\/2022\/05\/field@2x-scaled.jpg"},{"@type":"BreadcrumbList","@id":"https:\/\/footballnb.ca\/contact-us\/#breadcrumb","itemListElement":[{"@type":"ListItem","position":1,"name":"Home","item":"https:\/\/footballnb.ca\/fr\/"},{"@type":"ListItem","position":2,"name":"Nous contacter"}]},{"@type":"WebSite","@id":"https:\/\/footballnb.ca\/#website","url":"https:\/\/footballnb.ca\/","name":"Football NB","description":"Non Profit Athletics Program for the Province of New-Brunswick","publisher":{"@id":"https:\/\/footballnb.ca\/#organization"},"potentialAction":[{"@type":"SearchAction","target":{"@type":"EntryPoint","urlTemplate":"https:\/\/footballnb.ca\/?s={search_term_string}"},"query-input":{"@type":"PropertyValueSpecification","valueRequired":true,"valueName":"search_term_string"}}],"inLanguage":"fr-FR"},{"@type":"Organization","@id":"https:\/\/footballnb.ca\/#organization","name":"Football NB","url":"https:\/\/footballnb.ca\/","logo":{"@type":"ImageObject","inLanguage":"fr-FR","@id":"https:\/\/footballnb.ca\/#\/schema\/logo\/image\/","url":"https:\/\/footballnb.ca\/wp-content\/uploads\/2022\/05\/fnblogo@2x.png","contentUrl":"https:\/\/footballnb.ca\/wp-content\/uploads\/2022\/05\/fnblogo@2x.png","width":374,"height":243,"caption":"Football NB"},"image":{"@id":"https:\/\/footballnb.ca\/#\/schema\/logo\/image\/"}}]}},"_links":{"self":[{"href":"https:\/\/footballnb.ca\/fr\/wp-json\/wp\/v2\/pages\/2880","targetHints":{"allow":["GET"]}}],"collection":[{"href":"https:\/\/footballnb.ca\/fr\/wp-json\/wp\/v2\/pages"}],"about":[{"href":"https:\/\/footballnb.ca\/fr\/wp-json\/wp\/v2\/types\/page"}],"author":[{"embeddable":true,"href":"https:\/\/footballnb.ca\/fr\/wp-json\/wp\/v2\/users\/1"}],"replies":[{"embeddable":true,"href":"https:\/\/footballnb.ca\/fr\/wp-json\/wp\/v2\/comments?post=2880"}],"version-history":[{"count":2,"href":"https:\/\/footballnb.ca\/fr\/wp-json\/wp\/v2\/pages\/2880\/revisions"}],"predecessor-version":[{"id":3439,"href":"https:\/\/footballnb.ca\/fr\/wp-json\/wp\/v2\/pages\/2880\/revisions\/3439"}],"wp:attachment":[{"href":"https:\/\/footballnb.ca\/fr\/wp-json\/wp\/v2\/media?parent=2880"}],"curies":[{"name":"wp","href":"https:\/\/api.w.org\/{rel}","templated":true}]}}