{"id":2882,"date":"2022-10-14T11:52:28","date_gmt":"2022-10-14T14:52:28","guid":{"rendered":"https:\/\/footballnb.ca\/politiques-documents-constitution\/"},"modified":"2025-12-19T08:22:11","modified_gmt":"2025-12-19T12:22:11","slug":"politiques-documents-constitution","status":"publish","type":"page","link":"https:\/\/footballnb.ca\/fr\/politiques-documents-constitution\/","title":{"rendered":"Politiques, documents  <br>&amp; Constitution"},"content":{"rendered":"\n<h4 class=\"wp-block-heading\"><strong>R\u00c8GLEMENT ADMINISTRATIF<\/strong><\/h4>\n\n\n\n<ul class=\"wp-block-list is-style-fancy\">\n<li><a href=\"https:\/\/footballnb.ca\/wp-content\/uploads\/2025\/12\/FNB-Bylaw-October-14-2025_FR_FINAL.pdf\">R\u00e8glements Administratif<\/a><\/li>\n<\/ul>\n\n\n\n<div style=\"height:51px\" aria-hidden=\"true\" class=\"wp-block-spacer\"><\/div>\n\n\n\n<h4 class=\"wp-block-heading\">Championnat provincial  <br>R\u00e8gles et r\u00e8glements<\/h4>\n\n\n\n<ul class=\"wp-block-list is-style-fancy\">\n<li><a href=\"https:\/\/footballnb.ca\/wp-content\/uploads\/2022\/10\/fnb_constitution.pdf\" target=\"_blank\" rel=\"noreferrer noopener\">R\u00e8gles et r\u00e8glements du championnat provincial de football mineur<\/a><\/li>\n<\/ul>\n\n\n\n<div style=\"height:51px\" aria-hidden=\"true\" class=\"wp-block-spacer\"><\/div>\n\n\n\n<h4 class=\"wp-block-heading\">Adh\u00e9sion  <\/h4>\n\n\n\n<ul class=\"wp-block-list is-style-fancy\">\n<li><a href=\"https:\/\/footballnb.ca\/wp-content\/uploads\/2025\/12\/FNB-Policy-Membership-FR.pdf\" target=\"_blank\" rel=\"noreferrer noopener\">Politique d&rsquo;adh\u00e9sion compl\u00e8te<\/a><\/li>\n\n\n\n<li><a href=\"https:\/\/footballnb.ca\/wp-content\/uploads\/2025\/12\/Membership-Request-Form-FR.pdf\" target=\"_blank\" rel=\"noreferrer noopener\">Demande d&rsquo;adh\u00e9sion compl\u00e8te<\/a><\/li>\n\n\n\n<li><a href=\"https:\/\/footballnb.ca\/wp-content\/uploads\/2025\/12\/FNB-Policy-Affiliate-Membership-FR.pdf\">Politique d&rsquo;adh\u00e9sion des affili\u00e9s<\/a><\/li>\n\n\n\n<li><a href=\"http:\/\/affiliate_membership_request_form_-_fr\" target=\"_blank\" rel=\"noreferrer noopener\">Demande d&rsquo;adh\u00e9sion en tant que membre affili\u00e9<\/a><\/li>\n<\/ul>\n\n\n\n<div style=\"height:51px\" aria-hidden=\"true\" class=\"wp-block-spacer\"><\/div>\n\n\n\n<h4 class=\"wp-block-heading\">Sanctionner  <\/h4>\n\n\n\n<ul class=\"wp-block-list is-style-fancy\">\n<li><a href=\"https:\/\/footballnb.ca\/wp-content\/uploads\/2025\/12\/FNB-Policy-Sanction-FR.pdf\" target=\"_blank\" rel=\"noreferrer noopener\">Politique de sanction<\/a><\/li>\n\n\n\n<li><a href=\"https:\/\/footballnb.ca\/wp-content\/uploads\/2025\/12\/FNB-Sanction-Request-Form-FR.pdf\">Formulaire de demande de sanction<\/a><\/li>\n<\/ul>\n\n\n\n<div style=\"height:51px\" aria-hidden=\"true\" class=\"wp-block-spacer\"><\/div>\n\n\n\n<h4 class=\"wp-block-heading\">S\u00e9lection des b\u00e9n\u00e9voles et des officiels<\/h4>\n\n\n\n<ul class=\"wp-block-list is-style-fancy\">\n<li><a href=\"https:\/\/footballnb.ca\/wp-content\/uploads\/2025\/12\/FNB-Screening-Policy-FR.pdf\" target=\"_blank\" rel=\"noreferrer noopener\">Politique de d\u00e9pistage<\/a><\/li>\n<\/ul>\n\n\n\n<div style=\"height:50px\" aria-hidden=\"true\" class=\"wp-block-spacer\"><\/div>\n\n\n\n<figure class=\"wp-block-image\"><a href=\"http:\/\/www.backcheck.net\/FootballNB\/\"><img decoding=\"async\" src=\"http:\/\/fc-newbrunswick.goalline.ca\/news_images\/org_2800\/Image\/MyBackCheck.JPG\" alt=\"\"\/><\/a><\/figure>\n\n\n\n<p>Cliquez ici pour effectuer une v\u00e9rification en ligne du casier judiciaire  <\/p>\n\n\n\n<h6 class=\"wp-block-heading\" style=\"font-size:12px\">(veuillez v\u00e9rifier aupr\u00e8s de votre association avant de compl\u00e9ter)<\/h6>\n\n\n\n<div style=\"height:51px\" aria-hidden=\"true\" class=\"wp-block-spacer\"><\/div>\n\n\n\n<h4 class=\"wp-block-heading\">Autres politiques et documents<\/h4>\n\n\n\n<ul class=\"wp-block-list is-style-fancy\">\n<li><a href=\"https:\/\/footballnb.ca\/wp-content\/uploads\/2025\/12\/FR-FNB-Concussion-and-Return-to-Play-Policy.pdf\">Politique relative aux commotions c\u00e9r\u00e9brales et au retour au jeu<\/a><\/li>\n\n\n\n<li><a href=\"https:\/\/footballnb.ca\/wp-content\/uploads\/2025\/12\/FR-FNB-Policy-High-Performance-Coach-and-Player-Selection.pdf\" target=\"_blank\" rel=\"noreferrer noopener\">Politique de s\u00e9lection des joueurs et des entra\u00eeneurs de haut niveau<\/a><\/li>\n\n\n\n<li><a href=\"https:\/\/footballnb.ca\/wp-content\/uploads\/2025\/12\/FNB-Human-Resource-Policy-FR.pdf\" target=\"_blank\" rel=\"noreferrer noopener\">Politique des ressources humaines<\/a><\/li>\n\n\n\n<li><a href=\"https:\/\/footballnb.ca\/wp-content\/uploads\/2025\/12\/FNB-Inclusion-Policy-FR.pdf\" target=\"_blank\" rel=\"noreferrer noopener\">Politique d&rsquo;inclusion<\/a><\/li>\n\n\n\n<li><a href=\"https:\/\/footballnb.ca\/wp-content\/uploads\/2025\/12\/FNB-Policy-Refund-FR.pdf\" target=\"_blank\" rel=\"noreferrer noopener\">Politique de remboursement<\/a><\/li>\n\n\n\n<li><a href=\"https:\/\/footballnb.ca\/fr\/safe-sport\/\">Politique de s\u00e9curit\u00e9 du sport<\/a><\/li>\n\n\n\n<li><a href=\"https:\/\/footballnb.ca\/wp-content\/uploads\/2025\/12\/FNB-Policy-Safety-FR.pdf\">Politique de s\u00e9curit\u00e9<\/a><\/li>\n\n\n\n<li><a href=\"https:\/\/footballnb.ca\/wp-content\/uploads\/2022\/10\/fnb_-_social_media_policy.pdf\" target=\"_blank\" rel=\"noreferrer noopener\">Politique en mati\u00e8re de m\u00e9dias sociaux<\/a><\/li>\n\n\n\n<li><a href=\"https:\/\/footballnb.ca\/wp-content\/uploads\/2022\/10\/fnb_coaches_code_of_conduct.pdf\" target=\"_blank\" rel=\"noreferrer noopener\">Code de conduite des entra\u00eeneurs<\/a><\/li>\n\n\n\n<li><a href=\"https:\/\/footballnb.ca\/wp-content\/uploads\/2022\/10\/athlete_code_of_conduct_2018.pdf\" target=\"_blank\" rel=\"noreferrer noopener\">Code de conduite des athl\u00e8tes<\/a><\/li>\n\n\n\n<li><a href=\"https:\/\/footballnb.ca\/wp-content\/uploads\/2022\/10\/nb_sport_and_recreation_policy_framework-min.pdf\" target=\"_blank\" rel=\"noreferrer noopener\">Cadre strat\u00e9gique pour le sport et la r\u00e9cr\u00e9ation au Nouveau-Brunswick<\/a><\/li>\n\n\n\n<li><a href=\"https:\/\/footballnb.ca\/wp-content\/uploads\/2022\/10\/football_canada_vaccination_policy_nov_2021.pdf\" target=\"_blank\" rel=\"noreferrer noopener\">Politique de vaccination<\/a><\/li>\n<\/ul>\n\n\n\n<div style=\"height:100px\" aria-hidden=\"true\" class=\"wp-block-spacer\"><\/div>\n","protected":false},"excerpt":{"rendered":"<p>R\u00c8GLEMENT ADMINISTRATIF Championnat provincial R\u00e8gles et r\u00e8glements Adh\u00e9sion Sanctionner S\u00e9lection des b\u00e9n\u00e9voles et des officiels Cliquez ici pour effectuer une v\u00e9rification en ligne du casier judiciaire (veuillez v\u00e9rifier aupr\u00e8s de votre association avant de compl\u00e9ter) Autres politiques et documents<\/p>\n","protected":false},"author":1,"featured_media":0,"parent":0,"menu_order":0,"comment_status":"closed","ping_status":"closed","template":"","meta":{"_acf_changed":false,"_coblocks_attr":"","_coblocks_dimensions":"","_coblocks_responsive_height":"","_coblocks_accordion_ie_support":"","footnotes":""},"class_list":["post-2882","page","type-page","status-publish","hentry"],"acf":[],"yoast_head":"<!-- This site is optimized with the Yoast SEO plugin v27.4 - https:\/\/yoast.com\/product\/yoast-seo-wordpress\/ -->\n<title>Politiques, documents &amp; Constitution - Football NB<\/title>\n<meta name=\"robots\" content=\"index, follow, max-snippet:-1, max-image-preview:large, max-video-preview:-1\" \/>\n<link rel=\"canonical\" href=\"https:\/\/footballnb.ca\/fr\/politiques-documents-constitution\/\" \/>\n<meta property=\"og:locale\" content=\"fr_FR\" \/>\n<meta property=\"og:type\" content=\"article\" \/>\n<meta property=\"og:title\" content=\"Politiques, documents &amp; Constitution - Football NB\" \/>\n<meta property=\"og:description\" content=\"R\u00c8GLEMENT ADMINISTRATIF Championnat provincial R\u00e8gles et r\u00e8glements Adh\u00e9sion Sanctionner S\u00e9lection des b\u00e9n\u00e9voles et des officiels Cliquez ici pour effectuer une v\u00e9rification en ligne du casier judiciaire (veuillez v\u00e9rifier aupr\u00e8s de votre association avant de compl\u00e9ter) Autres politiques et documents\" \/>\n<meta property=\"og:url\" content=\"https:\/\/footballnb.ca\/fr\/politiques-documents-constitution\/\" \/>\n<meta property=\"og:site_name\" content=\"Football NB\" \/>\n<meta property=\"article:modified_time\" content=\"2025-12-19T12:22:11+00:00\" \/>\n<meta property=\"og:image\" content=\"http:\/\/fc-newbrunswick.goalline.ca\/news_images\/org_2800\/Image\/MyBackCheck.JPG\" \/>\n<meta name=\"twitter:card\" content=\"summary_large_image\" \/>\n<meta name=\"twitter:label1\" content=\"Dur\u00e9e de lecture estim\u00e9e\" \/>\n\t<meta name=\"twitter:data1\" content=\"1 minute\" \/>\n<script type=\"application\/ld+json\" class=\"yoast-schema-graph\">{\"@context\":\"https:\\\/\\\/schema.org\",\"@graph\":[{\"@type\":\"WebPage\",\"@id\":\"https:\\\/\\\/footballnb.ca\\\/fr\\\/politiques-documents-constitution\\\/\",\"url\":\"https:\\\/\\\/footballnb.ca\\\/fr\\\/politiques-documents-constitution\\\/\",\"name\":\"Politiques, documents &amp; Constitution - Football NB\",\"isPartOf\":{\"@id\":\"https:\\\/\\\/footballnb.ca\\\/#website\"},\"primaryImageOfPage\":{\"@id\":\"https:\\\/\\\/footballnb.ca\\\/fr\\\/politiques-documents-constitution\\\/#primaryimage\"},\"image\":{\"@id\":\"https:\\\/\\\/footballnb.ca\\\/fr\\\/politiques-documents-constitution\\\/#primaryimage\"},\"thumbnailUrl\":\"http:\\\/\\\/fc-newbrunswick.goalline.ca\\\/news_images\\\/org_2800\\\/Image\\\/MyBackCheck.JPG\",\"datePublished\":\"2022-10-14T14:52:28+00:00\",\"dateModified\":\"2025-12-19T12:22:11+00:00\",\"breadcrumb\":{\"@id\":\"https:\\\/\\\/footballnb.ca\\\/fr\\\/politiques-documents-constitution\\\/#breadcrumb\"},\"inLanguage\":\"fr-FR\",\"potentialAction\":[{\"@type\":\"ReadAction\",\"target\":[\"https:\\\/\\\/footballnb.ca\\\/fr\\\/politiques-documents-constitution\\\/\"]}]},{\"@type\":\"ImageObject\",\"inLanguage\":\"fr-FR\",\"@id\":\"https:\\\/\\\/footballnb.ca\\\/fr\\\/politiques-documents-constitution\\\/#primaryimage\",\"url\":\"http:\\\/\\\/fc-newbrunswick.goalline.ca\\\/news_images\\\/org_2800\\\/Image\\\/MyBackCheck.JPG\",\"contentUrl\":\"http:\\\/\\\/fc-newbrunswick.goalline.ca\\\/news_images\\\/org_2800\\\/Image\\\/MyBackCheck.JPG\"},{\"@type\":\"BreadcrumbList\",\"@id\":\"https:\\\/\\\/footballnb.ca\\\/fr\\\/politiques-documents-constitution\\\/#breadcrumb\",\"itemListElement\":[{\"@type\":\"ListItem\",\"position\":1,\"name\":\"Home\",\"item\":\"https:\\\/\\\/footballnb.ca\\\/fr\\\/\"},{\"@type\":\"ListItem\",\"position\":2,\"name\":\"Politiques, documents &amp; Constitution\"}]},{\"@type\":\"WebSite\",\"@id\":\"https:\\\/\\\/footballnb.ca\\\/#website\",\"url\":\"https:\\\/\\\/footballnb.ca\\\/\",\"name\":\"Football NB\",\"description\":\"Non Profit Athletics Program for the Province of New-Brunswick\",\"publisher\":{\"@id\":\"https:\\\/\\\/footballnb.ca\\\/#organization\"},\"potentialAction\":[{\"@type\":\"SearchAction\",\"target\":{\"@type\":\"EntryPoint\",\"urlTemplate\":\"https:\\\/\\\/footballnb.ca\\\/?s={search_term_string}\"},\"query-input\":{\"@type\":\"PropertyValueSpecification\",\"valueRequired\":true,\"valueName\":\"search_term_string\"}}],\"inLanguage\":\"fr-FR\"},{\"@type\":\"Organization\",\"@id\":\"https:\\\/\\\/footballnb.ca\\\/#organization\",\"name\":\"Football NB\",\"url\":\"https:\\\/\\\/footballnb.ca\\\/\",\"logo\":{\"@type\":\"ImageObject\",\"inLanguage\":\"fr-FR\",\"@id\":\"https:\\\/\\\/footballnb.ca\\\/#\\\/schema\\\/logo\\\/image\\\/\",\"url\":\"https:\\\/\\\/footballnb.ca\\\/wp-content\\\/uploads\\\/2022\\\/05\\\/fnblogo@2x.png\",\"contentUrl\":\"https:\\\/\\\/footballnb.ca\\\/wp-content\\\/uploads\\\/2022\\\/05\\\/fnblogo@2x.png\",\"width\":374,\"height\":243,\"caption\":\"Football NB\"},\"image\":{\"@id\":\"https:\\\/\\\/footballnb.ca\\\/#\\\/schema\\\/logo\\\/image\\\/\"}}]}<\/script>\n<!-- \/ Yoast SEO plugin. -->","yoast_head_json":{"title":"Politiques, documents &amp; Constitution - Football NB","robots":{"index":"index","follow":"follow","max-snippet":"max-snippet:-1","max-image-preview":"max-image-preview:large","max-video-preview":"max-video-preview:-1"},"canonical":"https:\/\/footballnb.ca\/fr\/politiques-documents-constitution\/","og_locale":"fr_FR","og_type":"article","og_title":"Politiques, documents &amp; Constitution - Football NB","og_description":"R\u00c8GLEMENT ADMINISTRATIF Championnat provincial R\u00e8gles et r\u00e8glements Adh\u00e9sion Sanctionner S\u00e9lection des b\u00e9n\u00e9voles et des officiels Cliquez ici pour effectuer une v\u00e9rification en ligne du casier judiciaire (veuillez v\u00e9rifier aupr\u00e8s de votre association avant de compl\u00e9ter) Autres politiques et documents","og_url":"https:\/\/footballnb.ca\/fr\/politiques-documents-constitution\/","og_site_name":"Football NB","article_modified_time":"2025-12-19T12:22:11+00:00","og_image":[{"url":"http:\/\/fc-newbrunswick.goalline.ca\/news_images\/org_2800\/Image\/MyBackCheck.JPG","type":"","width":"","height":""}],"twitter_card":"summary_large_image","twitter_misc":{"Dur\u00e9e de lecture estim\u00e9e":"1 minute"},"schema":{"@context":"https:\/\/schema.org","@graph":[{"@type":"WebPage","@id":"https:\/\/footballnb.ca\/fr\/politiques-documents-constitution\/","url":"https:\/\/footballnb.ca\/fr\/politiques-documents-constitution\/","name":"Politiques, documents &amp; Constitution - Football NB","isPartOf":{"@id":"https:\/\/footballnb.ca\/#website"},"primaryImageOfPage":{"@id":"https:\/\/footballnb.ca\/fr\/politiques-documents-constitution\/#primaryimage"},"image":{"@id":"https:\/\/footballnb.ca\/fr\/politiques-documents-constitution\/#primaryimage"},"thumbnailUrl":"http:\/\/fc-newbrunswick.goalline.ca\/news_images\/org_2800\/Image\/MyBackCheck.JPG","datePublished":"2022-10-14T14:52:28+00:00","dateModified":"2025-12-19T12:22:11+00:00","breadcrumb":{"@id":"https:\/\/footballnb.ca\/fr\/politiques-documents-constitution\/#breadcrumb"},"inLanguage":"fr-FR","potentialAction":[{"@type":"ReadAction","target":["https:\/\/footballnb.ca\/fr\/politiques-documents-constitution\/"]}]},{"@type":"ImageObject","inLanguage":"fr-FR","@id":"https:\/\/footballnb.ca\/fr\/politiques-documents-constitution\/#primaryimage","url":"http:\/\/fc-newbrunswick.goalline.ca\/news_images\/org_2800\/Image\/MyBackCheck.JPG","contentUrl":"http:\/\/fc-newbrunswick.goalline.ca\/news_images\/org_2800\/Image\/MyBackCheck.JPG"},{"@type":"BreadcrumbList","@id":"https:\/\/footballnb.ca\/fr\/politiques-documents-constitution\/#breadcrumb","itemListElement":[{"@type":"ListItem","position":1,"name":"Home","item":"https:\/\/footballnb.ca\/fr\/"},{"@type":"ListItem","position":2,"name":"Politiques, documents &amp; Constitution"}]},{"@type":"WebSite","@id":"https:\/\/footballnb.ca\/#website","url":"https:\/\/footballnb.ca\/","name":"Football NB","description":"Non Profit Athletics Program for the Province of New-Brunswick","publisher":{"@id":"https:\/\/footballnb.ca\/#organization"},"potentialAction":[{"@type":"SearchAction","target":{"@type":"EntryPoint","urlTemplate":"https:\/\/footballnb.ca\/?s={search_term_string}"},"query-input":{"@type":"PropertyValueSpecification","valueRequired":true,"valueName":"search_term_string"}}],"inLanguage":"fr-FR"},{"@type":"Organization","@id":"https:\/\/footballnb.ca\/#organization","name":"Football NB","url":"https:\/\/footballnb.ca\/","logo":{"@type":"ImageObject","inLanguage":"fr-FR","@id":"https:\/\/footballnb.ca\/#\/schema\/logo\/image\/","url":"https:\/\/footballnb.ca\/wp-content\/uploads\/2022\/05\/fnblogo@2x.png","contentUrl":"https:\/\/footballnb.ca\/wp-content\/uploads\/2022\/05\/fnblogo@2x.png","width":374,"height":243,"caption":"Football NB"},"image":{"@id":"https:\/\/footballnb.ca\/#\/schema\/logo\/image\/"}}]}},"_links":{"self":[{"href":"https:\/\/footballnb.ca\/fr\/wp-json\/wp\/v2\/pages\/2882","targetHints":{"allow":["GET"]}}],"collection":[{"href":"https:\/\/footballnb.ca\/fr\/wp-json\/wp\/v2\/pages"}],"about":[{"href":"https:\/\/footballnb.ca\/fr\/wp-json\/wp\/v2\/types\/page"}],"author":[{"embeddable":true,"href":"https:\/\/footballnb.ca\/fr\/wp-json\/wp\/v2\/users\/1"}],"replies":[{"embeddable":true,"href":"https:\/\/footballnb.ca\/fr\/wp-json\/wp\/v2\/comments?post=2882"}],"version-history":[{"count":7,"href":"https:\/\/footballnb.ca\/fr\/wp-json\/wp\/v2\/pages\/2882\/revisions"}],"predecessor-version":[{"id":23060,"href":"https:\/\/footballnb.ca\/fr\/wp-json\/wp\/v2\/pages\/2882\/revisions\/23060"}],"wp:attachment":[{"href":"https:\/\/footballnb.ca\/fr\/wp-json\/wp\/v2\/media?parent=2882"}],"curies":[{"name":"wp","href":"https:\/\/api.w.org\/{rel}","templated":true}]}}