{"id":2892,"date":"2022-10-14T11:23:53","date_gmt":"2022-10-14T14:23:53","guid":{"rendered":"https:\/\/footballnb.ca\/assurance-et-blessures\/"},"modified":"2022-12-15T20:30:52","modified_gmt":"2022-12-16T00:30:52","slug":"assurance-et-blessures","status":"publish","type":"page","link":"https:\/\/footballnb.ca\/fr\/assurance-et-blessures\/","title":{"rendered":"Assurance et blessures"},"content":{"rendered":"\n<h3 class=\"wp-block-heading\">Football NB offre une couverture d&rsquo;assurance \u00e0 tous ses membres, joueurs, entra\u00eeneurs et b\u00e9n\u00e9voles.<\/h3>\n\n<div style=\"height:55px\" aria-hidden=\"true\" class=\"wp-block-spacer\"><\/div>\n\n<h4 class=\"is-style-outline-text has-foreground-color has-text-color wp-block-heading\">R\u00e9clamations d&rsquo;assurance individuelle<\/h4>\n\n<p>Pour soumettre une demande d&rsquo;indemnisation, veuillez remplir le <a href=\"https:\/\/footballnb.ca\/files\/bfl_insurance_claim_-_football_nb.pdf\" target=\"_blank\" rel=\"noreferrer noopener\">formulaire d&rsquo;assurance <\/a>.  <br\/><br\/>Veuillez vous assurer que toutes les sections sont remplies et envoyez-les par courriel \u00e0 <a href=\"mailto:josh.harris@footballnb.ca\">josh.harris@footballnb.ca<\/a>.<br\/><br\/>*Note : L&rsquo;assurance Football NB ne s&rsquo;applique qu&rsquo;apr\u00e8s que le demandeur a \u00e9puis\u00e9 toutes les autres assurances maladie personnelles. Les demandes d&rsquo;indemnisation doivent tout de m\u00eame \u00eatre soumises au moment de la blessure pour s&rsquo;assurer que la couverture sera disponible si n\u00e9cessaire.<\/p>\n\n<div style=\"height:31px\" aria-hidden=\"true\" class=\"wp-block-spacer\"><\/div>\n\n<h4 class=\"is-style-outline-text has-foreground-color has-text-color wp-block-heading\">Demandes de certificats d&rsquo;assurance<\/h4>\n\n<p>Toute association membre \u00e0 part enti\u00e8re de Football NB qui a besoin d&rsquo;un certificat ou d&rsquo;une preuve d&rsquo;assurance peut remplir le formulaire de demande de certificat d&rsquo;assurance. <strong>\n  <a href=\"https:\/\/footballnb.ca\/wp-content\/uploads\/2022\/10\/football_nb_-_certificate_of_insurance_request.doc\" target=\"_blank\" rel=\"noreferrer noopener\">Demande de certificat d&rsquo;assurance de<\/a>\n<\/strong> et l&rsquo;envoyer par courriel \u00e0 <a href=\"mailto:josh.harris@footballnb.ca\">josh.harris@footballnb.ca.<\/a><\/p>\n\n<p>Veuillez pr\u00e9voir jusqu&rsquo;\u00e0 2 jours ouvrables pour le traitement<\/p>\n\n<div style=\"height:35px\" aria-hidden=\"true\" class=\"wp-block-spacer\"><\/div>\n\n<h4 class=\"is-style-outline-text has-foreground-color has-text-color wp-block-heading\">Sanction des \u00e9quipes ou des groupes<\/h4>\n\n<p>Toute \u00e9quipe, tout groupe ou toute association qui n&rsquo;est pas un membre \u00e0 part enti\u00e8re de Football NB et qui cherche \u00e0 obtenir une assurance doit remplir le <a href=\"https:\/\/footballnb.ca\/files\/fnb_sanction_form_-_covid-19_.docx\" target=\"_blank\" rel=\"noreferrer noopener\"><strong>formulaire de demande de sanction<\/strong> <\/a>et \u00eatre approuv\u00e9e par le conseil d&rsquo;administration de Football NB.<br\/><br\/>Veuillez soumettre les formulaires de demande \u00e0 <a href=\"mailto:josh.harris@footballnb.ca\">josh.harris@footballnb.ca<\/a> au plus tard 30 jours avant l&rsquo;\u00e9v\u00e9nement pr\u00e9vu.<\/p>\n\n<div style=\"height:100px\" aria-hidden=\"true\" class=\"wp-block-spacer\"><\/div>\n","protected":false},"excerpt":{"rendered":"<p>Football NB offre une couverture d&rsquo;assurance \u00e0 tous ses membres, joueurs, entra\u00eeneurs et b\u00e9n\u00e9voles. R\u00e9clamations d&rsquo;assurance individuelle Pour soumettre une demande d&rsquo;indemnisation, veuillez remplir le formulaire d&rsquo;assurance . Veuillez vous assurer que toutes les sections sont remplies et envoyez-les par courriel \u00e0 josh.harris@footballnb.ca. *Note : L&rsquo;assurance Football NB ne s&rsquo;applique qu&rsquo;apr\u00e8s que le demandeur a [&hellip;]<\/p>\n","protected":false},"author":1,"featured_media":0,"parent":0,"menu_order":0,"comment_status":"closed","ping_status":"closed","template":"","meta":{"_acf_changed":false,"_coblocks_attr":"","_coblocks_dimensions":"","_coblocks_responsive_height":"","_coblocks_accordion_ie_support":"","footnotes":""},"class_list":["post-2892","page","type-page","status-publish","hentry"],"acf":[],"yoast_head":"<!-- This site is optimized with the Yoast SEO plugin v27.4 - https:\/\/yoast.com\/product\/yoast-seo-wordpress\/ -->\n<title>Assurance et blessures - Football NB<\/title>\n<meta name=\"robots\" content=\"index, follow, max-snippet:-1, max-image-preview:large, max-video-preview:-1\" \/>\n<link rel=\"canonical\" href=\"https:\/\/footballnb.ca\/insurance-injuries\/\" \/>\n<meta property=\"og:locale\" content=\"fr_FR\" \/>\n<meta property=\"og:type\" content=\"article\" \/>\n<meta property=\"og:title\" content=\"Assurance et blessures - Football NB\" \/>\n<meta property=\"og:description\" content=\"Football NB offre une couverture d&rsquo;assurance \u00e0 tous ses membres, joueurs, entra\u00eeneurs et b\u00e9n\u00e9voles. R\u00e9clamations d&rsquo;assurance individuelle Pour soumettre une demande d&rsquo;indemnisation, veuillez remplir le formulaire d&rsquo;assurance . Veuillez vous assurer que toutes les sections sont remplies et envoyez-les par courriel \u00e0 josh.harris@footballnb.ca. *Note : L&rsquo;assurance Football NB ne s&rsquo;applique qu&rsquo;apr\u00e8s que le demandeur a [&hellip;]\" \/>\n<meta property=\"og:url\" content=\"https:\/\/footballnb.ca\/insurance-injuries\/\" \/>\n<meta property=\"og:site_name\" content=\"Football NB\" \/>\n<meta property=\"article:modified_time\" content=\"2022-12-16T00:30:52+00:00\" \/>\n<meta name=\"twitter:card\" content=\"summary_large_image\" \/>\n<meta name=\"twitter:label1\" content=\"Dur\u00e9e de lecture estim\u00e9e\" \/>\n\t<meta name=\"twitter:data1\" content=\"1 minute\" \/>\n<script type=\"application\/ld+json\" class=\"yoast-schema-graph\">{\"@context\":\"https:\\\/\\\/schema.org\",\"@graph\":[{\"@type\":\"WebPage\",\"@id\":\"https:\\\/\\\/footballnb.ca\\\/insurance-injuries\\\/\",\"url\":\"https:\\\/\\\/footballnb.ca\\\/insurance-injuries\\\/\",\"name\":\"Assurance et blessures - Football NB\",\"isPartOf\":{\"@id\":\"https:\\\/\\\/footballnb.ca\\\/#website\"},\"datePublished\":\"2022-10-14T14:23:53+00:00\",\"dateModified\":\"2022-12-16T00:30:52+00:00\",\"breadcrumb\":{\"@id\":\"https:\\\/\\\/footballnb.ca\\\/insurance-injuries\\\/#breadcrumb\"},\"inLanguage\":\"fr-FR\",\"potentialAction\":[{\"@type\":\"ReadAction\",\"target\":[\"https:\\\/\\\/footballnb.ca\\\/insurance-injuries\\\/\"]}]},{\"@type\":\"BreadcrumbList\",\"@id\":\"https:\\\/\\\/footballnb.ca\\\/insurance-injuries\\\/#breadcrumb\",\"itemListElement\":[{\"@type\":\"ListItem\",\"position\":1,\"name\":\"Home\",\"item\":\"https:\\\/\\\/footballnb.ca\\\/fr\\\/\"},{\"@type\":\"ListItem\",\"position\":2,\"name\":\"Assurance et blessures\"}]},{\"@type\":\"WebSite\",\"@id\":\"https:\\\/\\\/footballnb.ca\\\/#website\",\"url\":\"https:\\\/\\\/footballnb.ca\\\/\",\"name\":\"Football NB\",\"description\":\"Non Profit Athletics Program for the Province of New-Brunswick\",\"publisher\":{\"@id\":\"https:\\\/\\\/footballnb.ca\\\/#organization\"},\"potentialAction\":[{\"@type\":\"SearchAction\",\"target\":{\"@type\":\"EntryPoint\",\"urlTemplate\":\"https:\\\/\\\/footballnb.ca\\\/?s={search_term_string}\"},\"query-input\":{\"@type\":\"PropertyValueSpecification\",\"valueRequired\":true,\"valueName\":\"search_term_string\"}}],\"inLanguage\":\"fr-FR\"},{\"@type\":\"Organization\",\"@id\":\"https:\\\/\\\/footballnb.ca\\\/#organization\",\"name\":\"Football NB\",\"url\":\"https:\\\/\\\/footballnb.ca\\\/\",\"logo\":{\"@type\":\"ImageObject\",\"inLanguage\":\"fr-FR\",\"@id\":\"https:\\\/\\\/footballnb.ca\\\/#\\\/schema\\\/logo\\\/image\\\/\",\"url\":\"https:\\\/\\\/footballnb.ca\\\/wp-content\\\/uploads\\\/2022\\\/05\\\/fnblogo@2x.png\",\"contentUrl\":\"https:\\\/\\\/footballnb.ca\\\/wp-content\\\/uploads\\\/2022\\\/05\\\/fnblogo@2x.png\",\"width\":374,\"height\":243,\"caption\":\"Football NB\"},\"image\":{\"@id\":\"https:\\\/\\\/footballnb.ca\\\/#\\\/schema\\\/logo\\\/image\\\/\"}}]}<\/script>\n<!-- \/ Yoast SEO plugin. -->","yoast_head_json":{"title":"Assurance et blessures - Football NB","robots":{"index":"index","follow":"follow","max-snippet":"max-snippet:-1","max-image-preview":"max-image-preview:large","max-video-preview":"max-video-preview:-1"},"canonical":"https:\/\/footballnb.ca\/insurance-injuries\/","og_locale":"fr_FR","og_type":"article","og_title":"Assurance et blessures - Football NB","og_description":"Football NB offre une couverture d&rsquo;assurance \u00e0 tous ses membres, joueurs, entra\u00eeneurs et b\u00e9n\u00e9voles. R\u00e9clamations d&rsquo;assurance individuelle Pour soumettre une demande d&rsquo;indemnisation, veuillez remplir le formulaire d&rsquo;assurance . Veuillez vous assurer que toutes les sections sont remplies et envoyez-les par courriel \u00e0 josh.harris@footballnb.ca. *Note : L&rsquo;assurance Football NB ne s&rsquo;applique qu&rsquo;apr\u00e8s que le demandeur a [&hellip;]","og_url":"https:\/\/footballnb.ca\/insurance-injuries\/","og_site_name":"Football NB","article_modified_time":"2022-12-16T00:30:52+00:00","twitter_card":"summary_large_image","twitter_misc":{"Dur\u00e9e de lecture estim\u00e9e":"1 minute"},"schema":{"@context":"https:\/\/schema.org","@graph":[{"@type":"WebPage","@id":"https:\/\/footballnb.ca\/insurance-injuries\/","url":"https:\/\/footballnb.ca\/insurance-injuries\/","name":"Assurance et blessures - Football NB","isPartOf":{"@id":"https:\/\/footballnb.ca\/#website"},"datePublished":"2022-10-14T14:23:53+00:00","dateModified":"2022-12-16T00:30:52+00:00","breadcrumb":{"@id":"https:\/\/footballnb.ca\/insurance-injuries\/#breadcrumb"},"inLanguage":"fr-FR","potentialAction":[{"@type":"ReadAction","target":["https:\/\/footballnb.ca\/insurance-injuries\/"]}]},{"@type":"BreadcrumbList","@id":"https:\/\/footballnb.ca\/insurance-injuries\/#breadcrumb","itemListElement":[{"@type":"ListItem","position":1,"name":"Home","item":"https:\/\/footballnb.ca\/fr\/"},{"@type":"ListItem","position":2,"name":"Assurance et blessures"}]},{"@type":"WebSite","@id":"https:\/\/footballnb.ca\/#website","url":"https:\/\/footballnb.ca\/","name":"Football NB","description":"Non Profit Athletics Program for the Province of New-Brunswick","publisher":{"@id":"https:\/\/footballnb.ca\/#organization"},"potentialAction":[{"@type":"SearchAction","target":{"@type":"EntryPoint","urlTemplate":"https:\/\/footballnb.ca\/?s={search_term_string}"},"query-input":{"@type":"PropertyValueSpecification","valueRequired":true,"valueName":"search_term_string"}}],"inLanguage":"fr-FR"},{"@type":"Organization","@id":"https:\/\/footballnb.ca\/#organization","name":"Football NB","url":"https:\/\/footballnb.ca\/","logo":{"@type":"ImageObject","inLanguage":"fr-FR","@id":"https:\/\/footballnb.ca\/#\/schema\/logo\/image\/","url":"https:\/\/footballnb.ca\/wp-content\/uploads\/2022\/05\/fnblogo@2x.png","contentUrl":"https:\/\/footballnb.ca\/wp-content\/uploads\/2022\/05\/fnblogo@2x.png","width":374,"height":243,"caption":"Football NB"},"image":{"@id":"https:\/\/footballnb.ca\/#\/schema\/logo\/image\/"}}]}},"_links":{"self":[{"href":"https:\/\/footballnb.ca\/fr\/wp-json\/wp\/v2\/pages\/2892","targetHints":{"allow":["GET"]}}],"collection":[{"href":"https:\/\/footballnb.ca\/fr\/wp-json\/wp\/v2\/pages"}],"about":[{"href":"https:\/\/footballnb.ca\/fr\/wp-json\/wp\/v2\/types\/page"}],"author":[{"embeddable":true,"href":"https:\/\/footballnb.ca\/fr\/wp-json\/wp\/v2\/users\/1"}],"replies":[{"embeddable":true,"href":"https:\/\/footballnb.ca\/fr\/wp-json\/wp\/v2\/comments?post=2892"}],"version-history":[{"count":1,"href":"https:\/\/footballnb.ca\/fr\/wp-json\/wp\/v2\/pages\/2892\/revisions"}],"predecessor-version":[{"id":2893,"href":"https:\/\/footballnb.ca\/fr\/wp-json\/wp\/v2\/pages\/2892\/revisions\/2893"}],"wp:attachment":[{"href":"https:\/\/footballnb.ca\/fr\/wp-json\/wp\/v2\/media?parent=2892"}],"curies":[{"name":"wp","href":"https:\/\/api.w.org\/{rel}","templated":true}]}}