{"id":2911,"date":"2022-10-14T16:02:39","date_gmt":"2022-10-14T19:02:39","guid":{"rendered":"https:\/\/footballnb.ca\/volontaire-deles-laureats-de-lannee\/"},"modified":"2022-12-15T20:54:42","modified_gmt":"2022-12-16T00:54:42","slug":"volontaire-deles-laureats-de-lannee","status":"publish","type":"page","link":"https:\/\/footballnb.ca\/fr\/volontaire-deles-laureats-de-lannee\/","title":{"rendered":"Volontaire de<br>les laur\u00e9ats de l&rsquo;ann\u00e9e"},"content":{"rendered":"\n<div class=\"wp-block-group alignwide is-layout-flow wp-block-group-is-layout-flow\">\n<figure class=\"wp-block-table\"><table><thead><tr><th><strong>Ann\u00e9e<\/strong><\/th><th><strong>B\u00e9n\u00e9vole de l&rsquo;ann\u00e9e &#8211; U16<\/strong><\/th><th><strong>B\u00e9n\u00e9vole de l&rsquo;ann\u00e9e &#8211; U14<\/strong><\/th><th><strong>B\u00e9n\u00e9vole de l&rsquo;ann\u00e9e &#8211; U12<\/strong><\/th><th><strong>Prix Gridiron<\/strong><\/th><\/tr><\/thead><tbody><tr><td><strong>2021<\/strong><\/td><td>Colby Belliveau &#8211; GMFA<\/td><td>Ryan Davison &#8211; GMFA<\/td><td>Grayson Roy &#8211; FMFA<\/td><td>Joel Irvine &#8211; GMFA<\/td><\/tr><tr><td><strong>2020<\/strong><\/td><td>Aucune r\u00e9compense accord\u00e9e en raison du COVID<\/td><td>Aucune r\u00e9compense accord\u00e9e en raison du COVID<\/td><td>Aucune r\u00e9compense accord\u00e9e en raison du COVID<\/td><td>Aucune r\u00e9compense accord\u00e9e en raison du COVID<\/td><\/tr><tr><td><strong>2019<\/strong><\/td><td>Rusty Kirkpatrick &amp; Scott McNamee &#8211; FMFA<\/td><td>Chris Gallant &#8211; FMFA<\/td><td>Laura Kendall<\/td><td>Robyn Neil &#8211; CAMFA &amp; Jeramie Joudry FMFA<\/td><\/tr><tr><td><strong>2018<\/strong><\/td><td>Ron Dunfield &#8211; FMFA<\/td><td>Malcolm Appleby &amp; Jamie Wheaton &#8211; CAMFA<\/td><td>Jay Bullerwell &#8211; GMFA<\/td><td>Michael Mangusso &#8211; FMFA<\/td><\/tr><tr><td><strong>2017<\/strong><\/td><td>Joel Irvine &#8211; GMFA<\/td><td>Jeramie Joudry &#8211; FMFA<\/td><td>Brad Tremblay &#8211; CAMFA<\/td><td>Michelle Harrison &#8211; CAMFA<\/td><\/tr><tr><td><strong>2016<\/strong><\/td><td>Jason Murphy &#8211; GMFA<\/td><td>Dale Standing &#8211; CAMFA<\/td><td>Steve Waugh &#8211; GMFA<\/td><td>Claude LaBerge &#8211; MIRFA<\/td><\/tr><tr><td><strong>2015<\/strong><\/td><td>Shane Rawlines &#8211; CAMFA<\/td><td>Jeff Morton &#8211; FMFA<\/td><td>Jeramie Joudry &#8211; CAMFA<\/td><td>Andrew Allaby &#8211; CAMFA<\/td><\/tr><tr><td><strong>2014<\/strong><\/td><td>Karen Messer &#8211; FMFA<\/td><td>Jaret Phillips &#8211; CAMFA<\/td><td>Arliss Wilson &#8211; FMFA<\/td><td>Derrick et Brenda Stenhouse &#8211; GMFA<\/td><\/tr><tr><td><strong>2013<\/strong><\/td><td>Mike Scott &#8211; FMFA<\/td><td>Collin Steeves &#8211; CAMFA<\/td><td>\u00a0<\/td><td>Dennis Ronan &#8211; MFA<\/td><\/tr><tr><td><strong>2012<\/strong><\/td><td>Steve Spear- CAMFA<\/td><td>Andrew Allaby- CAMFA<\/td><td>\u00a0<\/td><td>Mike Murphy- FMFA<\/td><\/tr><tr><td><strong>2011<\/strong><\/td><td>Todd Shepherd- FMFA<\/td><td>Don Cooper- FMFA<\/td><td>\u00a0<\/td><td>Cheryl et Shaun O&rsquo;Leary- CAMFA<\/td><\/tr><tr><td><strong>2010<\/strong><\/td><td>Steve Drisdelle- CAMFA<\/td><td>Steve Spear- CAMFA<\/td><td>\u00a0<\/td><td>Travise Dow- MFA<\/td><\/tr><tr><td><strong>2009<\/strong><\/td><td>Vince Sturgeon- CAMFA<\/td><td>Ewart Kenney- CAMFA<\/td><td>\u00a0<\/td><td>Susan Ans- FMFA<\/td><\/tr><tr><td><strong>2008<\/strong><\/td><td>Brian Agnew- MFA<\/td><td>Jory Smith- CAMFA<\/td><td>\u00a0<\/td><td>Shawn et Tanya Kitchen- CAMFA<\/td><\/tr><tr><td><strong>2007<\/strong><\/td><td>Dave Blanchard- CAMFA<\/td><td>Mark Gallagher- FMFA<\/td><td>\u00a0<\/td><td>Ted DeWinter- FMFA<\/td><\/tr><tr><td><strong>2006<\/strong><\/td><td>Ian Pratt- FMFA<\/td><td>Ted DeWinter- FMFA<\/td><td>\u00a0<\/td><td>Vince Sturgeon- CAMFA<\/td><\/tr><tr><td><strong>2005<\/strong><\/td><td>Ed O&rsquo;Neill- FMFA<\/td><td>O.J. Burnett- CAMFA<\/td><td>\u00a0<\/td><td>Sheri Adams- MFA<\/td><\/tr><tr><td><strong>2004<\/strong><\/td><td>Mike Young- CAMFA<\/td><td>Chris Ives- FMFA<\/td><td>\u00a0<\/td><td>Michele Madore- CAMFA<\/td><\/tr><tr><td><strong>2003<\/strong><\/td><td>Jeff et Kelly Murdock- CAMFA<\/td><td>Derrick Brien- FMFA<\/td><td>\u00a0<\/td><td>Les Ryder- MFA<\/td><\/tr><tr><td><strong>2002<\/strong><\/td><td>Rusty Kirkpatrick- FMFA<\/td><td>Chuck Proudfoot- CAMFA<\/td><td>\u00a0<\/td><td>Dan Fearon- MFA<\/td><\/tr><tr><td><strong>2001<\/strong><\/td><td>Leonard Gervais- CAMFA  <\/td><td>Louis LeBlanc- MFA<\/td><td>\u00a0<\/td><td>Marion McIntyre- CAMFA<\/td><\/tr><tr><td><strong>2000<\/strong><\/td><td>Kris Bober &#8211; CAMFA<\/td><td>Jamie Smith &#8211; SMFA<\/td><td>\u00a0<\/td><td>\u00a0<\/td><\/tr><\/tbody><\/table><\/figure>\n\n\n\n<div style=\"height:45px\" aria-hidden=\"true\" class=\"wp-block-spacer\"><\/div>\n\n\n\n<figure class=\"wp-block-table\"><table><thead><tr><th>Ann\u00e9e<\/th><th>B\u00e9n\u00e9vole de l&rsquo;ann\u00e9e &#8211; Femmes et filles<\/th><th>B\u00e9n\u00e9vole de l&rsquo;ann\u00e9e &#8211; Adulte<\/th><th>B\u00e9n\u00e9vole de l&rsquo;ann\u00e9e &#8211; Flag\/Touch<\/th><\/tr><\/thead><tbody><tr><td><strong>2021<\/strong><\/td><td>Christine Lafolley, Lori Wightman et Pam Goodfellow &#8211; CAMFA<\/td><td>Dan McCullough &#8211; AFL\/MFL<\/td><td>Duane Guay &#8211; FMFA<\/td><\/tr><tr><td><strong>2020<\/strong><\/td><td>Aucune r\u00e9compense accord\u00e9e en raison du COVID<\/td><td>Aucune r\u00e9compense accord\u00e9e en raison du COVID<\/td><td>Aucune r\u00e9compense accord\u00e9e en raison du COVID<\/td><\/tr><tr><td><strong>2019<\/strong><\/td><td>Nicole Bernard<\/td><td>Eric Sabean &#8211; MFL<\/td><td>Joel Dickinson<\/td><\/tr><tr><td><strong>2018<\/strong><\/td><td>Tim Fox &#8211; CAMFA<\/td><td>Jeramie Joudry &#8211; MFL<\/td><td>Janice Jones &#8211; CAMFA<\/td><\/tr><tr><td><strong>2017<\/strong><\/td><td>Jaime MacLellan &#8211; GMFA<\/td><td>Jason Terris &#8211; MFL<\/td><td>Amanda Piron &#8211; CAMFA<\/td><\/tr><tr><td><strong>2016<\/strong><\/td><td>Merab Klein &#8211; FMFA<\/td><td>Dan McCullough &#8211; AFL\/MFL<\/td><td>Michelle Harrison &#8211; CAMFA<\/td><\/tr><tr><td><strong>2015<\/strong><\/td><td>Robyn Neil &#8211; CAMFA<\/td><td>Scott McNamee &#8211; MFL<\/td><td>Arliss Wilson &#8211; FMFA<\/td><\/tr><tr><td><strong>2014<\/strong><\/td><td>Darcy et Tracey Barker &#8211; FMFA<\/td><td>Trina Graves &#8211; MWFL<\/td><td>Paul Sheppard &#8211; CAMFA<\/td><\/tr><tr><td><strong>2013<\/strong><\/td><td>Cheryl O&rsquo;Leary &#8211; CAMFA<\/td><td>Dave Grandy &#8211; AFL<\/td><td>Michele Coleman &#8211; CAMFA<\/td><\/tr><tr><td><strong>2012<\/strong><\/td><td>Jenny Miller- MWFL<\/td><td>Mark Gallagher- MFL<\/td><td>Ryan Ward- CAMFA<\/td><\/tr><tr><td><strong>2011<\/strong><\/td><td>Hannah Hamilton- CAMFA<\/td><td>Bob Giffard- MFL<\/td><td>Cynthia Burnett- CAMFA<\/td><\/tr><tr><td><strong>2010<\/strong><\/td><td>Larry Harlow- \u00c9quipe nationale<\/td><td>Eric Sabean- MFL<\/td><td>Kelly Nichols-Moncton Flag<\/td><\/tr><tr><td><strong>2009<\/strong><\/td><td>Michelle Harrison- CAMFA<\/td><td>Barry Ogden- AFL<\/td><td>Robert Touchie-Fredericton Touch<\/td><\/tr><tr><td><strong>2008<\/strong><\/td><td>Lisa Harlow- MWFL<\/td><td>Jeff Reath- MFL<\/td><td>Chris Legault- Southern NB Touch<\/td><\/tr><\/tbody><\/table><\/figure>\n<\/div>\n\n<div style=\"height:40px\" aria-hidden=\"true\" class=\"wp-block-spacer\"><\/div>\n\n<h4 class=\"alignwide wp-block-heading\">L\u00e9gende<\/h4>\n\n<figure class=\"wp-block-table alignwide\"><table><tbody><tr><td>AFL<\/td><td>Ligue atlantique de football<\/td><\/tr><tr><td>CAMFA<\/td><td>Association de football mineur de la r\u00e9gion de la capitale<\/td><\/tr><tr><td>FMFA<\/td><td>Association de football mineur de Fundy<\/td><\/tr><tr><td>GMFA\/MFA<\/td><td>Association de football du Grand Moncton<\/td><\/tr><tr><td>MFL<\/td><td>Ligue de football des Maritimes<\/td><\/tr><tr><td>MWFL<\/td><td>Maritime Womens Football League<\/td><\/tr><tr><td>SMFA<\/td><td>Association de football mineur de Sackville<\/td><\/tr><\/tbody><\/table><\/figure>\n\n<div style=\"height:100px\" aria-hidden=\"true\" class=\"wp-block-spacer\"><\/div>\n","protected":false},"excerpt":{"rendered":"<p>Ann\u00e9e B\u00e9n\u00e9vole de l&rsquo;ann\u00e9e &#8211; U16 B\u00e9n\u00e9vole de l&rsquo;ann\u00e9e &#8211; U14 B\u00e9n\u00e9vole de l&rsquo;ann\u00e9e &#8211; U12 Prix Gridiron 2021 Colby Belliveau &#8211; GMFA Ryan Davison &#8211; GMFA Grayson Roy &#8211; FMFA Joel Irvine &#8211; GMFA 2020 Aucune r\u00e9compense accord\u00e9e en raison du COVID Aucune r\u00e9compense accord\u00e9e en raison du COVID Aucune r\u00e9compense accord\u00e9e en raison [&hellip;]<\/p>\n","protected":false},"author":1,"featured_media":0,"parent":0,"menu_order":0,"comment_status":"closed","ping_status":"closed","template":"","meta":{"_acf_changed":false,"_coblocks_attr":"","_coblocks_dimensions":"","_coblocks_responsive_height":"","_coblocks_accordion_ie_support":"","footnotes":""},"class_list":["post-2911","page","type-page","status-publish","hentry"],"acf":[],"yoast_head":"<!-- This site is optimized with the Yoast SEO plugin v27.5 - https:\/\/yoast.com\/product\/yoast-seo-wordpress\/ -->\n<title>Volontaire deles laur\u00e9ats de l&#039;ann\u00e9e - Football NB<\/title>\n<meta name=\"robots\" content=\"index, follow, max-snippet:-1, max-image-preview:large, max-video-preview:-1\" \/>\n<link rel=\"canonical\" href=\"https:\/\/footballnb.ca\/volunteer-of-the-year-recipients\/\" \/>\n<meta property=\"og:locale\" content=\"fr_FR\" \/>\n<meta property=\"og:type\" content=\"article\" \/>\n<meta property=\"og:title\" content=\"Volontaire deles laur\u00e9ats de l&#039;ann\u00e9e - Football NB\" \/>\n<meta property=\"og:description\" content=\"Ann\u00e9e B\u00e9n\u00e9vole de l&rsquo;ann\u00e9e &#8211; U16 B\u00e9n\u00e9vole de l&rsquo;ann\u00e9e &#8211; U14 B\u00e9n\u00e9vole de l&rsquo;ann\u00e9e &#8211; U12 Prix Gridiron 2021 Colby Belliveau &#8211; GMFA Ryan Davison &#8211; GMFA Grayson Roy &#8211; FMFA Joel Irvine &#8211; GMFA 2020 Aucune r\u00e9compense accord\u00e9e en raison du COVID Aucune r\u00e9compense accord\u00e9e en raison du COVID Aucune r\u00e9compense accord\u00e9e en raison [&hellip;]\" \/>\n<meta property=\"og:url\" content=\"https:\/\/footballnb.ca\/volunteer-of-the-year-recipients\/\" \/>\n<meta property=\"og:site_name\" content=\"Football NB\" \/>\n<meta property=\"article:modified_time\" content=\"2022-12-16T00:54:42+00:00\" \/>\n<meta name=\"twitter:card\" content=\"summary_large_image\" \/>\n<meta name=\"twitter:label1\" content=\"Dur\u00e9e de lecture estim\u00e9e\" \/>\n\t<meta name=\"twitter:data1\" content=\"2 minutes\" \/>\n<script type=\"application\/ld+json\" class=\"yoast-schema-graph\">{\"@context\":\"https:\\\/\\\/schema.org\",\"@graph\":[{\"@type\":\"WebPage\",\"@id\":\"https:\\\/\\\/footballnb.ca\\\/volunteer-of-the-year-recipients\\\/\",\"url\":\"https:\\\/\\\/footballnb.ca\\\/volunteer-of-the-year-recipients\\\/\",\"name\":\"Volontaire de les laur\u00e9ats de l'ann\u00e9e - Football NB\",\"isPartOf\":{\"@id\":\"https:\\\/\\\/footballnb.ca\\\/#website\"},\"datePublished\":\"2022-10-14T19:02:39+00:00\",\"dateModified\":\"2022-12-16T00:54:42+00:00\",\"breadcrumb\":{\"@id\":\"https:\\\/\\\/footballnb.ca\\\/volunteer-of-the-year-recipients\\\/#breadcrumb\"},\"inLanguage\":\"fr-FR\",\"potentialAction\":[{\"@type\":\"ReadAction\",\"target\":[\"https:\\\/\\\/footballnb.ca\\\/volunteer-of-the-year-recipients\\\/\"]}]},{\"@type\":\"BreadcrumbList\",\"@id\":\"https:\\\/\\\/footballnb.ca\\\/volunteer-of-the-year-recipients\\\/#breadcrumb\",\"itemListElement\":[{\"@type\":\"ListItem\",\"position\":1,\"name\":\"Home\",\"item\":\"https:\\\/\\\/footballnb.ca\\\/fr\\\/\"},{\"@type\":\"ListItem\",\"position\":2,\"name\":\"Volontaire deles laur\u00e9ats de l&#8217;ann\u00e9e\"}]},{\"@type\":\"WebSite\",\"@id\":\"https:\\\/\\\/footballnb.ca\\\/#website\",\"url\":\"https:\\\/\\\/footballnb.ca\\\/\",\"name\":\"Football NB\",\"description\":\"Non Profit Athletics Program for the Province of New-Brunswick\",\"publisher\":{\"@id\":\"https:\\\/\\\/footballnb.ca\\\/#organization\"},\"potentialAction\":[{\"@type\":\"SearchAction\",\"target\":{\"@type\":\"EntryPoint\",\"urlTemplate\":\"https:\\\/\\\/footballnb.ca\\\/?s={search_term_string}\"},\"query-input\":{\"@type\":\"PropertyValueSpecification\",\"valueRequired\":true,\"valueName\":\"search_term_string\"}}],\"inLanguage\":\"fr-FR\"},{\"@type\":\"Organization\",\"@id\":\"https:\\\/\\\/footballnb.ca\\\/#organization\",\"name\":\"Football NB\",\"url\":\"https:\\\/\\\/footballnb.ca\\\/\",\"logo\":{\"@type\":\"ImageObject\",\"inLanguage\":\"fr-FR\",\"@id\":\"https:\\\/\\\/footballnb.ca\\\/#\\\/schema\\\/logo\\\/image\\\/\",\"url\":\"https:\\\/\\\/footballnb.ca\\\/wp-content\\\/uploads\\\/2022\\\/05\\\/fnblogo@2x.png\",\"contentUrl\":\"https:\\\/\\\/footballnb.ca\\\/wp-content\\\/uploads\\\/2022\\\/05\\\/fnblogo@2x.png\",\"width\":374,\"height\":243,\"caption\":\"Football NB\"},\"image\":{\"@id\":\"https:\\\/\\\/footballnb.ca\\\/#\\\/schema\\\/logo\\\/image\\\/\"}}]}<\/script>\n<!-- \/ Yoast SEO plugin. -->","yoast_head_json":{"title":"Volontaire deles laur\u00e9ats de l'ann\u00e9e - Football NB","robots":{"index":"index","follow":"follow","max-snippet":"max-snippet:-1","max-image-preview":"max-image-preview:large","max-video-preview":"max-video-preview:-1"},"canonical":"https:\/\/footballnb.ca\/volunteer-of-the-year-recipients\/","og_locale":"fr_FR","og_type":"article","og_title":"Volontaire deles laur\u00e9ats de l'ann\u00e9e - Football NB","og_description":"Ann\u00e9e B\u00e9n\u00e9vole de l&rsquo;ann\u00e9e &#8211; U16 B\u00e9n\u00e9vole de l&rsquo;ann\u00e9e &#8211; U14 B\u00e9n\u00e9vole de l&rsquo;ann\u00e9e &#8211; U12 Prix Gridiron 2021 Colby Belliveau &#8211; GMFA Ryan Davison &#8211; GMFA Grayson Roy &#8211; FMFA Joel Irvine &#8211; GMFA 2020 Aucune r\u00e9compense accord\u00e9e en raison du COVID Aucune r\u00e9compense accord\u00e9e en raison du COVID Aucune r\u00e9compense accord\u00e9e en raison [&hellip;]","og_url":"https:\/\/footballnb.ca\/volunteer-of-the-year-recipients\/","og_site_name":"Football NB","article_modified_time":"2022-12-16T00:54:42+00:00","twitter_card":"summary_large_image","twitter_misc":{"Dur\u00e9e de lecture estim\u00e9e":"2 minutes"},"schema":{"@context":"https:\/\/schema.org","@graph":[{"@type":"WebPage","@id":"https:\/\/footballnb.ca\/volunteer-of-the-year-recipients\/","url":"https:\/\/footballnb.ca\/volunteer-of-the-year-recipients\/","name":"Volontaire de les laur\u00e9ats de l'ann\u00e9e - Football NB","isPartOf":{"@id":"https:\/\/footballnb.ca\/#website"},"datePublished":"2022-10-14T19:02:39+00:00","dateModified":"2022-12-16T00:54:42+00:00","breadcrumb":{"@id":"https:\/\/footballnb.ca\/volunteer-of-the-year-recipients\/#breadcrumb"},"inLanguage":"fr-FR","potentialAction":[{"@type":"ReadAction","target":["https:\/\/footballnb.ca\/volunteer-of-the-year-recipients\/"]}]},{"@type":"BreadcrumbList","@id":"https:\/\/footballnb.ca\/volunteer-of-the-year-recipients\/#breadcrumb","itemListElement":[{"@type":"ListItem","position":1,"name":"Home","item":"https:\/\/footballnb.ca\/fr\/"},{"@type":"ListItem","position":2,"name":"Volontaire deles laur\u00e9ats de l&#8217;ann\u00e9e"}]},{"@type":"WebSite","@id":"https:\/\/footballnb.ca\/#website","url":"https:\/\/footballnb.ca\/","name":"Football NB","description":"Non Profit Athletics Program for the Province of New-Brunswick","publisher":{"@id":"https:\/\/footballnb.ca\/#organization"},"potentialAction":[{"@type":"SearchAction","target":{"@type":"EntryPoint","urlTemplate":"https:\/\/footballnb.ca\/?s={search_term_string}"},"query-input":{"@type":"PropertyValueSpecification","valueRequired":true,"valueName":"search_term_string"}}],"inLanguage":"fr-FR"},{"@type":"Organization","@id":"https:\/\/footballnb.ca\/#organization","name":"Football NB","url":"https:\/\/footballnb.ca\/","logo":{"@type":"ImageObject","inLanguage":"fr-FR","@id":"https:\/\/footballnb.ca\/#\/schema\/logo\/image\/","url":"https:\/\/footballnb.ca\/wp-content\/uploads\/2022\/05\/fnblogo@2x.png","contentUrl":"https:\/\/footballnb.ca\/wp-content\/uploads\/2022\/05\/fnblogo@2x.png","width":374,"height":243,"caption":"Football NB"},"image":{"@id":"https:\/\/footballnb.ca\/#\/schema\/logo\/image\/"}}]}},"_links":{"self":[{"href":"https:\/\/footballnb.ca\/fr\/wp-json\/wp\/v2\/pages\/2911","targetHints":{"allow":["GET"]}}],"collection":[{"href":"https:\/\/footballnb.ca\/fr\/wp-json\/wp\/v2\/pages"}],"about":[{"href":"https:\/\/footballnb.ca\/fr\/wp-json\/wp\/v2\/types\/page"}],"author":[{"embeddable":true,"href":"https:\/\/footballnb.ca\/fr\/wp-json\/wp\/v2\/users\/1"}],"replies":[{"embeddable":true,"href":"https:\/\/footballnb.ca\/fr\/wp-json\/wp\/v2\/comments?post=2911"}],"version-history":[{"count":1,"href":"https:\/\/footballnb.ca\/fr\/wp-json\/wp\/v2\/pages\/2911\/revisions"}],"predecessor-version":[{"id":2912,"href":"https:\/\/footballnb.ca\/fr\/wp-json\/wp\/v2\/pages\/2911\/revisions\/2912"}],"wp:attachment":[{"href":"https:\/\/footballnb.ca\/fr\/wp-json\/wp\/v2\/media?parent=2911"}],"curies":[{"name":"wp","href":"https:\/\/api.w.org\/{rel}","templated":true}]}}