{"id":2915,"date":"2022-10-16T12:07:24","date_gmt":"2022-10-16T15:07:24","guid":{"rendered":"https:\/\/footballnb.ca\/informations-sur-le-programme-u18\/"},"modified":"2022-12-15T20:57:38","modified_gmt":"2022-12-16T00:57:38","slug":"informations-sur-le-programme-u18","status":"publish","type":"page","link":"https:\/\/footballnb.ca\/fr\/informations-sur-le-programme-u18\/","title":{"rendered":"Informations sur le programme U18"},"content":{"rendered":"\n<h4 class=\"wp-block-heading\">\u00c0 propos de<\/h4>\n\n<p class=\"has-text-align-left\">Le programme de football U18 est con\u00e7u pour d\u00e9velopper l&rsquo;\u00e9lite du football au Nouveau-Brunswick par le biais de diverses phases, de possibilit\u00e9s d&rsquo;entra\u00eenement et d&rsquo;exposition. Rien de plus important que de participer \u00e0 la Coupe Football Canada.<br\/> <br\/>Le programme est supervis\u00e9 par des entra\u00eeneurs de l&rsquo;USport et de l&rsquo;\u00e9cole secondaire dont la mission est de fournir \u00e0 tous les joueurs les comp\u00e9tences fondamentales pour les aider \u00e0 atteindre leur plein potentiel. Les joueurs ont la possibilit\u00e9 d&rsquo;ex\u00e9cuter ces comp\u00e9tences au niveau provincial et national avec et contre certains des meilleurs joueurs de la province et du pays. Chaque athl\u00e8te quitte le programme en devenant un meilleur joueur de football, mais aussi un meilleur individu. Les comp\u00e9tences qu&rsquo;ils acqui\u00e8rent d\u00e9passent le cadre du terrain de football et sont utiles bien au-del\u00e0 de leurs ann\u00e9es de jeu.<\/p>\n\n<div style=\"height:39px\" aria-hidden=\"true\" class=\"wp-block-spacer\"><\/div>\n\n<h4 class=\"has-text-align-left wp-block-heading\">Admissibilit\u00e9<\/h4>\n\n<p>Chaque ann\u00e9e, Football NB se soumet \u00e0 un processus de s\u00e9lection approfondi et identifie les athl\u00e8tes d&rsquo;\u00e9lite de la province. Seuls les joueurs invit\u00e9s au camp d&rsquo;entra\u00eenement auront la possibilit\u00e9 de faire un essai pour \u00c9quipe NB.<br\/> <br\/>Les athl\u00e8tes invit\u00e9s sont identifi\u00e9s par leurs entra\u00eeneurs principaux et transmis \u00e0 Football NB. Les joueurs doivent avoir 16 ou 17 ans au plus tard le 31 d\u00e9cembre de l&rsquo;ann\u00e9e civile de la Coupe Football Canada.<\/p>\n\n<div style=\"height:40px\" aria-hidden=\"true\" class=\"wp-block-spacer\"><\/div>\n\n<h4 class=\"has-text-align-left wp-block-heading\">Coupe du Canada<\/h4>\n\n<figure class=\"wp-block-image size-full is-resized\"><img loading=\"lazy\" decoding=\"async\" src=\"https:\/\/footballnb.ca\/wp-content\/uploads\/2022\/06\/Football-Canada-logo-2017.png\" alt=\"\" class=\"wp-image-514\" width=\"87\" height=\"88\" srcset=\"https:\/\/footballnb.ca\/wp-content\/uploads\/2022\/06\/Football-Canada-logo-2017.png 610w, https:\/\/footballnb.ca\/wp-content\/uploads\/2022\/06\/Football-Canada-logo-2017-100x101.png 100w, https:\/\/footballnb.ca\/wp-content\/uploads\/2022\/06\/Football-Canada-logo-2017-600x607.png 600w, https:\/\/footballnb.ca\/wp-content\/uploads\/2022\/06\/Football-Canada-logo-2017-297x300.png 297w, https:\/\/footballnb.ca\/wp-content\/uploads\/2022\/06\/Football-Canada-logo-2017-150x150.png 150w, https:\/\/footballnb.ca\/wp-content\/uploads\/2022\/06\/Football-Canada-logo-2017-450x455.png 450w\" sizes=\"auto, (max-width: 87px) 100vw, 87px\" \/><\/figure>\n\n<div style=\"height:25px\" aria-hidden=\"true\" class=\"wp-block-spacer\"><\/div>\n\n<div class=\"wp-block-stackable-text stk-block-text stk-block stk-6cc0d12\" data-block-id=\"6cc0d12\"><p class=\"stk-block-text__text\">La Coupe Football Canada (FCC) est le premier tournoi de football pr\u00e9-universitaire au Canada qui met en vedette chaque ann\u00e9e les meilleurs joueurs de football de moins de 18 ans de tout le pays.<br\/> <br\/>Pour plus d&rsquo;informations sur la Coupe Football Canada, veuillez consulter le site suivant  <\/p><\/div>\n\n<div class=\"wp-block-stackable-text stk-block-text stk-block stk-708ecae\" data-block-id=\"708ecae\"><p class=\"stk-block-text__text\"><a href=\"http:\/\/footballcanada.com\/national-championships\/\">http:\/\/footballcanada.com\/national-championships\/<\/a><\/p><\/div>\n\n<div style=\"height:100px\" aria-hidden=\"true\" class=\"wp-block-spacer\"><\/div>\n","protected":false},"excerpt":{"rendered":"<p>\u00c0 propos de Le programme de football U18 est con\u00e7u pour d\u00e9velopper l&rsquo;\u00e9lite du football au Nouveau-Brunswick par le biais de diverses phases, de possibilit\u00e9s d&rsquo;entra\u00eenement et d&rsquo;exposition. Rien de plus important que de participer \u00e0 la Coupe Football Canada. Le programme est supervis\u00e9 par des entra\u00eeneurs de l&rsquo;USport et de l&rsquo;\u00e9cole secondaire dont la [&hellip;]<\/p>\n","protected":false},"author":3,"featured_media":0,"parent":0,"menu_order":0,"comment_status":"closed","ping_status":"closed","template":"page-elite-template","meta":{"_acf_changed":false,"_coblocks_attr":"","_coblocks_dimensions":"","_coblocks_responsive_height":"","_coblocks_accordion_ie_support":"","footnotes":""},"class_list":["post-2915","page","type-page","status-publish","hentry"],"acf":[],"yoast_head":"<!-- This site is optimized with the Yoast SEO plugin v27.5 - https:\/\/yoast.com\/product\/yoast-seo-wordpress\/ -->\n<title>Informations sur le programme U18 - Football NB<\/title>\n<meta name=\"robots\" content=\"index, follow, max-snippet:-1, max-image-preview:large, max-video-preview:-1\" \/>\n<link rel=\"canonical\" href=\"https:\/\/footballnb.ca\/u18-program-info\/\" \/>\n<meta property=\"og:locale\" content=\"fr_FR\" \/>\n<meta property=\"og:type\" content=\"article\" \/>\n<meta property=\"og:title\" content=\"Informations sur le programme U18 - Football NB\" \/>\n<meta property=\"og:description\" content=\"\u00c0 propos de Le programme de football U18 est con\u00e7u pour d\u00e9velopper l&rsquo;\u00e9lite du football au Nouveau-Brunswick par le biais de diverses phases, de possibilit\u00e9s d&rsquo;entra\u00eenement et d&rsquo;exposition. Rien de plus important que de participer \u00e0 la Coupe Football Canada. Le programme est supervis\u00e9 par des entra\u00eeneurs de l&rsquo;USport et de l&rsquo;\u00e9cole secondaire dont la [&hellip;]\" \/>\n<meta property=\"og:url\" content=\"https:\/\/footballnb.ca\/u18-program-info\/\" \/>\n<meta property=\"og:site_name\" content=\"Football NB\" \/>\n<meta property=\"article:modified_time\" content=\"2022-12-16T00:57:38+00:00\" \/>\n<meta property=\"og:image\" content=\"http:\/\/footballnb.ca\/wp-content\/uploads\/2022\/06\/Football-Canada-logo-2017.png\" \/>\n<meta name=\"twitter:card\" content=\"summary_large_image\" \/>\n<meta name=\"twitter:label1\" content=\"Dur\u00e9e de lecture estim\u00e9e\" \/>\n\t<meta name=\"twitter:data1\" content=\"1 minute\" \/>\n<script type=\"application\/ld+json\" class=\"yoast-schema-graph\">{\"@context\":\"https:\\\/\\\/schema.org\",\"@graph\":[{\"@type\":\"WebPage\",\"@id\":\"https:\\\/\\\/footballnb.ca\\\/u18-program-info\\\/\",\"url\":\"https:\\\/\\\/footballnb.ca\\\/u18-program-info\\\/\",\"name\":\"Informations sur le programme U18 - Football NB\",\"isPartOf\":{\"@id\":\"https:\\\/\\\/footballnb.ca\\\/#website\"},\"primaryImageOfPage\":{\"@id\":\"https:\\\/\\\/footballnb.ca\\\/u18-program-info\\\/#primaryimage\"},\"image\":{\"@id\":\"https:\\\/\\\/footballnb.ca\\\/u18-program-info\\\/#primaryimage\"},\"thumbnailUrl\":\"https:\\\/\\\/footballnb.ca\\\/wp-content\\\/uploads\\\/2022\\\/06\\\/Football-Canada-logo-2017.png\",\"datePublished\":\"2022-10-16T15:07:24+00:00\",\"dateModified\":\"2022-12-16T00:57:38+00:00\",\"breadcrumb\":{\"@id\":\"https:\\\/\\\/footballnb.ca\\\/u18-program-info\\\/#breadcrumb\"},\"inLanguage\":\"fr-FR\",\"potentialAction\":[{\"@type\":\"ReadAction\",\"target\":[\"https:\\\/\\\/footballnb.ca\\\/u18-program-info\\\/\"]}]},{\"@type\":\"ImageObject\",\"inLanguage\":\"fr-FR\",\"@id\":\"https:\\\/\\\/footballnb.ca\\\/u18-program-info\\\/#primaryimage\",\"url\":\"https:\\\/\\\/footballnb.ca\\\/wp-content\\\/uploads\\\/2022\\\/06\\\/Football-Canada-logo-2017.png\",\"contentUrl\":\"https:\\\/\\\/footballnb.ca\\\/wp-content\\\/uploads\\\/2022\\\/06\\\/Football-Canada-logo-2017.png\"},{\"@type\":\"BreadcrumbList\",\"@id\":\"https:\\\/\\\/footballnb.ca\\\/u18-program-info\\\/#breadcrumb\",\"itemListElement\":[{\"@type\":\"ListItem\",\"position\":1,\"name\":\"Home\",\"item\":\"https:\\\/\\\/footballnb.ca\\\/fr\\\/\"},{\"@type\":\"ListItem\",\"position\":2,\"name\":\"Informations sur le programme U18\"}]},{\"@type\":\"WebSite\",\"@id\":\"https:\\\/\\\/footballnb.ca\\\/#website\",\"url\":\"https:\\\/\\\/footballnb.ca\\\/\",\"name\":\"Football NB\",\"description\":\"Non Profit Athletics Program for the Province of New-Brunswick\",\"publisher\":{\"@id\":\"https:\\\/\\\/footballnb.ca\\\/#organization\"},\"potentialAction\":[{\"@type\":\"SearchAction\",\"target\":{\"@type\":\"EntryPoint\",\"urlTemplate\":\"https:\\\/\\\/footballnb.ca\\\/?s={search_term_string}\"},\"query-input\":{\"@type\":\"PropertyValueSpecification\",\"valueRequired\":true,\"valueName\":\"search_term_string\"}}],\"inLanguage\":\"fr-FR\"},{\"@type\":\"Organization\",\"@id\":\"https:\\\/\\\/footballnb.ca\\\/#organization\",\"name\":\"Football NB\",\"url\":\"https:\\\/\\\/footballnb.ca\\\/\",\"logo\":{\"@type\":\"ImageObject\",\"inLanguage\":\"fr-FR\",\"@id\":\"https:\\\/\\\/footballnb.ca\\\/#\\\/schema\\\/logo\\\/image\\\/\",\"url\":\"https:\\\/\\\/footballnb.ca\\\/wp-content\\\/uploads\\\/2022\\\/05\\\/fnblogo@2x.png\",\"contentUrl\":\"https:\\\/\\\/footballnb.ca\\\/wp-content\\\/uploads\\\/2022\\\/05\\\/fnblogo@2x.png\",\"width\":374,\"height\":243,\"caption\":\"Football NB\"},\"image\":{\"@id\":\"https:\\\/\\\/footballnb.ca\\\/#\\\/schema\\\/logo\\\/image\\\/\"}}]}<\/script>\n<!-- \/ Yoast SEO plugin. -->","yoast_head_json":{"title":"Informations sur le programme U18 - Football NB","robots":{"index":"index","follow":"follow","max-snippet":"max-snippet:-1","max-image-preview":"max-image-preview:large","max-video-preview":"max-video-preview:-1"},"canonical":"https:\/\/footballnb.ca\/u18-program-info\/","og_locale":"fr_FR","og_type":"article","og_title":"Informations sur le programme U18 - Football NB","og_description":"\u00c0 propos de Le programme de football U18 est con\u00e7u pour d\u00e9velopper l&rsquo;\u00e9lite du football au Nouveau-Brunswick par le biais de diverses phases, de possibilit\u00e9s d&rsquo;entra\u00eenement et d&rsquo;exposition. Rien de plus important que de participer \u00e0 la Coupe Football Canada. Le programme est supervis\u00e9 par des entra\u00eeneurs de l&rsquo;USport et de l&rsquo;\u00e9cole secondaire dont la [&hellip;]","og_url":"https:\/\/footballnb.ca\/u18-program-info\/","og_site_name":"Football NB","article_modified_time":"2022-12-16T00:57:38+00:00","og_image":[{"url":"http:\/\/footballnb.ca\/wp-content\/uploads\/2022\/06\/Football-Canada-logo-2017.png","type":"","width":"","height":""}],"twitter_card":"summary_large_image","twitter_misc":{"Dur\u00e9e de lecture estim\u00e9e":"1 minute"},"schema":{"@context":"https:\/\/schema.org","@graph":[{"@type":"WebPage","@id":"https:\/\/footballnb.ca\/u18-program-info\/","url":"https:\/\/footballnb.ca\/u18-program-info\/","name":"Informations sur le programme U18 - Football NB","isPartOf":{"@id":"https:\/\/footballnb.ca\/#website"},"primaryImageOfPage":{"@id":"https:\/\/footballnb.ca\/u18-program-info\/#primaryimage"},"image":{"@id":"https:\/\/footballnb.ca\/u18-program-info\/#primaryimage"},"thumbnailUrl":"https:\/\/footballnb.ca\/wp-content\/uploads\/2022\/06\/Football-Canada-logo-2017.png","datePublished":"2022-10-16T15:07:24+00:00","dateModified":"2022-12-16T00:57:38+00:00","breadcrumb":{"@id":"https:\/\/footballnb.ca\/u18-program-info\/#breadcrumb"},"inLanguage":"fr-FR","potentialAction":[{"@type":"ReadAction","target":["https:\/\/footballnb.ca\/u18-program-info\/"]}]},{"@type":"ImageObject","inLanguage":"fr-FR","@id":"https:\/\/footballnb.ca\/u18-program-info\/#primaryimage","url":"https:\/\/footballnb.ca\/wp-content\/uploads\/2022\/06\/Football-Canada-logo-2017.png","contentUrl":"https:\/\/footballnb.ca\/wp-content\/uploads\/2022\/06\/Football-Canada-logo-2017.png"},{"@type":"BreadcrumbList","@id":"https:\/\/footballnb.ca\/u18-program-info\/#breadcrumb","itemListElement":[{"@type":"ListItem","position":1,"name":"Home","item":"https:\/\/footballnb.ca\/fr\/"},{"@type":"ListItem","position":2,"name":"Informations sur le programme U18"}]},{"@type":"WebSite","@id":"https:\/\/footballnb.ca\/#website","url":"https:\/\/footballnb.ca\/","name":"Football NB","description":"Non Profit Athletics Program for the Province of New-Brunswick","publisher":{"@id":"https:\/\/footballnb.ca\/#organization"},"potentialAction":[{"@type":"SearchAction","target":{"@type":"EntryPoint","urlTemplate":"https:\/\/footballnb.ca\/?s={search_term_string}"},"query-input":{"@type":"PropertyValueSpecification","valueRequired":true,"valueName":"search_term_string"}}],"inLanguage":"fr-FR"},{"@type":"Organization","@id":"https:\/\/footballnb.ca\/#organization","name":"Football NB","url":"https:\/\/footballnb.ca\/","logo":{"@type":"ImageObject","inLanguage":"fr-FR","@id":"https:\/\/footballnb.ca\/#\/schema\/logo\/image\/","url":"https:\/\/footballnb.ca\/wp-content\/uploads\/2022\/05\/fnblogo@2x.png","contentUrl":"https:\/\/footballnb.ca\/wp-content\/uploads\/2022\/05\/fnblogo@2x.png","width":374,"height":243,"caption":"Football NB"},"image":{"@id":"https:\/\/footballnb.ca\/#\/schema\/logo\/image\/"}}]}},"_links":{"self":[{"href":"https:\/\/footballnb.ca\/fr\/wp-json\/wp\/v2\/pages\/2915","targetHints":{"allow":["GET"]}}],"collection":[{"href":"https:\/\/footballnb.ca\/fr\/wp-json\/wp\/v2\/pages"}],"about":[{"href":"https:\/\/footballnb.ca\/fr\/wp-json\/wp\/v2\/types\/page"}],"author":[{"embeddable":true,"href":"https:\/\/footballnb.ca\/fr\/wp-json\/wp\/v2\/users\/3"}],"replies":[{"embeddable":true,"href":"https:\/\/footballnb.ca\/fr\/wp-json\/wp\/v2\/comments?post=2915"}],"version-history":[{"count":1,"href":"https:\/\/footballnb.ca\/fr\/wp-json\/wp\/v2\/pages\/2915\/revisions"}],"predecessor-version":[{"id":2916,"href":"https:\/\/footballnb.ca\/fr\/wp-json\/wp\/v2\/pages\/2915\/revisions\/2916"}],"wp:attachment":[{"href":"https:\/\/footballnb.ca\/fr\/wp-json\/wp\/v2\/media?parent=2915"}],"curies":[{"name":"wp","href":"https:\/\/api.w.org\/{rel}","templated":true}]}}