{"id":2918,"date":"2022-10-16T12:14:29","date_gmt":"2022-10-16T15:14:29","guid":{"rendered":"https:\/\/footballnb.ca\/a-propos-du-programme-de-developpement-elite-edp\/"},"modified":"2022-12-15T21:00:06","modified_gmt":"2022-12-16T01:00:06","slug":"a-propos-du-programme-de-developpement-elite-edp","status":"publish","type":"page","link":"https:\/\/footballnb.ca\/fr\/a-propos-du-programme-de-developpement-elite-edp\/","title":{"rendered":"\u00c0 propos du programme de d\u00e9veloppement ELite (EDP)"},"content":{"rendered":"\n<div class=\"wp-block-group has-background-background-color has-background is-layout-flow wp-block-group-is-layout-flow\" style=\"padding-top:0;padding-right:0;padding-bottom:0;padding-left:0\">\n<figure class=\"wp-block-image aligncenter size-large is-resized\"><img loading=\"lazy\" decoding=\"async\" src=\"https:\/\/footballnb.ca\/wp-content\/uploads\/2022\/12\/elite-development_elite2-edited.png\" alt=\"\" class=\"wp-image-2212\" width=\"148\" height=\"236\" srcset=\"https:\/\/footballnb.ca\/wp-content\/uploads\/2022\/12\/elite-development_elite2-edited.png 1344w, https:\/\/footballnb.ca\/wp-content\/uploads\/2022\/12\/elite-development_elite2-edited-600x959.png 600w, https:\/\/footballnb.ca\/wp-content\/uploads\/2022\/12\/elite-development_elite2-edited-188x300.png 188w, https:\/\/footballnb.ca\/wp-content\/uploads\/2022\/12\/elite-development_elite2-edited-640x1024.png 640w, https:\/\/footballnb.ca\/wp-content\/uploads\/2022\/12\/elite-development_elite2-edited-768x1228.png 768w, https:\/\/footballnb.ca\/wp-content\/uploads\/2022\/12\/elite-development_elite2-edited-961x1536.png 961w, https:\/\/footballnb.ca\/wp-content\/uploads\/2022\/12\/elite-development_elite2-edited-1281x2048.png 1281w, https:\/\/footballnb.ca\/wp-content\/uploads\/2022\/12\/elite-development_elite2-edited-100x160.png 100w\" sizes=\"auto, (max-width: 148px) 100vw, 148px\" \/><\/figure>\n<\/div>\n\n<div style=\"height:35px\" aria-hidden=\"true\" class=\"wp-block-spacer\"><\/div>\n\n<h4 class=\"has-text-align-left wp-block-heading\">  Objectif<\/h4>\n\n<p class=\"has-text-align-left has-small-font-size\">Le programme de d\u00e9veloppement de l&rsquo;\u00e9lite offrira un entra\u00eenement hors saison aux gar\u00e7ons et aux filles d&rsquo;un groupe cibl\u00e9 de joueurs de football du Nouveau-Brunswick. Le programme a \u00e9t\u00e9 d\u00e9velopp\u00e9 pour pr\u00e9parer davantage les joueurs aux comp\u00e9titions r\u00e9gionales, nationales et internationales dans l&rsquo;espoir d&rsquo;augmenter la participation au niveau international, des sports am\u00e9ricains et de l&rsquo;AFL.<br\/>Le programme sera ax\u00e9 sur le d\u00e9veloppement des comp\u00e9tences techniques, tactiques, physiques et psychologiques n\u00e9cessaires pour exceller au niveau r\u00e9gional, national et international.<\/p>\n\n<div style=\"height:30px\" aria-hidden=\"true\" class=\"wp-block-spacer\"><\/div>\n\n<h4 class=\"has-text-align-left wp-block-heading\">Qui peut participer ?<\/h4>\n\n<p class=\"has-small-font-size\">Les participants \u00e0 l&rsquo;EDP seront s\u00e9lectionn\u00e9s principalement \u00e0 partir de nos programmes provinciaux. En outre, d&rsquo;autres joueurs qui ont \u00e9t\u00e9 identifi\u00e9s par Football NB sont \u00e9galement pris en consid\u00e9ration en fonction de leur disponibilit\u00e9.  <\/p>\n\n<div style=\"height:30px\" aria-hidden=\"true\" class=\"wp-block-spacer\"><\/div>\n\n<h4 class=\"has-text-align-left wp-block-heading\">le programme comprend<\/h4>\n\n<ul class=\"is-style-checkbox\">\n<li>Acc\u00e8s au programme de force et de conditionnement physique de calibre national de Synergy Training.<\/li>\n\n\n\n<li>Sessions mensuelles sur le terrain sp\u00e9cifiques aux postes<\/li>\n\n\n\n<li>Critique du film<\/li>\n\n\n\n<li>3 camps de passe et de couverture<\/li>\n\n\n\n<li>3 camps de linemen<\/li>\n\n\n\n<li>Camp des \u00e9quipes sp\u00e9ciales<\/li>\n\n\n\n<li>Sessions bihebdomadaires en ligne<\/li>\n\n\n\n<li>Acc\u00e8s au coaching de haute performance et de sport am\u00e9ricain<\/li>\n\n\n\n<li>Brandnew Elite Athlete Transformation Program (U18 uniquement)<\/li>\n<\/ul>\n\n<div style=\"height:48px\" aria-hidden=\"true\" class=\"wp-block-spacer\"><\/div>\n\n<h4 class=\"has-text-align-left wp-block-heading\">Ligne du temps<\/h4>\n\n<p class=\"has-small-font-size\">Le programme EDP se d\u00e9roule de d\u00e9cembre \u00e0 avril et constitue une opportunit\u00e9 d&rsquo;entra\u00eenement hors saison pour pr\u00e9parer les athl\u00e8tes \u00e0 la saison de haute performance qui commence en avril.<\/p>\n\n<div style=\"height:27px\" aria-hidden=\"true\" class=\"wp-block-spacer\"><\/div>\n\n<div class=\"wp-block-columns is-style-with-gap is-layout-flex wp-container-core-columns-is-layout-28f84493 wp-block-columns-is-layout-flex\">\n<div class=\"wp-block-column is-layout-flow wp-block-column-is-layout-flow\">\n<div class=\"wp-block-stackable-columns stk-block-columns stk-block stk-59fef42\" data-block-id=\"59fef42\"><div class=\"stk-row stk-inner-blocks stk-block-content stk-content-align stk-59fef42-column\">\n<div class=\"wp-block-stackable-column stk-block-column stk-block-column--v2 stk-column stk-block stk-fc6b371\" data-block-id=\"fc6b371\"><div class=\"stk-column-wrapper stk-block-column__content stk-container stk-fc6b371-container stk--no-background stk--no-padding\"><div class=\"stk-block-content stk-inner-blocks stk-fc6b371-inner-blocks\"><\/div><\/div><\/div>\n<\/div><\/div>\n<\/div>\n<\/div>\n\n<h4 class=\"has-text-align-left wp-block-heading\">Informatique et haute performance<\/h4>\n\n<p class=\"has-text-align-left\">Nous comprenons qu&rsquo;il puisse y avoir une certaine confusion autour du programme de d\u00e9veloppement de l&rsquo;\u00e9lite et du programme de haute performance.  <\/p>\n\n<p class=\"has-text-align-left\">Le programme de d\u00e9veloppement de l&rsquo;\u00e9lite est un programme hors saison pour les athl\u00e8tes cibl\u00e9s qui ont \u00e9t\u00e9 identifi\u00e9s comme \u00e9lite pour leur groupe d&rsquo;\u00e2ge. Tous les athl\u00e8tes de l&rsquo;EDP sont d&rsquo;abord cibl\u00e9s \u00e0 partir de l&rsquo;ann\u00e9e pr\u00e9c\u00e9dente de nos \u00e9quipes de haute performance, puis en consultation avec les entra\u00eeneurs des niveaux r\u00e9gionaux de football mineur et d&rsquo;\u00e9cole secondaire.  <\/p>\n\n<p><\/p>\n\n<p class=\"has-text-align-left\">Le programme de haute performance est constitu\u00e9 de nos programmes d&rsquo;\u00e9quipes provinciales qui concourent dans les cat\u00e9gories U14, U16 et U18 chaque printemps\/\u00e9t\u00e9. Tous les athl\u00e8tes de haut niveau ont \u00e9t\u00e9 identifi\u00e9s par leurs entra\u00eeneurs pour participer \u00e0 nos \u00e9quipes provinciales. Ces invitations sont envoy\u00e9es en janvier de chaque ann\u00e9e. Si vous n&rsquo;\u00eates pas invit\u00e9 \u00e0 l&rsquo;EDP, cela ne signifie pas que vous ne serez pas invit\u00e9 \u00e0 faire des essais pour les \u00e9quipes provinciales.<\/p>\n\n<div style=\"height:100px\" aria-hidden=\"true\" class=\"wp-block-spacer\"><\/div>\n","protected":false},"excerpt":{"rendered":"<p>Objectif Le programme de d\u00e9veloppement de l&rsquo;\u00e9lite offrira un entra\u00eenement hors saison aux gar\u00e7ons et aux filles d&rsquo;un groupe cibl\u00e9 de joueurs de football du Nouveau-Brunswick. Le programme a \u00e9t\u00e9 d\u00e9velopp\u00e9 pour pr\u00e9parer davantage les joueurs aux comp\u00e9titions r\u00e9gionales, nationales et internationales dans l&rsquo;espoir d&rsquo;augmenter la participation au niveau international, des sports am\u00e9ricains et de [&hellip;]<\/p>\n","protected":false},"author":3,"featured_media":0,"parent":0,"menu_order":0,"comment_status":"closed","ping_status":"closed","template":"page-elite-template","meta":{"_acf_changed":false,"_coblocks_attr":"","_coblocks_dimensions":"","_coblocks_responsive_height":"","_coblocks_accordion_ie_support":"","footnotes":""},"class_list":["post-2918","page","type-page","status-publish","hentry"],"acf":[],"yoast_head":"<!-- This site is optimized with the Yoast SEO plugin v27.5 - https:\/\/yoast.com\/product\/yoast-seo-wordpress\/ -->\n<title>\u00c0 propos du programme de d\u00e9veloppement ELite (EDP) - Football NB<\/title>\n<meta name=\"robots\" content=\"index, follow, max-snippet:-1, max-image-preview:large, max-video-preview:-1\" \/>\n<link rel=\"canonical\" href=\"https:\/\/footballnb.ca\/about-edp\/\" \/>\n<meta property=\"og:locale\" content=\"fr_FR\" \/>\n<meta property=\"og:type\" content=\"article\" \/>\n<meta property=\"og:title\" content=\"\u00c0 propos du programme de d\u00e9veloppement ELite (EDP) - Football NB\" \/>\n<meta property=\"og:description\" content=\"Objectif Le programme de d\u00e9veloppement de l&rsquo;\u00e9lite offrira un entra\u00eenement hors saison aux gar\u00e7ons et aux filles d&rsquo;un groupe cibl\u00e9 de joueurs de football du Nouveau-Brunswick. Le programme a \u00e9t\u00e9 d\u00e9velopp\u00e9 pour pr\u00e9parer davantage les joueurs aux comp\u00e9titions r\u00e9gionales, nationales et internationales dans l&rsquo;espoir d&rsquo;augmenter la participation au niveau international, des sports am\u00e9ricains et de [&hellip;]\" \/>\n<meta property=\"og:url\" content=\"https:\/\/footballnb.ca\/about-edp\/\" \/>\n<meta property=\"og:site_name\" content=\"Football NB\" \/>\n<meta property=\"article:modified_time\" content=\"2022-12-16T01:00:06+00:00\" \/>\n<meta property=\"og:image\" content=\"http:\/\/footballnb.ca\/wp-content\/uploads\/2022\/12\/elite-development_elite2-edited.png\" \/>\n<meta name=\"twitter:card\" content=\"summary_large_image\" \/>\n<meta name=\"twitter:label1\" content=\"Dur\u00e9e de lecture estim\u00e9e\" \/>\n\t<meta name=\"twitter:data1\" content=\"2 minutes\" \/>\n<script type=\"application\/ld+json\" class=\"yoast-schema-graph\">{\"@context\":\"https:\\\/\\\/schema.org\",\"@graph\":[{\"@type\":\"WebPage\",\"@id\":\"https:\\\/\\\/footballnb.ca\\\/about-edp\\\/\",\"url\":\"https:\\\/\\\/footballnb.ca\\\/about-edp\\\/\",\"name\":\"\u00c0 propos du programme de d\u00e9veloppement ELite (EDP) - Football NB\",\"isPartOf\":{\"@id\":\"https:\\\/\\\/footballnb.ca\\\/#website\"},\"primaryImageOfPage\":{\"@id\":\"https:\\\/\\\/footballnb.ca\\\/about-edp\\\/#primaryimage\"},\"image\":{\"@id\":\"https:\\\/\\\/footballnb.ca\\\/about-edp\\\/#primaryimage\"},\"thumbnailUrl\":\"https:\\\/\\\/footballnb.ca\\\/wp-content\\\/uploads\\\/2022\\\/12\\\/elite-development_elite2-edited.png\",\"datePublished\":\"2022-10-16T15:14:29+00:00\",\"dateModified\":\"2022-12-16T01:00:06+00:00\",\"breadcrumb\":{\"@id\":\"https:\\\/\\\/footballnb.ca\\\/about-edp\\\/#breadcrumb\"},\"inLanguage\":\"fr-FR\",\"potentialAction\":[{\"@type\":\"ReadAction\",\"target\":[\"https:\\\/\\\/footballnb.ca\\\/about-edp\\\/\"]}]},{\"@type\":\"ImageObject\",\"inLanguage\":\"fr-FR\",\"@id\":\"https:\\\/\\\/footballnb.ca\\\/about-edp\\\/#primaryimage\",\"url\":\"https:\\\/\\\/footballnb.ca\\\/wp-content\\\/uploads\\\/2022\\\/12\\\/elite-development_elite2-edited.png\",\"contentUrl\":\"https:\\\/\\\/footballnb.ca\\\/wp-content\\\/uploads\\\/2022\\\/12\\\/elite-development_elite2-edited.png\"},{\"@type\":\"BreadcrumbList\",\"@id\":\"https:\\\/\\\/footballnb.ca\\\/about-edp\\\/#breadcrumb\",\"itemListElement\":[{\"@type\":\"ListItem\",\"position\":1,\"name\":\"Home\",\"item\":\"https:\\\/\\\/footballnb.ca\\\/fr\\\/\"},{\"@type\":\"ListItem\",\"position\":2,\"name\":\"\u00c0 propos du programme de d\u00e9veloppement ELite (EDP)\"}]},{\"@type\":\"WebSite\",\"@id\":\"https:\\\/\\\/footballnb.ca\\\/#website\",\"url\":\"https:\\\/\\\/footballnb.ca\\\/\",\"name\":\"Football NB\",\"description\":\"Non Profit Athletics Program for the Province of New-Brunswick\",\"publisher\":{\"@id\":\"https:\\\/\\\/footballnb.ca\\\/#organization\"},\"potentialAction\":[{\"@type\":\"SearchAction\",\"target\":{\"@type\":\"EntryPoint\",\"urlTemplate\":\"https:\\\/\\\/footballnb.ca\\\/?s={search_term_string}\"},\"query-input\":{\"@type\":\"PropertyValueSpecification\",\"valueRequired\":true,\"valueName\":\"search_term_string\"}}],\"inLanguage\":\"fr-FR\"},{\"@type\":\"Organization\",\"@id\":\"https:\\\/\\\/footballnb.ca\\\/#organization\",\"name\":\"Football NB\",\"url\":\"https:\\\/\\\/footballnb.ca\\\/\",\"logo\":{\"@type\":\"ImageObject\",\"inLanguage\":\"fr-FR\",\"@id\":\"https:\\\/\\\/footballnb.ca\\\/#\\\/schema\\\/logo\\\/image\\\/\",\"url\":\"https:\\\/\\\/footballnb.ca\\\/wp-content\\\/uploads\\\/2022\\\/05\\\/fnblogo@2x.png\",\"contentUrl\":\"https:\\\/\\\/footballnb.ca\\\/wp-content\\\/uploads\\\/2022\\\/05\\\/fnblogo@2x.png\",\"width\":374,\"height\":243,\"caption\":\"Football NB\"},\"image\":{\"@id\":\"https:\\\/\\\/footballnb.ca\\\/#\\\/schema\\\/logo\\\/image\\\/\"}}]}<\/script>\n<!-- \/ Yoast SEO plugin. -->","yoast_head_json":{"title":"\u00c0 propos du programme de d\u00e9veloppement ELite (EDP) - Football NB","robots":{"index":"index","follow":"follow","max-snippet":"max-snippet:-1","max-image-preview":"max-image-preview:large","max-video-preview":"max-video-preview:-1"},"canonical":"https:\/\/footballnb.ca\/about-edp\/","og_locale":"fr_FR","og_type":"article","og_title":"\u00c0 propos du programme de d\u00e9veloppement ELite (EDP) - Football NB","og_description":"Objectif Le programme de d\u00e9veloppement de l&rsquo;\u00e9lite offrira un entra\u00eenement hors saison aux gar\u00e7ons et aux filles d&rsquo;un groupe cibl\u00e9 de joueurs de football du Nouveau-Brunswick. Le programme a \u00e9t\u00e9 d\u00e9velopp\u00e9 pour pr\u00e9parer davantage les joueurs aux comp\u00e9titions r\u00e9gionales, nationales et internationales dans l&rsquo;espoir d&rsquo;augmenter la participation au niveau international, des sports am\u00e9ricains et de [&hellip;]","og_url":"https:\/\/footballnb.ca\/about-edp\/","og_site_name":"Football NB","article_modified_time":"2022-12-16T01:00:06+00:00","og_image":[{"url":"http:\/\/footballnb.ca\/wp-content\/uploads\/2022\/12\/elite-development_elite2-edited.png","type":"","width":"","height":""}],"twitter_card":"summary_large_image","twitter_misc":{"Dur\u00e9e de lecture estim\u00e9e":"2 minutes"},"schema":{"@context":"https:\/\/schema.org","@graph":[{"@type":"WebPage","@id":"https:\/\/footballnb.ca\/about-edp\/","url":"https:\/\/footballnb.ca\/about-edp\/","name":"\u00c0 propos du programme de d\u00e9veloppement ELite (EDP) - Football NB","isPartOf":{"@id":"https:\/\/footballnb.ca\/#website"},"primaryImageOfPage":{"@id":"https:\/\/footballnb.ca\/about-edp\/#primaryimage"},"image":{"@id":"https:\/\/footballnb.ca\/about-edp\/#primaryimage"},"thumbnailUrl":"https:\/\/footballnb.ca\/wp-content\/uploads\/2022\/12\/elite-development_elite2-edited.png","datePublished":"2022-10-16T15:14:29+00:00","dateModified":"2022-12-16T01:00:06+00:00","breadcrumb":{"@id":"https:\/\/footballnb.ca\/about-edp\/#breadcrumb"},"inLanguage":"fr-FR","potentialAction":[{"@type":"ReadAction","target":["https:\/\/footballnb.ca\/about-edp\/"]}]},{"@type":"ImageObject","inLanguage":"fr-FR","@id":"https:\/\/footballnb.ca\/about-edp\/#primaryimage","url":"https:\/\/footballnb.ca\/wp-content\/uploads\/2022\/12\/elite-development_elite2-edited.png","contentUrl":"https:\/\/footballnb.ca\/wp-content\/uploads\/2022\/12\/elite-development_elite2-edited.png"},{"@type":"BreadcrumbList","@id":"https:\/\/footballnb.ca\/about-edp\/#breadcrumb","itemListElement":[{"@type":"ListItem","position":1,"name":"Home","item":"https:\/\/footballnb.ca\/fr\/"},{"@type":"ListItem","position":2,"name":"\u00c0 propos du programme de d\u00e9veloppement ELite (EDP)"}]},{"@type":"WebSite","@id":"https:\/\/footballnb.ca\/#website","url":"https:\/\/footballnb.ca\/","name":"Football NB","description":"Non Profit Athletics Program for the Province of New-Brunswick","publisher":{"@id":"https:\/\/footballnb.ca\/#organization"},"potentialAction":[{"@type":"SearchAction","target":{"@type":"EntryPoint","urlTemplate":"https:\/\/footballnb.ca\/?s={search_term_string}"},"query-input":{"@type":"PropertyValueSpecification","valueRequired":true,"valueName":"search_term_string"}}],"inLanguage":"fr-FR"},{"@type":"Organization","@id":"https:\/\/footballnb.ca\/#organization","name":"Football NB","url":"https:\/\/footballnb.ca\/","logo":{"@type":"ImageObject","inLanguage":"fr-FR","@id":"https:\/\/footballnb.ca\/#\/schema\/logo\/image\/","url":"https:\/\/footballnb.ca\/wp-content\/uploads\/2022\/05\/fnblogo@2x.png","contentUrl":"https:\/\/footballnb.ca\/wp-content\/uploads\/2022\/05\/fnblogo@2x.png","width":374,"height":243,"caption":"Football NB"},"image":{"@id":"https:\/\/footballnb.ca\/#\/schema\/logo\/image\/"}}]}},"_links":{"self":[{"href":"https:\/\/footballnb.ca\/fr\/wp-json\/wp\/v2\/pages\/2918","targetHints":{"allow":["GET"]}}],"collection":[{"href":"https:\/\/footballnb.ca\/fr\/wp-json\/wp\/v2\/pages"}],"about":[{"href":"https:\/\/footballnb.ca\/fr\/wp-json\/wp\/v2\/types\/page"}],"author":[{"embeddable":true,"href":"https:\/\/footballnb.ca\/fr\/wp-json\/wp\/v2\/users\/3"}],"replies":[{"embeddable":true,"href":"https:\/\/footballnb.ca\/fr\/wp-json\/wp\/v2\/comments?post=2918"}],"version-history":[{"count":1,"href":"https:\/\/footballnb.ca\/fr\/wp-json\/wp\/v2\/pages\/2918\/revisions"}],"predecessor-version":[{"id":2919,"href":"https:\/\/footballnb.ca\/fr\/wp-json\/wp\/v2\/pages\/2918\/revisions\/2919"}],"wp:attachment":[{"href":"https:\/\/footballnb.ca\/fr\/wp-json\/wp\/v2\/media?parent=2918"}],"curies":[{"name":"wp","href":"https:\/\/api.w.org\/{rel}","templated":true}]}}