{"id":2929,"date":"2022-10-14T12:49:43","date_gmt":"2022-10-14T15:49:43","guid":{"rendered":"https:\/\/footballnb.ca\/offres-des-partenaires-de-football-nb\/"},"modified":"2022-12-15T21:19:32","modified_gmt":"2022-12-16T01:19:32","slug":"offres-des-partenaires-de-football-nb","status":"publish","type":"page","link":"https:\/\/footballnb.ca\/fr\/offres-des-partenaires-de-football-nb\/","title":{"rendered":"Offres des partenaires de Football NB"},"content":{"rendered":"\n<div style=\"height:57px\" aria-hidden=\"true\" class=\"wp-block-spacer\"><\/div>\n\n<h4 class=\"wp-block-heading\">R\u00e9ductions sur les h\u00f4tels<\/h4>\n\n<div style=\"height:30px\" aria-hidden=\"true\" class=\"wp-block-spacer\"><\/div>\n\n<div class=\"wp-block-stackable-image stk-block-image has-text-align-left stk-block stk-f8560d7\" data-block-id=\"f8560d7\"><style>.stk-f8560d7 .stk-img-wrapper{width:45% !important}<\/style><figure class=\"stk-img-wrapper stk-image--shape-stretch\"><img loading=\"lazy\" decoding=\"async\" class=\"stk-img wp-image-1621\" src=\"https:\/\/footballnb.ca\/wp-content\/uploads\/2022\/12\/InnVest-Hotels_Logo_RGB.png\" width=\"486\" height=\"152\" srcset=\"https:\/\/footballnb.ca\/wp-content\/uploads\/2022\/12\/InnVest-Hotels_Logo_RGB.png 486w, https:\/\/footballnb.ca\/wp-content\/uploads\/2022\/12\/InnVest-Hotels_Logo_RGB-300x94.png 300w, https:\/\/footballnb.ca\/wp-content\/uploads\/2022\/12\/InnVest-Hotels_Logo_RGB-100x31.png 100w\" sizes=\"auto, (max-width: 486px) 100vw, 486px\" \/><\/figure><\/div>\n\n<p><a href=\"https:\/\/innvesthotels.com\/fnb-travel-program\/\">Tarifs d&rsquo;h\u00e9bergement r\u00e9duits<\/a> pour les membres de Football New Brunswick dans les h\u00f4tels participants du Canada atlantique.<\/p>\n\n<div style=\"height:20px\" aria-hidden=\"true\" class=\"wp-block-spacer\"><\/div>\n\n<div style=\"height:40px\" aria-hidden=\"true\" class=\"wp-block-spacer\"><\/div>\n\n<h4 class=\"wp-block-heading\">partenaire de collecte de fonds<\/h4>\n\n<div style=\"height:30px\" aria-hidden=\"true\" class=\"wp-block-spacer\"><\/div>\n\n<div class=\"wp-block-stackable-image stk-block-image has-text-align-left stk-block stk-927b5e4\" data-block-id=\"927b5e4\"><style>.stk-927b5e4 .stk-img-wrapper{width:50% !important}<\/style><figure class=\"stk-img-wrapper stk-image--shape-stretch\"><img loading=\"lazy\" decoding=\"async\" class=\"stk-img wp-image-1115\" src=\"https:\/\/footballnb.ca\/wp-content\/uploads\/2022\/11\/XmD9YbNo_400x400-3-edited-1.jpg\" width=\"352\" height=\"235\" srcset=\"https:\/\/footballnb.ca\/wp-content\/uploads\/2022\/11\/XmD9YbNo_400x400-3-edited-1.jpg 352w, https:\/\/footballnb.ca\/wp-content\/uploads\/2022\/11\/XmD9YbNo_400x400-3-edited-1-300x200.jpg 300w, https:\/\/footballnb.ca\/wp-content\/uploads\/2022\/11\/XmD9YbNo_400x400-3-edited-1-100x67.jpg 100w\" sizes=\"auto, (max-width: 352px) 100vw, 352px\" \/><\/figure><\/div>\n\n<p>Football NB est fier de s&rsquo;associer \u00e0 Momentum Fundraising en tant que partenaire exclusif pour la collecte de fonds. Toutes les \u00e9quipes qui cherchent \u00e0 lever des fonds rapidement et facilement doivent prendre rendez-vous avec Momentum !<\/p>\n\n<p>Contactez Josh Harris \u00e0 l&rsquo;adresse <a href=\"mailto:josh.harris@footballnb.ca\">josh.harris@footballnb.ca<\/a> pour vous familiariser avec la premi\u00e8re plateforme de collecte de fonds du pays !<\/p>\n\n<div style=\"height:46px\" aria-hidden=\"true\" class=\"wp-block-spacer\"><\/div>\n\n<div style=\"height:20px\" aria-hidden=\"true\" class=\"wp-block-spacer\"><\/div>\n\n<h4 class=\"wp-block-heading\">partenaire du film de jeu<\/h4>\n\n<div style=\"height:30px\" aria-hidden=\"true\" class=\"wp-block-spacer\"><\/div>\n\n<div class=\"wp-block-stackable-image stk-block-image has-text-align-left stk-block stk-9f9dec3\" data-block-id=\"9f9dec3\"><style>.stk-9f9dec3 .stk-img-wrapper{width:50% !important}<\/style><figure class=\"stk-img-wrapper stk-image--shape-stretch\"><img loading=\"lazy\" decoding=\"async\" class=\"stk-img wp-image-1094\" src=\"https:\/\/footballnb.ca\/wp-content\/uploads\/2022\/11\/WatchGameFilm-scaled.jpg\" width=\"2560\" height=\"494\" srcset=\"https:\/\/footballnb.ca\/wp-content\/uploads\/2022\/11\/WatchGameFilm-scaled.jpg 2560w, https:\/\/footballnb.ca\/wp-content\/uploads\/2022\/11\/WatchGameFilm-scaled-600x116.jpg 600w, https:\/\/footballnb.ca\/wp-content\/uploads\/2022\/11\/WatchGameFilm-300x58.jpg 300w, https:\/\/footballnb.ca\/wp-content\/uploads\/2022\/11\/WatchGameFilm-1024x198.jpg 1024w, https:\/\/footballnb.ca\/wp-content\/uploads\/2022\/11\/WatchGameFilm-768x148.jpg 768w, https:\/\/footballnb.ca\/wp-content\/uploads\/2022\/11\/WatchGameFilm-1536x297.jpg 1536w, https:\/\/footballnb.ca\/wp-content\/uploads\/2022\/11\/WatchGameFilm-2048x395.jpg 2048w, https:\/\/footballnb.ca\/wp-content\/uploads\/2022\/11\/WatchGameFilm-100x19.jpg 100w\" sizes=\"auto, (max-width: 2560px) 100vw, 2560px\" \/><\/figure><\/div>\n\n<p>Toutes les \u00e9quipes U14, U16 et Varsity Girls ont acc\u00e8s aux plateformes vid\u00e9o GRATUITES WatchGameFilm.<\/p>\n\n<p>Contactez Football NB \u00e0 l&rsquo;adresse <a href=\"mailto:jon.wilkinson@footballnb.ca\">jon.wilkinson@footballnb.ca<\/a> pour en savoir plus et pour mettre votre \u00e9quipe en place !<\/p>\n\n<div style=\"height:58px\" aria-hidden=\"true\" class=\"wp-block-spacer\"><\/div>\n","protected":false},"excerpt":{"rendered":"<p>R\u00e9ductions sur les h\u00f4tels Tarifs d&rsquo;h\u00e9bergement r\u00e9duits pour les membres de Football New Brunswick dans les h\u00f4tels participants du Canada atlantique. partenaire de collecte de fonds Football NB est fier de s&rsquo;associer \u00e0 Momentum Fundraising en tant que partenaire exclusif pour la collecte de fonds. Toutes les \u00e9quipes qui cherchent \u00e0 lever des fonds rapidement [&hellip;]<\/p>\n","protected":false},"author":1,"featured_media":0,"parent":0,"menu_order":0,"comment_status":"closed","ping_status":"closed","template":"","meta":{"_acf_changed":false,"_coblocks_attr":"","_coblocks_dimensions":"","_coblocks_responsive_height":"","_coblocks_accordion_ie_support":"","footnotes":""},"class_list":["post-2929","page","type-page","status-publish","hentry"],"acf":[],"yoast_head":"<!-- This site is optimized with the Yoast SEO plugin v27.4 - https:\/\/yoast.com\/product\/yoast-seo-wordpress\/ -->\n<title>Offres des partenaires de Football NB - Football NB<\/title>\n<meta name=\"robots\" content=\"index, follow, max-snippet:-1, max-image-preview:large, max-video-preview:-1\" \/>\n<link rel=\"canonical\" href=\"https:\/\/footballnb.ca\/football-nb-partner-offers\/\" \/>\n<meta property=\"og:locale\" content=\"fr_FR\" \/>\n<meta property=\"og:type\" content=\"article\" \/>\n<meta property=\"og:title\" content=\"Offres des partenaires de Football NB - Football NB\" \/>\n<meta property=\"og:description\" content=\"R\u00e9ductions sur les h\u00f4tels Tarifs d&rsquo;h\u00e9bergement r\u00e9duits pour les membres de Football New Brunswick dans les h\u00f4tels participants du Canada atlantique. partenaire de collecte de fonds Football NB est fier de s&rsquo;associer \u00e0 Momentum Fundraising en tant que partenaire exclusif pour la collecte de fonds. Toutes les \u00e9quipes qui cherchent \u00e0 lever des fonds rapidement [&hellip;]\" \/>\n<meta property=\"og:url\" content=\"https:\/\/footballnb.ca\/football-nb-partner-offers\/\" \/>\n<meta property=\"og:site_name\" content=\"Football NB\" \/>\n<meta property=\"article:modified_time\" content=\"2022-12-16T01:19:32+00:00\" \/>\n<meta property=\"og:image\" content=\"http:\/\/footballnb.ca\/wp-content\/uploads\/2022\/12\/InnVest-Hotels_Logo_RGB.png\" \/>\n<meta name=\"twitter:card\" content=\"summary_large_image\" \/>\n<meta name=\"twitter:label1\" content=\"Dur\u00e9e de lecture estim\u00e9e\" \/>\n\t<meta name=\"twitter:data1\" content=\"1 minute\" \/>\n<script type=\"application\/ld+json\" class=\"yoast-schema-graph\">{\"@context\":\"https:\\\/\\\/schema.org\",\"@graph\":[{\"@type\":\"WebPage\",\"@id\":\"https:\\\/\\\/footballnb.ca\\\/football-nb-partner-offers\\\/\",\"url\":\"https:\\\/\\\/footballnb.ca\\\/football-nb-partner-offers\\\/\",\"name\":\"Offres des partenaires de Football NB - Football NB\",\"isPartOf\":{\"@id\":\"https:\\\/\\\/footballnb.ca\\\/#website\"},\"primaryImageOfPage\":{\"@id\":\"https:\\\/\\\/footballnb.ca\\\/football-nb-partner-offers\\\/#primaryimage\"},\"image\":{\"@id\":\"https:\\\/\\\/footballnb.ca\\\/football-nb-partner-offers\\\/#primaryimage\"},\"thumbnailUrl\":\"https:\\\/\\\/footballnb.ca\\\/wp-content\\\/uploads\\\/2022\\\/12\\\/InnVest-Hotels_Logo_RGB.png\",\"datePublished\":\"2022-10-14T15:49:43+00:00\",\"dateModified\":\"2022-12-16T01:19:32+00:00\",\"breadcrumb\":{\"@id\":\"https:\\\/\\\/footballnb.ca\\\/football-nb-partner-offers\\\/#breadcrumb\"},\"inLanguage\":\"fr-FR\",\"potentialAction\":[{\"@type\":\"ReadAction\",\"target\":[\"https:\\\/\\\/footballnb.ca\\\/football-nb-partner-offers\\\/\"]}]},{\"@type\":\"ImageObject\",\"inLanguage\":\"fr-FR\",\"@id\":\"https:\\\/\\\/footballnb.ca\\\/football-nb-partner-offers\\\/#primaryimage\",\"url\":\"https:\\\/\\\/footballnb.ca\\\/wp-content\\\/uploads\\\/2022\\\/12\\\/InnVest-Hotels_Logo_RGB.png\",\"contentUrl\":\"https:\\\/\\\/footballnb.ca\\\/wp-content\\\/uploads\\\/2022\\\/12\\\/InnVest-Hotels_Logo_RGB.png\"},{\"@type\":\"BreadcrumbList\",\"@id\":\"https:\\\/\\\/footballnb.ca\\\/football-nb-partner-offers\\\/#breadcrumb\",\"itemListElement\":[{\"@type\":\"ListItem\",\"position\":1,\"name\":\"Home\",\"item\":\"https:\\\/\\\/footballnb.ca\\\/fr\\\/\"},{\"@type\":\"ListItem\",\"position\":2,\"name\":\"Offres des partenaires de Football NB\"}]},{\"@type\":\"WebSite\",\"@id\":\"https:\\\/\\\/footballnb.ca\\\/#website\",\"url\":\"https:\\\/\\\/footballnb.ca\\\/\",\"name\":\"Football NB\",\"description\":\"Non Profit Athletics Program for the Province of New-Brunswick\",\"publisher\":{\"@id\":\"https:\\\/\\\/footballnb.ca\\\/#organization\"},\"potentialAction\":[{\"@type\":\"SearchAction\",\"target\":{\"@type\":\"EntryPoint\",\"urlTemplate\":\"https:\\\/\\\/footballnb.ca\\\/?s={search_term_string}\"},\"query-input\":{\"@type\":\"PropertyValueSpecification\",\"valueRequired\":true,\"valueName\":\"search_term_string\"}}],\"inLanguage\":\"fr-FR\"},{\"@type\":\"Organization\",\"@id\":\"https:\\\/\\\/footballnb.ca\\\/#organization\",\"name\":\"Football NB\",\"url\":\"https:\\\/\\\/footballnb.ca\\\/\",\"logo\":{\"@type\":\"ImageObject\",\"inLanguage\":\"fr-FR\",\"@id\":\"https:\\\/\\\/footballnb.ca\\\/#\\\/schema\\\/logo\\\/image\\\/\",\"url\":\"https:\\\/\\\/footballnb.ca\\\/wp-content\\\/uploads\\\/2022\\\/05\\\/fnblogo@2x.png\",\"contentUrl\":\"https:\\\/\\\/footballnb.ca\\\/wp-content\\\/uploads\\\/2022\\\/05\\\/fnblogo@2x.png\",\"width\":374,\"height\":243,\"caption\":\"Football NB\"},\"image\":{\"@id\":\"https:\\\/\\\/footballnb.ca\\\/#\\\/schema\\\/logo\\\/image\\\/\"}}]}<\/script>\n<!-- \/ Yoast SEO plugin. -->","yoast_head_json":{"title":"Offres des partenaires de Football NB - Football NB","robots":{"index":"index","follow":"follow","max-snippet":"max-snippet:-1","max-image-preview":"max-image-preview:large","max-video-preview":"max-video-preview:-1"},"canonical":"https:\/\/footballnb.ca\/football-nb-partner-offers\/","og_locale":"fr_FR","og_type":"article","og_title":"Offres des partenaires de Football NB - Football NB","og_description":"R\u00e9ductions sur les h\u00f4tels Tarifs d&rsquo;h\u00e9bergement r\u00e9duits pour les membres de Football New Brunswick dans les h\u00f4tels participants du Canada atlantique. partenaire de collecte de fonds Football NB est fier de s&rsquo;associer \u00e0 Momentum Fundraising en tant que partenaire exclusif pour la collecte de fonds. Toutes les \u00e9quipes qui cherchent \u00e0 lever des fonds rapidement [&hellip;]","og_url":"https:\/\/footballnb.ca\/football-nb-partner-offers\/","og_site_name":"Football NB","article_modified_time":"2022-12-16T01:19:32+00:00","og_image":[{"url":"http:\/\/footballnb.ca\/wp-content\/uploads\/2022\/12\/InnVest-Hotels_Logo_RGB.png","type":"","width":"","height":""}],"twitter_card":"summary_large_image","twitter_misc":{"Dur\u00e9e de lecture estim\u00e9e":"1 minute"},"schema":{"@context":"https:\/\/schema.org","@graph":[{"@type":"WebPage","@id":"https:\/\/footballnb.ca\/football-nb-partner-offers\/","url":"https:\/\/footballnb.ca\/football-nb-partner-offers\/","name":"Offres des partenaires de Football NB - Football NB","isPartOf":{"@id":"https:\/\/footballnb.ca\/#website"},"primaryImageOfPage":{"@id":"https:\/\/footballnb.ca\/football-nb-partner-offers\/#primaryimage"},"image":{"@id":"https:\/\/footballnb.ca\/football-nb-partner-offers\/#primaryimage"},"thumbnailUrl":"https:\/\/footballnb.ca\/wp-content\/uploads\/2022\/12\/InnVest-Hotels_Logo_RGB.png","datePublished":"2022-10-14T15:49:43+00:00","dateModified":"2022-12-16T01:19:32+00:00","breadcrumb":{"@id":"https:\/\/footballnb.ca\/football-nb-partner-offers\/#breadcrumb"},"inLanguage":"fr-FR","potentialAction":[{"@type":"ReadAction","target":["https:\/\/footballnb.ca\/football-nb-partner-offers\/"]}]},{"@type":"ImageObject","inLanguage":"fr-FR","@id":"https:\/\/footballnb.ca\/football-nb-partner-offers\/#primaryimage","url":"https:\/\/footballnb.ca\/wp-content\/uploads\/2022\/12\/InnVest-Hotels_Logo_RGB.png","contentUrl":"https:\/\/footballnb.ca\/wp-content\/uploads\/2022\/12\/InnVest-Hotels_Logo_RGB.png"},{"@type":"BreadcrumbList","@id":"https:\/\/footballnb.ca\/football-nb-partner-offers\/#breadcrumb","itemListElement":[{"@type":"ListItem","position":1,"name":"Home","item":"https:\/\/footballnb.ca\/fr\/"},{"@type":"ListItem","position":2,"name":"Offres des partenaires de Football NB"}]},{"@type":"WebSite","@id":"https:\/\/footballnb.ca\/#website","url":"https:\/\/footballnb.ca\/","name":"Football NB","description":"Non Profit Athletics Program for the Province of New-Brunswick","publisher":{"@id":"https:\/\/footballnb.ca\/#organization"},"potentialAction":[{"@type":"SearchAction","target":{"@type":"EntryPoint","urlTemplate":"https:\/\/footballnb.ca\/?s={search_term_string}"},"query-input":{"@type":"PropertyValueSpecification","valueRequired":true,"valueName":"search_term_string"}}],"inLanguage":"fr-FR"},{"@type":"Organization","@id":"https:\/\/footballnb.ca\/#organization","name":"Football NB","url":"https:\/\/footballnb.ca\/","logo":{"@type":"ImageObject","inLanguage":"fr-FR","@id":"https:\/\/footballnb.ca\/#\/schema\/logo\/image\/","url":"https:\/\/footballnb.ca\/wp-content\/uploads\/2022\/05\/fnblogo@2x.png","contentUrl":"https:\/\/footballnb.ca\/wp-content\/uploads\/2022\/05\/fnblogo@2x.png","width":374,"height":243,"caption":"Football NB"},"image":{"@id":"https:\/\/footballnb.ca\/#\/schema\/logo\/image\/"}}]}},"_links":{"self":[{"href":"https:\/\/footballnb.ca\/fr\/wp-json\/wp\/v2\/pages\/2929","targetHints":{"allow":["GET"]}}],"collection":[{"href":"https:\/\/footballnb.ca\/fr\/wp-json\/wp\/v2\/pages"}],"about":[{"href":"https:\/\/footballnb.ca\/fr\/wp-json\/wp\/v2\/types\/page"}],"author":[{"embeddable":true,"href":"https:\/\/footballnb.ca\/fr\/wp-json\/wp\/v2\/users\/1"}],"replies":[{"embeddable":true,"href":"https:\/\/footballnb.ca\/fr\/wp-json\/wp\/v2\/comments?post=2929"}],"version-history":[{"count":1,"href":"https:\/\/footballnb.ca\/fr\/wp-json\/wp\/v2\/pages\/2929\/revisions"}],"predecessor-version":[{"id":2930,"href":"https:\/\/footballnb.ca\/fr\/wp-json\/wp\/v2\/pages\/2929\/revisions\/2930"}],"wp:attachment":[{"href":"https:\/\/footballnb.ca\/fr\/wp-json\/wp\/v2\/media?parent=2929"}],"curies":[{"name":"wp","href":"https:\/\/api.w.org\/{rel}","templated":true}]}}