{"id":3030,"date":"2022-10-16T12:07:57","date_gmt":"2022-10-16T15:07:57","guid":{"rendered":"https:\/\/footballnb.ca\/programme-national-de-certification-des-entraineurs-pnce\/"},"modified":"2022-12-16T11:11:04","modified_gmt":"2022-12-16T15:11:04","slug":"programme-national-de-certification-des-entraineurs-pnce","status":"publish","type":"page","link":"https:\/\/footballnb.ca\/fr\/programme-national-de-certification-des-entraineurs-pnce\/","title":{"rendered":"Programme national de certification des entra\u00eeneurs <\/br> (PNCE)"},"content":{"rendered":"\n<h4 class=\"has-text-align-left wp-block-heading\"><strong>\u00c0 propos du mod\u00e8le du PNCE<\/strong><\/h4>\n\n<p class=\"has-text-align-left\">Le PNCE se compose de trois fili\u00e8res et de huit contextes au total, chacun ayant ses propres exigences en mati\u00e8re d&rsquo;entra\u00eenement. Football Canada a d\u00e9cid\u00e9 que les huit contextes sont pertinents pour le d\u00e9veloppement du football et essentiels pour atteindre les objectifs d&rsquo;excellence et de participation accrues du programme \u00ab\u00a0Football for Life &#8211; through Long Term Athlete Development\u00a0\u00bb.<\/p>\n\n<div style=\"height:32px\" aria-hidden=\"true\" class=\"wp-block-spacer\"><\/div>\n\n<h4 class=\"has-text-align-left wp-block-heading\">les cours d&rsquo;eau<\/h4>\n\n<p><strong>Volet 1 &#8211; Sport communautaire<\/strong><\/p>\n\n<p>Le volet \u00ab\u00a0sport communautaire\u00a0\u00bb est r\u00e9solument ax\u00e9 sur les loisirs. Dans le contexte de l&rsquo;initiation, le d\u00e9veloppement des mouvements fondamentaux et des comp\u00e9tences footballistiques de base est essentiel, alors que le plaisir, la forme physique et la participation sont au centre des pr\u00e9occupations des plus jeunes. Dans le contexte permanent, le plaisir, la forme physique et la participation sont des \u00e9l\u00e9ments cl\u00e9s et, dans de nombreux cas, les loisirs comp\u00e9titifs sont au centre des pr\u00e9occupations.<\/p>\n\n<p>Les entra\u00eeneurs dans le sport communautaire &#8211; Initiation Le contexte s&rsquo;implique g\u00e9n\u00e9ralement sur une base volontaire (et souvent \u00e0 court terme) parce que leurs enfants pratiquent un sport. Cependant, de nombreux entra\u00eeneurs travaillent avec des participants de tous \u00e2ges qui sont novices dans ce sport.<\/p>\n\n<p><strong>Volet 2 &#8211; Comp\u00e9tition<\/strong><\/p>\n\n<p>Le volet Comp\u00e9tition comporte trois (3) contextes &#8211; Comp\u00e9tition-Introduction, Comp\u00e9tition-D\u00e9veloppement, et Haute Performance. Dans ces contextes, le d\u00e9veloppement de l&rsquo;athl\u00e8te est ax\u00e9 sur l'\u00a0\u00bbexcellence\u00a0\u00bb.<\/p>\n\n<p>Dans ces contextes, les entra\u00eeneurs ont tendance \u00e0 travailler avec les athl\u00e8tes sur le long terme pour am\u00e9liorer leurs performances, souvent en vue de comp\u00e9titions provinciales, nationales et internationales. De plus, les entra\u00eeneurs de la fili\u00e8re \u00ab\u00a0Comp\u00e9tition\u00a0\u00bb ont g\u00e9n\u00e9ralement une exp\u00e9rience pr\u00e9alable d&rsquo;entra\u00eeneur ou sont d&rsquo;anciens athl\u00e8tes dans ce sport.<\/p>\n\n<p><strong>Volet 3 &#8211; Instruction<\/strong><\/p>\n\n<p>L&rsquo;objectif du volet d&rsquo;instruction est de \u00ab\u00a0soutenir l&rsquo;athl\u00e8te dans son entra\u00eenement\u00a0\u00bb par le biais du d\u00e9veloppement des comp\u00e9tences sp\u00e9cifiques au sport. Les entra\u00eeneurs de la fili\u00e8re des instructeurs doivent avoir des comp\u00e9tences et une formation sp\u00e9cifiques au sport, qu&rsquo;ils soient entra\u00eeneurs de niveau d\u00e9butant ou avanc\u00e9. De nombreux entra\u00eeneurs de la fili\u00e8re des instructeurs sont d&rsquo;anciens participants \u00e0 ce sport.<\/p>\n\n<div style=\"height:31px\" aria-hidden=\"true\" class=\"wp-block-spacer\"><\/div>\n\n<h4 class=\"has-text-align-left wp-block-heading\"><strong>Formation et certification du PNCE<\/strong><\/h4>\n\n<p>Le mod\u00e8le du PNCE fait la distinction entre la formation et la certification. Les entra\u00eeneurs peuvent participer \u00e0 des formations afin d&rsquo;acqu\u00e9rir ou d&rsquo;affiner les comp\u00e9tences et les connaissances requises pour un contexte d&rsquo;entra\u00eenement particulier tel que d\u00e9fini par le sport. Pour \u00eatre certifi\u00e9s dans un contexte d&rsquo;entra\u00eenement, les entra\u00eeneurs sont \u00e9valu\u00e9s sur leur capacit\u00e9 d\u00e9montr\u00e9e \u00e0 performer dans ce contexte dans des domaines tels que la conception du programme, la planification de l&rsquo;entra\u00eenement, l&rsquo;analyse des performances, la gestion du programme, l&rsquo;entra\u00eenement \u00e9thique, le soutien aux participants pendant l&rsquo;entra\u00eenement et le soutien aux participants en comp\u00e9tition.<\/p>\n\n<p>Dans le PNCE, un coach est d\u00e9crit comme \u00e9tant :<\/p>\n\n<p>En formation &#8211; lorsqu&rsquo;un coach a suivi une partie de la formation requise pour un contexte donn\u00e9 ;<br\/>Form\u00e9 &#8211; lorsqu&rsquo;un coach a suivi toute la formation requise pour un contexte donn\u00e9 ;<br\/>Certifi\u00e9 &#8211; lorsqu&rsquo;un entra\u00eeneur a rempli toutes les exigences d&rsquo;\u00e9valuation pour un contexte.<\/p>\n\n<p><strong>Formation : <\/strong>Le PNCE de Football Canada int\u00e8gre la composante sp\u00e9cifique au football (technique) et la composante multisports (th\u00e9orique) DANS un seul cours pour chaque contexte de joueur (introduction \u00e0 la comp\u00e9tition par exemple) et chaque contexte d&rsquo;entra\u00eeneur (entra\u00eeneur de position, coordinateur par exemple).<\/p>\n\n<p><strong>Certification : <\/strong>Une fois que tous les modules sp\u00e9cifiques au football et multisports auront \u00e9t\u00e9 compl\u00e9t\u00e9s, l&rsquo;entra\u00eeneur pourra passer \u00e0 l&rsquo;\u00e9valuation (pratique). Lorsque tous les crit\u00e8res d&rsquo;\u00e9valuation sont remplis de mani\u00e8re satisfaisante, l&rsquo;entra\u00eeneur est alors certifi\u00e9. Comme mentionn\u00e9 ci-dessus, et pour \u00eatre clair, la certification ne sera accord\u00e9e que dans le contexte participant &amp; coach que le coach est \u00e9valu\u00e9. L&rsquo;entra\u00eeneur sera reconnu comme \u00e9tant \u00ab\u00a0en formation\u00a0\u00bb, \u00ab\u00a0form\u00e9\u00a0\u00bb ou \u00ab\u00a0certifi\u00e9\u00a0\u00bb.<\/p>\n\n<p><em>Pour plus d&rsquo;informations sur les modules de formation du PNCE, veuillez consulter le site www.coach.ca.<\/em><\/p>\n\n<div style=\"height:100px\" aria-hidden=\"true\" class=\"wp-block-spacer\"><\/div>\n","protected":false},"excerpt":{"rendered":"<p>\u00c0 propos du mod\u00e8le du PNCE Le PNCE se compose de trois fili\u00e8res et de huit contextes au total, chacun ayant ses propres exigences en mati\u00e8re d&rsquo;entra\u00eenement. Football Canada a d\u00e9cid\u00e9 que les huit contextes sont pertinents pour le d\u00e9veloppement du football et essentiels pour atteindre les objectifs d&rsquo;excellence et de participation accrues du programme [&hellip;]<\/p>\n","protected":false},"author":3,"featured_media":0,"parent":0,"menu_order":0,"comment_status":"closed","ping_status":"closed","template":"","meta":{"_acf_changed":false,"_coblocks_attr":"","_coblocks_dimensions":"","_coblocks_responsive_height":"","_coblocks_accordion_ie_support":"","footnotes":""},"class_list":["post-3030","page","type-page","status-publish","hentry"],"acf":[],"yoast_head":"<!-- This site is optimized with the Yoast SEO plugin v27.4 - https:\/\/yoast.com\/product\/yoast-seo-wordpress\/ -->\n<title>Programme national de certification des entra\u00eeneurs  (PNCE) - Football NB<\/title>\n<meta name=\"robots\" content=\"index, follow, max-snippet:-1, max-image-preview:large, max-video-preview:-1\" \/>\n<link rel=\"canonical\" href=\"https:\/\/footballnb.ca\/national-coaches-certification-program-nccp\/\" \/>\n<meta property=\"og:locale\" content=\"fr_FR\" \/>\n<meta property=\"og:type\" content=\"article\" \/>\n<meta property=\"og:title\" content=\"Programme national de certification des entra\u00eeneurs  (PNCE) - Football NB\" \/>\n<meta property=\"og:description\" content=\"\u00c0 propos du mod\u00e8le du PNCE Le PNCE se compose de trois fili\u00e8res et de huit contextes au total, chacun ayant ses propres exigences en mati\u00e8re d&rsquo;entra\u00eenement. Football Canada a d\u00e9cid\u00e9 que les huit contextes sont pertinents pour le d\u00e9veloppement du football et essentiels pour atteindre les objectifs d&rsquo;excellence et de participation accrues du programme [&hellip;]\" \/>\n<meta property=\"og:url\" content=\"https:\/\/footballnb.ca\/national-coaches-certification-program-nccp\/\" \/>\n<meta property=\"og:site_name\" content=\"Football NB\" \/>\n<meta property=\"article:modified_time\" content=\"2022-12-16T15:11:04+00:00\" \/>\n<meta name=\"twitter:card\" content=\"summary_large_image\" \/>\n<meta name=\"twitter:label1\" content=\"Dur\u00e9e de lecture estim\u00e9e\" \/>\n\t<meta name=\"twitter:data1\" content=\"3 minutes\" \/>\n<script type=\"application\/ld+json\" class=\"yoast-schema-graph\">{\"@context\":\"https:\\\/\\\/schema.org\",\"@graph\":[{\"@type\":\"WebPage\",\"@id\":\"https:\\\/\\\/footballnb.ca\\\/national-coaches-certification-program-nccp\\\/\",\"url\":\"https:\\\/\\\/footballnb.ca\\\/national-coaches-certification-program-nccp\\\/\",\"name\":\"Programme national de certification des entra\u00eeneurs (PNCE) - Football NB\",\"isPartOf\":{\"@id\":\"https:\\\/\\\/footballnb.ca\\\/#website\"},\"datePublished\":\"2022-10-16T15:07:57+00:00\",\"dateModified\":\"2022-12-16T15:11:04+00:00\",\"breadcrumb\":{\"@id\":\"https:\\\/\\\/footballnb.ca\\\/national-coaches-certification-program-nccp\\\/#breadcrumb\"},\"inLanguage\":\"fr-FR\",\"potentialAction\":[{\"@type\":\"ReadAction\",\"target\":[\"https:\\\/\\\/footballnb.ca\\\/national-coaches-certification-program-nccp\\\/\"]}]},{\"@type\":\"BreadcrumbList\",\"@id\":\"https:\\\/\\\/footballnb.ca\\\/national-coaches-certification-program-nccp\\\/#breadcrumb\",\"itemListElement\":[{\"@type\":\"ListItem\",\"position\":1,\"name\":\"Home\",\"item\":\"https:\\\/\\\/footballnb.ca\\\/fr\\\/\"},{\"@type\":\"ListItem\",\"position\":2,\"name\":\"Programme national de certification des entra\u00eeneurs (PNCE)\"}]},{\"@type\":\"WebSite\",\"@id\":\"https:\\\/\\\/footballnb.ca\\\/#website\",\"url\":\"https:\\\/\\\/footballnb.ca\\\/\",\"name\":\"Football NB\",\"description\":\"Non Profit Athletics Program for the Province of New-Brunswick\",\"publisher\":{\"@id\":\"https:\\\/\\\/footballnb.ca\\\/#organization\"},\"potentialAction\":[{\"@type\":\"SearchAction\",\"target\":{\"@type\":\"EntryPoint\",\"urlTemplate\":\"https:\\\/\\\/footballnb.ca\\\/?s={search_term_string}\"},\"query-input\":{\"@type\":\"PropertyValueSpecification\",\"valueRequired\":true,\"valueName\":\"search_term_string\"}}],\"inLanguage\":\"fr-FR\"},{\"@type\":\"Organization\",\"@id\":\"https:\\\/\\\/footballnb.ca\\\/#organization\",\"name\":\"Football NB\",\"url\":\"https:\\\/\\\/footballnb.ca\\\/\",\"logo\":{\"@type\":\"ImageObject\",\"inLanguage\":\"fr-FR\",\"@id\":\"https:\\\/\\\/footballnb.ca\\\/#\\\/schema\\\/logo\\\/image\\\/\",\"url\":\"https:\\\/\\\/footballnb.ca\\\/wp-content\\\/uploads\\\/2022\\\/05\\\/fnblogo@2x.png\",\"contentUrl\":\"https:\\\/\\\/footballnb.ca\\\/wp-content\\\/uploads\\\/2022\\\/05\\\/fnblogo@2x.png\",\"width\":374,\"height\":243,\"caption\":\"Football NB\"},\"image\":{\"@id\":\"https:\\\/\\\/footballnb.ca\\\/#\\\/schema\\\/logo\\\/image\\\/\"}}]}<\/script>\n<!-- \/ Yoast SEO plugin. -->","yoast_head_json":{"title":"Programme national de certification des entra\u00eeneurs  (PNCE) - Football NB","robots":{"index":"index","follow":"follow","max-snippet":"max-snippet:-1","max-image-preview":"max-image-preview:large","max-video-preview":"max-video-preview:-1"},"canonical":"https:\/\/footballnb.ca\/national-coaches-certification-program-nccp\/","og_locale":"fr_FR","og_type":"article","og_title":"Programme national de certification des entra\u00eeneurs  (PNCE) - Football NB","og_description":"\u00c0 propos du mod\u00e8le du PNCE Le PNCE se compose de trois fili\u00e8res et de huit contextes au total, chacun ayant ses propres exigences en mati\u00e8re d&rsquo;entra\u00eenement. Football Canada a d\u00e9cid\u00e9 que les huit contextes sont pertinents pour le d\u00e9veloppement du football et essentiels pour atteindre les objectifs d&rsquo;excellence et de participation accrues du programme [&hellip;]","og_url":"https:\/\/footballnb.ca\/national-coaches-certification-program-nccp\/","og_site_name":"Football NB","article_modified_time":"2022-12-16T15:11:04+00:00","twitter_card":"summary_large_image","twitter_misc":{"Dur\u00e9e de lecture estim\u00e9e":"3 minutes"},"schema":{"@context":"https:\/\/schema.org","@graph":[{"@type":"WebPage","@id":"https:\/\/footballnb.ca\/national-coaches-certification-program-nccp\/","url":"https:\/\/footballnb.ca\/national-coaches-certification-program-nccp\/","name":"Programme national de certification des entra\u00eeneurs (PNCE) - Football NB","isPartOf":{"@id":"https:\/\/footballnb.ca\/#website"},"datePublished":"2022-10-16T15:07:57+00:00","dateModified":"2022-12-16T15:11:04+00:00","breadcrumb":{"@id":"https:\/\/footballnb.ca\/national-coaches-certification-program-nccp\/#breadcrumb"},"inLanguage":"fr-FR","potentialAction":[{"@type":"ReadAction","target":["https:\/\/footballnb.ca\/national-coaches-certification-program-nccp\/"]}]},{"@type":"BreadcrumbList","@id":"https:\/\/footballnb.ca\/national-coaches-certification-program-nccp\/#breadcrumb","itemListElement":[{"@type":"ListItem","position":1,"name":"Home","item":"https:\/\/footballnb.ca\/fr\/"},{"@type":"ListItem","position":2,"name":"Programme national de certification des entra\u00eeneurs (PNCE)"}]},{"@type":"WebSite","@id":"https:\/\/footballnb.ca\/#website","url":"https:\/\/footballnb.ca\/","name":"Football NB","description":"Non Profit Athletics Program for the Province of New-Brunswick","publisher":{"@id":"https:\/\/footballnb.ca\/#organization"},"potentialAction":[{"@type":"SearchAction","target":{"@type":"EntryPoint","urlTemplate":"https:\/\/footballnb.ca\/?s={search_term_string}"},"query-input":{"@type":"PropertyValueSpecification","valueRequired":true,"valueName":"search_term_string"}}],"inLanguage":"fr-FR"},{"@type":"Organization","@id":"https:\/\/footballnb.ca\/#organization","name":"Football NB","url":"https:\/\/footballnb.ca\/","logo":{"@type":"ImageObject","inLanguage":"fr-FR","@id":"https:\/\/footballnb.ca\/#\/schema\/logo\/image\/","url":"https:\/\/footballnb.ca\/wp-content\/uploads\/2022\/05\/fnblogo@2x.png","contentUrl":"https:\/\/footballnb.ca\/wp-content\/uploads\/2022\/05\/fnblogo@2x.png","width":374,"height":243,"caption":"Football NB"},"image":{"@id":"https:\/\/footballnb.ca\/#\/schema\/logo\/image\/"}}]}},"_links":{"self":[{"href":"https:\/\/footballnb.ca\/fr\/wp-json\/wp\/v2\/pages\/3030","targetHints":{"allow":["GET"]}}],"collection":[{"href":"https:\/\/footballnb.ca\/fr\/wp-json\/wp\/v2\/pages"}],"about":[{"href":"https:\/\/footballnb.ca\/fr\/wp-json\/wp\/v2\/types\/page"}],"author":[{"embeddable":true,"href":"https:\/\/footballnb.ca\/fr\/wp-json\/wp\/v2\/users\/3"}],"replies":[{"embeddable":true,"href":"https:\/\/footballnb.ca\/fr\/wp-json\/wp\/v2\/comments?post=3030"}],"version-history":[{"count":1,"href":"https:\/\/footballnb.ca\/fr\/wp-json\/wp\/v2\/pages\/3030\/revisions"}],"predecessor-version":[{"id":3031,"href":"https:\/\/footballnb.ca\/fr\/wp-json\/wp\/v2\/pages\/3030\/revisions\/3031"}],"wp:attachment":[{"href":"https:\/\/footballnb.ca\/fr\/wp-json\/wp\/v2\/media?parent=3030"}],"curies":[{"name":"wp","href":"https:\/\/api.w.org\/{rel}","templated":true}]}}