{"id":3034,"date":"2022-10-14T11:15:05","date_gmt":"2022-10-14T14:15:05","guid":{"rendered":"https:\/\/footballnb.ca\/membre-a-part-entiere\/"},"modified":"2022-12-16T11:17:19","modified_gmt":"2022-12-16T15:17:19","slug":"membre-a-part-entiere","status":"publish","type":"page","link":"https:\/\/footballnb.ca\/fr\/membre-a-part-entiere\/","title":{"rendered":"Membre \u00e0 part enti\u00e8re"},"content":{"rendered":"\n<p>Si l&rsquo;association devient membre \u00e0 part enti\u00e8re, elle aura droit aux avantages suivants :<\/p>\n\n<ol class=\"is-style-checkbox\"><li>FNB Couverture d&rsquo;assurance au co\u00fbt de l&rsquo;adh\u00e9sion<\/li><li>Acc\u00e8s gratuit \u00e0 la plateforme vid\u00e9o WatchGameFilm pour les \u00e9quipes U14, U16 et Varsity Girl.<\/li><li>Sanctionner des activit\u00e9s, des comp\u00e9titions ou des programmes de jeu.<\/li><li>Acc\u00e8s \u00e0 la formation et \u00e0 la certification des entra\u00eeneurs du PNCE au prix de l&rsquo;adh\u00e9sion.<\/li><li>Acc\u00e8s aux cliniques et aux camps de la FNB aux frais des membres.<\/li><li>Acc\u00e8s au financement et \u00e0 l&rsquo;\u00e9quipement<\/li><li>Droit d&rsquo;utiliser le nom et le logo de Football New Brunswick<\/li><li>Football Canada Livres de r\u00e8glements et ressources au prix co\u00fbtant<\/li><li>Reconnaissance de l&rsquo;appartenance \u00e0 l&rsquo;OSP lors d&rsquo;\u00e9v\u00e9nements organis\u00e9s par Football Canada.<\/li><li>Acc\u00e8s aux ressources et \u00e0 la gestion du programme antidopage<\/li><li>Un soutien financier limit\u00e9 sous forme de subventions et de bourses (tel qu&rsquo;approuv\u00e9 par le conseil d&rsquo;administration de la FNB).<\/li><li>Acc\u00e8s aux r\u00e9ductions de la FNB<\/li><li>Protection en vertu des politiques et proc\u00e9dures de la FNB<\/li><\/ol>\n\n<p>Pour plus d&rsquo;informations sur l&rsquo;adh\u00e9sion \u00e0 Football New Brunswick et comment l&rsquo;obtenir, veuillez consulter la politique d&rsquo;adh\u00e9sion <a href=\"https:\/\/footballnb.ca\/wp-content\/uploads\/2022\/10\/fnb_policy_-_membership.pdf\" target=\"_blank\" rel=\"noreferrer noopener\">ici OU<\/a>remplir une demande <a href=\"https:\/\/footballnb.ca\/wp-content\/uploads\/2022\/10\/membership_request_form.pdf\" target=\"_blank\" rel=\"noreferrer noopener\">ici<\/a>.<br\/> <\/p>\n\n<h4 class=\"wp-block-heading\"><strong>Frais d&rsquo;adh\u00e9sion \u00e0 part enti\u00e8re  <\/strong><\/h4>\n\n<ul class=\"is-style-fancy\"><li>Adh\u00e9sion pour le mat\u00e9riel de p\u00eache &#8211; 35 $\/individu<\/li><li>Adh\u00e9sion au drapeau &#8211; 25 $\/individu<\/li><li>Adh\u00e9sion tactile &#8211; 20 $\/individu<\/li><\/ul>\n\n<div style=\"height:28px\" aria-hidden=\"true\" class=\"wp-block-spacer\"><\/div>\n\n<h5 class=\"wp-block-heading\">Chaque cotisation sera \u00e9galement soumise \u00e0 une cotisation de 15 $ de Football Canada.<\/h5>\n\n<div style=\"height:62px\" aria-hidden=\"true\" class=\"wp-block-spacer\"><\/div>\n\n<h4 class=\"wp-block-heading\">Membres affili\u00e9s<\/h4>\n\n<p>Si l&rsquo;affiliation est accord\u00e9e, l&rsquo;\u00e9quipe, le groupe ou l&rsquo;association aura droit aux avantages suivants. Ces avantages ne seront accessibles \u00e0 aucune autre agence et ne seront utilis\u00e9s qu&rsquo;\u00e0 des fins li\u00e9es au football.<\/p>\n\n<ol class=\"is-style-checkbox\"><li>Acc\u00e8s \u00e0 la formation et \u00e0 la certification des entra\u00eeneurs du PNCE au prix de l&rsquo;adh\u00e9sion.<\/li><li>Acc\u00e8s aux cliniques et aux camps de la FNB aux frais des membres.<\/li><li>Football Canada Livres de r\u00e8glements et ressources au prix co\u00fbtant<\/li><li>Reconnaissance du statut de membre affili\u00e9 de l&rsquo;OSP lors des \u00e9v\u00e9nements de Football Canada.<\/li><li>Acc\u00e8s aux ressources et \u00e0 la gestion du programme antidopage<br\/> <\/li><\/ol>\n\n<p>Pour plus d&rsquo;informations sur l&rsquo;affiliation de Football New Brunswick et comment l&rsquo;obtenir, veuillez consulter la politique d&rsquo;affiliation <a href=\"https:\/\/footballnb.ca\/wp-content\/uploads\/2022\/10\/fnb_policy_-_affiliate_membership.pdf\" target=\"_blank\" rel=\"noreferrer noopener\">ici<\/a> OU remplir une demande <a href=\"https:\/\/footballnb.ca\/wp-content\/uploads\/2022\/10\/affiliate_membership_request_form_-_fr.pdf\">ici<\/a>.<\/p>\n\n<h4 class=\"wp-block-heading\"><br\/><strong>Frais d&rsquo;adh\u00e9sion en tant que membre affili\u00e9<\/strong> &#8211; 100 $ par \u00e9quipe, groupe ou association par an<\/h4>\n\n<div style=\"height:100px\" aria-hidden=\"true\" class=\"wp-block-spacer\"><\/div>\n","protected":false},"excerpt":{"rendered":"<p>Si l&rsquo;association devient membre \u00e0 part enti\u00e8re, elle aura droit aux avantages suivants : FNB Couverture d&rsquo;assurance au co\u00fbt de l&rsquo;adh\u00e9sion Acc\u00e8s gratuit \u00e0 la plateforme vid\u00e9o WatchGameFilm pour les \u00e9quipes U14, U16 et Varsity Girl. Sanctionner des activit\u00e9s, des comp\u00e9titions ou des programmes de jeu. Acc\u00e8s \u00e0 la formation et \u00e0 la certification des [&hellip;]<\/p>\n","protected":false},"author":1,"featured_media":0,"parent":0,"menu_order":0,"comment_status":"closed","ping_status":"closed","template":"","meta":{"_acf_changed":false,"_coblocks_attr":"","_coblocks_dimensions":"","_coblocks_responsive_height":"","_coblocks_accordion_ie_support":"","footnotes":""},"class_list":["post-3034","page","type-page","status-publish","hentry"],"acf":[],"yoast_head":"<!-- This site is optimized with the Yoast SEO plugin v27.4 - https:\/\/yoast.com\/product\/yoast-seo-wordpress\/ -->\n<title>Membre \u00e0 part enti\u00e8re - Football NB<\/title>\n<meta name=\"robots\" content=\"index, follow, max-snippet:-1, max-image-preview:large, max-video-preview:-1\" \/>\n<link rel=\"canonical\" href=\"https:\/\/footballnb.ca\/membership\/\" \/>\n<meta property=\"og:locale\" content=\"fr_FR\" \/>\n<meta property=\"og:type\" content=\"article\" \/>\n<meta property=\"og:title\" content=\"Membre \u00e0 part enti\u00e8re - Football NB\" \/>\n<meta property=\"og:description\" content=\"Si l&rsquo;association devient membre \u00e0 part enti\u00e8re, elle aura droit aux avantages suivants : FNB Couverture d&rsquo;assurance au co\u00fbt de l&rsquo;adh\u00e9sion Acc\u00e8s gratuit \u00e0 la plateforme vid\u00e9o WatchGameFilm pour les \u00e9quipes U14, U16 et Varsity Girl. Sanctionner des activit\u00e9s, des comp\u00e9titions ou des programmes de jeu. Acc\u00e8s \u00e0 la formation et \u00e0 la certification des [&hellip;]\" \/>\n<meta property=\"og:url\" content=\"https:\/\/footballnb.ca\/membership\/\" \/>\n<meta property=\"og:site_name\" content=\"Football NB\" \/>\n<meta property=\"article:modified_time\" content=\"2022-12-16T15:17:19+00:00\" \/>\n<meta name=\"twitter:card\" content=\"summary_large_image\" \/>\n<meta name=\"twitter:label1\" content=\"Dur\u00e9e de lecture estim\u00e9e\" \/>\n\t<meta name=\"twitter:data1\" content=\"2 minutes\" \/>\n<script type=\"application\/ld+json\" class=\"yoast-schema-graph\">{\"@context\":\"https:\\\/\\\/schema.org\",\"@graph\":[{\"@type\":\"WebPage\",\"@id\":\"https:\\\/\\\/footballnb.ca\\\/membership\\\/\",\"url\":\"https:\\\/\\\/footballnb.ca\\\/membership\\\/\",\"name\":\"Membre \u00e0 part enti\u00e8re - Football NB\",\"isPartOf\":{\"@id\":\"https:\\\/\\\/footballnb.ca\\\/#website\"},\"datePublished\":\"2022-10-14T14:15:05+00:00\",\"dateModified\":\"2022-12-16T15:17:19+00:00\",\"breadcrumb\":{\"@id\":\"https:\\\/\\\/footballnb.ca\\\/membership\\\/#breadcrumb\"},\"inLanguage\":\"fr-FR\",\"potentialAction\":[{\"@type\":\"ReadAction\",\"target\":[\"https:\\\/\\\/footballnb.ca\\\/membership\\\/\"]}]},{\"@type\":\"BreadcrumbList\",\"@id\":\"https:\\\/\\\/footballnb.ca\\\/membership\\\/#breadcrumb\",\"itemListElement\":[{\"@type\":\"ListItem\",\"position\":1,\"name\":\"Home\",\"item\":\"https:\\\/\\\/footballnb.ca\\\/fr\\\/\"},{\"@type\":\"ListItem\",\"position\":2,\"name\":\"Membre \u00e0 part enti\u00e8re\"}]},{\"@type\":\"WebSite\",\"@id\":\"https:\\\/\\\/footballnb.ca\\\/#website\",\"url\":\"https:\\\/\\\/footballnb.ca\\\/\",\"name\":\"Football NB\",\"description\":\"Non Profit Athletics Program for the Province of New-Brunswick\",\"publisher\":{\"@id\":\"https:\\\/\\\/footballnb.ca\\\/#organization\"},\"potentialAction\":[{\"@type\":\"SearchAction\",\"target\":{\"@type\":\"EntryPoint\",\"urlTemplate\":\"https:\\\/\\\/footballnb.ca\\\/?s={search_term_string}\"},\"query-input\":{\"@type\":\"PropertyValueSpecification\",\"valueRequired\":true,\"valueName\":\"search_term_string\"}}],\"inLanguage\":\"fr-FR\"},{\"@type\":\"Organization\",\"@id\":\"https:\\\/\\\/footballnb.ca\\\/#organization\",\"name\":\"Football NB\",\"url\":\"https:\\\/\\\/footballnb.ca\\\/\",\"logo\":{\"@type\":\"ImageObject\",\"inLanguage\":\"fr-FR\",\"@id\":\"https:\\\/\\\/footballnb.ca\\\/#\\\/schema\\\/logo\\\/image\\\/\",\"url\":\"https:\\\/\\\/footballnb.ca\\\/wp-content\\\/uploads\\\/2022\\\/05\\\/fnblogo@2x.png\",\"contentUrl\":\"https:\\\/\\\/footballnb.ca\\\/wp-content\\\/uploads\\\/2022\\\/05\\\/fnblogo@2x.png\",\"width\":374,\"height\":243,\"caption\":\"Football NB\"},\"image\":{\"@id\":\"https:\\\/\\\/footballnb.ca\\\/#\\\/schema\\\/logo\\\/image\\\/\"}}]}<\/script>\n<!-- \/ Yoast SEO plugin. -->","yoast_head_json":{"title":"Membre \u00e0 part enti\u00e8re - Football NB","robots":{"index":"index","follow":"follow","max-snippet":"max-snippet:-1","max-image-preview":"max-image-preview:large","max-video-preview":"max-video-preview:-1"},"canonical":"https:\/\/footballnb.ca\/membership\/","og_locale":"fr_FR","og_type":"article","og_title":"Membre \u00e0 part enti\u00e8re - Football NB","og_description":"Si l&rsquo;association devient membre \u00e0 part enti\u00e8re, elle aura droit aux avantages suivants : FNB Couverture d&rsquo;assurance au co\u00fbt de l&rsquo;adh\u00e9sion Acc\u00e8s gratuit \u00e0 la plateforme vid\u00e9o WatchGameFilm pour les \u00e9quipes U14, U16 et Varsity Girl. Sanctionner des activit\u00e9s, des comp\u00e9titions ou des programmes de jeu. Acc\u00e8s \u00e0 la formation et \u00e0 la certification des [&hellip;]","og_url":"https:\/\/footballnb.ca\/membership\/","og_site_name":"Football NB","article_modified_time":"2022-12-16T15:17:19+00:00","twitter_card":"summary_large_image","twitter_misc":{"Dur\u00e9e de lecture estim\u00e9e":"2 minutes"},"schema":{"@context":"https:\/\/schema.org","@graph":[{"@type":"WebPage","@id":"https:\/\/footballnb.ca\/membership\/","url":"https:\/\/footballnb.ca\/membership\/","name":"Membre \u00e0 part enti\u00e8re - Football NB","isPartOf":{"@id":"https:\/\/footballnb.ca\/#website"},"datePublished":"2022-10-14T14:15:05+00:00","dateModified":"2022-12-16T15:17:19+00:00","breadcrumb":{"@id":"https:\/\/footballnb.ca\/membership\/#breadcrumb"},"inLanguage":"fr-FR","potentialAction":[{"@type":"ReadAction","target":["https:\/\/footballnb.ca\/membership\/"]}]},{"@type":"BreadcrumbList","@id":"https:\/\/footballnb.ca\/membership\/#breadcrumb","itemListElement":[{"@type":"ListItem","position":1,"name":"Home","item":"https:\/\/footballnb.ca\/fr\/"},{"@type":"ListItem","position":2,"name":"Membre \u00e0 part enti\u00e8re"}]},{"@type":"WebSite","@id":"https:\/\/footballnb.ca\/#website","url":"https:\/\/footballnb.ca\/","name":"Football NB","description":"Non Profit Athletics Program for the Province of New-Brunswick","publisher":{"@id":"https:\/\/footballnb.ca\/#organization"},"potentialAction":[{"@type":"SearchAction","target":{"@type":"EntryPoint","urlTemplate":"https:\/\/footballnb.ca\/?s={search_term_string}"},"query-input":{"@type":"PropertyValueSpecification","valueRequired":true,"valueName":"search_term_string"}}],"inLanguage":"fr-FR"},{"@type":"Organization","@id":"https:\/\/footballnb.ca\/#organization","name":"Football NB","url":"https:\/\/footballnb.ca\/","logo":{"@type":"ImageObject","inLanguage":"fr-FR","@id":"https:\/\/footballnb.ca\/#\/schema\/logo\/image\/","url":"https:\/\/footballnb.ca\/wp-content\/uploads\/2022\/05\/fnblogo@2x.png","contentUrl":"https:\/\/footballnb.ca\/wp-content\/uploads\/2022\/05\/fnblogo@2x.png","width":374,"height":243,"caption":"Football NB"},"image":{"@id":"https:\/\/footballnb.ca\/#\/schema\/logo\/image\/"}}]}},"_links":{"self":[{"href":"https:\/\/footballnb.ca\/fr\/wp-json\/wp\/v2\/pages\/3034","targetHints":{"allow":["GET"]}}],"collection":[{"href":"https:\/\/footballnb.ca\/fr\/wp-json\/wp\/v2\/pages"}],"about":[{"href":"https:\/\/footballnb.ca\/fr\/wp-json\/wp\/v2\/types\/page"}],"author":[{"embeddable":true,"href":"https:\/\/footballnb.ca\/fr\/wp-json\/wp\/v2\/users\/1"}],"replies":[{"embeddable":true,"href":"https:\/\/footballnb.ca\/fr\/wp-json\/wp\/v2\/comments?post=3034"}],"version-history":[{"count":1,"href":"https:\/\/footballnb.ca\/fr\/wp-json\/wp\/v2\/pages\/3034\/revisions"}],"predecessor-version":[{"id":3035,"href":"https:\/\/footballnb.ca\/fr\/wp-json\/wp\/v2\/pages\/3034\/revisions\/3035"}],"wp:attachment":[{"href":"https:\/\/footballnb.ca\/fr\/wp-json\/wp\/v2\/media?parent=3034"}],"curies":[{"name":"wp","href":"https:\/\/api.w.org\/{rel}","templated":true}]}}