{"id":3295,"date":"2022-10-16T12:07:24","date_gmt":"2022-10-16T15:07:24","guid":{"rendered":"https:\/\/footballnb.ca\/entraineurs-u18\/"},"modified":"2022-12-19T15:16:31","modified_gmt":"2022-12-19T19:16:31","slug":"entraineurs-u18","status":"publish","type":"page","link":"https:\/\/footballnb.ca\/fr\/entraineurs-u18\/","title":{"rendered":"Entra\u00eeneurs U18"},"content":{"rendered":"\n<h4 class=\"has-text-align-left wp-block-heading\">2023 <strong>Coupe du Canada de football <\/strong> <br\/><strong>Personnel d&rsquo;encadrement<\/strong><\/h4>\n\n<div style=\"height:20px\" aria-hidden=\"true\" class=\"wp-block-spacer\"><\/div>\n\n<p>Le personnel d&rsquo;entra\u00eeneurs pour la Coupe Football Canada 2023 n&rsquo;a pas encore \u00e9t\u00e9 d\u00e9termin\u00e9.<\/p>\n\n<div style=\"height:100px\" aria-hidden=\"true\" class=\"wp-block-spacer\"><\/div>\n","protected":false},"excerpt":{"rendered":"<p>2023 Coupe du Canada de football Personnel d&rsquo;encadrement Le personnel d&rsquo;entra\u00eeneurs pour la Coupe Football Canada 2023 n&rsquo;a pas encore \u00e9t\u00e9 d\u00e9termin\u00e9.<\/p>\n","protected":false},"author":3,"featured_media":0,"parent":0,"menu_order":0,"comment_status":"closed","ping_status":"closed","template":"page-elite-template","meta":{"_acf_changed":false,"_coblocks_attr":"","_coblocks_dimensions":"","_coblocks_responsive_height":"","_coblocks_accordion_ie_support":"","footnotes":""},"class_list":["post-3295","page","type-page","status-publish","hentry"],"acf":[],"yoast_head":"<!-- This site is optimized with the Yoast SEO plugin v27.5 - https:\/\/yoast.com\/product\/yoast-seo-wordpress\/ -->\n<title>Entra\u00eeneurs U18 - Football NB<\/title>\n<meta name=\"robots\" content=\"index, follow, max-snippet:-1, max-image-preview:large, max-video-preview:-1\" \/>\n<link rel=\"canonical\" href=\"https:\/\/footballnb.ca\/u18-coaches\/\" \/>\n<meta property=\"og:locale\" content=\"fr_FR\" \/>\n<meta property=\"og:type\" content=\"article\" \/>\n<meta property=\"og:title\" content=\"Entra\u00eeneurs U18 - Football NB\" \/>\n<meta property=\"og:description\" content=\"2023 Coupe du Canada de football Personnel d&rsquo;encadrement Le personnel d&rsquo;entra\u00eeneurs pour la Coupe Football Canada 2023 n&rsquo;a pas encore \u00e9t\u00e9 d\u00e9termin\u00e9.\" \/>\n<meta property=\"og:url\" content=\"https:\/\/footballnb.ca\/u18-coaches\/\" \/>\n<meta property=\"og:site_name\" content=\"Football NB\" \/>\n<meta property=\"article:modified_time\" content=\"2022-12-19T19:16:31+00:00\" \/>\n<meta name=\"twitter:card\" content=\"summary_large_image\" \/>\n<script type=\"application\/ld+json\" class=\"yoast-schema-graph\">{\"@context\":\"https:\\\/\\\/schema.org\",\"@graph\":[{\"@type\":\"WebPage\",\"@id\":\"https:\\\/\\\/footballnb.ca\\\/u18-coaches\\\/\",\"url\":\"https:\\\/\\\/footballnb.ca\\\/u18-coaches\\\/\",\"name\":\"Entra\u00eeneurs U18 - Football NB\",\"isPartOf\":{\"@id\":\"https:\\\/\\\/footballnb.ca\\\/#website\"},\"datePublished\":\"2022-10-16T15:07:24+00:00\",\"dateModified\":\"2022-12-19T19:16:31+00:00\",\"breadcrumb\":{\"@id\":\"https:\\\/\\\/footballnb.ca\\\/u18-coaches\\\/#breadcrumb\"},\"inLanguage\":\"fr-FR\",\"potentialAction\":[{\"@type\":\"ReadAction\",\"target\":[\"https:\\\/\\\/footballnb.ca\\\/u18-coaches\\\/\"]}]},{\"@type\":\"BreadcrumbList\",\"@id\":\"https:\\\/\\\/footballnb.ca\\\/u18-coaches\\\/#breadcrumb\",\"itemListElement\":[{\"@type\":\"ListItem\",\"position\":1,\"name\":\"Home\",\"item\":\"https:\\\/\\\/footballnb.ca\\\/fr\\\/\"},{\"@type\":\"ListItem\",\"position\":2,\"name\":\"Entra\u00eeneurs U18\"}]},{\"@type\":\"WebSite\",\"@id\":\"https:\\\/\\\/footballnb.ca\\\/#website\",\"url\":\"https:\\\/\\\/footballnb.ca\\\/\",\"name\":\"Football NB\",\"description\":\"Non Profit Athletics Program for the Province of New-Brunswick\",\"publisher\":{\"@id\":\"https:\\\/\\\/footballnb.ca\\\/#organization\"},\"potentialAction\":[{\"@type\":\"SearchAction\",\"target\":{\"@type\":\"EntryPoint\",\"urlTemplate\":\"https:\\\/\\\/footballnb.ca\\\/?s={search_term_string}\"},\"query-input\":{\"@type\":\"PropertyValueSpecification\",\"valueRequired\":true,\"valueName\":\"search_term_string\"}}],\"inLanguage\":\"fr-FR\"},{\"@type\":\"Organization\",\"@id\":\"https:\\\/\\\/footballnb.ca\\\/#organization\",\"name\":\"Football NB\",\"url\":\"https:\\\/\\\/footballnb.ca\\\/\",\"logo\":{\"@type\":\"ImageObject\",\"inLanguage\":\"fr-FR\",\"@id\":\"https:\\\/\\\/footballnb.ca\\\/#\\\/schema\\\/logo\\\/image\\\/\",\"url\":\"https:\\\/\\\/footballnb.ca\\\/wp-content\\\/uploads\\\/2022\\\/05\\\/fnblogo@2x.png\",\"contentUrl\":\"https:\\\/\\\/footballnb.ca\\\/wp-content\\\/uploads\\\/2022\\\/05\\\/fnblogo@2x.png\",\"width\":374,\"height\":243,\"caption\":\"Football NB\"},\"image\":{\"@id\":\"https:\\\/\\\/footballnb.ca\\\/#\\\/schema\\\/logo\\\/image\\\/\"}}]}<\/script>\n<!-- \/ Yoast SEO plugin. -->","yoast_head_json":{"title":"Entra\u00eeneurs U18 - Football NB","robots":{"index":"index","follow":"follow","max-snippet":"max-snippet:-1","max-image-preview":"max-image-preview:large","max-video-preview":"max-video-preview:-1"},"canonical":"https:\/\/footballnb.ca\/u18-coaches\/","og_locale":"fr_FR","og_type":"article","og_title":"Entra\u00eeneurs U18 - Football NB","og_description":"2023 Coupe du Canada de football Personnel d&rsquo;encadrement Le personnel d&rsquo;entra\u00eeneurs pour la Coupe Football Canada 2023 n&rsquo;a pas encore \u00e9t\u00e9 d\u00e9termin\u00e9.","og_url":"https:\/\/footballnb.ca\/u18-coaches\/","og_site_name":"Football NB","article_modified_time":"2022-12-19T19:16:31+00:00","twitter_card":"summary_large_image","schema":{"@context":"https:\/\/schema.org","@graph":[{"@type":"WebPage","@id":"https:\/\/footballnb.ca\/u18-coaches\/","url":"https:\/\/footballnb.ca\/u18-coaches\/","name":"Entra\u00eeneurs U18 - Football NB","isPartOf":{"@id":"https:\/\/footballnb.ca\/#website"},"datePublished":"2022-10-16T15:07:24+00:00","dateModified":"2022-12-19T19:16:31+00:00","breadcrumb":{"@id":"https:\/\/footballnb.ca\/u18-coaches\/#breadcrumb"},"inLanguage":"fr-FR","potentialAction":[{"@type":"ReadAction","target":["https:\/\/footballnb.ca\/u18-coaches\/"]}]},{"@type":"BreadcrumbList","@id":"https:\/\/footballnb.ca\/u18-coaches\/#breadcrumb","itemListElement":[{"@type":"ListItem","position":1,"name":"Home","item":"https:\/\/footballnb.ca\/fr\/"},{"@type":"ListItem","position":2,"name":"Entra\u00eeneurs U18"}]},{"@type":"WebSite","@id":"https:\/\/footballnb.ca\/#website","url":"https:\/\/footballnb.ca\/","name":"Football NB","description":"Non Profit Athletics Program for the Province of New-Brunswick","publisher":{"@id":"https:\/\/footballnb.ca\/#organization"},"potentialAction":[{"@type":"SearchAction","target":{"@type":"EntryPoint","urlTemplate":"https:\/\/footballnb.ca\/?s={search_term_string}"},"query-input":{"@type":"PropertyValueSpecification","valueRequired":true,"valueName":"search_term_string"}}],"inLanguage":"fr-FR"},{"@type":"Organization","@id":"https:\/\/footballnb.ca\/#organization","name":"Football NB","url":"https:\/\/footballnb.ca\/","logo":{"@type":"ImageObject","inLanguage":"fr-FR","@id":"https:\/\/footballnb.ca\/#\/schema\/logo\/image\/","url":"https:\/\/footballnb.ca\/wp-content\/uploads\/2022\/05\/fnblogo@2x.png","contentUrl":"https:\/\/footballnb.ca\/wp-content\/uploads\/2022\/05\/fnblogo@2x.png","width":374,"height":243,"caption":"Football NB"},"image":{"@id":"https:\/\/footballnb.ca\/#\/schema\/logo\/image\/"}}]}},"_links":{"self":[{"href":"https:\/\/footballnb.ca\/fr\/wp-json\/wp\/v2\/pages\/3295","targetHints":{"allow":["GET"]}}],"collection":[{"href":"https:\/\/footballnb.ca\/fr\/wp-json\/wp\/v2\/pages"}],"about":[{"href":"https:\/\/footballnb.ca\/fr\/wp-json\/wp\/v2\/types\/page"}],"author":[{"embeddable":true,"href":"https:\/\/footballnb.ca\/fr\/wp-json\/wp\/v2\/users\/3"}],"replies":[{"embeddable":true,"href":"https:\/\/footballnb.ca\/fr\/wp-json\/wp\/v2\/comments?post=3295"}],"version-history":[{"count":1,"href":"https:\/\/footballnb.ca\/fr\/wp-json\/wp\/v2\/pages\/3295\/revisions"}],"predecessor-version":[{"id":3296,"href":"https:\/\/footballnb.ca\/fr\/wp-json\/wp\/v2\/pages\/3295\/revisions\/3296"}],"wp:attachment":[{"href":"https:\/\/footballnb.ca\/fr\/wp-json\/wp\/v2\/media?parent=3295"}],"curies":[{"name":"wp","href":"https:\/\/api.w.org\/{rel}","templated":true}]}}