{"id":3304,"date":"2022-10-16T12:07:24","date_gmt":"2022-10-16T15:07:24","guid":{"rendered":"https:\/\/footballnb.ca\/info-du-programme-u14\/"},"modified":"2022-12-19T15:28:14","modified_gmt":"2022-12-19T19:28:14","slug":"info-du-programme-u14","status":"publish","type":"page","link":"https:\/\/footballnb.ca\/fr\/info-du-programme-u14\/","title":{"rendered":"Info du programme U14"},"content":{"rendered":"\n<h4 class=\"has-text-align-left wp-block-heading\"><strong>\u00c0 propos<\/strong><\/h4>\n\n<p class=\"has-medium-font-size\">Le programme de d\u00e9veloppement U14 sert de point d&rsquo;entr\u00e9e au sport de haut niveau pour les athl\u00e8tes. Le programme U14 se concentre sur le d\u00e9veloppement des athl\u00e8tes et les pr\u00e9pare au sport de haut niveau au niveau U16, U18 et au-del\u00e0. Ce programme initiera les joueurs \u00e0 des pratiques de week-end de deux jours o\u00f9 les athl\u00e8tes seront expos\u00e9s \u00e0 un entra\u00eenement de niveau \u00e9lite et \u00e0 l&rsquo;\u00e9tude de films. L&rsquo;\u00e9quipe participera \u00e9galement \u00e0 deux matchs d&rsquo;exhibition contre l&rsquo;\u00e9quipe U14 de la Nouvelle-\u00c9cosse.<\/p>\n\n<div style=\"height:40px\" aria-hidden=\"true\" class=\"wp-block-spacer\"><\/div>\n\n<h4 class=\"has-text-align-left wp-block-heading\"><strong>Admissibilit\u00e9<\/strong><\/h4>\n\n<ul>\n<li>Tous les joueurs, hommes et femmes, \u00e2g\u00e9s de 12 ou 13 ans au plus tard le 31 d\u00e9cembre de l&rsquo;ann\u00e9e civile sont \u00e9ligibles.<\/li>\n\n\n\n<li>Les joueurs utiliseront l&rsquo;\u00e9quipement des associations mineures et doivent jouer au football mineur au printemps pour \u00eatre \u00e9ligibles.<\/li>\n<\/ul>\n\n<div style=\"height:40px\" aria-hidden=\"true\" class=\"wp-block-spacer\"><\/div>\n\n<h4 class=\"has-text-align-left wp-block-heading\"><strong>Programme<\/strong><\/h4>\n\n<p class=\"has-text-align-left\">\u00c0 d\u00e9terminer<\/p>\n\n<div style=\"height:40px\" aria-hidden=\"true\" class=\"wp-block-spacer\"><\/div>\n\n<h4 class=\"has-text-align-left wp-block-heading\"><strong>Inscription<\/strong><\/h4>\n\n<p class=\"has-text-align-left\">Chaque programme de printemps mineur identifiera une liste de joueurs pour participer. Les joueurs s\u00e9lectionn\u00e9s recevront une invitation de Football NB. Tous les joueurs int\u00e9ress\u00e9s doivent s&rsquo;inscrire au football de printemps pour \u00eatre s\u00e9lectionn\u00e9s.<\/p>\n\n<p><\/p>\n\n<div style=\"height:100px\" aria-hidden=\"true\" class=\"wp-block-spacer\"><\/div>\n","protected":false},"excerpt":{"rendered":"<p>\u00c0 propos Le programme de d\u00e9veloppement U14 sert de point d&rsquo;entr\u00e9e au sport de haut niveau pour les athl\u00e8tes. Le programme U14 se concentre sur le d\u00e9veloppement des athl\u00e8tes et les pr\u00e9pare au sport de haut niveau au niveau U16, U18 et au-del\u00e0. Ce programme initiera les joueurs \u00e0 des pratiques de week-end de deux [&hellip;]<\/p>\n","protected":false},"author":3,"featured_media":0,"parent":0,"menu_order":0,"comment_status":"closed","ping_status":"closed","template":"page-elite-template","meta":{"_acf_changed":false,"_coblocks_attr":"","_coblocks_dimensions":"","_coblocks_responsive_height":"","_coblocks_accordion_ie_support":"","footnotes":""},"class_list":["post-3304","page","type-page","status-publish","hentry"],"acf":[],"yoast_head":"<!-- This site is optimized with the Yoast SEO plugin v27.5 - https:\/\/yoast.com\/product\/yoast-seo-wordpress\/ -->\n<title>Info du programme U14 - Football NB<\/title>\n<meta name=\"robots\" content=\"index, follow, max-snippet:-1, max-image-preview:large, max-video-preview:-1\" \/>\n<link rel=\"canonical\" href=\"https:\/\/footballnb.ca\/u14-program-info\/\" \/>\n<meta property=\"og:locale\" content=\"fr_FR\" \/>\n<meta property=\"og:type\" content=\"article\" \/>\n<meta property=\"og:title\" content=\"Info du programme U14 - Football NB\" \/>\n<meta property=\"og:description\" content=\"\u00c0 propos Le programme de d\u00e9veloppement U14 sert de point d&rsquo;entr\u00e9e au sport de haut niveau pour les athl\u00e8tes. Le programme U14 se concentre sur le d\u00e9veloppement des athl\u00e8tes et les pr\u00e9pare au sport de haut niveau au niveau U16, U18 et au-del\u00e0. Ce programme initiera les joueurs \u00e0 des pratiques de week-end de deux [&hellip;]\" \/>\n<meta property=\"og:url\" content=\"https:\/\/footballnb.ca\/u14-program-info\/\" \/>\n<meta property=\"og:site_name\" content=\"Football NB\" \/>\n<meta property=\"article:modified_time\" content=\"2022-12-19T19:28:14+00:00\" \/>\n<meta name=\"twitter:card\" content=\"summary_large_image\" \/>\n<meta name=\"twitter:label1\" content=\"Dur\u00e9e de lecture estim\u00e9e\" \/>\n\t<meta name=\"twitter:data1\" content=\"1 minute\" \/>\n<script type=\"application\/ld+json\" class=\"yoast-schema-graph\">{\"@context\":\"https:\\\/\\\/schema.org\",\"@graph\":[{\"@type\":\"WebPage\",\"@id\":\"https:\\\/\\\/footballnb.ca\\\/u14-program-info\\\/\",\"url\":\"https:\\\/\\\/footballnb.ca\\\/u14-program-info\\\/\",\"name\":\"Info du programme U14 - Football NB\",\"isPartOf\":{\"@id\":\"https:\\\/\\\/footballnb.ca\\\/#website\"},\"datePublished\":\"2022-10-16T15:07:24+00:00\",\"dateModified\":\"2022-12-19T19:28:14+00:00\",\"breadcrumb\":{\"@id\":\"https:\\\/\\\/footballnb.ca\\\/u14-program-info\\\/#breadcrumb\"},\"inLanguage\":\"fr-FR\",\"potentialAction\":[{\"@type\":\"ReadAction\",\"target\":[\"https:\\\/\\\/footballnb.ca\\\/u14-program-info\\\/\"]}]},{\"@type\":\"BreadcrumbList\",\"@id\":\"https:\\\/\\\/footballnb.ca\\\/u14-program-info\\\/#breadcrumb\",\"itemListElement\":[{\"@type\":\"ListItem\",\"position\":1,\"name\":\"Home\",\"item\":\"https:\\\/\\\/footballnb.ca\\\/fr\\\/\"},{\"@type\":\"ListItem\",\"position\":2,\"name\":\"Info du programme U14\"}]},{\"@type\":\"WebSite\",\"@id\":\"https:\\\/\\\/footballnb.ca\\\/#website\",\"url\":\"https:\\\/\\\/footballnb.ca\\\/\",\"name\":\"Football NB\",\"description\":\"Non Profit Athletics Program for the Province of New-Brunswick\",\"publisher\":{\"@id\":\"https:\\\/\\\/footballnb.ca\\\/#organization\"},\"potentialAction\":[{\"@type\":\"SearchAction\",\"target\":{\"@type\":\"EntryPoint\",\"urlTemplate\":\"https:\\\/\\\/footballnb.ca\\\/?s={search_term_string}\"},\"query-input\":{\"@type\":\"PropertyValueSpecification\",\"valueRequired\":true,\"valueName\":\"search_term_string\"}}],\"inLanguage\":\"fr-FR\"},{\"@type\":\"Organization\",\"@id\":\"https:\\\/\\\/footballnb.ca\\\/#organization\",\"name\":\"Football NB\",\"url\":\"https:\\\/\\\/footballnb.ca\\\/\",\"logo\":{\"@type\":\"ImageObject\",\"inLanguage\":\"fr-FR\",\"@id\":\"https:\\\/\\\/footballnb.ca\\\/#\\\/schema\\\/logo\\\/image\\\/\",\"url\":\"https:\\\/\\\/footballnb.ca\\\/wp-content\\\/uploads\\\/2022\\\/05\\\/fnblogo@2x.png\",\"contentUrl\":\"https:\\\/\\\/footballnb.ca\\\/wp-content\\\/uploads\\\/2022\\\/05\\\/fnblogo@2x.png\",\"width\":374,\"height\":243,\"caption\":\"Football NB\"},\"image\":{\"@id\":\"https:\\\/\\\/footballnb.ca\\\/#\\\/schema\\\/logo\\\/image\\\/\"}}]}<\/script>\n<!-- \/ Yoast SEO plugin. -->","yoast_head_json":{"title":"Info du programme U14 - Football NB","robots":{"index":"index","follow":"follow","max-snippet":"max-snippet:-1","max-image-preview":"max-image-preview:large","max-video-preview":"max-video-preview:-1"},"canonical":"https:\/\/footballnb.ca\/u14-program-info\/","og_locale":"fr_FR","og_type":"article","og_title":"Info du programme U14 - Football NB","og_description":"\u00c0 propos Le programme de d\u00e9veloppement U14 sert de point d&rsquo;entr\u00e9e au sport de haut niveau pour les athl\u00e8tes. Le programme U14 se concentre sur le d\u00e9veloppement des athl\u00e8tes et les pr\u00e9pare au sport de haut niveau au niveau U16, U18 et au-del\u00e0. Ce programme initiera les joueurs \u00e0 des pratiques de week-end de deux [&hellip;]","og_url":"https:\/\/footballnb.ca\/u14-program-info\/","og_site_name":"Football NB","article_modified_time":"2022-12-19T19:28:14+00:00","twitter_card":"summary_large_image","twitter_misc":{"Dur\u00e9e de lecture estim\u00e9e":"1 minute"},"schema":{"@context":"https:\/\/schema.org","@graph":[{"@type":"WebPage","@id":"https:\/\/footballnb.ca\/u14-program-info\/","url":"https:\/\/footballnb.ca\/u14-program-info\/","name":"Info du programme U14 - Football NB","isPartOf":{"@id":"https:\/\/footballnb.ca\/#website"},"datePublished":"2022-10-16T15:07:24+00:00","dateModified":"2022-12-19T19:28:14+00:00","breadcrumb":{"@id":"https:\/\/footballnb.ca\/u14-program-info\/#breadcrumb"},"inLanguage":"fr-FR","potentialAction":[{"@type":"ReadAction","target":["https:\/\/footballnb.ca\/u14-program-info\/"]}]},{"@type":"BreadcrumbList","@id":"https:\/\/footballnb.ca\/u14-program-info\/#breadcrumb","itemListElement":[{"@type":"ListItem","position":1,"name":"Home","item":"https:\/\/footballnb.ca\/fr\/"},{"@type":"ListItem","position":2,"name":"Info du programme U14"}]},{"@type":"WebSite","@id":"https:\/\/footballnb.ca\/#website","url":"https:\/\/footballnb.ca\/","name":"Football NB","description":"Non Profit Athletics Program for the Province of New-Brunswick","publisher":{"@id":"https:\/\/footballnb.ca\/#organization"},"potentialAction":[{"@type":"SearchAction","target":{"@type":"EntryPoint","urlTemplate":"https:\/\/footballnb.ca\/?s={search_term_string}"},"query-input":{"@type":"PropertyValueSpecification","valueRequired":true,"valueName":"search_term_string"}}],"inLanguage":"fr-FR"},{"@type":"Organization","@id":"https:\/\/footballnb.ca\/#organization","name":"Football NB","url":"https:\/\/footballnb.ca\/","logo":{"@type":"ImageObject","inLanguage":"fr-FR","@id":"https:\/\/footballnb.ca\/#\/schema\/logo\/image\/","url":"https:\/\/footballnb.ca\/wp-content\/uploads\/2022\/05\/fnblogo@2x.png","contentUrl":"https:\/\/footballnb.ca\/wp-content\/uploads\/2022\/05\/fnblogo@2x.png","width":374,"height":243,"caption":"Football NB"},"image":{"@id":"https:\/\/footballnb.ca\/#\/schema\/logo\/image\/"}}]}},"_links":{"self":[{"href":"https:\/\/footballnb.ca\/fr\/wp-json\/wp\/v2\/pages\/3304","targetHints":{"allow":["GET"]}}],"collection":[{"href":"https:\/\/footballnb.ca\/fr\/wp-json\/wp\/v2\/pages"}],"about":[{"href":"https:\/\/footballnb.ca\/fr\/wp-json\/wp\/v2\/types\/page"}],"author":[{"embeddable":true,"href":"https:\/\/footballnb.ca\/fr\/wp-json\/wp\/v2\/users\/3"}],"replies":[{"embeddable":true,"href":"https:\/\/footballnb.ca\/fr\/wp-json\/wp\/v2\/comments?post=3304"}],"version-history":[{"count":3,"href":"https:\/\/footballnb.ca\/fr\/wp-json\/wp\/v2\/pages\/3304\/revisions"}],"predecessor-version":[{"id":3307,"href":"https:\/\/footballnb.ca\/fr\/wp-json\/wp\/v2\/pages\/3304\/revisions\/3307"}],"wp:attachment":[{"href":"https:\/\/footballnb.ca\/fr\/wp-json\/wp\/v2\/media?parent=3304"}],"curies":[{"name":"wp","href":"https:\/\/api.w.org\/{rel}","templated":true}]}}