{"id":3310,"date":"2022-10-16T12:07:24","date_gmt":"2022-10-16T15:07:24","guid":{"rendered":"https:\/\/footballnb.ca\/entraineurs-u14\/"},"modified":"2022-12-19T15:31:49","modified_gmt":"2022-12-19T19:31:49","slug":"entraineurs-u14","status":"publish","type":"page","link":"https:\/\/footballnb.ca\/fr\/entraineurs-u14\/","title":{"rendered":"Entra\u00eeneurs U14"},"content":{"rendered":"\n<h4 class=\"has-text-align-center wp-block-heading\"> <strong>D\u00e9fi maritime <\/strong> 2022  <br\/><strong>Personnel d&rsquo;encadrement<\/strong><\/h4>\n\n<figure class=\"wp-block-table is-style-regular\"><table><tbody><tr><td><strong>Nom<\/strong><\/td><td><strong>Position<\/strong><\/td><\/tr><tr><td>Mike Mangusso<\/td><td>Entra\u00eeneur en chef, coordinateur de l&rsquo;attaque et quarterbacks<\/td><\/tr><tr><td>Tyler Guimond<\/td><td>Coordinateur d\u00e9fensif et ligne d\u00e9fensive<\/td><\/tr><tr><td>Dave Cave<\/td><td>Ligne offensive<\/td><\/tr><tr><td>Dave Beal<\/td><td>Dossiers d\u00e9fensifs<\/td><\/tr><tr><td>Tory Hicks<\/td><td>\u00c9quipes sp\u00e9ciales et receveurs<\/td><\/tr><tr><td>Shaun Bragdon<\/td><td>Running Backs<\/td><\/tr><tr><td>Josiah Sisco<\/td><td>Linebackers<\/td><\/tr><\/tbody><\/table><\/figure>\n\n<div style=\"height:100px\" aria-hidden=\"true\" class=\"wp-block-spacer\"><\/div>\n\n<p><\/p>\n","protected":false},"excerpt":{"rendered":"<p>D\u00e9fi maritime 2022 Personnel d&rsquo;encadrement Nom Position Mike Mangusso Entra\u00eeneur en chef, coordinateur de l&rsquo;attaque et quarterbacks Tyler Guimond Coordinateur d\u00e9fensif et ligne d\u00e9fensive Dave Cave Ligne offensive Dave Beal Dossiers d\u00e9fensifs Tory Hicks \u00c9quipes sp\u00e9ciales et receveurs Shaun Bragdon Running Backs Josiah Sisco Linebackers<\/p>\n","protected":false},"author":3,"featured_media":0,"parent":0,"menu_order":0,"comment_status":"closed","ping_status":"closed","template":"page-elite-template","meta":{"_acf_changed":false,"_coblocks_attr":"","_coblocks_dimensions":"","_coblocks_responsive_height":"","_coblocks_accordion_ie_support":"","footnotes":""},"class_list":["post-3310","page","type-page","status-publish","hentry"],"acf":[],"yoast_head":"<!-- This site is optimized with the Yoast SEO plugin v27.5 - https:\/\/yoast.com\/product\/yoast-seo-wordpress\/ -->\n<title>Entra\u00eeneurs U14 - Football NB<\/title>\n<meta name=\"robots\" content=\"index, follow, max-snippet:-1, max-image-preview:large, max-video-preview:-1\" \/>\n<link rel=\"canonical\" href=\"https:\/\/footballnb.ca\/u14-coaches\/\" \/>\n<meta property=\"og:locale\" content=\"fr_FR\" \/>\n<meta property=\"og:type\" content=\"article\" \/>\n<meta property=\"og:title\" content=\"Entra\u00eeneurs U14 - Football NB\" \/>\n<meta property=\"og:description\" content=\"D\u00e9fi maritime 2022 Personnel d&rsquo;encadrement Nom Position Mike Mangusso Entra\u00eeneur en chef, coordinateur de l&rsquo;attaque et quarterbacks Tyler Guimond Coordinateur d\u00e9fensif et ligne d\u00e9fensive Dave Cave Ligne offensive Dave Beal Dossiers d\u00e9fensifs Tory Hicks \u00c9quipes sp\u00e9ciales et receveurs Shaun Bragdon Running Backs Josiah Sisco Linebackers\" \/>\n<meta property=\"og:url\" content=\"https:\/\/footballnb.ca\/u14-coaches\/\" \/>\n<meta property=\"og:site_name\" content=\"Football NB\" \/>\n<meta property=\"article:modified_time\" content=\"2022-12-19T19:31:49+00:00\" \/>\n<meta name=\"twitter:card\" content=\"summary_large_image\" \/>\n<script type=\"application\/ld+json\" class=\"yoast-schema-graph\">{\"@context\":\"https:\\\/\\\/schema.org\",\"@graph\":[{\"@type\":\"WebPage\",\"@id\":\"https:\\\/\\\/footballnb.ca\\\/u14-coaches\\\/\",\"url\":\"https:\\\/\\\/footballnb.ca\\\/u14-coaches\\\/\",\"name\":\"Entra\u00eeneurs U14 - Football NB\",\"isPartOf\":{\"@id\":\"https:\\\/\\\/footballnb.ca\\\/#website\"},\"datePublished\":\"2022-10-16T15:07:24+00:00\",\"dateModified\":\"2022-12-19T19:31:49+00:00\",\"breadcrumb\":{\"@id\":\"https:\\\/\\\/footballnb.ca\\\/u14-coaches\\\/#breadcrumb\"},\"inLanguage\":\"fr-FR\",\"potentialAction\":[{\"@type\":\"ReadAction\",\"target\":[\"https:\\\/\\\/footballnb.ca\\\/u14-coaches\\\/\"]}]},{\"@type\":\"BreadcrumbList\",\"@id\":\"https:\\\/\\\/footballnb.ca\\\/u14-coaches\\\/#breadcrumb\",\"itemListElement\":[{\"@type\":\"ListItem\",\"position\":1,\"name\":\"Home\",\"item\":\"https:\\\/\\\/footballnb.ca\\\/fr\\\/\"},{\"@type\":\"ListItem\",\"position\":2,\"name\":\"Entra\u00eeneurs U14\"}]},{\"@type\":\"WebSite\",\"@id\":\"https:\\\/\\\/footballnb.ca\\\/#website\",\"url\":\"https:\\\/\\\/footballnb.ca\\\/\",\"name\":\"Football NB\",\"description\":\"Non Profit Athletics Program for the Province of New-Brunswick\",\"publisher\":{\"@id\":\"https:\\\/\\\/footballnb.ca\\\/#organization\"},\"potentialAction\":[{\"@type\":\"SearchAction\",\"target\":{\"@type\":\"EntryPoint\",\"urlTemplate\":\"https:\\\/\\\/footballnb.ca\\\/?s={search_term_string}\"},\"query-input\":{\"@type\":\"PropertyValueSpecification\",\"valueRequired\":true,\"valueName\":\"search_term_string\"}}],\"inLanguage\":\"fr-FR\"},{\"@type\":\"Organization\",\"@id\":\"https:\\\/\\\/footballnb.ca\\\/#organization\",\"name\":\"Football NB\",\"url\":\"https:\\\/\\\/footballnb.ca\\\/\",\"logo\":{\"@type\":\"ImageObject\",\"inLanguage\":\"fr-FR\",\"@id\":\"https:\\\/\\\/footballnb.ca\\\/#\\\/schema\\\/logo\\\/image\\\/\",\"url\":\"https:\\\/\\\/footballnb.ca\\\/wp-content\\\/uploads\\\/2022\\\/05\\\/fnblogo@2x.png\",\"contentUrl\":\"https:\\\/\\\/footballnb.ca\\\/wp-content\\\/uploads\\\/2022\\\/05\\\/fnblogo@2x.png\",\"width\":374,\"height\":243,\"caption\":\"Football NB\"},\"image\":{\"@id\":\"https:\\\/\\\/footballnb.ca\\\/#\\\/schema\\\/logo\\\/image\\\/\"}}]}<\/script>\n<!-- \/ Yoast SEO plugin. -->","yoast_head_json":{"title":"Entra\u00eeneurs U14 - Football NB","robots":{"index":"index","follow":"follow","max-snippet":"max-snippet:-1","max-image-preview":"max-image-preview:large","max-video-preview":"max-video-preview:-1"},"canonical":"https:\/\/footballnb.ca\/u14-coaches\/","og_locale":"fr_FR","og_type":"article","og_title":"Entra\u00eeneurs U14 - Football NB","og_description":"D\u00e9fi maritime 2022 Personnel d&rsquo;encadrement Nom Position Mike Mangusso Entra\u00eeneur en chef, coordinateur de l&rsquo;attaque et quarterbacks Tyler Guimond Coordinateur d\u00e9fensif et ligne d\u00e9fensive Dave Cave Ligne offensive Dave Beal Dossiers d\u00e9fensifs Tory Hicks \u00c9quipes sp\u00e9ciales et receveurs Shaun Bragdon Running Backs Josiah Sisco Linebackers","og_url":"https:\/\/footballnb.ca\/u14-coaches\/","og_site_name":"Football NB","article_modified_time":"2022-12-19T19:31:49+00:00","twitter_card":"summary_large_image","schema":{"@context":"https:\/\/schema.org","@graph":[{"@type":"WebPage","@id":"https:\/\/footballnb.ca\/u14-coaches\/","url":"https:\/\/footballnb.ca\/u14-coaches\/","name":"Entra\u00eeneurs U14 - Football NB","isPartOf":{"@id":"https:\/\/footballnb.ca\/#website"},"datePublished":"2022-10-16T15:07:24+00:00","dateModified":"2022-12-19T19:31:49+00:00","breadcrumb":{"@id":"https:\/\/footballnb.ca\/u14-coaches\/#breadcrumb"},"inLanguage":"fr-FR","potentialAction":[{"@type":"ReadAction","target":["https:\/\/footballnb.ca\/u14-coaches\/"]}]},{"@type":"BreadcrumbList","@id":"https:\/\/footballnb.ca\/u14-coaches\/#breadcrumb","itemListElement":[{"@type":"ListItem","position":1,"name":"Home","item":"https:\/\/footballnb.ca\/fr\/"},{"@type":"ListItem","position":2,"name":"Entra\u00eeneurs U14"}]},{"@type":"WebSite","@id":"https:\/\/footballnb.ca\/#website","url":"https:\/\/footballnb.ca\/","name":"Football NB","description":"Non Profit Athletics Program for the Province of New-Brunswick","publisher":{"@id":"https:\/\/footballnb.ca\/#organization"},"potentialAction":[{"@type":"SearchAction","target":{"@type":"EntryPoint","urlTemplate":"https:\/\/footballnb.ca\/?s={search_term_string}"},"query-input":{"@type":"PropertyValueSpecification","valueRequired":true,"valueName":"search_term_string"}}],"inLanguage":"fr-FR"},{"@type":"Organization","@id":"https:\/\/footballnb.ca\/#organization","name":"Football NB","url":"https:\/\/footballnb.ca\/","logo":{"@type":"ImageObject","inLanguage":"fr-FR","@id":"https:\/\/footballnb.ca\/#\/schema\/logo\/image\/","url":"https:\/\/footballnb.ca\/wp-content\/uploads\/2022\/05\/fnblogo@2x.png","contentUrl":"https:\/\/footballnb.ca\/wp-content\/uploads\/2022\/05\/fnblogo@2x.png","width":374,"height":243,"caption":"Football NB"},"image":{"@id":"https:\/\/footballnb.ca\/#\/schema\/logo\/image\/"}}]}},"_links":{"self":[{"href":"https:\/\/footballnb.ca\/fr\/wp-json\/wp\/v2\/pages\/3310","targetHints":{"allow":["GET"]}}],"collection":[{"href":"https:\/\/footballnb.ca\/fr\/wp-json\/wp\/v2\/pages"}],"about":[{"href":"https:\/\/footballnb.ca\/fr\/wp-json\/wp\/v2\/types\/page"}],"author":[{"embeddable":true,"href":"https:\/\/footballnb.ca\/fr\/wp-json\/wp\/v2\/users\/3"}],"replies":[{"embeddable":true,"href":"https:\/\/footballnb.ca\/fr\/wp-json\/wp\/v2\/comments?post=3310"}],"version-history":[{"count":1,"href":"https:\/\/footballnb.ca\/fr\/wp-json\/wp\/v2\/pages\/3310\/revisions"}],"predecessor-version":[{"id":3311,"href":"https:\/\/footballnb.ca\/fr\/wp-json\/wp\/v2\/pages\/3310\/revisions\/3311"}],"wp:attachment":[{"href":"https:\/\/footballnb.ca\/fr\/wp-json\/wp\/v2\/media?parent=3310"}],"curies":[{"name":"wp","href":"https:\/\/api.w.org\/{rel}","templated":true}]}}