{"id":3321,"date":"2022-06-09T13:28:42","date_gmt":"2022-06-09T16:28:42","guid":{"rendered":"https:\/\/footballnb.ca\/alumni\/"},"modified":"2022-12-19T15:45:55","modified_gmt":"2022-12-19T19:45:55","slug":"alumni","status":"publish","type":"page","link":"https:\/\/footballnb.ca\/fr\/alumni\/","title":{"rendered":"Alumni"},"content":{"rendered":"\n<div class=\"wp-block-columns alignwide is-layout-flex wp-container-core-columns-is-layout-28f84493 wp-block-columns-is-layout-flex\">\n<div class=\"wp-block-column is-layout-flow wp-block-column-is-layout-flow\" style=\"flex-basis:100%\">\n<div class=\"wp-block-columns is-layout-flex wp-container-core-columns-is-layout-28f84493 wp-block-columns-is-layout-flex\">\n<div class=\"wp-block-column is-layout-flow wp-block-column-is-layout-flow\" style=\"flex-basis:100%\">\n<div class=\"wp-block-stackable-columns stk-block-columns stk-block stk-051d06a\" data-block-id=\"051d06a\"><div class=\"stk-row stk-inner-blocks stk-block-content stk-content-align stk-051d06a-column\">\n<div class=\"wp-block-stackable-column stk-block-column stk-block-column--v2 stk-column stk-block stk-9ce762c\" data-block-id=\"9ce762c\"><div class=\"stk-column-wrapper stk-block-column__content stk-container stk-9ce762c-container stk--no-background stk--no-padding\"><div class=\"stk-block-content stk-inner-blocks stk-9ce762c-inner-blocks\">\n<figure class=\"wp-block-table alignwide\"><table><thead><tr><th>NOM<\/th><th>Affiliation<\/th><th>Ann\u00e9e d&rsquo;engagement<\/th><th>\u00c9quipe Usports<\/th><th>\u00c9quipe Canada<\/th><th>\u00c9quipe de la LCF<\/th><\/tr><\/thead><tbody><tr><td>Connor McNamee<\/td><td>Player<\/td><td>2023<\/td><td>Acadia<\/td><td><\/td><td><\/td><\/tr><tr><td>John Corscadden<\/td><td>Player<\/td><td>2022<\/td><td>Queens<\/td><td><\/td><td><\/td><\/tr><tr><td>Jaevone Johnson<\/td><td>Player<\/td><td>2022<\/td><td>Mount Allison<\/td><td><\/td><td><\/td><\/tr><tr><td>Spencer Long<\/td><td>Player<\/td><td>2022<\/td><td>Mount Allison<\/td><td><\/td><td><\/td><\/tr><tr><td>Gabe Richards<\/td><td>Player<\/td><td>2022<\/td><td>ST FX<\/td><td><\/td><td><\/td><\/tr><tr><td>Kailian Harrison<\/td><td>Player<\/td><td>2022<\/td><td>Acadia<\/td><td><\/td><td><\/td><\/tr><tr><td>Nelson Rossiter<\/td><td>Player<\/td><td>2022<\/td><td>Mount Allison<\/td><td><\/td><td><\/td><\/tr><tr><td>Ethan Doherty<\/td><td>Player<\/td><td>2022<\/td><td>Mount Allison<\/td><td><\/td><td><\/td><\/tr><tr><td>Dom Godreau<\/td><td>Player<\/td><td>2022<\/td><td>Acadia<\/td><td><\/td><td><\/td><\/tr><tr><td>Jake Stuart<\/td><td>Player<\/td><td>2022<\/td><td>Mount Allison<\/td><td><\/td><td><\/td><\/tr><tr><td>DJ Ryan<\/td><td>Player<\/td><td>2022<\/td><td>Queens<\/td><td><\/td><td><\/td><\/tr><tr><td>Spencer Joudry<\/td><td>Player<\/td><td>2022<\/td><td>Mount Allison<\/td><td><\/td><td><\/td><\/tr><tr><td>Hayden Rowe<\/td><td>Player<\/td><td>2022<\/td><td>Mount Allison<\/td><td><\/td><td><\/td><\/tr><tr><td>Chad Alexander<\/td><td>Player<\/td><td>2022<\/td><td>Acadia<\/td><td><\/td><td><\/td><\/tr><tr><td>Will Thornton<\/td><td>Player<\/td><td>2022<\/td><td>Mount Allison<\/td><td><\/td><td><\/td><\/tr><tr><td>Bethany O&rsquo;Toole<\/td><td>Player<\/td><td><\/td><td><\/td><td>2022 Sr Women&rsquo;s National Team<\/td><td><\/td><\/tr><tr><td>Nick Bannister<\/td><td>Player<\/td><td>2021<\/td><td>SMU<\/td><td><\/td><td><\/td><\/tr><tr><td>Sam Melanson<\/td><td>Player<\/td><td>2021<\/td><td>Mount Allison<\/td><td><\/td><td><\/td><\/tr><tr><td>Caleb Tremblay<\/td><td>Player<\/td><td>2021<\/td><td>CEGEP Garneau<\/td><td><\/td><td><\/td><\/tr><tr><td>Sam Tremblay<\/td><td>Player<\/td><td>2021<\/td><td>CEGEP Garneau<\/td><td><\/td><td><\/td><\/tr><tr><td>Caulin O&rsquo;Donnell<\/td><td>Player<\/td><td>2021<\/td><td>Bishops<\/td><td><\/td><td><\/td><\/tr><tr><td>Maison Dylan<\/td><td>Player<\/td><td>2021<\/td><td>Acadia<\/td><td><\/td><td><\/td><\/tr><tr><td>Tyler Ivany<\/td><td>Player<\/td><td>2021<\/td><td>ST FX<\/td><td><\/td><td><\/td><\/tr><tr><td>Reid Mackay<\/td><td>Player<\/td><td>2021<\/td><td>Mount Allison<\/td><td><\/td><td><\/td><\/tr><tr><td>Jamie Gallant<\/td><td>Player<\/td><td>2021<\/td><td>Acadia<\/td><td><\/td><td><\/td><\/tr><tr><td>Dylan Tabone<\/td><td>Player<\/td><td>2020<\/td><td>Western Illinois (NCAA D1)<\/td><td>Jr National Team 2018<\/td><td><\/td><\/tr><tr><td>Nathan Clark<\/td><td>Player<\/td><td>2020<\/td><td>Carleton<\/td><td><\/td><td><\/td><\/tr><tr><td>Logan McNamee<\/td><td>Player<\/td><td>2020<\/td><td>Acadia<\/td><td><\/td><td><\/td><\/tr><tr><td>Xavier Malone<\/td><td>Player<\/td><td>2020<\/td><td>Carleton<\/td><td>U18 National Team 2020<\/td><td><\/td><\/tr><tr><td>Jacob Scharnberg<\/td><td>Player<\/td><td>2020<\/td><td>Mount Allison<\/td><td><\/td><td><\/td><\/tr><tr><td>Bradly Peters<\/td><td>Player<\/td><td>2020<\/td><td>Carleton  <\/td><td><\/td><td><\/td><\/tr><tr><td>Owen O&rsquo;Neal<\/td><td>Player<\/td><td>2020<\/td><td>Mount Allison<\/td><td><\/td><td><\/td><\/tr><tr><td>Riley Estabrooks<\/td><td>Player<\/td><td>2020<\/td><td>Mount Allison<\/td><td><\/td><td><\/td><\/tr><tr><td>Oliver Longpre<\/td><td>Player<\/td><td>2020<\/td><td>Mount Allison<\/td><td><\/td><td><\/td><\/tr><tr><td>Tom Brow<\/td><td>Player<\/td><td>2020<\/td><td>ST FX<\/td><td>\u00c9quipe nationale U18 2019, 2020<\/td><td><\/td><\/tr><tr><td>Tristan Mccluskey<\/td><td>Player<\/td><td>2019<\/td><td>Mount Allison<\/td><td><\/td><td><\/td><\/tr><tr><td>Daniel Bell<\/td><td>Player<\/td><td>2019<\/td><td>Mount Allison<\/td><td><\/td><td><\/td><\/tr><tr><td>Simon Dean<\/td><td>Player<\/td><td>2019<\/td><td>Mount Allison<\/td><td><\/td><td><\/td><\/tr><tr><td>Cody Barton<\/td><td>Player<\/td><td>2019<\/td><td>Mount Allison<\/td><td><\/td><td><\/td><\/tr><tr><td>Oliver Burnett<\/td><td>Player<\/td><td>2019<\/td><td>Bishops<\/td><td><\/td><td><\/td><\/tr><tr><td>Dom Hall<\/td><td>Player<\/td><td>2019<\/td><td>Mount Allison<\/td><td><\/td><td><\/td><\/tr><tr><td>Andre Hyslop<\/td><td>Player<\/td><td>2019<\/td><td>Acadia<\/td><td><\/td><td><\/td><\/tr><tr><td>Ethan Dunnett<\/td><td>Player<\/td><td>2019<\/td><td>Acadia<\/td><td><\/td><td><\/td><\/tr><tr><td>Will Russell<\/td><td>Player<\/td><td>2019<\/td><td>Acadia<\/td><td><\/td><td><\/td><\/tr><tr><td>Ben Frew<\/td><td>Player<\/td><td>2019<\/td><td>Mount Allison<\/td><td><\/td><td><\/td><\/tr><tr><td>Justin Vogels<\/td><td>Player<\/td><td>2019<\/td><td>Mount Allison<\/td><td><\/td><td><\/td><\/tr><tr><td>Aidan O&rsquo;Rourke<\/td><td>Player<\/td><td>2019<\/td><td>Mount Allison<\/td><td><\/td><td><\/td><\/tr><tr><td>Lucas Cormier<\/td><td>Player<\/td><td>2019<\/td><td>Mount Allison<\/td><td>U18 National Team 2018, 2019<\/td><td><\/td><\/tr><tr><td>Logan Grossman<\/td><td>Player<\/td><td>2019<\/td><td>Mount Allison<\/td><td><\/td><td><\/td><\/tr><tr><td>Chris Setchell<\/td><td>Player<\/td><td>2019<\/td><td>Mount Allison<\/td><td><\/td><td><\/td><\/tr><tr><td>Deegan Farrell<\/td><td>Player<\/td><td>2019<\/td><td>Mount Allison<\/td><td><\/td><td><\/td><\/tr><tr><td>Taylor Burns<\/td><td>Player<\/td><td>2019<\/td><td>Tennessee Tech (NCAA D1)<\/td><td>National Jr Team 2018<\/td><td><\/td><\/tr><tr><td>Ben George<\/td><td>Player<\/td><td>2018<\/td><td>Acadia<\/td><td><\/td><td><\/td><\/tr><tr><td>Brad Blizzard<\/td><td>Player<\/td><td>2018<\/td><td>Mount Allison<\/td><td><\/td><td><\/td><\/tr><tr><td>David Patry<\/td><td>Player<\/td><td>2018<\/td><td>Mount Allison<\/td><td><\/td><td><\/td><\/tr><tr><td>Logan McHugh<\/td><td>Player<\/td><td>2018<\/td><td>Mount Allison<\/td><td><\/td><td><\/td><\/tr><tr><td>Reece Martin<\/td><td>Player<\/td><td>2018<\/td><td>Mount Allison<\/td><td><\/td><td><\/td><\/tr><tr><td>Jason Cowperthwaite<\/td><td>Player<\/td><td>2018<\/td><td>Mount Allison<\/td><td><\/td><td><\/td><\/tr><tr><td>Hunter Sturgeon<\/td><td>Player<\/td><td>2018<\/td><td>Mount Allison<\/td><td><\/td><td><\/td><\/tr><tr><td>Scott Perry<\/td><td>Player<\/td><td>2018<\/td><td>Acadia<\/td><td><\/td><td><\/td><\/tr><tr><td>Will McNally<\/td><td>Player<\/td><td>2018<\/td><td>Acadia<\/td><td><\/td><td><\/td><\/tr><tr><td>Dru Guimond<\/td><td>Player<\/td><td>2017<\/td><td>Acadia<\/td><td>U18 National Team 2016<\/td><td><\/td><\/tr><tr><td>Leif Henrichs<\/td><td>Player<\/td><td>2017<\/td><td>Acadia<\/td><td><\/td><td><\/td><\/tr><tr><td>Davis Stenhouse<\/td><td>Player<\/td><td>2017<\/td><td>Bishops<\/td><td><\/td><td><\/td><\/tr><tr><td>Caleb Reynolds<\/td><td>Player<\/td><td>2017<\/td><td>Mount Allison<\/td><td><\/td><td><\/td><\/tr><tr><td>Kameron Bell<\/td><td>Player<\/td><td>2017<\/td><td>Acadia<\/td><td><\/td><td><\/td><\/tr><tr><td>Kyeen Augustine<\/td><td>Player<\/td><td>2017<\/td><td>SMU<\/td><td><\/td><td><\/td><\/tr><tr><td>Charles Lavallee<\/td><td>Player<\/td><td>2017<\/td><td>Mount Allison, Carlton<\/td><td>U18 National Team 2016, 2017, Jr National Team 2018<\/td><td><\/td><\/tr><tr><td>Gloduin Mulali<\/td><td>Player<\/td><td>2017<\/td><td>Acadia<\/td><td>U18 National Team 2016, Jr National Team 2018<\/td><td><\/td><\/tr><tr><td>Josh Hebert Chesley<\/td><td>Player<\/td><td>2017<\/td><td>ST FX<\/td><td><\/td><td><\/td><\/tr><tr><td>Cole Estabrooks<\/td><td>Player<\/td><td>2017<\/td><td>Acadia<\/td><td><\/td><td><\/td><\/tr><tr><td>Cameron Morley<\/td><td>Player<\/td><td>2017<\/td><td>Acadia<\/td><td><\/td><td><\/td><\/tr><tr><td>Keegan Watters<\/td><td>Player<\/td><td>2017<\/td><td>Mount Allison<\/td><td><\/td><td><\/td><\/tr><tr><td>Alex Brown<\/td><td>Player<\/td><td>2017<\/td><td>ST FX<\/td><td><\/td><td><\/td><\/tr><tr><td>Aaron Rose<\/td><td>Player<\/td><td>2017<\/td><td>Mount Allison<\/td><td><\/td><td><\/td><\/tr><tr><td>Dylan Estabrooks<\/td><td>Player<\/td><td>2017<\/td><td>Mount Allison<\/td><td>U18 National Team 2016<\/td><td><\/td><\/tr><tr><td>Aidan O&rsquo;Neal<\/td><td>Player<\/td><td>2017<\/td><td>Mount Allison, Queens<\/td><td>U18 National Team 2016, 2018 Jr National Team<\/td><td><\/td><\/tr><tr><td>Zach Cormier<\/td><td>Player<\/td><td>2017<\/td><td>Acadia<\/td><td><\/td><td><\/td><\/tr><tr><td>Isaac Humber<\/td><td>Player<\/td><td>2017<\/td><td>Mount Allison<\/td><td><\/td><td><\/td><\/tr><tr><td>Logan Murphy<\/td><td>Player<\/td><td>2017<\/td><td>ST FX<\/td><td><\/td><td><\/td><\/tr><tr><td>Ben Campbell<\/td><td>Player<\/td><td>2016<\/td><td>ST FX<\/td><td><\/td><td><\/td><\/tr><tr><td>Ian Carty<\/td><td>Player<\/td><td>2016<\/td><td>Mount Allison<\/td><td><\/td><td><\/td><\/tr><tr><td>Alex Smith<\/td><td>Player<\/td><td>2016<\/td><td>Acadia<\/td><td><\/td><td><\/td><\/tr><tr><td>Nevin Becker<\/td><td>Player<\/td><td>2016<\/td><td>SMU<\/td><td><\/td><td><\/td><\/tr><tr><td>Jake Reade Futter<\/td><td>Player<\/td><td>2016<\/td><td>McGill<\/td><td><\/td><td><\/td><\/tr><tr><td>Dylan Cormier<\/td><td>Player<\/td><td>2016<\/td><td>Mount Allison<\/td><td><\/td><td><\/td><\/tr><tr><td>Bailey Feltmate<\/td><td>Player<\/td><td>2016<\/td><td>Acadia<\/td><td><\/td><td>Hamilton Tiger Cats<\/td><\/tr><tr><td>Rory Kelly<\/td><td>Player<\/td><td>2015<\/td><td>Acadia<\/td><td><\/td><td><\/td><\/tr><tr><td>Griffin Seely<\/td><td>Player<\/td><td>2015<\/td><td>ST FX<\/td><td><\/td><td><\/td><\/tr><tr><td>Riley Spear<\/td><td>Player<\/td><td>2015<\/td><td>Acadia<\/td><td><\/td><td><\/td><\/tr><tr><td>Mitch Deware<\/td><td>Player<\/td><td>2015<\/td><td>Acadia<\/td><td><\/td><td><\/td><\/tr><tr><td>Joshua Hicks<\/td><td>Player<\/td><td>2015<\/td><td>Mount Allison<\/td><td><\/td><td><\/td><\/tr><tr><td>Sawyer King<\/td><td>Player<\/td><td>2014<\/td><td>Mount Allison<\/td><td><\/td><td><\/td><\/tr><tr><td>Nathan Anderson<\/td><td>Player<\/td><td>2014<\/td><td>ST FX<\/td><td><\/td><td><\/td><\/tr><tr><td>Kyle McCluskey<\/td><td>Player<\/td><td>2014<\/td><td>ST FX<\/td><td><\/td><td><\/td><\/tr><tr><td>Alex Doyle<\/td><td>Player<\/td><td>2014<\/td><td>Mount Allison<\/td><td><\/td><td><\/td><\/tr><tr><td>Pete Alexander<\/td><td>Player<\/td><td>2014<\/td><td>ST FX<\/td><td><\/td><td><\/td><\/tr><tr><td>Pat Gillespie<\/td><td>Player<\/td><td>2014<\/td><td>Mount Allison<\/td><td><\/td><td><\/td><\/tr><tr><td>Vince Boucher<\/td><td>Player<\/td><td>2013<\/td><td>Mount Allison<\/td><td><\/td><td><\/td><\/tr><tr><td>Nick Beale<\/td><td>Player<\/td><td>2013<\/td><td>ST FX<\/td><td><\/td><td><\/td><\/tr><tr><td>Kyle Horsman<\/td><td>Player<\/td><td>2013<\/td><td>Mount Allison<\/td><td><\/td><td><\/td><\/tr><tr><td>Jeremie Lebans<\/td><td>Player<\/td><td>2013<\/td><td>Mount Allison<\/td><td><\/td><td><\/td><\/tr><tr><td>Blake Murphy<\/td><td>Player<\/td><td>2013<\/td><td>Bishops<\/td><td><\/td><td><\/td><\/tr><tr><td>Nick Brown<\/td><td>Player<\/td><td>2013<\/td><td>Mount Allison<\/td><td><\/td><td><\/td><\/tr><tr><td>John Bulman<\/td><td>Player<\/td><td>2013<\/td><td>Mount Allison<\/td><td><\/td><td><\/td><\/tr><tr><td>Fred Hammond<\/td><td>Player<\/td><td>2013<\/td><td>Bishops<\/td><td><\/td><td><\/td><\/tr><tr><td>Andre Goguen<\/td><td>Player<\/td><td>2013<\/td><td>Mount Allison<\/td><td><\/td><td><\/td><\/tr><tr><td>Cheryl O&rsquo;Leary<\/td><td>Mentor Coach<\/td><td><\/td><td><\/td><td>\u00c9quipe nationale f\u00e9minine senior 2013<\/td><td><\/td><\/tr><tr><td>Marie-Noelle Beaulieu<\/td><td>Player<\/td><td><\/td><td><\/td><td>\u00c9quipe nationale f\u00e9minine senior 2013<\/td><td><\/td><\/tr><tr><td>Tara Keohan<\/td><td>Player<\/td><td><\/td><td><\/td><td>\u00c9quipe nationale f\u00e9minine senior 2013<\/td><td><\/td><\/tr><tr><td>Robyn Neil <\/td><td>Player<\/td><td><\/td><td><\/td><td>\u00c9quipe nationale f\u00e9minine senior 2013<\/td><td><\/td><\/tr><tr><td>Kristen Chatterton <\/td><td>Player<\/td><td><\/td><td><\/td><td>\u00c9quipe nationale f\u00e9minine senior 2013<\/td><td><\/td><\/tr><tr><td>Robbie Baxter<\/td><td>Player<\/td><td>2012<\/td><td>Mount Allison<\/td><td><\/td><td><\/td><\/tr><tr><td>Quentin Chown<\/td><td>Player<\/td><td>2012<\/td><td>Calgary<\/td><td><\/td><td><\/td><\/tr><tr><td>Michael Bohan<\/td><td>Joueur, entra\u00eeneur<\/td><td>2012<\/td><td>Mount Allison<\/td><td><\/td><td><\/td><\/tr><tr><td>Bill Murphy <\/td><td>Responsable de l&rsquo;\u00e9quipement<\/td><td><\/td><td><\/td><td>2010 Sr Women&rsquo;s National Team<\/td><td><\/td><\/tr><tr><td>Marcus Fitzgerald <\/td><td>Coach<\/td><td><\/td><td><\/td><td>2010 Sr Women&rsquo;s National Team<\/td><td><\/td><\/tr><tr><td>Jim Mather <\/td><td>Coach<\/td><td><\/td><td><\/td><td>2010 Sr Women&rsquo;s National Team<\/td><td><\/td><\/tr><tr><td>Larry Harlow<\/td><td>Head Coach<\/td><td><\/td><td><\/td><td>2010 Sr Women&rsquo;s National Team<\/td><td><\/td><\/tr><tr><td>Justine Barter<\/td><td>Player<\/td><td><\/td><td><\/td><td>2010 Sr Women&rsquo;s National Team<\/td><td><\/td><\/tr><tr><td>Terri Shannon<\/td><td>Player<\/td><td><\/td><td><\/td><td>2010 Sr Women&rsquo;s National Team<\/td><td><\/td><\/tr><tr><td>Kendra Jones<\/td><td>Player<\/td><td><\/td><td><\/td><td>2010 Sr Women&rsquo;s National Team<\/td><td><\/td><\/tr><tr><td>Lisa Rogers<\/td><td>Player<\/td><td><\/td><td><\/td><td>2010 Sr Women&rsquo;s National Team<\/td><td><\/td><\/tr><tr><td>Jaclyn Brewer<\/td><td>Player<\/td><td><\/td><td><\/td><td>2010 Sr Women&rsquo;s National Team<\/td><td><\/td><\/tr><tr><td>Lori Boyles<\/td><td>Player<\/td><td><\/td><td><\/td><td>2010, 2013 \u00c9quipe nationale f\u00e9minine senior<\/td><td><\/td><\/tr><tr><td>Lisa Harlow<\/td><td>Player<\/td><td><\/td><td><\/td><td>2010 Sr Women&rsquo;s National Team<\/td><td><\/td><\/tr><tr><td>Julia Coleman<\/td><td>Player<\/td><td><\/td><td><\/td><td>2010 Sr Women&rsquo;s National Team<\/td><td><\/td><\/tr><tr><td>Alex Morel (Black)<\/td><td>Player<\/td><td><\/td><td><\/td><td>2010, 2013, 2017 \u00c9quipe nationale f\u00e9minine senior<\/td><td><\/td><\/tr><tr><td>Ashlee Clements<\/td><td>Player<\/td><td><\/td><td><\/td><td>2010 Sr Women&rsquo;s National Team<\/td><td><\/td><\/tr><tr><td>Michelle Young-Mather<\/td><td>Player<\/td><td><\/td><td><\/td><td>2010 Sr Women&rsquo;s National Team<\/td><td><\/td><\/tr><tr><td>Trina Graves<\/td><td>Player<\/td><td><\/td><td><\/td><td>2010, 2013, 2017, 2022 \u00c9quipe nationale f\u00e9minine senior<\/td><td><\/td><\/tr><tr><td>Melissa Daley<\/td><td>Player<\/td><td><\/td><td><\/td><td>2010 Sr Women&rsquo;s National Team<\/td><td><\/td><\/tr><tr><td>Alanna Waberski<\/td><td>Player<\/td><td><\/td><td><\/td><td>2010 Sr Women&rsquo;s National Team<\/td><td><\/td><\/tr><tr><td>Amy Salter<\/td><td>Player<\/td><td><\/td><td><\/td><td>2010 Sr Women&rsquo;s National Team<\/td><td><\/td><\/tr><tr><td>Mike Miller<\/td><td>Player<\/td><td>2007<\/td><td>Acadia<\/td><td><\/td><td>Edmonton Elks, Winnipeg Blue Bombers<\/td><\/tr><tr><td>Jake Thomas<\/td><td>Player<\/td><td>2008<\/td><td>Acadia<\/td><td>\u00c9quipe nationale senior 2009, 2011<\/td><td>Winnipeg Blue Bombers<\/td><\/tr><tr><td>Chris Hopkins<\/td><td>Joueur, entra\u00eeneur<\/td><td>2003<\/td><td>Mount Allison<\/td><td>U18 National Team 2016, 2017, 2018<\/td><td><\/td><\/tr><tr><td>Trevor O&rsquo;Leary<\/td><td>Player<\/td><td>2003<\/td><td>ST FX<\/td><td><\/td><td><\/td><\/tr><tr><td>Sean Manning<\/td><td>Player<\/td><td>2003<\/td><td>ST FX<\/td><td><\/td><td>Hamilton Tiger Cats<\/td><\/tr><tr><td>Prince Mwenga<\/td><td>Player<\/td><td>2003<\/td><td>Mount Allison, Acadia<\/td><td><\/td><td><\/td><\/tr><tr><td>Kyler Crawford<\/td><td>Player<\/td><td>2003<\/td><td>ST FX<\/td><td><\/td><td><\/td><\/tr><tr><td>Josh Sacobie<\/td><td>Player<\/td><td>2003<\/td><td>Ottawa Gee Gees<\/td><td><\/td><td><\/td><\/tr><tr><td>Jeff MacMillan<\/td><td>Player<\/td><td>2003<\/td><td>Queens, Mount Allison<\/td><td><\/td><td><\/td><\/tr><tr><td>Dan McCullough<\/td><td>Player<\/td><td>2003<\/td><td>Bishops<\/td><td><\/td><td>BC Lions<\/td><\/tr><tr><td>Greg Close<\/td><td>Player<\/td><td>2002<\/td><td>Acadia<\/td><td><\/td><td><\/td><\/tr><tr><td>John Forbes<\/td><td>Player<\/td><td>2001<\/td><td>ST FX<\/td><td><\/td><td><\/td><\/tr><tr><td>J.R Gallant<\/td><td>Player<\/td><td>2001<\/td><td>ST FX<\/td><td><\/td><td><\/td><\/tr><tr><td>David Hickey<\/td><td>Player<\/td><td>2001<\/td><td>ST FX<\/td><td><\/td><td><\/td><\/tr><tr><td>Dan Patterson<\/td><td>Player<\/td><td>2001<\/td><td>Mount Allison<\/td><td><\/td><td><\/td><\/tr><tr><td>Andrew Gallant<\/td><td>Player<\/td><td>2001<\/td><td>ST FX<\/td><td><\/td><td><\/td><\/tr><tr><td>Derek Smith<\/td><td>Player<\/td><td>2000<\/td><td>Acadia<\/td><td><\/td><td><\/td><\/tr><tr><td>Obi Ikejiani<\/td><td>Player<\/td><td>1999<\/td><td>ST FX, Mount Allison, SMU<\/td><td><\/td><td><\/td><\/tr><tr><td>Jeremy Steeves<\/td><td>Player<\/td><td>1999<\/td><td>ST FX<\/td><td><\/td><td>Hamilton Tiger Cats<\/td><\/tr><tr><td>Derick Fury<\/td><td>Player<\/td><td>1998<\/td><td>Mount Allison<\/td><td><\/td><td>Toronto Argonauts<\/td><\/tr><\/tbody><\/table><\/figure>\n<\/div><\/div><\/div>\n<\/div><\/div>\n<\/div>\n<\/div>\n<\/div>\n<\/div>\n\n<div style=\"height:100px\" aria-hidden=\"true\" class=\"wp-block-spacer\"><\/div>\n","protected":false},"excerpt":{"rendered":"<p>NOM Affiliation Ann\u00e9e d&rsquo;engagement \u00c9quipe Usports \u00c9quipe Canada \u00c9quipe de la LCF Connor McNamee Player 2023 Acadia John Corscadden Player 2022 Queens Jaevone Johnson Player 2022 Mount Allison Spencer Long Player 2022 Mount Allison Gabe Richards Player 2022 ST FX Kailian Harrison Player 2022 Acadia Nelson Rossiter Player 2022 Mount Allison Ethan Doherty Player 2022 [&hellip;]<\/p>\n","protected":false},"author":3,"featured_media":0,"parent":0,"menu_order":0,"comment_status":"closed","ping_status":"closed","template":"page-elite-template","meta":{"_acf_changed":false,"_coblocks_attr":"","_coblocks_dimensions":"","_coblocks_responsive_height":"","_coblocks_accordion_ie_support":"","footnotes":""},"class_list":["post-3321","page","type-page","status-publish","hentry"],"acf":[],"yoast_head":"<!-- This site is optimized with the Yoast SEO plugin v27.5 - https:\/\/yoast.com\/product\/yoast-seo-wordpress\/ -->\n<title>Alumni - Football NB<\/title>\n<meta name=\"robots\" content=\"index, follow, max-snippet:-1, max-image-preview:large, max-video-preview:-1\" \/>\n<link rel=\"canonical\" href=\"https:\/\/footballnb.ca\/alumni\/\" \/>\n<meta property=\"og:locale\" content=\"fr_FR\" \/>\n<meta property=\"og:type\" content=\"article\" \/>\n<meta property=\"og:title\" content=\"Alumni - Football NB\" \/>\n<meta property=\"og:description\" content=\"NOM Affiliation Ann\u00e9e d&rsquo;engagement \u00c9quipe Usports \u00c9quipe Canada \u00c9quipe de la LCF Connor McNamee Player 2023 Acadia John Corscadden Player 2022 Queens Jaevone Johnson Player 2022 Mount Allison Spencer Long Player 2022 Mount Allison Gabe Richards Player 2022 ST FX Kailian Harrison Player 2022 Acadia Nelson Rossiter Player 2022 Mount Allison Ethan Doherty Player 2022 [&hellip;]\" \/>\n<meta property=\"og:url\" content=\"https:\/\/footballnb.ca\/alumni\/\" \/>\n<meta property=\"og:site_name\" content=\"Football NB\" \/>\n<meta property=\"article:modified_time\" content=\"2022-12-19T19:45:55+00:00\" \/>\n<meta name=\"twitter:card\" content=\"summary_large_image\" \/>\n<meta name=\"twitter:label1\" content=\"Dur\u00e9e de lecture estim\u00e9e\" \/>\n\t<meta name=\"twitter:data1\" content=\"3 minutes\" \/>\n<script type=\"application\/ld+json\" class=\"yoast-schema-graph\">{\"@context\":\"https:\\\/\\\/schema.org\",\"@graph\":[{\"@type\":\"WebPage\",\"@id\":\"https:\\\/\\\/footballnb.ca\\\/alumni\\\/\",\"url\":\"https:\\\/\\\/footballnb.ca\\\/alumni\\\/\",\"name\":\"Alumni - Football NB\",\"isPartOf\":{\"@id\":\"https:\\\/\\\/footballnb.ca\\\/#website\"},\"datePublished\":\"2022-06-09T16:28:42+00:00\",\"dateModified\":\"2022-12-19T19:45:55+00:00\",\"breadcrumb\":{\"@id\":\"https:\\\/\\\/footballnb.ca\\\/alumni\\\/#breadcrumb\"},\"inLanguage\":\"fr-FR\",\"potentialAction\":[{\"@type\":\"ReadAction\",\"target\":[\"https:\\\/\\\/footballnb.ca\\\/alumni\\\/\"]}]},{\"@type\":\"BreadcrumbList\",\"@id\":\"https:\\\/\\\/footballnb.ca\\\/alumni\\\/#breadcrumb\",\"itemListElement\":[{\"@type\":\"ListItem\",\"position\":1,\"name\":\"Home\",\"item\":\"https:\\\/\\\/footballnb.ca\\\/fr\\\/\"},{\"@type\":\"ListItem\",\"position\":2,\"name\":\"Alumni\"}]},{\"@type\":\"WebSite\",\"@id\":\"https:\\\/\\\/footballnb.ca\\\/#website\",\"url\":\"https:\\\/\\\/footballnb.ca\\\/\",\"name\":\"Football NB\",\"description\":\"Non Profit Athletics Program for the Province of New-Brunswick\",\"publisher\":{\"@id\":\"https:\\\/\\\/footballnb.ca\\\/#organization\"},\"potentialAction\":[{\"@type\":\"SearchAction\",\"target\":{\"@type\":\"EntryPoint\",\"urlTemplate\":\"https:\\\/\\\/footballnb.ca\\\/?s={search_term_string}\"},\"query-input\":{\"@type\":\"PropertyValueSpecification\",\"valueRequired\":true,\"valueName\":\"search_term_string\"}}],\"inLanguage\":\"fr-FR\"},{\"@type\":\"Organization\",\"@id\":\"https:\\\/\\\/footballnb.ca\\\/#organization\",\"name\":\"Football NB\",\"url\":\"https:\\\/\\\/footballnb.ca\\\/\",\"logo\":{\"@type\":\"ImageObject\",\"inLanguage\":\"fr-FR\",\"@id\":\"https:\\\/\\\/footballnb.ca\\\/#\\\/schema\\\/logo\\\/image\\\/\",\"url\":\"https:\\\/\\\/footballnb.ca\\\/wp-content\\\/uploads\\\/2022\\\/05\\\/fnblogo@2x.png\",\"contentUrl\":\"https:\\\/\\\/footballnb.ca\\\/wp-content\\\/uploads\\\/2022\\\/05\\\/fnblogo@2x.png\",\"width\":374,\"height\":243,\"caption\":\"Football NB\"},\"image\":{\"@id\":\"https:\\\/\\\/footballnb.ca\\\/#\\\/schema\\\/logo\\\/image\\\/\"}}]}<\/script>\n<!-- \/ Yoast SEO plugin. -->","yoast_head_json":{"title":"Alumni - Football NB","robots":{"index":"index","follow":"follow","max-snippet":"max-snippet:-1","max-image-preview":"max-image-preview:large","max-video-preview":"max-video-preview:-1"},"canonical":"https:\/\/footballnb.ca\/alumni\/","og_locale":"fr_FR","og_type":"article","og_title":"Alumni - Football NB","og_description":"NOM Affiliation Ann\u00e9e d&rsquo;engagement \u00c9quipe Usports \u00c9quipe Canada \u00c9quipe de la LCF Connor McNamee Player 2023 Acadia John Corscadden Player 2022 Queens Jaevone Johnson Player 2022 Mount Allison Spencer Long Player 2022 Mount Allison Gabe Richards Player 2022 ST FX Kailian Harrison Player 2022 Acadia Nelson Rossiter Player 2022 Mount Allison Ethan Doherty Player 2022 [&hellip;]","og_url":"https:\/\/footballnb.ca\/alumni\/","og_site_name":"Football NB","article_modified_time":"2022-12-19T19:45:55+00:00","twitter_card":"summary_large_image","twitter_misc":{"Dur\u00e9e de lecture estim\u00e9e":"3 minutes"},"schema":{"@context":"https:\/\/schema.org","@graph":[{"@type":"WebPage","@id":"https:\/\/footballnb.ca\/alumni\/","url":"https:\/\/footballnb.ca\/alumni\/","name":"Alumni - Football NB","isPartOf":{"@id":"https:\/\/footballnb.ca\/#website"},"datePublished":"2022-06-09T16:28:42+00:00","dateModified":"2022-12-19T19:45:55+00:00","breadcrumb":{"@id":"https:\/\/footballnb.ca\/alumni\/#breadcrumb"},"inLanguage":"fr-FR","potentialAction":[{"@type":"ReadAction","target":["https:\/\/footballnb.ca\/alumni\/"]}]},{"@type":"BreadcrumbList","@id":"https:\/\/footballnb.ca\/alumni\/#breadcrumb","itemListElement":[{"@type":"ListItem","position":1,"name":"Home","item":"https:\/\/footballnb.ca\/fr\/"},{"@type":"ListItem","position":2,"name":"Alumni"}]},{"@type":"WebSite","@id":"https:\/\/footballnb.ca\/#website","url":"https:\/\/footballnb.ca\/","name":"Football NB","description":"Non Profit Athletics Program for the Province of New-Brunswick","publisher":{"@id":"https:\/\/footballnb.ca\/#organization"},"potentialAction":[{"@type":"SearchAction","target":{"@type":"EntryPoint","urlTemplate":"https:\/\/footballnb.ca\/?s={search_term_string}"},"query-input":{"@type":"PropertyValueSpecification","valueRequired":true,"valueName":"search_term_string"}}],"inLanguage":"fr-FR"},{"@type":"Organization","@id":"https:\/\/footballnb.ca\/#organization","name":"Football NB","url":"https:\/\/footballnb.ca\/","logo":{"@type":"ImageObject","inLanguage":"fr-FR","@id":"https:\/\/footballnb.ca\/#\/schema\/logo\/image\/","url":"https:\/\/footballnb.ca\/wp-content\/uploads\/2022\/05\/fnblogo@2x.png","contentUrl":"https:\/\/footballnb.ca\/wp-content\/uploads\/2022\/05\/fnblogo@2x.png","width":374,"height":243,"caption":"Football NB"},"image":{"@id":"https:\/\/footballnb.ca\/#\/schema\/logo\/image\/"}}]}},"_links":{"self":[{"href":"https:\/\/footballnb.ca\/fr\/wp-json\/wp\/v2\/pages\/3321","targetHints":{"allow":["GET"]}}],"collection":[{"href":"https:\/\/footballnb.ca\/fr\/wp-json\/wp\/v2\/pages"}],"about":[{"href":"https:\/\/footballnb.ca\/fr\/wp-json\/wp\/v2\/types\/page"}],"author":[{"embeddable":true,"href":"https:\/\/footballnb.ca\/fr\/wp-json\/wp\/v2\/users\/3"}],"replies":[{"embeddable":true,"href":"https:\/\/footballnb.ca\/fr\/wp-json\/wp\/v2\/comments?post=3321"}],"version-history":[{"count":1,"href":"https:\/\/footballnb.ca\/fr\/wp-json\/wp\/v2\/pages\/3321\/revisions"}],"predecessor-version":[{"id":3322,"href":"https:\/\/footballnb.ca\/fr\/wp-json\/wp\/v2\/pages\/3321\/revisions\/3322"}],"wp:attachment":[{"href":"https:\/\/footballnb.ca\/fr\/wp-json\/wp\/v2\/media?parent=3321"}],"curies":[{"name":"wp","href":"https:\/\/api.w.org\/{rel}","templated":true}]}}