{"id":3355,"date":"2022-10-16T12:15:43","date_gmt":"2022-10-16T15:15:43","guid":{"rendered":"https:\/\/footballnb.ca\/faites-vous-evaluer\/"},"modified":"2022-12-20T10:53:21","modified_gmt":"2022-12-20T14:53:21","slug":"faites-vous-evaluer","status":"publish","type":"page","link":"https:\/\/footballnb.ca\/fr\/faites-vous-evaluer\/","title":{"rendered":"Faites-vous \u00e9valuer"},"content":{"rendered":"\n<p>Les \u00e9valuations sont la derni\u00e8re \u00e9tape requise pour devenir un coach certifi\u00e9 dans un module d\u00e9sign\u00e9.<\/p>\n\n<div style=\"height:30px\" aria-hidden=\"true\" class=\"wp-block-spacer\"><\/div>\n\n<h4 class=\"wp-block-heading\">processus<\/h4>\n\n<p><em>De l&rsquo;introduction \u00e0 la comp\u00e9tition<\/em><\/p>\n\n<ul class=\"is-style-checkbox\"><li>Introduction compl\u00e8te \u00e0 Comp et a Position<\/li><li>Demande de Football NB \u00e0 \u00e9valuer<\/li><li>Football NB fixera un rendez-vous qui vous convient.<\/li><li>Compl\u00e9tez votre cahier d&rsquo;exercices<\/li><li>\u00catre inform\u00e9 par l&rsquo;\u00e9valuateur et fixer une date.<\/li><li>Compl\u00e9ter le plan d&rsquo;action d&rsquo;urgence (PAE)<\/li><li>Plan de pratique complet<\/li><li>Se souvenir d&rsquo;au moins 3 sympt\u00f4mes de commotions c\u00e9r\u00e9brales<\/li><li>Rappel des 6 \u00e9tapes du retour au jeu apr\u00e8s une commotion c\u00e9r\u00e9brale<\/li><li>D\u00e9monstration de plaquage en toute s\u00e9curit\u00e9 et analyse en pratique<\/li><li>Entra\u00eener une comp\u00e9tence de position pour la course et la passe<\/li><li>L&rsquo;\u00e9valuateur d\u00e9briefe le coach<\/li><li>L&rsquo;\u00e9valuateur remplit la paperasse<\/li><li>Le personnel administratif du PNCE saisit les donn\u00e9es dans le casier.<\/li><\/ul>\n\n<div style=\"height:30px\" aria-hidden=\"true\" class=\"wp-block-spacer\"><\/div>\n\n<p>Les \u00e9valuations, du d\u00e9but \u00e0 la fin, durent environ <strong>4 heures<\/strong>.<\/p>\n\n<div style=\"height:30px\" aria-hidden=\"true\" class=\"wp-block-spacer\"><\/div>\n\n<h4 class=\"wp-block-heading\">Comment se faire \u00e9valuer<\/h4>\n\n<p>Pour organiser une \u00e9valuation, veuillez contacter Jon Wilkinson, directeur des op\u00e9rations footballistiques, \u00e0 l&rsquo;adresse <a href=\"mailto:jon.wilkinson@footballnb.ca\">jon.wilkinsonr@footballnb.ca<\/a>.<\/p>\n\n<div style=\"height:100px\" aria-hidden=\"true\" class=\"wp-block-spacer\"><\/div>\n","protected":false},"excerpt":{"rendered":"<p>Les \u00e9valuations sont la derni\u00e8re \u00e9tape requise pour devenir un coach certifi\u00e9 dans un module d\u00e9sign\u00e9. processus De l&rsquo;introduction \u00e0 la comp\u00e9tition Introduction compl\u00e8te \u00e0 Comp et a Position Demande de Football NB \u00e0 \u00e9valuer Football NB fixera un rendez-vous qui vous convient. Compl\u00e9tez votre cahier d&rsquo;exercices \u00catre inform\u00e9 par l&rsquo;\u00e9valuateur et fixer une date. [&hellip;]<\/p>\n","protected":false},"author":3,"featured_media":0,"parent":0,"menu_order":0,"comment_status":"closed","ping_status":"closed","template":"","meta":{"_acf_changed":false,"_coblocks_attr":"","_coblocks_dimensions":"","_coblocks_responsive_height":"","_coblocks_accordion_ie_support":"","footnotes":""},"class_list":["post-3355","page","type-page","status-publish","hentry"],"acf":[],"yoast_head":"<!-- This site is optimized with the Yoast SEO plugin v27.4 - https:\/\/yoast.com\/product\/yoast-seo-wordpress\/ -->\n<title>Faites-vous \u00e9valuer - Football NB<\/title>\n<meta name=\"robots\" content=\"index, follow, max-snippet:-1, max-image-preview:large, max-video-preview:-1\" \/>\n<link rel=\"canonical\" href=\"https:\/\/footballnb.ca\/get-evaluated\/\" \/>\n<meta property=\"og:locale\" content=\"fr_FR\" \/>\n<meta property=\"og:type\" content=\"article\" \/>\n<meta property=\"og:title\" content=\"Faites-vous \u00e9valuer - Football NB\" \/>\n<meta property=\"og:description\" content=\"Les \u00e9valuations sont la derni\u00e8re \u00e9tape requise pour devenir un coach certifi\u00e9 dans un module d\u00e9sign\u00e9. processus De l&rsquo;introduction \u00e0 la comp\u00e9tition Introduction compl\u00e8te \u00e0 Comp et a Position Demande de Football NB \u00e0 \u00e9valuer Football NB fixera un rendez-vous qui vous convient. Compl\u00e9tez votre cahier d&rsquo;exercices \u00catre inform\u00e9 par l&rsquo;\u00e9valuateur et fixer une date. [&hellip;]\" \/>\n<meta property=\"og:url\" content=\"https:\/\/footballnb.ca\/get-evaluated\/\" \/>\n<meta property=\"og:site_name\" content=\"Football NB\" \/>\n<meta property=\"article:modified_time\" content=\"2022-12-20T14:53:21+00:00\" \/>\n<meta name=\"twitter:card\" content=\"summary_large_image\" \/>\n<meta name=\"twitter:label1\" content=\"Dur\u00e9e de lecture estim\u00e9e\" \/>\n\t<meta name=\"twitter:data1\" content=\"1 minute\" \/>\n<script type=\"application\/ld+json\" class=\"yoast-schema-graph\">{\"@context\":\"https:\\\/\\\/schema.org\",\"@graph\":[{\"@type\":\"WebPage\",\"@id\":\"https:\\\/\\\/footballnb.ca\\\/get-evaluated\\\/\",\"url\":\"https:\\\/\\\/footballnb.ca\\\/get-evaluated\\\/\",\"name\":\"Faites-vous \u00e9valuer - Football NB\",\"isPartOf\":{\"@id\":\"https:\\\/\\\/footballnb.ca\\\/#website\"},\"datePublished\":\"2022-10-16T15:15:43+00:00\",\"dateModified\":\"2022-12-20T14:53:21+00:00\",\"breadcrumb\":{\"@id\":\"https:\\\/\\\/footballnb.ca\\\/get-evaluated\\\/#breadcrumb\"},\"inLanguage\":\"fr-FR\",\"potentialAction\":[{\"@type\":\"ReadAction\",\"target\":[\"https:\\\/\\\/footballnb.ca\\\/get-evaluated\\\/\"]}]},{\"@type\":\"BreadcrumbList\",\"@id\":\"https:\\\/\\\/footballnb.ca\\\/get-evaluated\\\/#breadcrumb\",\"itemListElement\":[{\"@type\":\"ListItem\",\"position\":1,\"name\":\"Home\",\"item\":\"https:\\\/\\\/footballnb.ca\\\/fr\\\/\"},{\"@type\":\"ListItem\",\"position\":2,\"name\":\"Faites-vous \u00e9valuer\"}]},{\"@type\":\"WebSite\",\"@id\":\"https:\\\/\\\/footballnb.ca\\\/#website\",\"url\":\"https:\\\/\\\/footballnb.ca\\\/\",\"name\":\"Football NB\",\"description\":\"Non Profit Athletics Program for the Province of New-Brunswick\",\"publisher\":{\"@id\":\"https:\\\/\\\/footballnb.ca\\\/#organization\"},\"potentialAction\":[{\"@type\":\"SearchAction\",\"target\":{\"@type\":\"EntryPoint\",\"urlTemplate\":\"https:\\\/\\\/footballnb.ca\\\/?s={search_term_string}\"},\"query-input\":{\"@type\":\"PropertyValueSpecification\",\"valueRequired\":true,\"valueName\":\"search_term_string\"}}],\"inLanguage\":\"fr-FR\"},{\"@type\":\"Organization\",\"@id\":\"https:\\\/\\\/footballnb.ca\\\/#organization\",\"name\":\"Football NB\",\"url\":\"https:\\\/\\\/footballnb.ca\\\/\",\"logo\":{\"@type\":\"ImageObject\",\"inLanguage\":\"fr-FR\",\"@id\":\"https:\\\/\\\/footballnb.ca\\\/#\\\/schema\\\/logo\\\/image\\\/\",\"url\":\"https:\\\/\\\/footballnb.ca\\\/wp-content\\\/uploads\\\/2022\\\/05\\\/fnblogo@2x.png\",\"contentUrl\":\"https:\\\/\\\/footballnb.ca\\\/wp-content\\\/uploads\\\/2022\\\/05\\\/fnblogo@2x.png\",\"width\":374,\"height\":243,\"caption\":\"Football NB\"},\"image\":{\"@id\":\"https:\\\/\\\/footballnb.ca\\\/#\\\/schema\\\/logo\\\/image\\\/\"}}]}<\/script>\n<!-- \/ Yoast SEO plugin. -->","yoast_head_json":{"title":"Faites-vous \u00e9valuer - Football NB","robots":{"index":"index","follow":"follow","max-snippet":"max-snippet:-1","max-image-preview":"max-image-preview:large","max-video-preview":"max-video-preview:-1"},"canonical":"https:\/\/footballnb.ca\/get-evaluated\/","og_locale":"fr_FR","og_type":"article","og_title":"Faites-vous \u00e9valuer - Football NB","og_description":"Les \u00e9valuations sont la derni\u00e8re \u00e9tape requise pour devenir un coach certifi\u00e9 dans un module d\u00e9sign\u00e9. processus De l&rsquo;introduction \u00e0 la comp\u00e9tition Introduction compl\u00e8te \u00e0 Comp et a Position Demande de Football NB \u00e0 \u00e9valuer Football NB fixera un rendez-vous qui vous convient. Compl\u00e9tez votre cahier d&rsquo;exercices \u00catre inform\u00e9 par l&rsquo;\u00e9valuateur et fixer une date. [&hellip;]","og_url":"https:\/\/footballnb.ca\/get-evaluated\/","og_site_name":"Football NB","article_modified_time":"2022-12-20T14:53:21+00:00","twitter_card":"summary_large_image","twitter_misc":{"Dur\u00e9e de lecture estim\u00e9e":"1 minute"},"schema":{"@context":"https:\/\/schema.org","@graph":[{"@type":"WebPage","@id":"https:\/\/footballnb.ca\/get-evaluated\/","url":"https:\/\/footballnb.ca\/get-evaluated\/","name":"Faites-vous \u00e9valuer - Football NB","isPartOf":{"@id":"https:\/\/footballnb.ca\/#website"},"datePublished":"2022-10-16T15:15:43+00:00","dateModified":"2022-12-20T14:53:21+00:00","breadcrumb":{"@id":"https:\/\/footballnb.ca\/get-evaluated\/#breadcrumb"},"inLanguage":"fr-FR","potentialAction":[{"@type":"ReadAction","target":["https:\/\/footballnb.ca\/get-evaluated\/"]}]},{"@type":"BreadcrumbList","@id":"https:\/\/footballnb.ca\/get-evaluated\/#breadcrumb","itemListElement":[{"@type":"ListItem","position":1,"name":"Home","item":"https:\/\/footballnb.ca\/fr\/"},{"@type":"ListItem","position":2,"name":"Faites-vous \u00e9valuer"}]},{"@type":"WebSite","@id":"https:\/\/footballnb.ca\/#website","url":"https:\/\/footballnb.ca\/","name":"Football NB","description":"Non Profit Athletics Program for the Province of New-Brunswick","publisher":{"@id":"https:\/\/footballnb.ca\/#organization"},"potentialAction":[{"@type":"SearchAction","target":{"@type":"EntryPoint","urlTemplate":"https:\/\/footballnb.ca\/?s={search_term_string}"},"query-input":{"@type":"PropertyValueSpecification","valueRequired":true,"valueName":"search_term_string"}}],"inLanguage":"fr-FR"},{"@type":"Organization","@id":"https:\/\/footballnb.ca\/#organization","name":"Football NB","url":"https:\/\/footballnb.ca\/","logo":{"@type":"ImageObject","inLanguage":"fr-FR","@id":"https:\/\/footballnb.ca\/#\/schema\/logo\/image\/","url":"https:\/\/footballnb.ca\/wp-content\/uploads\/2022\/05\/fnblogo@2x.png","contentUrl":"https:\/\/footballnb.ca\/wp-content\/uploads\/2022\/05\/fnblogo@2x.png","width":374,"height":243,"caption":"Football NB"},"image":{"@id":"https:\/\/footballnb.ca\/#\/schema\/logo\/image\/"}}]}},"_links":{"self":[{"href":"https:\/\/footballnb.ca\/fr\/wp-json\/wp\/v2\/pages\/3355","targetHints":{"allow":["GET"]}}],"collection":[{"href":"https:\/\/footballnb.ca\/fr\/wp-json\/wp\/v2\/pages"}],"about":[{"href":"https:\/\/footballnb.ca\/fr\/wp-json\/wp\/v2\/types\/page"}],"author":[{"embeddable":true,"href":"https:\/\/footballnb.ca\/fr\/wp-json\/wp\/v2\/users\/3"}],"replies":[{"embeddable":true,"href":"https:\/\/footballnb.ca\/fr\/wp-json\/wp\/v2\/comments?post=3355"}],"version-history":[{"count":1,"href":"https:\/\/footballnb.ca\/fr\/wp-json\/wp\/v2\/pages\/3355\/revisions"}],"predecessor-version":[{"id":3356,"href":"https:\/\/footballnb.ca\/fr\/wp-json\/wp\/v2\/pages\/3355\/revisions\/3356"}],"wp:attachment":[{"href":"https:\/\/footballnb.ca\/fr\/wp-json\/wp\/v2\/media?parent=3355"}],"curies":[{"name":"wp","href":"https:\/\/api.w.org\/{rel}","templated":true}]}}