{"id":3357,"date":"2022-10-16T12:07:57","date_gmt":"2022-10-16T15:07:57","guid":{"rendered":"https:\/\/footballnb.ca\/frais-de-clinique-du-pnce\/"},"modified":"2022-12-20T10:55:16","modified_gmt":"2022-12-20T14:55:16","slug":"frais-de-clinique-du-pnce","status":"publish","type":"page","link":"https:\/\/footballnb.ca\/fr\/frais-de-clinique-du-pnce\/","title":{"rendered":"Frais de clinique du PNCE"},"content":{"rendered":"\n<h4 class=\"has-text-align-left wp-block-heading\">Frais de clinique du PNCE<\/h4>\n\n<p><strong>Veuillez noter :<\/strong> <em>si vous \u00eates entra\u00eeneur d&rsquo;une association mineure, le co\u00fbt de ces stages est factur\u00e9 \u00e0 l&rsquo;association. Si vous \u00eates entra\u00eeneur d&rsquo;une \u00e9quipe de club adulte ou d&rsquo;une \u00e9cole secondaire, nous facturons l&rsquo;\u00e9quipe\/l&rsquo;\u00e9cole. Veuillez v\u00e9rifier aupr\u00e8s de votre entra\u00eeneur principal avant de vous inscrire \u00e0 un stage.<\/em><\/p>\n\n<div style=\"height:30px\" aria-hidden=\"true\" class=\"wp-block-spacer\"><\/div>\n\n<h4 class=\"has-text-align-left wp-block-heading\">Cours sur la s\u00e9curit\u00e9 des contacts<\/h4>\n\n<div class=\"wp-block-columns is-style-with-gap is-layout-flex wp-container-core-columns-is-layout-34142c5b wp-block-columns-is-layout-flex\">\n<div class=\"wp-block-column is-layout-flow wp-block-column-is-layout-flow\">\n<figure class=\"wp-block-image size-full is-style-default\"><img loading=\"lazy\" decoding=\"async\" width=\"609\" height=\"343\" src=\"https:\/\/footballnb.ca\/wp-content\/uploads\/2022\/10\/11752056_1114123961934352_6861333513731897564_n1-edited-1.jpg\" alt=\"\" class=\"wp-image-971\" srcset=\"https:\/\/footballnb.ca\/wp-content\/uploads\/2022\/10\/11752056_1114123961934352_6861333513731897564_n1-edited-1.jpg 609w, https:\/\/footballnb.ca\/wp-content\/uploads\/2022\/10\/11752056_1114123961934352_6861333513731897564_n1-edited-1-600x338.jpg 600w, https:\/\/footballnb.ca\/wp-content\/uploads\/2022\/10\/11752056_1114123961934352_6861333513731897564_n1-edited-1-300x169.jpg 300w, https:\/\/footballnb.ca\/wp-content\/uploads\/2022\/10\/11752056_1114123961934352_6861333513731897564_n1-edited-1-100x56.jpg 100w\" sizes=\"auto, (max-width: 609px) 100vw, 609px\" \/><\/figure>\n<\/div>\n\n\n\n<div class=\"wp-block-column is-vertically-aligned-center is-layout-flow wp-block-column-is-layout-flow\">\n<p class=\"has-text-align-left has-small-font-size\">Les entra\u00eeneurs recevront la formation et l&rsquo;\u00e9ducation la plus r\u00e9cente sur les commotions c\u00e9r\u00e9brales, le plaquage, le profil, le shimmy tackle, le gator roll, les situations et le blocage de base.<br\/>Co\u00fbt pour les membres : <strong> 50<\/strong><br\/>Co\u00fbt pour les non-membres : <strong> 75<\/strong><\/p>\n<\/div>\n<\/div>\n\n<div style=\"height:30px\" aria-hidden=\"true\" class=\"wp-block-spacer\"><\/div>\n\n<h4 class=\"has-text-align-left wp-block-heading\">Sport communautaire  <br\/>(Introduction au football)<\/h4>\n\n<div class=\"wp-block-columns is-style-with-gap is-layout-flex wp-container-core-columns-is-layout-34142c5b wp-block-columns-is-layout-flex\">\n<div class=\"wp-block-column is-layout-flow wp-block-column-is-layout-flow\">\n<figure class=\"wp-block-image size-full\"><img loading=\"lazy\" decoding=\"async\" width=\"610\" height=\"343\" src=\"https:\/\/footballnb.ca\/wp-content\/uploads\/2022\/10\/1379525_529098110517597_557864735_n-edited.jpg\" alt=\"\" class=\"wp-image-969\" srcset=\"https:\/\/footballnb.ca\/wp-content\/uploads\/2022\/10\/1379525_529098110517597_557864735_n-edited.jpg 610w, https:\/\/footballnb.ca\/wp-content\/uploads\/2022\/10\/1379525_529098110517597_557864735_n-edited-600x337.jpg 600w, https:\/\/footballnb.ca\/wp-content\/uploads\/2022\/10\/1379525_529098110517597_557864735_n-edited-300x169.jpg 300w, https:\/\/footballnb.ca\/wp-content\/uploads\/2022\/10\/1379525_529098110517597_557864735_n-edited-100x56.jpg 100w\" sizes=\"auto, (max-width: 610px) 100vw, 610px\" \/><\/figure>\n<\/div>\n\n\n\n<div class=\"wp-block-column is-vertically-aligned-center is-layout-flow wp-block-column-is-layout-flow\">\n<p class=\"has-text-align-left has-small-font-size\">\u00c9thique, Plan A Pratique, DLTA &#8211; Principes fondamentaux<br\/><strong>Co\u00fbt pour les membres : 100 <\/strong><br\/><strong>Co\u00fbt pour les non-membres :<\/strong> 150<\/p>\n<\/div>\n<\/div>\n\n<div style=\"height:30px\" aria-hidden=\"true\" class=\"wp-block-spacer\"><\/div>\n\n<h4 class=\"has-text-align-left wp-block-heading\">Introduction \u00e0 la concurrence<\/h4>\n\n<div class=\"wp-block-columns is-style-with-gap is-layout-flex wp-container-core-columns-is-layout-34142c5b wp-block-columns-is-layout-flex\">\n<div class=\"wp-block-column is-layout-flow wp-block-column-is-layout-flow\">\n<figure class=\"wp-block-image size-full is-resized\"><img loading=\"lazy\" decoding=\"async\" src=\"https:\/\/footballnb.ca\/wp-content\/uploads\/2022\/10\/5962099-6514-edited.jpg\" alt=\"\" class=\"wp-image-970\" width=\"309\" height=\"173\" srcset=\"https:\/\/footballnb.ca\/wp-content\/uploads\/2022\/10\/5962099-6514-edited.jpg 610w, https:\/\/footballnb.ca\/wp-content\/uploads\/2022\/10\/5962099-6514-edited-600x337.jpg 600w, https:\/\/footballnb.ca\/wp-content\/uploads\/2022\/10\/5962099-6514-edited-300x169.jpg 300w, https:\/\/footballnb.ca\/wp-content\/uploads\/2022\/10\/5962099-6514-edited-100x56.jpg 100w\" sizes=\"auto, (max-width: 309px) 100vw, 309px\" \/><\/figure>\n<\/div>\n\n\n\n<div class=\"wp-block-column is-vertically-aligned-center is-layout-flow wp-block-column-is-layout-flow\">\n<p class=\"has-text-align-left has-small-font-size\">\u00c9thique, Planifier une pratique, Enseignement et apprentissage, Analyse des performances et commotions c\u00e9r\u00e9brales<br\/><strong>Co\u00fbt pour les membres : 100 <\/strong><br\/><strong>Co\u00fbt pour les non-membres :<\/strong> 150<\/p>\n<\/div>\n<\/div>\n\n<div style=\"height:30px\" aria-hidden=\"true\" class=\"wp-block-spacer\"><\/div>\n\n<h4 class=\"has-text-align-left wp-block-heading\">Position Clinique<\/h4>\n\n<div class=\"wp-block-columns is-style-with-gap is-layout-flex wp-container-core-columns-is-layout-ba408b24 wp-block-columns-is-layout-flex\">\n<div class=\"wp-block-column is-layout-flow wp-block-column-is-layout-flow\">\n<figure class=\"wp-block-image size-large is-resized\"><img loading=\"lazy\" decoding=\"async\" src=\"https:\/\/footballnb.ca\/wp-content\/uploads\/2022\/11\/289880057_10159740003260622_6391461159093901329_n-edited.jpg\" alt=\"\" class=\"wp-image-1059\" width=\"305\" height=\"203\" srcset=\"https:\/\/footballnb.ca\/wp-content\/uploads\/2022\/11\/289880057_10159740003260622_6391461159093901329_n-edited.jpg 1260w, https:\/\/footballnb.ca\/wp-content\/uploads\/2022\/11\/289880057_10159740003260622_6391461159093901329_n-edited-600x400.jpg 600w, https:\/\/footballnb.ca\/wp-content\/uploads\/2022\/11\/289880057_10159740003260622_6391461159093901329_n-edited-300x200.jpg 300w, https:\/\/footballnb.ca\/wp-content\/uploads\/2022\/11\/289880057_10159740003260622_6391461159093901329_n-edited-1024x683.jpg 1024w, https:\/\/footballnb.ca\/wp-content\/uploads\/2022\/11\/289880057_10159740003260622_6391461159093901329_n-edited-768x512.jpg 768w, https:\/\/footballnb.ca\/wp-content\/uploads\/2022\/11\/289880057_10159740003260622_6391461159093901329_n-edited-100x67.jpg 100w\" sizes=\"auto, (max-width: 305px) 100vw, 305px\" \/><\/figure>\n<\/div>\n\n\n\n<div class=\"wp-block-column is-vertically-aligned-center is-layout-flow wp-block-column-is-layout-flow\">\n<p class=\"has-text-align-left has-small-font-size\">Cliniques sp\u00e9cifiques au poste<br\/><strong>Co\u00fbt pour les membres : 30 <\/strong><br\/><strong>Co\u00fbt pour les non-membres : 50 <\/strong><\/p>\n<\/div>\n<\/div>\n\n<div style=\"height:30px\" aria-hidden=\"true\" class=\"wp-block-spacer\"><\/div>\n\n<h4 class=\"has-text-align-left wp-block-heading\">Cours de coordination<\/h4>\n\n<div class=\"wp-block-columns is-style-with-gap is-layout-flex wp-container-core-columns-is-layout-28f84493 wp-block-columns-is-layout-flex\">\n<div class=\"wp-block-column is-layout-flow wp-container-core-column-is-layout-3ca914a4 wp-block-column-is-layout-flow\">\n<figure class=\"wp-block-image size-full is-resized\"><img loading=\"lazy\" decoding=\"async\" src=\"https:\/\/footballnb.ca\/wp-content\/uploads\/2022\/11\/Bohn-2-edited.jpg\" alt=\"\" class=\"wp-image-1061\" width=\"300\" height=\"200\" srcset=\"https:\/\/footballnb.ca\/wp-content\/uploads\/2022\/11\/Bohn-2-edited.jpg 591w, https:\/\/footballnb.ca\/wp-content\/uploads\/2022\/11\/Bohn-2-edited-300x199.jpg 300w, https:\/\/footballnb.ca\/wp-content\/uploads\/2022\/11\/Bohn-2-edited-100x66.jpg 100w\" sizes=\"auto, (max-width: 300px) 100vw, 300px\" \/><\/figure>\n<\/div>\n\n\n\n<div class=\"wp-block-column is-vertically-aligned-center is-layout-flow wp-block-column-is-layout-flow\">\n<p class=\"has-small-font-size\">Cliniques des coordinateurs de l&rsquo;attaque, de la d\u00e9fense, de l&rsquo;entra\u00eeneur principal et des \u00e9quipes sp\u00e9ciales.<br\/><strong>Co\u00fbt pour les membres :<\/strong> 125<br\/><strong>Co\u00fbt pour les non-membres : <\/strong> 175<\/p>\n<\/div>\n<\/div>\n\n<div style=\"height:50px\" aria-hidden=\"true\" class=\"wp-block-spacer\"><\/div>\n\n<hr class=\"wp-block-separator has-alpha-channel-opacity\"\/>\n\n<div class=\"wp-block-group is-layout-flow wp-block-group-is-layout-flow\">\n<div style=\"height:30px\" aria-hidden=\"true\" class=\"wp-block-spacer\"><\/div>\n\n\n\n<p class=\"has-text-align-center\"><strong>Vous pouvez vous inscrire \u00e0 toutes les manifestations pour les autocars en ligne \u00e0 l&rsquo;adresse suivante <\/strong><a href=\"https:\/\/thelocker.coach.ca\/\">https:\/\/thelocker.coach.ca\/<\/a><\/p>\n\n\n\n<p class=\"has-text-align-center\"><strong>Si vous avez des questions, veuillez contacter  <\/strong><\/p>\n\n\n\n<p class=\"has-text-align-center\">Jon Wilkinson<br\/>Football Nouveau-Brunswick<\/p>\n\n\n\n<p class=\"has-text-align-center\"><a href=\"mailto:jon.wilkinson@footballnb.ca\">jon.wilkinson@footballnb.ca<\/a><\/p>\n<\/div>\n\n<div style=\"height:100px\" aria-hidden=\"true\" class=\"wp-block-spacer\"><\/div>\n","protected":false},"excerpt":{"rendered":"<p>Frais de clinique du PNCE Veuillez noter : si vous \u00eates entra\u00eeneur d&rsquo;une association mineure, le co\u00fbt de ces stages est factur\u00e9 \u00e0 l&rsquo;association. Si vous \u00eates entra\u00eeneur d&rsquo;une \u00e9quipe de club adulte ou d&rsquo;une \u00e9cole secondaire, nous facturons l&rsquo;\u00e9quipe\/l&rsquo;\u00e9cole. Veuillez v\u00e9rifier aupr\u00e8s de votre entra\u00eeneur principal avant de vous inscrire \u00e0 un stage. Cours [&hellip;]<\/p>\n","protected":false},"author":3,"featured_media":0,"parent":0,"menu_order":0,"comment_status":"closed","ping_status":"closed","template":"","meta":{"_acf_changed":false,"_coblocks_attr":"","_coblocks_dimensions":"","_coblocks_responsive_height":"","_coblocks_accordion_ie_support":"","footnotes":""},"class_list":["post-3357","page","type-page","status-publish","hentry"],"acf":[],"yoast_head":"<!-- This site is optimized with the Yoast SEO plugin v27.4 - https:\/\/yoast.com\/product\/yoast-seo-wordpress\/ -->\n<title>Frais de clinique du PNCE - Football NB<\/title>\n<meta name=\"robots\" content=\"index, follow, max-snippet:-1, max-image-preview:large, max-video-preview:-1\" \/>\n<link rel=\"canonical\" href=\"https:\/\/footballnb.ca\/nccp-clinic-fees\/\" \/>\n<meta property=\"og:locale\" content=\"fr_FR\" \/>\n<meta property=\"og:type\" content=\"article\" \/>\n<meta property=\"og:title\" content=\"Frais de clinique du PNCE - Football NB\" \/>\n<meta property=\"og:description\" content=\"Frais de clinique du PNCE Veuillez noter : si vous \u00eates entra\u00eeneur d&rsquo;une association mineure, le co\u00fbt de ces stages est factur\u00e9 \u00e0 l&rsquo;association. Si vous \u00eates entra\u00eeneur d&rsquo;une \u00e9quipe de club adulte ou d&rsquo;une \u00e9cole secondaire, nous facturons l&rsquo;\u00e9quipe\/l&rsquo;\u00e9cole. Veuillez v\u00e9rifier aupr\u00e8s de votre entra\u00eeneur principal avant de vous inscrire \u00e0 un stage. Cours [&hellip;]\" \/>\n<meta property=\"og:url\" content=\"https:\/\/footballnb.ca\/nccp-clinic-fees\/\" \/>\n<meta property=\"og:site_name\" content=\"Football NB\" \/>\n<meta property=\"article:modified_time\" content=\"2022-12-20T14:55:16+00:00\" \/>\n<meta property=\"og:image\" content=\"http:\/\/footballnb.ca\/wp-content\/uploads\/2022\/10\/11752056_1114123961934352_6861333513731897564_n1-edited-1.jpg\" \/>\n<meta name=\"twitter:card\" content=\"summary_large_image\" \/>\n<meta name=\"twitter:label1\" content=\"Dur\u00e9e de lecture estim\u00e9e\" \/>\n\t<meta name=\"twitter:data1\" content=\"1 minute\" \/>\n<script type=\"application\/ld+json\" class=\"yoast-schema-graph\">{\"@context\":\"https:\\\/\\\/schema.org\",\"@graph\":[{\"@type\":\"WebPage\",\"@id\":\"https:\\\/\\\/footballnb.ca\\\/nccp-clinic-fees\\\/\",\"url\":\"https:\\\/\\\/footballnb.ca\\\/nccp-clinic-fees\\\/\",\"name\":\"Frais de clinique du PNCE - Football NB\",\"isPartOf\":{\"@id\":\"https:\\\/\\\/footballnb.ca\\\/#website\"},\"primaryImageOfPage\":{\"@id\":\"https:\\\/\\\/footballnb.ca\\\/nccp-clinic-fees\\\/#primaryimage\"},\"image\":{\"@id\":\"https:\\\/\\\/footballnb.ca\\\/nccp-clinic-fees\\\/#primaryimage\"},\"thumbnailUrl\":\"https:\\\/\\\/footballnb.ca\\\/wp-content\\\/uploads\\\/2022\\\/10\\\/11752056_1114123961934352_6861333513731897564_n1-edited-1.jpg\",\"datePublished\":\"2022-10-16T15:07:57+00:00\",\"dateModified\":\"2022-12-20T14:55:16+00:00\",\"breadcrumb\":{\"@id\":\"https:\\\/\\\/footballnb.ca\\\/nccp-clinic-fees\\\/#breadcrumb\"},\"inLanguage\":\"fr-FR\",\"potentialAction\":[{\"@type\":\"ReadAction\",\"target\":[\"https:\\\/\\\/footballnb.ca\\\/nccp-clinic-fees\\\/\"]}]},{\"@type\":\"ImageObject\",\"inLanguage\":\"fr-FR\",\"@id\":\"https:\\\/\\\/footballnb.ca\\\/nccp-clinic-fees\\\/#primaryimage\",\"url\":\"https:\\\/\\\/footballnb.ca\\\/wp-content\\\/uploads\\\/2022\\\/10\\\/11752056_1114123961934352_6861333513731897564_n1-edited-1.jpg\",\"contentUrl\":\"https:\\\/\\\/footballnb.ca\\\/wp-content\\\/uploads\\\/2022\\\/10\\\/11752056_1114123961934352_6861333513731897564_n1-edited-1.jpg\"},{\"@type\":\"BreadcrumbList\",\"@id\":\"https:\\\/\\\/footballnb.ca\\\/nccp-clinic-fees\\\/#breadcrumb\",\"itemListElement\":[{\"@type\":\"ListItem\",\"position\":1,\"name\":\"Home\",\"item\":\"https:\\\/\\\/footballnb.ca\\\/fr\\\/\"},{\"@type\":\"ListItem\",\"position\":2,\"name\":\"Frais de clinique du PNCE\"}]},{\"@type\":\"WebSite\",\"@id\":\"https:\\\/\\\/footballnb.ca\\\/#website\",\"url\":\"https:\\\/\\\/footballnb.ca\\\/\",\"name\":\"Football NB\",\"description\":\"Non Profit Athletics Program for the Province of New-Brunswick\",\"publisher\":{\"@id\":\"https:\\\/\\\/footballnb.ca\\\/#organization\"},\"potentialAction\":[{\"@type\":\"SearchAction\",\"target\":{\"@type\":\"EntryPoint\",\"urlTemplate\":\"https:\\\/\\\/footballnb.ca\\\/?s={search_term_string}\"},\"query-input\":{\"@type\":\"PropertyValueSpecification\",\"valueRequired\":true,\"valueName\":\"search_term_string\"}}],\"inLanguage\":\"fr-FR\"},{\"@type\":\"Organization\",\"@id\":\"https:\\\/\\\/footballnb.ca\\\/#organization\",\"name\":\"Football NB\",\"url\":\"https:\\\/\\\/footballnb.ca\\\/\",\"logo\":{\"@type\":\"ImageObject\",\"inLanguage\":\"fr-FR\",\"@id\":\"https:\\\/\\\/footballnb.ca\\\/#\\\/schema\\\/logo\\\/image\\\/\",\"url\":\"https:\\\/\\\/footballnb.ca\\\/wp-content\\\/uploads\\\/2022\\\/05\\\/fnblogo@2x.png\",\"contentUrl\":\"https:\\\/\\\/footballnb.ca\\\/wp-content\\\/uploads\\\/2022\\\/05\\\/fnblogo@2x.png\",\"width\":374,\"height\":243,\"caption\":\"Football NB\"},\"image\":{\"@id\":\"https:\\\/\\\/footballnb.ca\\\/#\\\/schema\\\/logo\\\/image\\\/\"}}]}<\/script>\n<!-- \/ Yoast SEO plugin. -->","yoast_head_json":{"title":"Frais de clinique du PNCE - Football NB","robots":{"index":"index","follow":"follow","max-snippet":"max-snippet:-1","max-image-preview":"max-image-preview:large","max-video-preview":"max-video-preview:-1"},"canonical":"https:\/\/footballnb.ca\/nccp-clinic-fees\/","og_locale":"fr_FR","og_type":"article","og_title":"Frais de clinique du PNCE - Football NB","og_description":"Frais de clinique du PNCE Veuillez noter : si vous \u00eates entra\u00eeneur d&rsquo;une association mineure, le co\u00fbt de ces stages est factur\u00e9 \u00e0 l&rsquo;association. Si vous \u00eates entra\u00eeneur d&rsquo;une \u00e9quipe de club adulte ou d&rsquo;une \u00e9cole secondaire, nous facturons l&rsquo;\u00e9quipe\/l&rsquo;\u00e9cole. Veuillez v\u00e9rifier aupr\u00e8s de votre entra\u00eeneur principal avant de vous inscrire \u00e0 un stage. Cours [&hellip;]","og_url":"https:\/\/footballnb.ca\/nccp-clinic-fees\/","og_site_name":"Football NB","article_modified_time":"2022-12-20T14:55:16+00:00","og_image":[{"url":"http:\/\/footballnb.ca\/wp-content\/uploads\/2022\/10\/11752056_1114123961934352_6861333513731897564_n1-edited-1.jpg","type":"","width":"","height":""}],"twitter_card":"summary_large_image","twitter_misc":{"Dur\u00e9e de lecture estim\u00e9e":"1 minute"},"schema":{"@context":"https:\/\/schema.org","@graph":[{"@type":"WebPage","@id":"https:\/\/footballnb.ca\/nccp-clinic-fees\/","url":"https:\/\/footballnb.ca\/nccp-clinic-fees\/","name":"Frais de clinique du PNCE - Football NB","isPartOf":{"@id":"https:\/\/footballnb.ca\/#website"},"primaryImageOfPage":{"@id":"https:\/\/footballnb.ca\/nccp-clinic-fees\/#primaryimage"},"image":{"@id":"https:\/\/footballnb.ca\/nccp-clinic-fees\/#primaryimage"},"thumbnailUrl":"https:\/\/footballnb.ca\/wp-content\/uploads\/2022\/10\/11752056_1114123961934352_6861333513731897564_n1-edited-1.jpg","datePublished":"2022-10-16T15:07:57+00:00","dateModified":"2022-12-20T14:55:16+00:00","breadcrumb":{"@id":"https:\/\/footballnb.ca\/nccp-clinic-fees\/#breadcrumb"},"inLanguage":"fr-FR","potentialAction":[{"@type":"ReadAction","target":["https:\/\/footballnb.ca\/nccp-clinic-fees\/"]}]},{"@type":"ImageObject","inLanguage":"fr-FR","@id":"https:\/\/footballnb.ca\/nccp-clinic-fees\/#primaryimage","url":"https:\/\/footballnb.ca\/wp-content\/uploads\/2022\/10\/11752056_1114123961934352_6861333513731897564_n1-edited-1.jpg","contentUrl":"https:\/\/footballnb.ca\/wp-content\/uploads\/2022\/10\/11752056_1114123961934352_6861333513731897564_n1-edited-1.jpg"},{"@type":"BreadcrumbList","@id":"https:\/\/footballnb.ca\/nccp-clinic-fees\/#breadcrumb","itemListElement":[{"@type":"ListItem","position":1,"name":"Home","item":"https:\/\/footballnb.ca\/fr\/"},{"@type":"ListItem","position":2,"name":"Frais de clinique du PNCE"}]},{"@type":"WebSite","@id":"https:\/\/footballnb.ca\/#website","url":"https:\/\/footballnb.ca\/","name":"Football NB","description":"Non Profit Athletics Program for the Province of New-Brunswick","publisher":{"@id":"https:\/\/footballnb.ca\/#organization"},"potentialAction":[{"@type":"SearchAction","target":{"@type":"EntryPoint","urlTemplate":"https:\/\/footballnb.ca\/?s={search_term_string}"},"query-input":{"@type":"PropertyValueSpecification","valueRequired":true,"valueName":"search_term_string"}}],"inLanguage":"fr-FR"},{"@type":"Organization","@id":"https:\/\/footballnb.ca\/#organization","name":"Football NB","url":"https:\/\/footballnb.ca\/","logo":{"@type":"ImageObject","inLanguage":"fr-FR","@id":"https:\/\/footballnb.ca\/#\/schema\/logo\/image\/","url":"https:\/\/footballnb.ca\/wp-content\/uploads\/2022\/05\/fnblogo@2x.png","contentUrl":"https:\/\/footballnb.ca\/wp-content\/uploads\/2022\/05\/fnblogo@2x.png","width":374,"height":243,"caption":"Football NB"},"image":{"@id":"https:\/\/footballnb.ca\/#\/schema\/logo\/image\/"}}]}},"_links":{"self":[{"href":"https:\/\/footballnb.ca\/fr\/wp-json\/wp\/v2\/pages\/3357","targetHints":{"allow":["GET"]}}],"collection":[{"href":"https:\/\/footballnb.ca\/fr\/wp-json\/wp\/v2\/pages"}],"about":[{"href":"https:\/\/footballnb.ca\/fr\/wp-json\/wp\/v2\/types\/page"}],"author":[{"embeddable":true,"href":"https:\/\/footballnb.ca\/fr\/wp-json\/wp\/v2\/users\/3"}],"replies":[{"embeddable":true,"href":"https:\/\/footballnb.ca\/fr\/wp-json\/wp\/v2\/comments?post=3357"}],"version-history":[{"count":1,"href":"https:\/\/footballnb.ca\/fr\/wp-json\/wp\/v2\/pages\/3357\/revisions"}],"predecessor-version":[{"id":3358,"href":"https:\/\/footballnb.ca\/fr\/wp-json\/wp\/v2\/pages\/3357\/revisions\/3358"}],"wp:attachment":[{"href":"https:\/\/footballnb.ca\/fr\/wp-json\/wp\/v2\/media?parent=3357"}],"curies":[{"name":"wp","href":"https:\/\/api.w.org\/{rel}","templated":true}]}}